{"id":1142,"date":"2025-09-22T15:54:42","date_gmt":"2025-09-22T13:54:42","guid":{"rendered":"https:\/\/albaneleonard.fr\/?page_id=1142"},"modified":"2025-12-11T22:17:42","modified_gmt":"2025-12-11T21:17:42","slug":"installation","status":"publish","type":"page","link":"https:\/\/albaneleonard.fr\/index.php\/installation\/","title":{"rendered":"Installation"},"content":{"rendered":"\n<h1 class=\"wp-block-heading has-text-color has-link-color wp-elements-771161408e5357774549652e276e8353\" style=\"color:#8a250a\">Installation<\/h1>\n\n\n\n<div style=\"height:50px\" aria-hidden=\"true\" class=\"wp-block-spacer\"><\/div>\n\n\n\n<details class=\"wp-block-details is-layout-flow wp-block-details-is-layout-flow\"><summary><strong><em><strong>\u00ab L\u2019installation est un moyen de cr\u00e9er une exp\u00e9rience immersive o\u00f9 le spectateur devient acteur, impliqu\u00e9 dans l&rsquo;\u0153uvre \u00e0 travers ses sens et ses \u00e9motions. \u00bb<\/strong> <\/em>\u2014 Ann Hamilton<\/strong> <strong>( Traduction )<\/strong>\u25be<\/summary>\n<div style=\"height:16px\" aria-hidden=\"true\" class=\"wp-block-spacer\"><\/div>\n\n\n\n<p>J\u2019ai eu l\u2019occasion de r\u00e9aliser plusieurs installations tout au long de mon parcours, que ce soit en DN MADE, en \u00e9cole d\u2019architecture ou lors de mes cours d\u2019art au lyc\u00e9e. J\u2019aime particuli\u00e8rement ces projets, qui offrent une libert\u00e9 quasi infinie de cr\u00e9ation. J\u2019esp\u00e8re, \u00e0 l\u2019avenir, continuer \u00e0 explorer ce m\u00e9dium et produire d\u2019autres installations, pourquoi pas \u00e0 la crois\u00e9e de la sc\u00e9nographie et des arts plastiques.<\/p>\n<\/details>\n\n\n\n<div style=\"height:50px\" aria-hidden=\"true\" class=\"wp-block-spacer\"><\/div>\n\n\n\n<div class=\"wp-block-columns is-layout-flex wp-container-core-columns-is-layout-9d6595d7 wp-block-columns-is-layout-flex\">\n<div class=\"wp-block-column is-layout-flow wp-block-column-is-layout-flow\">\n<div style=\"height:0px\" aria-hidden=\"true\" class=\"wp-block-spacer\"><\/div>\n\n\n\n<div class=\"wp-block-columns is-layout-flex wp-container-core-columns-is-layout-9d6595d7 wp-block-columns-is-layout-flex\">\n<div class=\"wp-block-column is-layout-flow wp-block-column-is-layout-flow\" style=\"flex-basis:100%\">\n<h5 class=\"wp-block-heading\">Echec et vert<\/h5>\n\n\n\n<p class=\"has-small-font-size\" style=\"font-style:normal;font-weight:300;letter-spacing:1px;text-transform:none\">Voici un exemple d\u2019installation que j\u2019ai r\u00e9alis\u00e9e en DN MADE, en groupe. <em>\u00ab\u202f\u00c9chec et vert\u202f\u00bb<\/em> explore le motif du damier avec une approche contemporaine. Nous avons voulu cr\u00e9er un spectacle visuel \u00e0 la fois vibrant et g\u00e9om\u00e9trique, o\u00f9 le vert domine presque en monochromie. Les objets int\u00e9gr\u00e9s apportent \u00e0 l\u2019ensemble une dimension \u00e9trange, mystique, avec une pointe d\u2019humour. L\u2019installation se d\u00e9construit progressivement, fragmentant l\u2019espace et offrant aux spectateurs une exp\u00e9rience dynamique et immersive.<\/p>\n\n\n\n<div style=\"height:35px\" aria-hidden=\"true\" class=\"wp-block-spacer\"><\/div>\n<\/div>\n<\/div>\n\n\n\n<figure class=\"wp-block-image size-full\"><img loading=\"lazy\" decoding=\"async\" width=\"741\" height=\"989\" src=\"https:\/\/albaneleonard.fr\/wp-content\/uploads\/2025\/09\/image-2.png\" alt=\"\" class=\"wp-image-1144\" srcset=\"https:\/\/albaneleonard.fr\/wp-content\/uploads\/2025\/09\/image-2.png 741w, https:\/\/albaneleonard.fr\/wp-content\/uploads\/2025\/09\/image-2-225x300.png 225w\" sizes=\"auto, (max-width: 741px) 100vw, 741px\" \/><figcaption class=\"wp-element-caption\">Photo  du projet final<\/figcaption><\/figure>\n\n\n\n<figure class=\"wp-block-image size-large\"><img loading=\"lazy\" decoding=\"async\" width=\"768\" height=\"1024\" src=\"https:\/\/albaneleonard.fr\/wp-content\/uploads\/2025\/09\/4-0e175b36-768x1024.jpg\" alt=\"\" class=\"wp-image-1151\" srcset=\"https:\/\/albaneleonard.fr\/wp-content\/uploads\/2025\/09\/4-0e175b36-768x1024.jpg 768w, https:\/\/albaneleonard.fr\/wp-content\/uploads\/2025\/09\/4-0e175b36-225x300.jpg 225w, https:\/\/albaneleonard.fr\/wp-content\/uploads\/2025\/09\/4-0e175b36-1152x1536.jpg 1152w, https:\/\/albaneleonard.fr\/wp-content\/uploads\/2025\/09\/4-0e175b36-1536x2048.jpg 1536w, https:\/\/albaneleonard.fr\/wp-content\/uploads\/2025\/09\/4-0e175b36-scaled.jpg 1920w\" sizes=\"auto, (max-width: 768px) 100vw, 768px\" \/><figcaption class=\"wp-element-caption\">Photo  du projet final<\/figcaption><\/figure>\n\n\n\n<figure class=\"wp-block-image size-large\"><img loading=\"lazy\" decoding=\"async\" width=\"1024\" height=\"576\" src=\"https:\/\/albaneleonard.fr\/wp-content\/uploads\/2025\/09\/8-1024x576.png\" alt=\"\" class=\"wp-image-1147\" srcset=\"https:\/\/albaneleonard.fr\/wp-content\/uploads\/2025\/09\/8-1024x576.png 1024w, https:\/\/albaneleonard.fr\/wp-content\/uploads\/2025\/09\/8-300x169.png 300w, https:\/\/albaneleonard.fr\/wp-content\/uploads\/2025\/09\/8-768x432.png 768w, https:\/\/albaneleonard.fr\/wp-content\/uploads\/2025\/09\/8-1536x864.png 1536w, https:\/\/albaneleonard.fr\/wp-content\/uploads\/2025\/09\/8.png 1920w\" sizes=\"auto, (max-width: 1024px) 100vw, 1024px\" \/><figcaption class=\"wp-element-caption\">Page du dossier d&rsquo;intentions<\/figcaption><\/figure>\n\n\n\n<figure class=\"wp-block-image size-large\"><img loading=\"lazy\" decoding=\"async\" width=\"1024\" height=\"576\" src=\"https:\/\/albaneleonard.fr\/wp-content\/uploads\/2025\/09\/10-1024x576.png\" alt=\"\" class=\"wp-image-1149\" srcset=\"https:\/\/albaneleonard.fr\/wp-content\/uploads\/2025\/09\/10-1024x576.png 1024w, https:\/\/albaneleonard.fr\/wp-content\/uploads\/2025\/09\/10-300x169.png 300w, https:\/\/albaneleonard.fr\/wp-content\/uploads\/2025\/09\/10-768x432.png 768w, https:\/\/albaneleonard.fr\/wp-content\/uploads\/2025\/09\/10-1536x864.png 1536w, https:\/\/albaneleonard.fr\/wp-content\/uploads\/2025\/09\/10.png 1920w\" sizes=\"auto, (max-width: 1024px) 100vw, 1024px\" \/><figcaption class=\"wp-element-caption\">Page du dossier d&rsquo;intentions<\/figcaption><\/figure>\n<\/div>\n\n\n\n<div class=\"wp-block-column is-layout-flow wp-block-column-is-layout-flow\">\n<figure class=\"wp-block-image size-large\"><img loading=\"lazy\" decoding=\"async\" width=\"768\" height=\"1024\" src=\"https:\/\/albaneleonard.fr\/wp-content\/uploads\/2025\/09\/image-1-768x1024.png\" alt=\"\" class=\"wp-image-1143\" srcset=\"https:\/\/albaneleonard.fr\/wp-content\/uploads\/2025\/09\/image-1-768x1024.png 768w, https:\/\/albaneleonard.fr\/wp-content\/uploads\/2025\/09\/image-1-225x300.png 225w, https:\/\/albaneleonard.fr\/wp-content\/uploads\/2025\/09\/image-1.png 831w\" sizes=\"auto, (max-width: 768px) 100vw, 768px\" \/><figcaption class=\"wp-element-caption\">Photo du projet final<\/figcaption><\/figure>\n\n\n\n<figure class=\"wp-block-image size-large\"><img loading=\"lazy\" decoding=\"async\" width=\"768\" height=\"1024\" src=\"https:\/\/albaneleonard.fr\/wp-content\/uploads\/2025\/09\/3-0e175b36-768x1024.jpg\" alt=\"\" class=\"wp-image-1152\" srcset=\"https:\/\/albaneleonard.fr\/wp-content\/uploads\/2025\/09\/3-0e175b36-768x1024.jpg 768w, https:\/\/albaneleonard.fr\/wp-content\/uploads\/2025\/09\/3-0e175b36-225x300.jpg 225w, https:\/\/albaneleonard.fr\/wp-content\/uploads\/2025\/09\/3-0e175b36-1152x1536.jpg 1152w, https:\/\/albaneleonard.fr\/wp-content\/uploads\/2025\/09\/3-0e175b36-1536x2048.jpg 1536w, https:\/\/albaneleonard.fr\/wp-content\/uploads\/2025\/09\/3-0e175b36-scaled.jpg 1920w\" sizes=\"auto, (max-width: 768px) 100vw, 768px\" \/><figcaption class=\"wp-element-caption\">Photo  du projet final<\/figcaption><\/figure>\n\n\n\n<figure class=\"wp-block-image size-large\"><img loading=\"lazy\" decoding=\"async\" width=\"1024\" height=\"576\" src=\"https:\/\/albaneleonard.fr\/wp-content\/uploads\/2025\/09\/4-1024x576.png\" alt=\"\" class=\"wp-image-1145\" srcset=\"https:\/\/albaneleonard.fr\/wp-content\/uploads\/2025\/09\/4-1024x576.png 1024w, https:\/\/albaneleonard.fr\/wp-content\/uploads\/2025\/09\/4-300x169.png 300w, https:\/\/albaneleonard.fr\/wp-content\/uploads\/2025\/09\/4-768x432.png 768w, https:\/\/albaneleonard.fr\/wp-content\/uploads\/2025\/09\/4-1536x864.png 1536w, https:\/\/albaneleonard.fr\/wp-content\/uploads\/2025\/09\/4.png 1920w\" sizes=\"auto, (max-width: 1024px) 100vw, 1024px\" \/><figcaption class=\"wp-element-caption\">Page du dossier d&rsquo;intentions<\/figcaption><\/figure>\n\n\n\n<figure class=\"wp-block-image size-large\"><img loading=\"lazy\" decoding=\"async\" width=\"1024\" height=\"576\" src=\"https:\/\/albaneleonard.fr\/wp-content\/uploads\/2025\/09\/7-1024x576.png\" alt=\"\" class=\"wp-image-1146\" srcset=\"https:\/\/albaneleonard.fr\/wp-content\/uploads\/2025\/09\/7-1024x576.png 1024w, https:\/\/albaneleonard.fr\/wp-content\/uploads\/2025\/09\/7-300x169.png 300w, https:\/\/albaneleonard.fr\/wp-content\/uploads\/2025\/09\/7-768x432.png 768w, https:\/\/albaneleonard.fr\/wp-content\/uploads\/2025\/09\/7-1536x864.png 1536w, https:\/\/albaneleonard.fr\/wp-content\/uploads\/2025\/09\/7.png 1920w\" sizes=\"auto, (max-width: 1024px) 100vw, 1024px\" \/><figcaption class=\"wp-element-caption\">Page du dossier d&rsquo;intentions<\/figcaption><\/figure>\n\n\n\n<figure class=\"wp-block-image size-large\"><img loading=\"lazy\" decoding=\"async\" width=\"1024\" height=\"576\" src=\"https:\/\/albaneleonard.fr\/wp-content\/uploads\/2025\/09\/9-1024x576.png\" alt=\"\" class=\"wp-image-1148\" srcset=\"https:\/\/albaneleonard.fr\/wp-content\/uploads\/2025\/09\/9-1024x576.png 1024w, https:\/\/albaneleonard.fr\/wp-content\/uploads\/2025\/09\/9-300x169.png 300w, https:\/\/albaneleonard.fr\/wp-content\/uploads\/2025\/09\/9-768x432.png 768w, https:\/\/albaneleonard.fr\/wp-content\/uploads\/2025\/09\/9-1536x864.png 1536w, https:\/\/albaneleonard.fr\/wp-content\/uploads\/2025\/09\/9.png 1920w\" sizes=\"auto, (max-width: 1024px) 100vw, 1024px\" \/><figcaption class=\"wp-element-caption\">Page du dossier d&rsquo;intentions<\/figcaption><\/figure>\n<\/div>\n<\/div>\n","protected":false},"excerpt":{"rendered":"<p>Installation Echec et vert Voici un exemple d\u2019installation que j\u2019ai r\u00e9alis\u00e9e en DN [&hellip;]<\/p>\n","protected":false},"author":1,"featured_media":0,"parent":0,"menu_order":0,"comment_status":"closed","ping_status":"closed","template":"","meta":{"footnotes":""},"class_list":["post-1142","page","type-page","status-publish","hentry"],"_links":{"self":[{"href":"https:\/\/albaneleonard.fr\/index.php\/wp-json\/wp\/v2\/pages\/1142","targetHints":{"allow":["GET"]}}],"collection":[{"href":"https:\/\/albaneleonard.fr\/index.php\/wp-json\/wp\/v2\/pages"}],"about":[{"href":"https:\/\/albaneleonard.fr\/index.php\/wp-json\/wp\/v2\/types\/page"}],"author":[{"embeddable":true,"href":"https:\/\/albaneleonard.fr\/index.php\/wp-json\/wp\/v2\/users\/1"}],"replies":[{"embeddable":true,"href":"https:\/\/albaneleonard.fr\/index.php\/wp-json\/wp\/v2\/comments?post=1142"}],"version-history":[{"count":7,"href":"https:\/\/albaneleonard.fr\/index.php\/wp-json\/wp\/v2\/pages\/1142\/revisions"}],"predecessor-version":[{"id":2073,"href":"https:\/\/albaneleonard.fr\/index.php\/wp-json\/wp\/v2\/pages\/1142\/revisions\/2073"}],"wp:attachment":[{"href":"https:\/\/albaneleonard.fr\/index.php\/wp-json\/wp\/v2\/media?parent=1142"}],"curies":[{"name":"wp","href":"https:\/\/api.w.org\/{rel}","templated":true}]}}