{"id":1160,"date":"2025-09-22T16:14:50","date_gmt":"2025-09-22T14:14:50","guid":{"rendered":"https:\/\/albaneleonard.fr\/?page_id=1160"},"modified":"2026-03-19T16:25:20","modified_gmt":"2026-03-19T15:25:20","slug":"spectacle-vivant","status":"publish","type":"page","link":"https:\/\/albaneleonard.fr\/index.php\/spectacle-vivant\/","title":{"rendered":"Spectacle vivant"},"content":{"rendered":"\n<div class=\"wp-block-columns is-layout-flex wp-container-core-columns-is-layout-9d6595d7 wp-block-columns-is-layout-flex\">\n<div class=\"wp-block-column has-medium-font-size is-layout-flow wp-block-column-is-layout-flow\" style=\"flex-basis:100%\">\n<h1 class=\"wp-block-heading has-text-color has-link-color wp-elements-fd04fd4d00976bba3b7558bf0847fe04\" style=\"color:#8a250a\">Spectacle vivant <\/h1>\n\n\n\n<div style=\"height:50px\" aria-hidden=\"true\" class=\"wp-block-spacer\"><\/div>\n\n\n\n<details class=\"wp-block-details is-layout-flow wp-block-details-is-layout-flow\"><summary><strong><em>\u00ab Sur sc\u00e8ne, l\u2019ordinaire devient extraordinaire. \u00bb<\/em> \u2014 Jean-Louis Barrault<\/strong> \u25be <\/summary>\n<div style=\"height:16px\" aria-hidden=\"true\" class=\"wp-block-spacer\"><\/div>\n\n\n\n<p>J\u2019ai d\u00e9couvert le monde du spectacle vivant d\u00e8s mon plus jeune \u00e2ge gr\u00e2ce \u00e0 l\u2019art du cirque. D\u00e8s quatre ans, j\u2019ai commenc\u00e9 \u00e0 pratiquer et j\u2019ai imm\u00e9diatement ressenti la magie et l\u2019\u00e9motion que peut procurer le fait d&rsquo;\u00eatre sur sc\u00e8ne, mais surtout celui de partager l&rsquo;art, de cr\u00e9er une connexion, tant pour les spectateurs que pour les artistes. \u00c0 six ans, j\u2019ai commenc\u00e9 le th\u00e9\u00e2tre pour d\u00e9passer ma timidit\u00e9. Tr\u00e8s vite, j\u2019ai d\u00e9couvert ma v\u00e9ritable passion : raconter des histoires, incarner des personnages et transmettre des \u00e9motions, une passion qui ne m\u2019a jamais quitt\u00e9e. Pour moi, le th\u00e9\u00e2tre est le lieu de tous les possibles et de tous les r\u00eaves.<\/p>\n\n\n\n<p>Mon amour pour les arts vivants s\u2019est plus tard enrichi avec la danse et le chant. La danse m\u2019\u00e9merveille par la puissance et la po\u00e9sie d\u2019un corps qui parle, qui raconte et transmet ce que les mots ne peuvent exprimer. Le chant, quant \u00e0 lui, me permet de partager des \u00e9motions profondes \u00e0 travers la voix et les textes. Aujourd\u2019hui, cette pratique m\u2019accompagne toujours, d\u00e9sormais enrichie par ma guitare, qui m\u2019offre une nouvelle mani\u00e8re de cr\u00e9er et de transmettre des \u00e9motions. Ce que j\u2019aime profond\u00e9ment dans toutes ces pratiques, c\u2019est la rencontre avec le public, le fait de partager un moment unique, de cr\u00e9er un lien invisible mais puissant, de faire vibrer les spectateurs et d\u2019\u00eatre travers\u00e9e moi-m\u00eame par cette \u00e9nergie. Se produire sur sc\u00e8ne est pour moi un acte de transmission, un espace o\u00f9 l\u2019imaginaire, les \u00e9motions et la sensibilit\u00e9 se m\u00ealent et prennent vie en connexion totale avec un public.<\/p>\n\n\n\n<p>Le spectacle vivant est un espace unique o\u00f9 chaque repr\u00e9sentation est diff\u00e9rente, o\u00f9 chaque instant compte, o\u00f9 chaque spectateur devient acteur de son ressenti. Il incarne l\u2019\u00e9motion pure, la cr\u00e9ativit\u00e9 sans limite et la magie qui touche autant le corps que l\u2019esprit. Aujourd\u2019hui, il fait partie int\u00e9grante de ma vie, que ce soit en technique, en sc\u00e9nographie ou sur sc\u00e8ne en tant que com\u00e9dienne.<\/p>\n<\/details>\n<\/div>\n<\/div>\n\n\n\n<div style=\"height:50px\" aria-hidden=\"true\" class=\"wp-block-spacer\"><\/div>\n\n\n\n<div class=\"wp-block-columns is-layout-flex wp-container-core-columns-is-layout-9d6595d7 wp-block-columns-is-layout-flex\">\n<div class=\"wp-block-column is-layout-flow wp-block-column-is-layout-flow\">\n<figure class=\"wp-block-image size-full wp-duotone-094850-da5f36-1\"><a href=\"https:\/\/albaneleonard.fr\/index.php\/scenographie\/\"><img loading=\"lazy\" decoding=\"async\" width=\"2560\" height=\"1242\" src=\"https:\/\/albaneleonard.fr\/wp-content\/uploads\/2026\/03\/lmlmu-scaled.png\" alt=\"\" class=\"wp-image-2341\" style=\"aspect-ratio:1;object-fit:cover\" srcset=\"https:\/\/albaneleonard.fr\/wp-content\/uploads\/2026\/03\/lmlmu-scaled.png 2560w, https:\/\/albaneleonard.fr\/wp-content\/uploads\/2026\/03\/lmlmu-300x146.png 300w, https:\/\/albaneleonard.fr\/wp-content\/uploads\/2026\/03\/lmlmu-1024x497.png 1024w, https:\/\/albaneleonard.fr\/wp-content\/uploads\/2026\/03\/lmlmu-768x373.png 768w, https:\/\/albaneleonard.fr\/wp-content\/uploads\/2026\/03\/lmlmu-1536x745.png 1536w, https:\/\/albaneleonard.fr\/wp-content\/uploads\/2026\/03\/lmlmu-2048x994.png 2048w\" sizes=\"auto, (max-width: 2560px) 100vw, 2560px\" \/><\/a><\/figure>\n\n\n\n<div class=\"wp-block-buttons is-content-justification-center is-layout-flex wp-container-core-buttons-is-layout-16018d1d wp-block-buttons-is-layout-flex\">\n<div class=\"wp-block-button has-custom-width wp-block-button__width-100 is-style-outline is-style-outline--2\"><a class=\"wp-block-button__link has-colibri-color-6-background-color has-text-color has-background has-link-color has-medium-font-size has-custom-font-size wp-element-button\" href=\"https:\/\/albaneleonard.fr\/index.php\/scenographie\/\" style=\"border-radius:100px;color:#8a250a\">Sc\u00e9nographie \u2192 voir <\/a><\/div>\n<\/div>\n<\/div>\n\n\n\n<div class=\"wp-block-column is-layout-flow wp-block-column-is-layout-flow\">\n<figure class=\"wp-block-image size-large wp-duotone-094850-da5f36-3\"><a href=\"https:\/\/albaneleonard.fr\/index.php\/technique\/\"><img loading=\"lazy\" decoding=\"async\" width=\"875\" height=\"875\" src=\"https:\/\/dev.lehamak.com\/wp-content\/uploads\/2025\/09\/IMG_6664-edited-1.jpg\" alt=\"\" class=\"wp-image-623\" style=\"aspect-ratio:1;object-fit:cover\" srcset=\"https:\/\/albaneleonard.fr\/wp-content\/uploads\/2025\/09\/IMG_6664-edited-1.jpg 875w, https:\/\/albaneleonard.fr\/wp-content\/uploads\/2025\/09\/IMG_6664-edited-1-300x300.jpg 300w, https:\/\/albaneleonard.fr\/wp-content\/uploads\/2025\/09\/IMG_6664-edited-1-150x150.jpg 150w, https:\/\/albaneleonard.fr\/wp-content\/uploads\/2025\/09\/IMG_6664-edited-1-768x768.jpg 768w\" sizes=\"auto, (max-width: 875px) 100vw, 875px\" \/><\/a><\/figure>\n\n\n\n<div class=\"wp-block-buttons is-content-justification-center is-layout-flex wp-container-core-buttons-is-layout-16018d1d wp-block-buttons-is-layout-flex\">\n<div class=\"wp-block-button is-style-outline is-style-outline--4\"><a class=\"wp-block-button__link has-colibri-color-6-background-color has-text-color has-background has-link-color has-medium-font-size has-custom-font-size wp-element-button\" href=\"https:\/\/albaneleonard.fr\/index.php\/technique\/\" style=\"border-radius:100px;color:#8a250a\">Technique \u2192 voir<\/a><\/div>\n<\/div>\n<\/div>\n\n\n\n<div class=\"wp-block-column is-layout-flow wp-block-column-is-layout-flow\">\n<figure class=\"wp-block-image size-large wp-duotone-094850-da5f36-5\"><a href=\"https:\/\/albaneleonard.fr\/index.php\/comedienne-2\/\"><img loading=\"lazy\" decoding=\"async\" width=\"1370\" height=\"1820\" src=\"https:\/\/albaneleonard.fr\/wp-content\/uploads\/2025\/09\/IMG-20250621-WA0068-edited.jpg\" alt=\"\" class=\"wp-image-1624\" style=\"aspect-ratio:1;object-fit:cover\" srcset=\"https:\/\/albaneleonard.fr\/wp-content\/uploads\/2025\/09\/IMG-20250621-WA0068-edited.jpg 1370w, https:\/\/albaneleonard.fr\/wp-content\/uploads\/2025\/09\/IMG-20250621-WA0068-edited-226x300.jpg 226w, https:\/\/albaneleonard.fr\/wp-content\/uploads\/2025\/09\/IMG-20250621-WA0068-edited-771x1024.jpg 771w, https:\/\/albaneleonard.fr\/wp-content\/uploads\/2025\/09\/IMG-20250621-WA0068-edited-768x1020.jpg 768w, https:\/\/albaneleonard.fr\/wp-content\/uploads\/2025\/09\/IMG-20250621-WA0068-edited-1156x1536.jpg 1156w\" sizes=\"auto, (max-width: 1370px) 100vw, 1370px\" \/><\/a><\/figure>\n\n\n\n<div class=\"wp-block-buttons is-content-justification-center is-layout-flex wp-container-core-buttons-is-layout-16018d1d wp-block-buttons-is-layout-flex\">\n<div class=\"wp-block-button has-custom-width wp-block-button__width-100 is-style-outline is-style-outline--6\"><a class=\"wp-block-button__link has-colibri-color-6-background-color has-text-color has-background has-link-color has-medium-font-size has-custom-font-size wp-element-button\" href=\"https:\/\/albaneleonard.fr\/index.php\/comedienne-2\/\" style=\"border-radius:100px;color:#8a250a\">Com\u00e9dienne\u2192 voir <\/a><\/div>\n<\/div>\n<\/div>\n<\/div>\n\n\n\n<div class=\"wp-block-columns is-layout-flex wp-container-core-columns-is-layout-9d6595d7 wp-block-columns-is-layout-flex\">\n<div class=\"wp-block-column is-layout-flow wp-block-column-is-layout-flow\"><\/div>\n<\/div>\n\n\n<\/div>\n<\/div>\n<\/div>\n<\/div>\n<\/div>\n<\/div>\n<\/div>\n<\/div>\n<\/div>\n<\/div>\n\n\n<p><\/p>\n","protected":false},"excerpt":{"rendered":"<p>Spectacle vivant [&hellip;]<\/p>\n","protected":false},"author":1,"featured_media":0,"parent":0,"menu_order":0,"comment_status":"closed","ping_status":"closed","template":"","meta":{"footnotes":""},"class_list":["post-1160","page","type-page","status-publish","hentry"],"_links":{"self":[{"href":"https:\/\/albaneleonard.fr\/index.php\/wp-json\/wp\/v2\/pages\/1160","targetHints":{"allow":["GET"]}}],"collection":[{"href":"https:\/\/albaneleonard.fr\/index.php\/wp-json\/wp\/v2\/pages"}],"about":[{"href":"https:\/\/albaneleonard.fr\/index.php\/wp-json\/wp\/v2\/types\/page"}],"author":[{"embeddable":true,"href":"https:\/\/albaneleonard.fr\/index.php\/wp-json\/wp\/v2\/users\/1"}],"replies":[{"embeddable":true,"href":"https:\/\/albaneleonard.fr\/index.php\/wp-json\/wp\/v2\/comments?post=1160"}],"version-history":[{"count":16,"href":"https:\/\/albaneleonard.fr\/index.php\/wp-json\/wp\/v2\/pages\/1160\/revisions"}],"predecessor-version":[{"id":2347,"href":"https:\/\/albaneleonard.fr\/index.php\/wp-json\/wp\/v2\/pages\/1160\/revisions\/2347"}],"wp:attachment":[{"href":"https:\/\/albaneleonard.fr\/index.php\/wp-json\/wp\/v2\/media?parent=1160"}],"curies":[{"name":"wp","href":"https:\/\/api.w.org\/{rel}","templated":true}]}}