{"id":1162,"date":"2025-09-22T16:17:11","date_gmt":"2025-09-22T14:17:11","guid":{"rendered":"https:\/\/albaneleonard.fr\/?page_id=1162"},"modified":"2026-03-19T00:56:06","modified_gmt":"2026-03-18T23:56:06","slug":"audiovisuel","status":"publish","type":"page","link":"https:\/\/albaneleonard.fr\/index.php\/audiovisuel\/","title":{"rendered":"AudioVisuel"},"content":{"rendered":"\n<div class=\"wp-block-columns is-layout-flex wp-container-core-columns-is-layout-9d6595d7 wp-block-columns-is-layout-flex\">\n<div class=\"wp-block-column has-medium-font-size is-layout-flow wp-block-column-is-layout-flow\" style=\"flex-basis:100%\">\n<h1 class=\"wp-block-heading has-text-color has-link-color wp-elements-75e3fb0301902eb8738c0cfe0e2cb2f6\" style=\"color:#8a250a\">Audio visuel<\/h1>\n\n\n\n<div style=\"height:50px\" aria-hidden=\"true\" class=\"wp-block-spacer\"><\/div>\n\n\n\n<details class=\"wp-block-details is-layout-flow wp-block-details-is-layout-flow\"><summary><strong><em>\u00ab Les films touchent notre c\u0153ur, \u00e9veillent notre vision et changent notre fa\u00e7on de voir les choses. Ils nous emm\u00e8nent ailleurs, ouvrent des portes et des esprits.<\/em><\/strong> <strong><em>\u00bb<\/em> \u2014 Martin Scorsese \u25be<\/strong><\/summary>\n<div style=\"height:16px\" aria-hidden=\"true\" class=\"wp-block-spacer\"><\/div>\n\n\n\n<p>Depuis mon enfance, j\u2019ai toujours \u00e9t\u00e9 sensible au milieu de l\u2019audiovisuel. J\u2019adore cr\u00e9er, filmer, immortaliser, raconter des histoires et documenter le quotidien. Au coll\u00e8ge, je m\u2019amusais \u00e0 r\u00e9aliser des moyens-m\u00e9trages avec mes amis, \u00e9crire des sc\u00e9narios et filmer tout ce que je pouvais. Grande consommatrice de YouTube, j\u2019ai m\u00eame cr\u00e9\u00e9 ma propre cha\u00eene de bricolage et r\u00e9alis\u00e9 des petits montages vid\u00e9o pour partager mes moments avec mes amis.<\/p>\n\n\n\n<p>Il y a quelque chose de magique dans la vid\u00e9o : elle capture des instants, raconte des histoires, et peut nous toucher profond\u00e9ment. Ce que j\u2019aime, c\u2019est qu\u2019elle nous accompagne tous sous diff\u00e9rentes formes. Que ce soit \u00e0 travers sur youtube \u00e0 travers des vlogs, des concepts plus importants ou m\u00eame des docuementaires plus produit. Chez nous lors d\u2019une journ\u00e9e pluvieuse en regardant <em>Adolescence<\/em>, <em>Gilmore Girls<\/em>, <em>Friends<\/em>, <em>Bref<\/em> 2 ou <em>En Th\u00e9rapie<\/em>, en allant au cin\u00e9ma pour se d\u00e9tendre avec un Marvel, ou en d\u00e9couvrant des films plus profond comme <em>Sorry Baby<\/em> ou des films qui nous font r\u00eaver comme <em>La La Land<\/em>. L\u2019audiovisuel, c\u2019est aussi des documentaires qui peuvent changer notre regard sur le monde, comme par exemple <em>Shimla : fuite des temps modernes<\/em>. Bref, il y en a pour tous les go\u00fbts, et chacun entretient, parfois m\u00eame sans s\u2019en rendre compte, un lien avec ce milieu.&nbsp;<\/p>\n\n\n\n<p>Je ne suis pas cin\u00e9phile et je n\u2019ai pas une connaissance encyclop\u00e9dique du cin\u00e9ma, je dois bien l\u2019avouer, mais \u00e0 mon \u00e9chelle, l\u2019audiovisuel fait partie int\u00e9grante de ma vie. R\u00e9cemment, il a pris une autre dimension : en mai dernier, on m\u2019a propos\u00e9 de rejoindre l\u2019\u00e9quipe d\u00e9coration pour le tournage du long m\u00e9trage <em>Les Agents des Temps<\/em>, r\u00e9alis\u00e9 par Jean Perez et Thomas Maire (projet toujours en cours).<\/p>\n\n\n\n<p>Ce premier pas dans le milieu professionnel m\u2019a donn\u00e9 envie de m\u2019investir dans d\u2019autres projets et d\u2019apporter ma touche personnelle \u00e0 des cr\u00e9ations port\u00e9es par des passionn\u00e9s. J\u2019aime faire partie de ces univers o\u00f9 la passion se conjugue, o\u00f9 l\u2019envie de transmettre des \u00e9motions, de raconter et de cr\u00e9er des liens devient un moteur commun.<\/p>\n\n\n\n<p>J\u2019aime \u00eatre cheffe d\u00e9coratrice sur ces tournages. Penser, r\u00e9fl\u00e9chir et imaginer l\u2019identit\u00e9 visuelle d\u2019un projet audiovisuel est une v\u00e9ritable magie. Transformer un lieu en un espace unique, qui refl\u00e8te l\u2019histoire et les \u00e9motions, est extr\u00eamement gratifiant. Chaque d\u00e9tail \u2014 couleurs, textures, mobilier, lumi\u00e8re \u2014 participe \u00e0 cr\u00e9er une atmosph\u00e8re coh\u00e9rente et immersive. Le d\u00e9cor n\u2019est pas seulement un arri\u00e8re-plan : il sert autant au public, pour ressentir et comprendre les \u00e9motions, qu\u2019aux acteurs, en les aidant \u00e0 s\u2019immerger pleinement dans l\u2019histoire. Il devient un partenaire silencieux de la narration, renfor\u00e7ant l\u2019impact de chaque sc\u00e8ne.<\/p>\n<\/details>\n<\/div>\n<\/div>\n\n\n\n<div style=\"height:50px\" aria-hidden=\"true\" class=\"wp-block-spacer\"><\/div>\n\n\n\n<div class=\"wp-block-columns is-layout-flex wp-container-core-columns-is-layout-9d6595d7 wp-block-columns-is-layout-flex\">\n<div class=\"wp-block-column is-layout-flow wp-block-column-is-layout-flow\">\n<figure class=\"wp-block-image size-large wp-duotone-094850-da5f36-1\"><a href=\"https:\/\/albaneleonard.fr\/index.php\/les-agents-du-temps\/\"><img loading=\"lazy\" decoding=\"async\" width=\"2560\" height=\"2560\" src=\"https:\/\/dev.lehamak.com\/wp-content\/uploads\/2025\/09\/ojfjjfpsjf-edited-scaled.jpeg\" alt=\"\" class=\"wp-image-624\" style=\"aspect-ratio:1;object-fit:cover\" srcset=\"https:\/\/albaneleonard.fr\/wp-content\/uploads\/2025\/09\/ojfjjfpsjf-edited-scaled.jpeg 2560w, https:\/\/albaneleonard.fr\/wp-content\/uploads\/2025\/09\/ojfjjfpsjf-edited-300x300.jpeg 300w, https:\/\/albaneleonard.fr\/wp-content\/uploads\/2025\/09\/ojfjjfpsjf-edited-1024x1024.jpeg 1024w, https:\/\/albaneleonard.fr\/wp-content\/uploads\/2025\/09\/ojfjjfpsjf-edited-150x150.jpeg 150w, https:\/\/albaneleonard.fr\/wp-content\/uploads\/2025\/09\/ojfjjfpsjf-edited-768x768.jpeg 768w, https:\/\/albaneleonard.fr\/wp-content\/uploads\/2025\/09\/ojfjjfpsjf-edited-1536x1536.jpeg 1536w, https:\/\/albaneleonard.fr\/wp-content\/uploads\/2025\/09\/ojfjjfpsjf-edited-2048x2048.jpeg 2048w\" sizes=\"auto, (max-width: 2560px) 100vw, 2560px\" \/><\/a><\/figure>\n\n\n\n<div class=\"wp-block-buttons is-layout-flex wp-block-buttons-is-layout-flex\">\n<div class=\"wp-block-button is-style-outline is-style-outline--2\"><a class=\"wp-block-button__link has-colibri-color-6-background-color has-text-color has-background has-link-color has-medium-font-size has-custom-font-size wp-element-button\" href=\"https:\/\/albaneleonard.fr\/index.php\/les-agents-du-temps\/\" style=\"border-radius:100px;color:#8a250a\">Les Agents du temps \u2192 voir le projet<\/a><\/div>\n<\/div>\n<\/div>\n\n\n\n<div class=\"wp-block-column is-layout-flow wp-block-column-is-layout-flow\">\n<figure class=\"wp-block-image size-large wp-duotone-094850-da5f36-3\"><a href=\"https:\/\/albaneleonard.fr\/index.php\/night-shift\/\"><img loading=\"lazy\" decoding=\"async\" width=\"1024\" height=\"683\" src=\"https:\/\/albaneleonard.fr\/wp-content\/uploads\/2025\/12\/PANA7621-1024x683.jpeg\" alt=\"\" class=\"wp-image-2116\" style=\"aspect-ratio:1;object-fit:cover\" srcset=\"https:\/\/albaneleonard.fr\/wp-content\/uploads\/2025\/12\/PANA7621-1024x683.jpeg 1024w, https:\/\/albaneleonard.fr\/wp-content\/uploads\/2025\/12\/PANA7621-300x200.jpeg 300w, https:\/\/albaneleonard.fr\/wp-content\/uploads\/2025\/12\/PANA7621-768x512.jpeg 768w, https:\/\/albaneleonard.fr\/wp-content\/uploads\/2025\/12\/PANA7621-1536x1024.jpeg 1536w, https:\/\/albaneleonard.fr\/wp-content\/uploads\/2025\/12\/PANA7621-2048x1365.jpeg 2048w\" sizes=\"auto, (max-width: 1024px) 100vw, 1024px\" \/><\/a><\/figure>\n\n\n\n<div class=\"wp-block-buttons is-layout-flex wp-block-buttons-is-layout-flex\">\n<div class=\"wp-block-button is-style-outline is-style-outline--4\"><a class=\"wp-block-button__link has-colibri-color-6-background-color has-text-color has-background has-link-color has-medium-font-size has-custom-font-size wp-element-button\" href=\"https:\/\/albaneleonard.fr\/index.php\/night-shift\/\" style=\"border-radius:100px;color:#8a250a\">Night Shift \u2192 voir le projet<\/a><\/div>\n<\/div>\n<\/div>\n<\/div>\n\n\n\n<div class=\"wp-block-columns is-layout-flex wp-container-core-columns-is-layout-9d6595d7 wp-block-columns-is-layout-flex\">\n<div class=\"wp-block-column is-layout-flow wp-block-column-is-layout-flow\">\n<figure class=\"wp-block-image size-full wp-duotone-094850-da5f36-5\"><a href=\"https:\/\/albaneleonard.fr\/index.php\/ange-gardien\/\"><img loading=\"lazy\" decoding=\"async\" width=\"1707\" height=\"2560\" src=\"https:\/\/albaneleonard.fr\/wp-content\/uploads\/2025\/12\/IMG09003-scaled.jpg\" alt=\"\" class=\"wp-image-2080\" style=\"aspect-ratio:1;object-fit:cover\" srcset=\"https:\/\/albaneleonard.fr\/wp-content\/uploads\/2025\/12\/IMG09003-scaled.jpg 1707w, https:\/\/albaneleonard.fr\/wp-content\/uploads\/2025\/12\/IMG09003-200x300.jpg 200w, https:\/\/albaneleonard.fr\/wp-content\/uploads\/2025\/12\/IMG09003-683x1024.jpg 683w, https:\/\/albaneleonard.fr\/wp-content\/uploads\/2025\/12\/IMG09003-768x1152.jpg 768w, https:\/\/albaneleonard.fr\/wp-content\/uploads\/2025\/12\/IMG09003-1024x1536.jpg 1024w, https:\/\/albaneleonard.fr\/wp-content\/uploads\/2025\/12\/IMG09003-1365x2048.jpg 1365w\" sizes=\"auto, (max-width: 1707px) 100vw, 1707px\" \/><\/a><\/figure>\n\n\n\n<div class=\"wp-block-buttons is-layout-flex wp-block-buttons-is-layout-flex\">\n<div class=\"wp-block-button is-style-outline is-style-outline--6\"><a class=\"wp-block-button__link has-colibri-color-6-background-color has-text-color has-background has-link-color has-medium-font-size has-custom-font-size wp-element-button\" href=\"https:\/\/albaneleonard.fr\/index.php\/ange-gardien\/\" style=\"border-radius:100px;color:#8a250a\">Ange Gardien \u2192 voir le projet<\/a><\/div>\n<\/div>\n<\/div>\n\n\n\n<div class=\"wp-block-column is-layout-flow wp-block-column-is-layout-flow\">\n<figure class=\"wp-block-image size-large wp-duotone-094850-da5f36-7\"><a href=\"https:\/\/albaneleonard.fr\/index.php\/transcience\/\"><img loading=\"lazy\" decoding=\"async\" width=\"683\" height=\"1024\" src=\"https:\/\/albaneleonard.fr\/wp-content\/uploads\/2026\/01\/IMG_7395-683x1024.jpg\" alt=\"\" class=\"wp-image-2138\" style=\"aspect-ratio:1;object-fit:cover\" srcset=\"https:\/\/albaneleonard.fr\/wp-content\/uploads\/2026\/01\/IMG_7395-683x1024.jpg 683w, https:\/\/albaneleonard.fr\/wp-content\/uploads\/2026\/01\/IMG_7395-200x300.jpg 200w, https:\/\/albaneleonard.fr\/wp-content\/uploads\/2026\/01\/IMG_7395-768x1152.jpg 768w, https:\/\/albaneleonard.fr\/wp-content\/uploads\/2026\/01\/IMG_7395-1024x1536.jpg 1024w, https:\/\/albaneleonard.fr\/wp-content\/uploads\/2026\/01\/IMG_7395.jpg 1080w\" sizes=\"auto, (max-width: 683px) 100vw, 683px\" \/><\/a><\/figure>\n\n\n\n<div class=\"wp-block-buttons is-layout-flex wp-block-buttons-is-layout-flex\">\n<div class=\"wp-block-button is-style-outline is-style-outline--8\"><a class=\"wp-block-button__link has-colibri-color-6-background-color has-text-color has-background has-link-color has-medium-font-size has-custom-font-size wp-element-button\" href=\"https:\/\/albaneleonard.fr\/index.php\/transcience\/\" style=\"border-radius:100px;color:#8a250a\">Transience \u2192 voir le projet<\/a><\/div>\n<\/div>\n<\/div>\n<\/div>\n\n\n\n<div class=\"wp-block-columns is-layout-flex wp-container-core-columns-is-layout-9d6595d7 wp-block-columns-is-layout-flex\">\n<div class=\"wp-block-column is-layout-flow wp-block-column-is-layout-flow\">\n<figure class=\"wp-block-image size-full wp-duotone-094850-da5f36-9\"><a href=\"https:\/\/albaneleonard.fr\/index.php\/obsession\/\"><img loading=\"lazy\" decoding=\"async\" width=\"1707\" height=\"2560\" src=\"https:\/\/albaneleonard.fr\/wp-content\/uploads\/2026\/01\/DSC04025-scaled.jpg\" alt=\"\" class=\"wp-image-2180\" style=\"aspect-ratio:1;object-fit:cover\" srcset=\"https:\/\/albaneleonard.fr\/wp-content\/uploads\/2026\/01\/DSC04025-scaled.jpg 1707w, https:\/\/albaneleonard.fr\/wp-content\/uploads\/2026\/01\/DSC04025-200x300.jpg 200w, https:\/\/albaneleonard.fr\/wp-content\/uploads\/2026\/01\/DSC04025-683x1024.jpg 683w, https:\/\/albaneleonard.fr\/wp-content\/uploads\/2026\/01\/DSC04025-768x1152.jpg 768w, https:\/\/albaneleonard.fr\/wp-content\/uploads\/2026\/01\/DSC04025-1024x1536.jpg 1024w, https:\/\/albaneleonard.fr\/wp-content\/uploads\/2026\/01\/DSC04025-1365x2048.jpg 1365w\" sizes=\"auto, (max-width: 1707px) 100vw, 1707px\" \/><\/a><\/figure>\n\n\n\n<div class=\"wp-block-buttons is-layout-flex wp-block-buttons-is-layout-flex\">\n<div class=\"wp-block-button is-style-outline is-style-outline--10\"><a class=\"wp-block-button__link has-colibri-color-6-background-color has-text-color has-background has-link-color has-medium-font-size has-custom-font-size wp-element-button\" href=\"https:\/\/albaneleonard.fr\/index.php\/obsession\/\" style=\"border-radius:100px;color:#8a250a\">Obsession \u2192 voir le projet<\/a><\/div>\n<\/div>\n<\/div>\n\n\n\n<div class=\"wp-block-column is-layout-flow wp-block-column-is-layout-flow\">\n<figure class=\"wp-block-image size-large wp-duotone-094850-da5f36-11\"><a href=\"https:\/\/albaneleonard.fr\/index.php\/reine\/\"><img loading=\"lazy\" decoding=\"async\" width=\"1024\" height=\"683\" src=\"https:\/\/albaneleonard.fr\/wp-content\/uploads\/2026\/01\/0e6d01b7-5920-4672-93b9-d0f2e7b3397d_rw_1920-2-1024x683.jpg\" alt=\"\" class=\"wp-image-2161\" style=\"aspect-ratio:1;object-fit:cover\" srcset=\"https:\/\/albaneleonard.fr\/wp-content\/uploads\/2026\/01\/0e6d01b7-5920-4672-93b9-d0f2e7b3397d_rw_1920-2-1024x683.jpg 1024w, https:\/\/albaneleonard.fr\/wp-content\/uploads\/2026\/01\/0e6d01b7-5920-4672-93b9-d0f2e7b3397d_rw_1920-2-300x200.jpg 300w, https:\/\/albaneleonard.fr\/wp-content\/uploads\/2026\/01\/0e6d01b7-5920-4672-93b9-d0f2e7b3397d_rw_1920-2-768x512.jpg 768w, https:\/\/albaneleonard.fr\/wp-content\/uploads\/2026\/01\/0e6d01b7-5920-4672-93b9-d0f2e7b3397d_rw_1920-2-1536x1024.jpg 1536w, https:\/\/albaneleonard.fr\/wp-content\/uploads\/2026\/01\/0e6d01b7-5920-4672-93b9-d0f2e7b3397d_rw_1920-2.jpg 1920w\" sizes=\"auto, (max-width: 1024px) 100vw, 1024px\" \/><\/a><\/figure>\n\n\n\n<div class=\"wp-block-buttons is-layout-flex wp-block-buttons-is-layout-flex\">\n<div class=\"wp-block-button is-style-outline is-style-outline--12\"><a class=\"wp-block-button__link has-colibri-color-6-background-color has-text-color has-background has-link-color has-medium-font-size has-custom-font-size wp-element-button\" href=\"https:\/\/albaneleonard.fr\/index.php\/reine\/\" style=\"border-radius:100px;color:#8a250a\">Reine \u2192 voir le projet<\/a><\/div>\n<\/div>\n<\/div>\n<\/div>\n\n\n\n<div class=\"wp-block-columns is-layout-flex wp-container-core-columns-is-layout-9d6595d7 wp-block-columns-is-layout-flex\">\n<div class=\"wp-block-column is-layout-flow wp-block-column-is-layout-flow\">\n<figure class=\"wp-block-image size-full wp-duotone-094850-da5f36-13\"><img loading=\"lazy\" decoding=\"async\" width=\"2560\" height=\"1707\" src=\"https:\/\/albaneleonard.fr\/wp-content\/uploads\/2026\/03\/PS1_4574-scaled.jpeg\" alt=\"\" class=\"wp-image-2326\" style=\"aspect-ratio:1;object-fit:cover\" srcset=\"https:\/\/albaneleonard.fr\/wp-content\/uploads\/2026\/03\/PS1_4574-scaled.jpeg 2560w, https:\/\/albaneleonard.fr\/wp-content\/uploads\/2026\/03\/PS1_4574-300x200.jpeg 300w, https:\/\/albaneleonard.fr\/wp-content\/uploads\/2026\/03\/PS1_4574-1024x683.jpeg 1024w, https:\/\/albaneleonard.fr\/wp-content\/uploads\/2026\/03\/PS1_4574-768x512.jpeg 768w, https:\/\/albaneleonard.fr\/wp-content\/uploads\/2026\/03\/PS1_4574-1536x1024.jpeg 1536w, https:\/\/albaneleonard.fr\/wp-content\/uploads\/2026\/03\/PS1_4574-2048x1365.jpeg 2048w\" sizes=\"auto, (max-width: 2560px) 100vw, 2560px\" \/><\/figure>\n\n\n\n<div class=\"wp-block-buttons is-layout-flex wp-block-buttons-is-layout-flex\">\n<div class=\"wp-block-button is-style-outline is-style-outline--14\"><a class=\"wp-block-button__link has-colibri-color-6-background-color has-text-color has-background has-link-color has-medium-font-size has-custom-font-size wp-element-button\" style=\"border-radius:100px;color:#8a250a\">Zombieland \u2192 voir le projet<\/a><\/div>\n<\/div>\n<\/div>\n\n\n\n<div class=\"wp-block-column is-layout-flow wp-block-column-is-layout-flow\">\n<figure class=\"wp-block-image size-large wp-duotone-094850-da5f36-15\"><img loading=\"lazy\" decoding=\"async\" width=\"1024\" height=\"683\" src=\"https:\/\/albaneleonard.fr\/wp-content\/uploads\/2026\/03\/3cd08609-3f7c-487a-857a-ad789b06071b_rw_1200-1024x683.jpg\" alt=\"\" class=\"wp-image-2328\" style=\"aspect-ratio:1;object-fit:cover\" srcset=\"https:\/\/albaneleonard.fr\/wp-content\/uploads\/2026\/03\/3cd08609-3f7c-487a-857a-ad789b06071b_rw_1200-1024x683.jpg 1024w, https:\/\/albaneleonard.fr\/wp-content\/uploads\/2026\/03\/3cd08609-3f7c-487a-857a-ad789b06071b_rw_1200-300x200.jpg 300w, https:\/\/albaneleonard.fr\/wp-content\/uploads\/2026\/03\/3cd08609-3f7c-487a-857a-ad789b06071b_rw_1200-768x512.jpg 768w, https:\/\/albaneleonard.fr\/wp-content\/uploads\/2026\/03\/3cd08609-3f7c-487a-857a-ad789b06071b_rw_1200.jpg 1200w\" sizes=\"auto, (max-width: 1024px) 100vw, 1024px\" \/><\/figure>\n\n\n\n<div class=\"wp-block-buttons is-layout-flex wp-block-buttons-is-layout-flex\">\n<div class=\"wp-block-button is-style-outline is-style-outline--16\"><a class=\"wp-block-button__link has-colibri-color-6-background-color has-text-color has-background has-link-color has-medium-font-size has-custom-font-size wp-element-button\" style=\"border-radius:100px;color:#8a250a\">Conatus \u2192 voir le projet<\/a><\/div>\n<\/div>\n<\/div>\n<\/div>\n\n\n\n<div class=\"wp-block-columns is-layout-flex wp-container-core-columns-is-layout-9d6595d7 wp-block-columns-is-layout-flex\">\n<div class=\"wp-block-column is-layout-flow wp-block-column-is-layout-flow\">\n<figure class=\"wp-block-image size-full wp-duotone-094850-da5f36-17\"><img loading=\"lazy\" decoding=\"async\" width=\"1134\" height=\"811\" src=\"https:\/\/albaneleonard.fr\/wp-content\/uploads\/2026\/03\/Capture-decran-2026-03-19-000756-1.png\" alt=\"\" class=\"wp-image-2335\" style=\"aspect-ratio:1;object-fit:cover\" srcset=\"https:\/\/albaneleonard.fr\/wp-content\/uploads\/2026\/03\/Capture-decran-2026-03-19-000756-1.png 1134w, https:\/\/albaneleonard.fr\/wp-content\/uploads\/2026\/03\/Capture-decran-2026-03-19-000756-1-300x215.png 300w, https:\/\/albaneleonard.fr\/wp-content\/uploads\/2026\/03\/Capture-decran-2026-03-19-000756-1-1024x732.png 1024w, https:\/\/albaneleonard.fr\/wp-content\/uploads\/2026\/03\/Capture-decran-2026-03-19-000756-1-768x549.png 768w\" sizes=\"auto, (max-width: 1134px) 100vw, 1134px\" \/><\/figure>\n\n\n\n<div class=\"wp-block-buttons is-layout-flex wp-block-buttons-is-layout-flex\">\n<div class=\"wp-block-button is-style-outline is-style-outline--18\"><a class=\"wp-block-button__link has-colibri-color-6-background-color has-text-color has-background has-link-color has-medium-font-size has-custom-font-size wp-element-button\" style=\"border-radius:100px;color:#8a250a\">San(g)s-toi \u2192 voir le projet<\/a><\/div>\n<\/div>\n<\/div>\n\n\n\n<div class=\"wp-block-column is-layout-flow wp-block-column-is-layout-flow\">\n<figure class=\"wp-block-image size-large wp-duotone-094850-da5f36-19\"><img loading=\"lazy\" decoding=\"async\" width=\"768\" height=\"1024\" src=\"https:\/\/albaneleonard.fr\/wp-content\/uploads\/2026\/03\/PXL_20260220_163516461.MP_-768x1024.jpg\" alt=\"\" class=\"wp-image-2336\" style=\"aspect-ratio:1;object-fit:cover\" srcset=\"https:\/\/albaneleonard.fr\/wp-content\/uploads\/2026\/03\/PXL_20260220_163516461.MP_-768x1024.jpg 768w, https:\/\/albaneleonard.fr\/wp-content\/uploads\/2026\/03\/PXL_20260220_163516461.MP_-225x300.jpg 225w, https:\/\/albaneleonard.fr\/wp-content\/uploads\/2026\/03\/PXL_20260220_163516461.MP_-1152x1536.jpg 1152w, https:\/\/albaneleonard.fr\/wp-content\/uploads\/2026\/03\/PXL_20260220_163516461.MP_-1536x2048.jpg 1536w, https:\/\/albaneleonard.fr\/wp-content\/uploads\/2026\/03\/PXL_20260220_163516461.MP_-scaled.jpg 1920w\" sizes=\"auto, (max-width: 768px) 100vw, 768px\" \/><\/figure>\n\n\n\n<div class=\"wp-block-buttons is-layout-flex wp-block-buttons-is-layout-flex\">\n<div class=\"wp-block-button is-style-outline is-style-outline--20\"><a class=\"wp-block-button__link has-colibri-color-6-background-color has-text-color has-background has-link-color has-medium-font-size has-custom-font-size wp-element-button\" style=\"border-radius:100px;color:#8a250a\">Sale Chienne\u2192 voir le projet<\/a><\/div>\n<\/div>\n<\/div>\n<\/div>\n\n\n\n<div class=\"wp-block-columns is-layout-flex wp-container-core-columns-is-layout-9d6595d7 wp-block-columns-is-layout-flex\">\n<div class=\"wp-block-column is-layout-flow wp-block-column-is-layout-flow\"><\/div>\n<\/div>\n","protected":false},"excerpt":{"rendered":"<p>Audio visuel [&hellip;]<\/p>\n","protected":false},"author":1,"featured_media":0,"parent":0,"menu_order":0,"comment_status":"closed","ping_status":"closed","template":"","meta":{"footnotes":""},"class_list":["post-1162","page","type-page","status-publish","hentry"],"_links":{"self":[{"href":"https:\/\/albaneleonard.fr\/index.php\/wp-json\/wp\/v2\/pages\/1162","targetHints":{"allow":["GET"]}}],"collection":[{"href":"https:\/\/albaneleonard.fr\/index.php\/wp-json\/wp\/v2\/pages"}],"about":[{"href":"https:\/\/albaneleonard.fr\/index.php\/wp-json\/wp\/v2\/types\/page"}],"author":[{"embeddable":true,"href":"https:\/\/albaneleonard.fr\/index.php\/wp-json\/wp\/v2\/users\/1"}],"replies":[{"embeddable":true,"href":"https:\/\/albaneleonard.fr\/index.php\/wp-json\/wp\/v2\/comments?post=1162"}],"version-history":[{"count":19,"href":"https:\/\/albaneleonard.fr\/index.php\/wp-json\/wp\/v2\/pages\/1162\/revisions"}],"predecessor-version":[{"id":2337,"href":"https:\/\/albaneleonard.fr\/index.php\/wp-json\/wp\/v2\/pages\/1162\/revisions\/2337"}],"wp:attachment":[{"href":"https:\/\/albaneleonard.fr\/index.php\/wp-json\/wp\/v2\/media?parent=1162"}],"curies":[{"name":"wp","href":"https:\/\/api.w.org\/{rel}","templated":true}]}}