{"id":1164,"date":"2025-09-22T16:18:27","date_gmt":"2025-09-22T14:18:27","guid":{"rendered":"https:\/\/albaneleonard.fr\/?page_id=1164"},"modified":"2025-12-11T22:17:08","modified_gmt":"2025-12-11T21:17:08","slug":"comedienne-2","status":"publish","type":"page","link":"https:\/\/albaneleonard.fr\/index.php\/comedienne-2\/","title":{"rendered":"Com\u00e9dienne"},"content":{"rendered":"\n<div class=\"wp-block-columns is-layout-flex wp-container-core-columns-is-layout-9d6595d7 wp-block-columns-is-layout-flex\">\n<div class=\"wp-block-column has-medium-font-size is-layout-flow wp-block-column-is-layout-flow\" style=\"flex-basis:100%\">\n<h1 class=\"wp-block-heading has-text-color has-link-color wp-elements-fb552d929ae828d603adf5506aa5f833\" style=\"color:#8a250a\">Com\u00e9dienne<\/h1>\n\n\n\n<div style=\"height:50px\" aria-hidden=\"true\" class=\"wp-block-spacer\"><\/div>\n\n\n\n<details class=\"wp-block-details is-layout-flow wp-block-details-is-layout-flow\"><summary><strong><strong><strong>\u00ab Une pi\u00e8ce de th\u00e9\u00e2tre doit \u00eatre le lieu o\u00f9 le monde visible et le monde invisible se touchent et se heurtent. \u00bb<\/strong> \u2014 <\/strong>Arthur Adamov<\/strong>\u25be<\/summary>\n<div style=\"height:16px\" aria-hidden=\"true\" class=\"wp-block-spacer\"><\/div>\n\n\n\n<p>Ma plus grande passion depuis l\u2019enfance est le th\u00e9\u00e2tre. Comme beaucoup d\u2019enfants, ma m\u00e8re m\u2019a inscrite \u00e0 mes premiers cours pour m\u2019aider \u00e0 surmonter ma timidit\u00e9, et je n\u2019aurais jamais imagin\u00e9 qu\u2019\u00e0 l\u2019\u00e2ge adulte cette pratique deviendrait si essentielle dans ma vie. J\u2019ai commenc\u00e9 \u00e0 monter sur sc\u00e8ne \u00e0 l\u2019\u00e2ge de six ans, et depuis, la flamme pour cette pratique ne s\u2019est jamais \u00e9teinte.<\/p>\n\n\n\n<p>Le th\u00e9\u00e2tre me lib\u00e8re et me porte. Il m\u2019a aid\u00e9e \u00e0 gagner en confiance, \u00e0 mieux g\u00e9rer mes \u00e9motions et \u00e0 trouver ma voix. Ce que j\u2019aime le plus, c\u2019est la transmission : provoquer des r\u00e9actions chez le public, leur faire ressentir des \u00e9motions \u00e0 travers des histoires et des situations qui parlent \u00e0 chacun.<\/p>\n\n\n\n<p>Pour moi, le th\u00e9\u00e2tre est un moment hors du temps, presque magique. Chaque repr\u00e9sentation est un arr\u00eat dans la vie, un espace o\u00f9 l\u2019on partage ensemble une histoire, o\u00f9 chaque souffle, chaque regard et chaque geste deviennent uniques. L\u00e0 o\u00f9 le cin\u00e9ma recr\u00e9e des \u00e9motions, le th\u00e9\u00e2tre les vit dans l\u2019instant, et c\u2019est cette magie qui me passionne tant.<\/p>\n<\/details>\n\n\n\n<div style=\"height:50px\" aria-hidden=\"true\" class=\"wp-block-spacer\"><\/div>\n<\/div>\n<\/div>\n\n\n\n<div class=\"wp-block-columns is-layout-flex wp-container-core-columns-is-layout-9d6595d7 wp-block-columns-is-layout-flex\">\n<div class=\"wp-block-column is-layout-flow wp-block-column-is-layout-flow\">\n<figure class=\"wp-block-image size-full wp-duotone-094850-da5f36-1\"><img loading=\"lazy\" decoding=\"async\" width=\"691\" height=\"921\" src=\"https:\/\/albaneleonard.fr\/wp-content\/uploads\/2025\/09\/IMG-20250621-WA0002-edited.jpg\" alt=\"\" class=\"wp-image-769\" style=\"aspect-ratio:1;object-fit:cover\" srcset=\"https:\/\/albaneleonard.fr\/wp-content\/uploads\/2025\/09\/IMG-20250621-WA0002-edited.jpg 691w, https:\/\/albaneleonard.fr\/wp-content\/uploads\/2025\/09\/IMG-20250621-WA0002-edited-225x300.jpg 225w\" sizes=\"auto, (max-width: 691px) 100vw, 691px\" \/><\/figure>\n\n\n\n<div class=\"wp-block-buttons is-layout-flex wp-block-buttons-is-layout-flex\">\n<div class=\"wp-block-button is-style-outline is-style-outline--2\"><a class=\"wp-block-button__link has-colibri-color-6-background-color has-text-color has-background has-link-color has-medium-font-size has-custom-font-size wp-element-button\" href=\"https:\/\/albaneleonard.fr\/index.php\/comedienne\/\" style=\"border-radius:100px;color:#8a250a\"><em>Grand Trois Pi\u00e8ces <\/em>\u2192 voir plus<\/a><\/div>\n<\/div>\n<\/div>\n\n\n\n<div class=\"wp-block-column is-layout-flow wp-block-column-is-layout-flow\">\n<figure class=\"wp-block-image size-full wp-duotone-094850-da5f36-3\"><img loading=\"lazy\" decoding=\"async\" width=\"1920\" height=\"1028\" src=\"https:\/\/albaneleonard.fr\/wp-content\/uploads\/2025\/09\/Capture-decran-2023-11-05-182250-1.png\" alt=\"\" class=\"wp-image-1170\" style=\"aspect-ratio:1;object-fit:cover\" srcset=\"https:\/\/albaneleonard.fr\/wp-content\/uploads\/2025\/09\/Capture-decran-2023-11-05-182250-1.png 1920w, https:\/\/albaneleonard.fr\/wp-content\/uploads\/2025\/09\/Capture-decran-2023-11-05-182250-1-300x161.png 300w, https:\/\/albaneleonard.fr\/wp-content\/uploads\/2025\/09\/Capture-decran-2023-11-05-182250-1-1024x548.png 1024w, https:\/\/albaneleonard.fr\/wp-content\/uploads\/2025\/09\/Capture-decran-2023-11-05-182250-1-768x411.png 768w, https:\/\/albaneleonard.fr\/wp-content\/uploads\/2025\/09\/Capture-decran-2023-11-05-182250-1-1536x822.png 1536w\" sizes=\"auto, (max-width: 1920px) 100vw, 1920px\" \/><\/figure>\n\n\n\n<div class=\"wp-block-buttons is-layout-flex wp-block-buttons-is-layout-flex\">\n<div class=\"wp-block-button is-style-outline is-style-outline--4\"><a class=\"wp-block-button__link has-colibri-color-6-background-color has-text-color has-background has-link-color has-medium-font-size has-custom-font-size wp-element-button\" href=\"https:\/\/albaneleonard.fr\/index.php\/monologue\/\" style=\"border-radius:100px;color:#8a250a\"><em>L\u00e9gende d\u2019Aristide<\/em> \u2192 voir plus<\/a><\/div>\n<\/div>\n<\/div>\n<\/div>\n","protected":false},"excerpt":{"rendered":"<p>Com\u00e9dienne [&hellip;]<\/p>\n","protected":false},"author":1,"featured_media":0,"parent":0,"menu_order":0,"comment_status":"closed","ping_status":"closed","template":"","meta":{"footnotes":""},"class_list":["post-1164","page","type-page","status-publish","hentry"],"_links":{"self":[{"href":"https:\/\/albaneleonard.fr\/index.php\/wp-json\/wp\/v2\/pages\/1164","targetHints":{"allow":["GET"]}}],"collection":[{"href":"https:\/\/albaneleonard.fr\/index.php\/wp-json\/wp\/v2\/pages"}],"about":[{"href":"https:\/\/albaneleonard.fr\/index.php\/wp-json\/wp\/v2\/types\/page"}],"author":[{"embeddable":true,"href":"https:\/\/albaneleonard.fr\/index.php\/wp-json\/wp\/v2\/users\/1"}],"replies":[{"embeddable":true,"href":"https:\/\/albaneleonard.fr\/index.php\/wp-json\/wp\/v2\/comments?post=1164"}],"version-history":[{"count":14,"href":"https:\/\/albaneleonard.fr\/index.php\/wp-json\/wp\/v2\/pages\/1164\/revisions"}],"predecessor-version":[{"id":2072,"href":"https:\/\/albaneleonard.fr\/index.php\/wp-json\/wp\/v2\/pages\/1164\/revisions\/2072"}],"wp:attachment":[{"href":"https:\/\/albaneleonard.fr\/index.php\/wp-json\/wp\/v2\/media?parent=1164"}],"curies":[{"name":"wp","href":"https:\/\/api.w.org\/{rel}","templated":true}]}}