{"id":1181,"date":"2025-09-22T16:48:54","date_gmt":"2025-09-22T14:48:54","guid":{"rendered":"https:\/\/albaneleonard.fr\/?page_id=1181"},"modified":"2026-03-18T23:05:43","modified_gmt":"2026-03-18T22:05:43","slug":"architecture","status":"publish","type":"page","link":"https:\/\/albaneleonard.fr\/index.php\/architecture\/","title":{"rendered":"Architecture"},"content":{"rendered":"\n<div class=\"wp-block-columns is-layout-flex wp-container-core-columns-is-layout-9d6595d7 wp-block-columns-is-layout-flex\">\n<div class=\"wp-block-column has-medium-font-size is-layout-flow wp-block-column-is-layout-flow\" style=\"flex-basis:100%\">\n<h1 class=\"wp-block-heading has-text-color has-link-color wp-elements-c2b1f76909a519cbb3f5fbeb20b7f101\" style=\"color:#8a250a\">Architecture<\/h1>\n\n\n\n<div style=\"height:50px\" aria-hidden=\"true\" class=\"wp-block-spacer\"><\/div>\n\n\n\n<details class=\"wp-block-details is-layout-flow wp-block-details-is-layout-flow\"><summary><strong><em>\u00ab L\u2019architecture, c\u2019est l\u2019art de cr\u00e9er des espaces qui provoquent une \u00e9motion. \u00bb <\/em>\u2014 Peter Zumthor  ( <em>Traduction<\/em> )\u25be<\/strong><\/summary>\n<div style=\"height:16px\" aria-hidden=\"true\" class=\"wp-block-spacer\"><\/div>\n\n\n\n<p>Depuis toujours, l\u2019architecture me fascine. J\u2019aime observer les volumes, la lumi\u00e8re qui traverse un espace, et la mani\u00e8re dont les structures organisent notre perception et nos \u00e9motions. Un b\u00e2timent, un lieu, une fa\u00e7ade peuvent me toucher profond\u00e9ment : leur beaut\u00e9, leur \u00e9quilibre et leur logique me captivent.<\/p>\n\n\n\n<p>J\u2019ai d\u2019abord entrepris des \u00e9tudes d\u2019architecture, convaincue de vouloir cr\u00e9er et comprendre ces espaces qui me parlaient tant. Mais au fil du temps, j\u2019ai compris que j\u2019avais besoin de travailler dans des milieux qui me parlent davantage, qui me font r\u00e9ellement vibrer. C\u2019est ainsi que la sc\u00e9nographie s\u2019est impos\u00e9e \u00e0 moi : continuer \u00e0 travailler l\u2019espace, mais au service de projets cr\u00e9atifs et artistiques, o\u00f9 la mise en espace accompagne des histoires et des \u00e9motions.<\/p>\n\n\n\n<p>Mon int\u00e9r\u00eat pour l\u2019architecture reste intact : il nourrit ma sensibilit\u00e9, inspire mes cr\u00e9ations et guide mon regard sur chaque espace que je rencontre. J\u2019aime encore me perdre dans une ville, passer des heures \u00e0 observer ses b\u00e2timents et leur organisation, mais je pr\u00e9f\u00e8re d\u00e9sormais exploiter cette inspiration dans des projets o\u00f9 l\u2019espace devient un outil au service de l\u2019art et des artistes.<\/p>\n\n\n\n<p>Malgr\u00e9 tout, il me tient \u00e0 c\u0153ur de partager mes projets d\u2019architecture, qui m\u2019ont demand\u00e9 temps et r\u00e9flexion. Voici donc un aper\u00e7u de mes travaux r\u00e9alis\u00e9s \u00e0 l\u2019ENSA Marseille, ainsi que d\u2019un workshop paysager effectu\u00e9 en DN Made espace.<\/p>\n<\/details>\n<\/div>\n<\/div>\n\n\n\n<div style=\"height:50px\" aria-hidden=\"true\" class=\"wp-block-spacer\"><\/div>\n\n\n\n<div class=\"wp-block-columns is-layout-flex wp-container-core-columns-is-layout-9d6595d7 wp-block-columns-is-layout-flex\">\n<div class=\"wp-block-column is-layout-flow wp-block-column-is-layout-flow\">\n<figure class=\"wp-block-image size-full wp-duotone-094850-da5f36-1\"><a href=\"https:\/\/albaneleonard.fr\/index.php\/pieds-dans-leau\/\"><img loading=\"lazy\" decoding=\"async\" width=\"598\" height=\"452\" src=\"https:\/\/albaneleonard.fr\/wp-content\/uploads\/2025\/10\/Capture-decran-2024-02-09-114143-edited.png\" alt=\"\" class=\"wp-image-1958\" style=\"aspect-ratio:1;object-fit:cover\" srcset=\"https:\/\/albaneleonard.fr\/wp-content\/uploads\/2025\/10\/Capture-decran-2024-02-09-114143-edited.png 598w, https:\/\/albaneleonard.fr\/wp-content\/uploads\/2025\/10\/Capture-decran-2024-02-09-114143-edited-300x227.png 300w\" sizes=\"auto, (max-width: 598px) 100vw, 598px\" \/><\/a><\/figure>\n\n\n\n<div class=\"wp-block-buttons is-layout-flex wp-block-buttons-is-layout-flex\">\n<div class=\"wp-block-button is-style-outline is-style-outline--2\"><a class=\"wp-block-button__link has-colibri-color-6-background-color has-text-color has-background has-link-color has-medium-font-size has-custom-font-size wp-element-button\" href=\"https:\/\/albaneleonard.fr\/index.php\/pieds-dans-leau\/\" style=\"border-radius:100px;color:#8a250a\">Pieds dans l&rsquo;eau \u2192 voir le projet<\/a><\/div>\n<\/div>\n<\/div>\n\n\n\n<div class=\"wp-block-column is-layout-flow wp-block-column-is-layout-flow\">\n<figure class=\"wp-block-image size-full wp-duotone-094850-da5f36-3\"><a href=\"https:\/\/albaneleonard.fr\/index.php\/le-refuge-du-lac\/\"><img loading=\"lazy\" decoding=\"async\" width=\"1251\" height=\"2560\" src=\"https:\/\/albaneleonard.fr\/wp-content\/uploads\/2025\/09\/Image-cabanon-scaled.png\" alt=\"\" class=\"wp-image-1287\" style=\"aspect-ratio:1;object-fit:cover\" srcset=\"https:\/\/albaneleonard.fr\/wp-content\/uploads\/2025\/09\/Image-cabanon-scaled.png 1251w, https:\/\/albaneleonard.fr\/wp-content\/uploads\/2025\/09\/Image-cabanon-147x300.png 147w, https:\/\/albaneleonard.fr\/wp-content\/uploads\/2025\/09\/Image-cabanon-500x1024.png 500w, https:\/\/albaneleonard.fr\/wp-content\/uploads\/2025\/09\/Image-cabanon-768x1572.png 768w, https:\/\/albaneleonard.fr\/wp-content\/uploads\/2025\/09\/Image-cabanon-750x1536.png 750w\" sizes=\"auto, (max-width: 1251px) 100vw, 1251px\" \/><\/a><\/figure>\n\n\n\n<div class=\"wp-block-buttons is-layout-flex wp-block-buttons-is-layout-flex\">\n<div class=\"wp-block-button is-style-outline is-style-outline--4\"><a class=\"wp-block-button__link has-colibri-color-6-background-color has-text-color has-background has-link-color has-medium-font-size has-custom-font-size wp-element-button\" href=\"https:\/\/albaneleonard.fr\/index.php\/le-refuge-du-lac\/\" style=\"border-radius:100px;color:#8a250a\">Le Refuge du Lac \u2192 voir le projet<\/a><\/div>\n<\/div>\n<\/div>\n<\/div>\n\n\n\n<div class=\"wp-block-columns is-layout-flex wp-container-core-columns-is-layout-9d6595d7 wp-block-columns-is-layout-flex\">\n<div class=\"wp-block-column is-layout-flow wp-block-column-is-layout-flow\">\n<figure class=\"wp-block-image size-large wp-duotone-094850-da5f36-5\"><a href=\"https:\/\/albaneleonard.fr\/index.php\/le-pavillon-des-liens\/\"><img loading=\"lazy\" decoding=\"async\" width=\"2268\" height=\"2268\" src=\"https:\/\/albaneleonard.fr\/wp-content\/uploads\/2025\/09\/maquette-finale-edited.jpg\" alt=\"\" class=\"wp-image-1257\" style=\"aspect-ratio:1;object-fit:cover\" srcset=\"https:\/\/albaneleonard.fr\/wp-content\/uploads\/2025\/09\/maquette-finale-edited.jpg 2268w, https:\/\/albaneleonard.fr\/wp-content\/uploads\/2025\/09\/maquette-finale-edited-300x300.jpg 300w, https:\/\/albaneleonard.fr\/wp-content\/uploads\/2025\/09\/maquette-finale-edited-1024x1024.jpg 1024w, https:\/\/albaneleonard.fr\/wp-content\/uploads\/2025\/09\/maquette-finale-edited-150x150.jpg 150w, https:\/\/albaneleonard.fr\/wp-content\/uploads\/2025\/09\/maquette-finale-edited-768x768.jpg 768w, https:\/\/albaneleonard.fr\/wp-content\/uploads\/2025\/09\/maquette-finale-edited-1536x1536.jpg 1536w, https:\/\/albaneleonard.fr\/wp-content\/uploads\/2025\/09\/maquette-finale-edited-2048x2048.jpg 2048w\" sizes=\"auto, (max-width: 2268px) 100vw, 2268px\" \/><\/a><\/figure>\n\n\n\n<div class=\"wp-block-buttons is-layout-flex wp-block-buttons-is-layout-flex\">\n<div class=\"wp-block-button is-style-outline is-style-outline--6\"><a class=\"wp-block-button__link has-colibri-color-6-background-color has-text-color has-background has-link-color has-medium-font-size has-custom-font-size wp-element-button\" href=\"https:\/\/albaneleonard.fr\/index.php\/le-pavillon-des-liens\/\" style=\"border-radius:100px;color:#8a250a\">Le Pavillon des Liens \u2192 voir le projet<\/a><\/div>\n<\/div>\n<\/div>\n\n\n\n<div class=\"wp-block-column is-layout-flow wp-block-column-is-layout-flow\">\n<figure class=\"wp-block-image size-large wp-duotone-094850-da5f36-7\"><a href=\"https:\/\/albaneleonard.fr\/index.php\/un-phare-dechanges\/\"><img loading=\"lazy\" decoding=\"async\" width=\"576\" height=\"1024\" src=\"https:\/\/dev.lehamak.com\/wp-content\/uploads\/2025\/08\/maquette-de-site-1-576x1024.png\" alt=\"\" class=\"wp-image-323\" style=\"aspect-ratio:1;object-fit:cover\" srcset=\"https:\/\/albaneleonard.fr\/wp-content\/uploads\/2025\/08\/maquette-de-site-1-576x1024.png 576w, https:\/\/albaneleonard.fr\/wp-content\/uploads\/2025\/08\/maquette-de-site-1-169x300.png 169w, https:\/\/albaneleonard.fr\/wp-content\/uploads\/2025\/08\/maquette-de-site-1-768x1365.png 768w, https:\/\/albaneleonard.fr\/wp-content\/uploads\/2025\/08\/maquette-de-site-1-864x1536.png 864w, https:\/\/albaneleonard.fr\/wp-content\/uploads\/2025\/08\/maquette-de-site-1-1152x2048.png 1152w, https:\/\/albaneleonard.fr\/wp-content\/uploads\/2025\/08\/maquette-de-site-1-scaled.png 1440w\" sizes=\"auto, (max-width: 576px) 100vw, 576px\" \/><\/a><\/figure>\n\n\n\n<div class=\"wp-block-buttons is-layout-flex wp-block-buttons-is-layout-flex\">\n<div class=\"wp-block-button is-style-outline is-style-outline--8\"><a class=\"wp-block-button__link has-colibri-color-6-background-color has-text-color has-background has-link-color has-medium-font-size has-custom-font-size wp-element-button\" href=\"https:\/\/albaneleonard.fr\/index.php\/un-phare-dechanges\/\" style=\"border-radius:100px;color:#8a250a\">Un phare d&rsquo;\u00e9changes \u2192 voir le projet<\/a><\/div>\n<\/div>\n<\/div>\n<\/div>\n\n\n\n<div class=\"wp-block-columns is-layout-flex wp-container-core-columns-is-layout-9d6595d7 wp-block-columns-is-layout-flex\">\n<div class=\"wp-block-column is-layout-flow wp-block-column-is-layout-flow\">\n<figure class=\"wp-block-image size-large wp-duotone-094850-da5f36-9\"><a href=\"https:\/\/albaneleonard.fr\/index.php\/lhorizon-des-arts\/\"><img loading=\"lazy\" decoding=\"async\" width=\"576\" height=\"1024\" src=\"https:\/\/dev.lehamak.com\/wp-content\/uploads\/2025\/08\/image-insere-dans-site-576x1024.png\" alt=\"\" class=\"wp-image-318\" style=\"aspect-ratio:1;object-fit:cover\" srcset=\"https:\/\/albaneleonard.fr\/wp-content\/uploads\/2025\/08\/image-insere-dans-site-576x1024.png 576w, https:\/\/albaneleonard.fr\/wp-content\/uploads\/2025\/08\/image-insere-dans-site-169x300.png 169w, https:\/\/albaneleonard.fr\/wp-content\/uploads\/2025\/08\/image-insere-dans-site-768x1365.png 768w, https:\/\/albaneleonard.fr\/wp-content\/uploads\/2025\/08\/image-insere-dans-site-864x1536.png 864w, https:\/\/albaneleonard.fr\/wp-content\/uploads\/2025\/08\/image-insere-dans-site-1152x2048.png 1152w, https:\/\/albaneleonard.fr\/wp-content\/uploads\/2025\/08\/image-insere-dans-site-scaled.png 1440w\" sizes=\"auto, (max-width: 576px) 100vw, 576px\" \/><\/a><\/figure>\n\n\n\n<div class=\"wp-block-buttons is-layout-flex wp-block-buttons-is-layout-flex\">\n<div class=\"wp-block-button is-style-outline is-style-outline--10\"><a class=\"wp-block-button__link has-colibri-color-6-background-color has-text-color has-background has-link-color has-medium-font-size has-custom-font-size wp-element-button\" href=\"https:\/\/albaneleonard.fr\/index.php\/lhorizon-des-arts\/\" style=\"border-radius:100px;color:#8a250a\">L&rsquo;horizon des arts \u2192 voir le projet<\/a><\/div>\n<\/div>\n<\/div>\n\n\n\n<div class=\"wp-block-column is-layout-flow wp-block-column-is-layout-flow\">\n<figure class=\"wp-block-image size-large wp-duotone-094850-da5f36-11\"><a href=\"https:\/\/albaneleonard.fr\/index.php\/cocon-perche\/\"><img loading=\"lazy\" decoding=\"async\" width=\"576\" height=\"1024\" src=\"https:\/\/dev.lehamak.com\/wp-content\/uploads\/2025\/08\/PXL_20231018_184659669.MP_-576x1024.jpg\" alt=\"\" class=\"wp-image-316\" style=\"aspect-ratio:1;object-fit:cover\" srcset=\"https:\/\/albaneleonard.fr\/wp-content\/uploads\/2025\/08\/PXL_20231018_184659669.MP_-576x1024.jpg 576w, https:\/\/albaneleonard.fr\/wp-content\/uploads\/2025\/08\/PXL_20231018_184659669.MP_-169x300.jpg 169w, https:\/\/albaneleonard.fr\/wp-content\/uploads\/2025\/08\/PXL_20231018_184659669.MP_-768x1365.jpg 768w, https:\/\/albaneleonard.fr\/wp-content\/uploads\/2025\/08\/PXL_20231018_184659669.MP_-864x1536.jpg 864w, https:\/\/albaneleonard.fr\/wp-content\/uploads\/2025\/08\/PXL_20231018_184659669.MP_-1152x2048.jpg 1152w, https:\/\/albaneleonard.fr\/wp-content\/uploads\/2025\/08\/PXL_20231018_184659669.MP_-scaled.jpg 1440w\" sizes=\"auto, (max-width: 576px) 100vw, 576px\" \/><\/a><\/figure>\n\n\n\n<div class=\"wp-block-buttons is-layout-flex wp-block-buttons-is-layout-flex\">\n<div class=\"wp-block-button is-style-outline is-style-outline--12\"><a class=\"wp-block-button__link has-colibri-color-6-background-color has-text-color has-background has-link-color has-medium-font-size has-custom-font-size wp-element-button\" href=\"https:\/\/albaneleonard.fr\/index.php\/cocon-perche\/\" style=\"border-radius:100px;color:#8a250a\">Cocon perch\u00e9 \u2192 voir le projet<\/a><\/div>\n<\/div>\n<\/div>\n<\/div>\n\n\n\n<div class=\"wp-block-columns is-layout-flex wp-container-core-columns-is-layout-9d6595d7 wp-block-columns-is-layout-flex\">\n<div class=\"wp-block-column is-layout-flow wp-block-column-is-layout-flow\">\n<figure class=\"wp-block-image size-large wp-duotone-094850-da5f36-13\"><a href=\"https:\/\/albaneleonard.fr\/index.php\/le-repos-des-tuiles\/\"><img loading=\"lazy\" decoding=\"async\" width=\"576\" height=\"1024\" src=\"https:\/\/albaneleonard.fr\/wp-content\/uploads\/2025\/09\/PXL_20240118_143201797.MP_-576x1024.jpg\" alt=\"\" class=\"wp-image-1255\" style=\"aspect-ratio:1;object-fit:cover\" srcset=\"https:\/\/albaneleonard.fr\/wp-content\/uploads\/2025\/09\/PXL_20240118_143201797.MP_-576x1024.jpg 576w, https:\/\/albaneleonard.fr\/wp-content\/uploads\/2025\/09\/PXL_20240118_143201797.MP_-169x300.jpg 169w, https:\/\/albaneleonard.fr\/wp-content\/uploads\/2025\/09\/PXL_20240118_143201797.MP_-768x1365.jpg 768w, https:\/\/albaneleonard.fr\/wp-content\/uploads\/2025\/09\/PXL_20240118_143201797.MP_-864x1536.jpg 864w, https:\/\/albaneleonard.fr\/wp-content\/uploads\/2025\/09\/PXL_20240118_143201797.MP_-1152x2048.jpg 1152w, https:\/\/albaneleonard.fr\/wp-content\/uploads\/2025\/09\/PXL_20240118_143201797.MP_-scaled.jpg 1440w\" sizes=\"auto, (max-width: 576px) 100vw, 576px\" \/><\/a><\/figure>\n\n\n\n<div class=\"wp-block-buttons is-layout-flex wp-block-buttons-is-layout-flex\">\n<div class=\"wp-block-button is-style-outline is-style-outline--14\"><a class=\"wp-block-button__link has-colibri-color-6-background-color has-text-color has-background has-link-color has-medium-font-size has-custom-font-size wp-element-button\" href=\"https:\/\/albaneleonard.fr\/index.php\/le-repos-des-tuiles\/\" style=\"border-radius:100px;color:#8a250a\">Le Repos des Tuiles \u2192 voir le projet<\/a><\/div>\n<\/div>\n<\/div>\n\n\n\n<div class=\"wp-block-column is-layout-flow wp-block-column-is-layout-flow\"><\/div>\n<\/div>\n","protected":false},"excerpt":{"rendered":"<p>Architecture [&hellip;]<\/p>\n","protected":false},"author":1,"featured_media":0,"parent":0,"menu_order":0,"comment_status":"closed","ping_status":"closed","template":"","meta":{"footnotes":""},"class_list":["post-1181","page","type-page","status-publish","hentry"],"_links":{"self":[{"href":"https:\/\/albaneleonard.fr\/index.php\/wp-json\/wp\/v2\/pages\/1181","targetHints":{"allow":["GET"]}}],"collection":[{"href":"https:\/\/albaneleonard.fr\/index.php\/wp-json\/wp\/v2\/pages"}],"about":[{"href":"https:\/\/albaneleonard.fr\/index.php\/wp-json\/wp\/v2\/types\/page"}],"author":[{"embeddable":true,"href":"https:\/\/albaneleonard.fr\/index.php\/wp-json\/wp\/v2\/users\/1"}],"replies":[{"embeddable":true,"href":"https:\/\/albaneleonard.fr\/index.php\/wp-json\/wp\/v2\/comments?post=1181"}],"version-history":[{"count":19,"href":"https:\/\/albaneleonard.fr\/index.php\/wp-json\/wp\/v2\/pages\/1181\/revisions"}],"predecessor-version":[{"id":2311,"href":"https:\/\/albaneleonard.fr\/index.php\/wp-json\/wp\/v2\/pages\/1181\/revisions\/2311"}],"wp:attachment":[{"href":"https:\/\/albaneleonard.fr\/index.php\/wp-json\/wp\/v2\/media?parent=1181"}],"curies":[{"name":"wp","href":"https:\/\/api.w.org\/{rel}","templated":true}]}}