{"id":1186,"date":"2025-09-22T17:00:10","date_gmt":"2025-09-22T15:00:10","guid":{"rendered":"https:\/\/albaneleonard.fr\/?page_id=1186"},"modified":"2026-03-19T15:03:26","modified_gmt":"2026-03-19T14:03:26","slug":"scenographie","status":"publish","type":"page","link":"https:\/\/albaneleonard.fr\/index.php\/scenographie\/","title":{"rendered":"Sc\u00e9nographie"},"content":{"rendered":"\n<div class=\"wp-block-columns is-layout-flex wp-container-core-columns-is-layout-9d6595d7 wp-block-columns-is-layout-flex\">\n<div class=\"wp-block-column has-medium-font-size is-layout-flow wp-block-column-is-layout-flow\" style=\"flex-basis:100%\">\n<h1 class=\"wp-block-heading has-text-color has-link-color wp-elements-0b73641bc1faf3bb320d12e4a5107f9d\" style=\"color:#8a250a\">Sc\u00e9nographie<\/h1>\n\n\n\n<div style=\"height:50px\" aria-hidden=\"true\" class=\"wp-block-spacer\"><\/div>\n\n\n\n<details class=\"wp-block-details is-layout-flow wp-block-details-is-layout-flow\"><summary><strong><em>\u00ab <strong><em> Le d\u00e9cor doit vivre, c&rsquo;est lui-m\u00eame un acteur qui participe \u00e0 l&rsquo;action. <\/em><\/strong>\u00bb<\/em> \u2014 Richard Peduzzi<\/strong> \u25be<\/summary>\n<div style=\"height:16px\" aria-hidden=\"true\" class=\"wp-block-spacer\"><\/div>\n\n\n\n<p>Pour moi, la sc\u00e9nographie est bien plus qu\u2019un d\u00e9cor : elle participe pleinement au message du spectacle. Elle accompagne la narration, aide \u00e0 la compr\u00e9hension, et peut aussi amplifier ou contraster l\u2019\u00e9motion port\u00e9e par les com\u00e9diens et la mise en sc\u00e8ne. Transformer l\u2019espace, c\u2019est donner au public une cl\u00e9 suppl\u00e9mentaire de lecture, une atmosph\u00e8re qui soutient ou interroge le propos. La sc\u00e9nographie n\u2019est jamais neutre : elle dialogue avec le spectacle et lui apporte une dimension nouvelle.<\/p>\n<\/details>\n\n\n\n<div style=\"height:50px\" aria-hidden=\"true\" class=\"wp-block-spacer\"><\/div>\n\n\n\n<div class=\"wp-block-columns is-layout-flex wp-container-core-columns-is-layout-9d6595d7 wp-block-columns-is-layout-flex\">\n<div class=\"wp-block-column is-layout-flow wp-block-column-is-layout-flow\">\n<figure class=\"wp-block-image size-full wp-duotone-094850-da5f36-1\"><a href=\"https:\/\/albaneleonard.fr\/index.php\/filles-dariane\/\"><img loading=\"lazy\" decoding=\"async\" width=\"1920\" height=\"2560\" src=\"https:\/\/albaneleonard.fr\/wp-content\/uploads\/2025\/09\/PXL_20250121_120446152.MP_-scaled.jpg\" alt=\"\" class=\"wp-image-1190\" style=\"aspect-ratio:1;object-fit:cover\" srcset=\"https:\/\/albaneleonard.fr\/wp-content\/uploads\/2025\/09\/PXL_20250121_120446152.MP_-scaled.jpg 1920w, https:\/\/albaneleonard.fr\/wp-content\/uploads\/2025\/09\/PXL_20250121_120446152.MP_-225x300.jpg 225w, https:\/\/albaneleonard.fr\/wp-content\/uploads\/2025\/09\/PXL_20250121_120446152.MP_-768x1024.jpg 768w, https:\/\/albaneleonard.fr\/wp-content\/uploads\/2025\/09\/PXL_20250121_120446152.MP_-1152x1536.jpg 1152w, https:\/\/albaneleonard.fr\/wp-content\/uploads\/2025\/09\/PXL_20250121_120446152.MP_-1536x2048.jpg 1536w\" sizes=\"auto, (max-width: 1920px) 100vw, 1920px\" \/><\/a><\/figure>\n\n\n\n<div class=\"wp-block-buttons is-layout-flex wp-block-buttons-is-layout-flex\">\n<div class=\"wp-block-button is-style-outline is-style-outline--2\"><a class=\"wp-block-button__link has-colibri-color-6-background-color has-text-color has-background has-link-color has-medium-font-size has-custom-font-size wp-element-button\" href=\"https:\/\/albaneleonard.fr\/index.php\/filles-dariane\/\" style=\"border-radius:100px;color:#8a250a\"><em>Filles d&rsquo;Ariane <\/em>\u2192 voir plus<\/a><\/div>\n<\/div>\n<\/div>\n\n\n\n<div class=\"wp-block-column is-layout-flow wp-block-column-is-layout-flow\">\n<figure class=\"wp-block-image size-full wp-duotone-094850-da5f36-3\"><a href=\"https:\/\/albaneleonard.fr\/index.php\/grand-trois-pieces-scenographie\/\"><img loading=\"lazy\" decoding=\"async\" width=\"585\" height=\"585\" src=\"https:\/\/albaneleonard.fr\/wp-content\/uploads\/2025\/09\/Capture-decran-2025-09-17-164003-edited.png\" alt=\"\" class=\"wp-image-775\" style=\"aspect-ratio:1;object-fit:cover\" srcset=\"https:\/\/albaneleonard.fr\/wp-content\/uploads\/2025\/09\/Capture-decran-2025-09-17-164003-edited.png 585w, https:\/\/albaneleonard.fr\/wp-content\/uploads\/2025\/09\/Capture-decran-2025-09-17-164003-edited-300x300.png 300w, https:\/\/albaneleonard.fr\/wp-content\/uploads\/2025\/09\/Capture-decran-2025-09-17-164003-edited-150x150.png 150w\" sizes=\"auto, (max-width: 585px) 100vw, 585px\" \/><\/a><\/figure>\n\n\n\n<div class=\"wp-block-buttons is-layout-flex wp-block-buttons-is-layout-flex\">\n<div class=\"wp-block-button is-style-outline is-style-outline--4\"><a class=\"wp-block-button__link has-colibri-color-6-background-color has-text-color has-background has-link-color has-medium-font-size has-custom-font-size wp-element-button\" href=\"https:\/\/albaneleonard.fr\/index.php\/grand-trois-pieces-scenographie\/\" style=\"border-radius:100px;color:#8a250a\"><em>Grand Trois Pi\u00e8ces<\/em> \u2192 voir plus<\/a><\/div>\n<\/div>\n<\/div>\n<\/div>\n<\/div>\n<\/div>\n\n\n\n<div class=\"wp-block-columns is-layout-flex wp-container-core-columns-is-layout-9d6595d7 wp-block-columns-is-layout-flex\">\n<div class=\"wp-block-column is-layout-flow wp-block-column-is-layout-flow\">\n<figure class=\"wp-block-image size-large wp-duotone-094850-da5f36-5\"><a href=\"https:\/\/albaneleonard.fr\/index.php\/woodstower\/\"><img loading=\"lazy\" decoding=\"async\" width=\"2153\" height=\"2153\" src=\"https:\/\/dev.lehamak.com\/wp-content\/uploads\/2025\/09\/PXL_20250716_162902539.MP_-edited.jpg\" alt=\"\" class=\"wp-image-626\" style=\"aspect-ratio:1;object-fit:cover\" srcset=\"https:\/\/albaneleonard.fr\/wp-content\/uploads\/2025\/09\/PXL_20250716_162902539.MP_-edited.jpg 2153w, https:\/\/albaneleonard.fr\/wp-content\/uploads\/2025\/09\/PXL_20250716_162902539.MP_-edited-300x300.jpg 300w, https:\/\/albaneleonard.fr\/wp-content\/uploads\/2025\/09\/PXL_20250716_162902539.MP_-edited-1024x1024.jpg 1024w, https:\/\/albaneleonard.fr\/wp-content\/uploads\/2025\/09\/PXL_20250716_162902539.MP_-edited-150x150.jpg 150w, https:\/\/albaneleonard.fr\/wp-content\/uploads\/2025\/09\/PXL_20250716_162902539.MP_-edited-768x768.jpg 768w, https:\/\/albaneleonard.fr\/wp-content\/uploads\/2025\/09\/PXL_20250716_162902539.MP_-edited-1536x1536.jpg 1536w, https:\/\/albaneleonard.fr\/wp-content\/uploads\/2025\/09\/PXL_20250716_162902539.MP_-edited-2048x2048.jpg 2048w\" sizes=\"auto, (max-width: 2153px) 100vw, 2153px\" \/><\/a><\/figure>\n\n\n\n<div class=\"wp-block-buttons is-layout-flex wp-block-buttons-is-layout-flex\">\n<div class=\"wp-block-button is-style-outline is-style-outline--6\"><a class=\"wp-block-button__link has-colibri-color-6-background-color has-text-color has-background has-link-color has-medium-font-size has-custom-font-size wp-element-button\" href=\"https:\/\/albaneleonard.fr\/index.php\/woodstower\/\" style=\"border-radius:100px;color:#8a250a\">Woodstower\u2192 voir le projet<\/a><\/div>\n<\/div>\n<\/div>\n\n\n\n<div class=\"wp-block-column is-layout-flow wp-block-column-is-layout-flow\"><\/div>\n<\/div>\n","protected":false},"excerpt":{"rendered":"<p>Sc\u00e9nographie [&hellip;]<\/p>\n","protected":false},"author":1,"featured_media":0,"parent":0,"menu_order":0,"comment_status":"closed","ping_status":"closed","template":"","meta":{"footnotes":""},"class_list":["post-1186","page","type-page","status-publish","hentry"],"_links":{"self":[{"href":"https:\/\/albaneleonard.fr\/index.php\/wp-json\/wp\/v2\/pages\/1186","targetHints":{"allow":["GET"]}}],"collection":[{"href":"https:\/\/albaneleonard.fr\/index.php\/wp-json\/wp\/v2\/pages"}],"about":[{"href":"https:\/\/albaneleonard.fr\/index.php\/wp-json\/wp\/v2\/types\/page"}],"author":[{"embeddable":true,"href":"https:\/\/albaneleonard.fr\/index.php\/wp-json\/wp\/v2\/users\/1"}],"replies":[{"embeddable":true,"href":"https:\/\/albaneleonard.fr\/index.php\/wp-json\/wp\/v2\/comments?post=1186"}],"version-history":[{"count":14,"href":"https:\/\/albaneleonard.fr\/index.php\/wp-json\/wp\/v2\/pages\/1186\/revisions"}],"predecessor-version":[{"id":2343,"href":"https:\/\/albaneleonard.fr\/index.php\/wp-json\/wp\/v2\/pages\/1186\/revisions\/2343"}],"wp:attachment":[{"href":"https:\/\/albaneleonard.fr\/index.php\/wp-json\/wp\/v2\/media?parent=1186"}],"curies":[{"name":"wp","href":"https:\/\/api.w.org\/{rel}","templated":true}]}}