{"id":1194,"date":"2025-09-22T17:19:50","date_gmt":"2025-09-22T15:19:50","guid":{"rendered":"https:\/\/albaneleonard.fr\/?page_id=1194"},"modified":"2025-12-11T22:18:10","modified_gmt":"2025-12-11T21:18:10","slug":"maquette","status":"publish","type":"page","link":"https:\/\/albaneleonard.fr\/index.php\/maquette\/","title":{"rendered":"Maquette"},"content":{"rendered":"\n<h1 class=\"wp-block-heading has-text-color has-link-color wp-elements-2760acf01317ea87f510172347bed774\" style=\"color:#8a250a\">Maquettes<\/h1>\n\n\n\n<div style=\"height:50px\" aria-hidden=\"true\" class=\"wp-block-spacer\"><\/div>\n\n\n\n<details class=\"wp-block-details is-layout-flow wp-block-details-is-layout-flow\"><summary><strong><em>\u00ab \u00c0 travers mes maquettes, je cherche \u00e0 b\u00e2tir des mondes o\u00f9 le r\u00e9el et l&rsquo;imaginaire se confondent, offrant au spectateur une porte ouverte sur l&rsquo;invisible. \u00bb<\/em> \u2014 Eva Jospin<\/strong> \u25be<\/summary>\n<div style=\"height:16px\" aria-hidden=\"true\" class=\"wp-block-spacer\"><\/div>\n\n\n\n<p>J\u2019aime r\u00e9aliser des maquettes, mais avant tout des maquettes cr\u00e9atives. Durant mon parcours en architecture, elles \u00e9taient souvent devenues une contrainte trop structurelle, \u00e9loign\u00e9e de ma sensibilit\u00e9. Ce qui me passionne, ce sont les maquettes qui cherchent \u00e0 \u00e9veiller un sentiment, \u00e0 transmettre une \u00e9motion. Pour moi, la maquette n\u2019est pas seulement un outil de repr\u00e9sentation, mais une v\u00e9ritable cr\u00e9ation artistique \u00e0 part enti\u00e8re.<\/p>\n<\/details>\n\n\n\n<div style=\"height:100px\" aria-hidden=\"true\" class=\"wp-block-spacer\"><\/div>\n\n\n\n<div class=\"wp-block-columns is-layout-flex wp-container-core-columns-is-layout-9d6595d7 wp-block-columns-is-layout-flex\">\n<div class=\"wp-block-column is-layout-flow wp-block-column-is-layout-flow\">\n<div style=\"height:0px\" aria-hidden=\"true\" class=\"wp-block-spacer\"><\/div>\n\n\n\n<div class=\"wp-block-columns is-layout-flex wp-container-core-columns-is-layout-9d6595d7 wp-block-columns-is-layout-flex\">\n<div class=\"wp-block-column is-layout-flow wp-block-column-is-layout-flow\" style=\"flex-basis:100%\">\n<h5 class=\"wp-block-heading\"><em>Victoria<\/em> &#8211; Maquette de maison victorienne<\/h5>\n\n\n\n<p class=\"has-small-font-size\" style=\"font-style:normal;font-weight:300;letter-spacing:1px;text-transform:none\">Durant le confinement, en qu\u00eate de cr\u00e9ativit\u00e9, j\u2019ai men\u00e9 plusieurs projets, dont une maquette que j\u2019ai appel\u00e9e <em>Victoria<\/em>. Ce fut un projet long, ponctu\u00e9 d\u2019erreurs et d\u2019apprentissages, mais j\u2019ai pris \u00e9norm\u00e9ment de plaisir \u00e0 le r\u00e9aliser. Ce projet m\u2019a appris \u00e0 \u00eatre minutieuse et patiente avec les d\u00e9tails, \u00e0 prendre le temps n\u00e9cessaire pour cr\u00e9er et \u00e0 appr\u00e9cier chaque \u00e9tape du processus.<\/p>\n\n\n\n<div style=\"height:35px\" aria-hidden=\"true\" class=\"wp-block-spacer\"><\/div>\n<\/div>\n<\/div>\n\n\n\n<figure class=\"wp-block-image size-full\"><img loading=\"lazy\" decoding=\"async\" width=\"1620\" height=\"1080\" src=\"https:\/\/albaneleonard.fr\/wp-content\/uploads\/2025\/09\/20200702124126_IMG_3580-01.jpeg\" alt=\"\" class=\"wp-image-1199\" srcset=\"https:\/\/albaneleonard.fr\/wp-content\/uploads\/2025\/09\/20200702124126_IMG_3580-01.jpeg 1620w, https:\/\/albaneleonard.fr\/wp-content\/uploads\/2025\/09\/20200702124126_IMG_3580-01-300x200.jpeg 300w, https:\/\/albaneleonard.fr\/wp-content\/uploads\/2025\/09\/20200702124126_IMG_3580-01-1024x683.jpeg 1024w, https:\/\/albaneleonard.fr\/wp-content\/uploads\/2025\/09\/20200702124126_IMG_3580-01-768x512.jpeg 768w, https:\/\/albaneleonard.fr\/wp-content\/uploads\/2025\/09\/20200702124126_IMG_3580-01-1536x1024.jpeg 1536w\" sizes=\"auto, (max-width: 1620px) 100vw, 1620px\" \/><figcaption class=\"wp-element-caption\">Photo  du projet final<\/figcaption><\/figure>\n\n\n\n<figure class=\"wp-block-image size-large\"><img loading=\"lazy\" decoding=\"async\" width=\"1024\" height=\"683\" src=\"https:\/\/albaneleonard.fr\/wp-content\/uploads\/2025\/09\/20200702124253_IMG_3588-1024x683.jpg\" alt=\"\" class=\"wp-image-1201\" srcset=\"https:\/\/albaneleonard.fr\/wp-content\/uploads\/2025\/09\/20200702124253_IMG_3588-1024x683.jpg 1024w, https:\/\/albaneleonard.fr\/wp-content\/uploads\/2025\/09\/20200702124253_IMG_3588-300x200.jpg 300w, https:\/\/albaneleonard.fr\/wp-content\/uploads\/2025\/09\/20200702124253_IMG_3588-768x512.jpg 768w, https:\/\/albaneleonard.fr\/wp-content\/uploads\/2025\/09\/20200702124253_IMG_3588-1536x1024.jpg 1536w, https:\/\/albaneleonard.fr\/wp-content\/uploads\/2025\/09\/20200702124253_IMG_3588.jpg 1620w\" sizes=\"auto, (max-width: 1024px) 100vw, 1024px\" \/><figcaption class=\"wp-element-caption\">Photo du projet final<\/figcaption><\/figure>\n\n\n\n<figure class=\"wp-block-image size-large\"><img loading=\"lazy\" decoding=\"async\" width=\"1024\" height=\"683\" src=\"https:\/\/albaneleonard.fr\/wp-content\/uploads\/2025\/09\/20200702124850_IMG_3606-01-1024x683.jpeg\" alt=\"\" class=\"wp-image-1205\" srcset=\"https:\/\/albaneleonard.fr\/wp-content\/uploads\/2025\/09\/20200702124850_IMG_3606-01-1024x683.jpeg 1024w, https:\/\/albaneleonard.fr\/wp-content\/uploads\/2025\/09\/20200702124850_IMG_3606-01-300x200.jpeg 300w, https:\/\/albaneleonard.fr\/wp-content\/uploads\/2025\/09\/20200702124850_IMG_3606-01-768x512.jpeg 768w, https:\/\/albaneleonard.fr\/wp-content\/uploads\/2025\/09\/20200702124850_IMG_3606-01-1536x1024.jpeg 1536w, https:\/\/albaneleonard.fr\/wp-content\/uploads\/2025\/09\/20200702124850_IMG_3606-01.jpeg 1620w\" sizes=\"auto, (max-width: 1024px) 100vw, 1024px\" \/><figcaption class=\"wp-element-caption\">Photo  du projet final<\/figcaption><\/figure>\n<\/div>\n\n\n\n<div class=\"wp-block-column is-layout-flow wp-block-column-is-layout-flow\">\n<figure class=\"wp-block-image size-large\"><img loading=\"lazy\" decoding=\"async\" width=\"1024\" height=\"683\" src=\"https:\/\/albaneleonard.fr\/wp-content\/uploads\/2025\/09\/20200702125645_IMG_3630_1-01-1024x683.jpeg\" alt=\"\" class=\"wp-image-1198\" srcset=\"https:\/\/albaneleonard.fr\/wp-content\/uploads\/2025\/09\/20200702125645_IMG_3630_1-01-1024x683.jpeg 1024w, https:\/\/albaneleonard.fr\/wp-content\/uploads\/2025\/09\/20200702125645_IMG_3630_1-01-300x200.jpeg 300w, https:\/\/albaneleonard.fr\/wp-content\/uploads\/2025\/09\/20200702125645_IMG_3630_1-01-768x512.jpeg 768w, https:\/\/albaneleonard.fr\/wp-content\/uploads\/2025\/09\/20200702125645_IMG_3630_1-01-1536x1024.jpeg 1536w, https:\/\/albaneleonard.fr\/wp-content\/uploads\/2025\/09\/20200702125645_IMG_3630_1-01.jpeg 1620w\" sizes=\"auto, (max-width: 1024px) 100vw, 1024px\" \/><figcaption class=\"wp-element-caption\">Photo du projet final<\/figcaption><\/figure>\n\n\n\n<figure class=\"wp-block-image size-large\"><img loading=\"lazy\" decoding=\"async\" width=\"1024\" height=\"683\" src=\"https:\/\/albaneleonard.fr\/wp-content\/uploads\/2025\/09\/20200702124219_IMG_3584-01-1024x683.jpeg\" alt=\"\" class=\"wp-image-1200\" srcset=\"https:\/\/albaneleonard.fr\/wp-content\/uploads\/2025\/09\/20200702124219_IMG_3584-01-1024x683.jpeg 1024w, https:\/\/albaneleonard.fr\/wp-content\/uploads\/2025\/09\/20200702124219_IMG_3584-01-300x200.jpeg 300w, https:\/\/albaneleonard.fr\/wp-content\/uploads\/2025\/09\/20200702124219_IMG_3584-01-768x512.jpeg 768w, https:\/\/albaneleonard.fr\/wp-content\/uploads\/2025\/09\/20200702124219_IMG_3584-01-1536x1024.jpeg 1536w, https:\/\/albaneleonard.fr\/wp-content\/uploads\/2025\/09\/20200702124219_IMG_3584-01.jpeg 1620w\" sizes=\"auto, (max-width: 1024px) 100vw, 1024px\" \/><figcaption class=\"wp-element-caption\">Photo du projet final<\/figcaption><\/figure>\n\n\n\n<figure class=\"wp-block-image size-large\"><img loading=\"lazy\" decoding=\"async\" width=\"794\" height=\"1058\" src=\"https:\/\/albaneleonard.fr\/wp-content\/uploads\/2025\/09\/20200702124308_IMG_3590-edited.jpg\" alt=\"\" class=\"wp-image-1204\" srcset=\"https:\/\/albaneleonard.fr\/wp-content\/uploads\/2025\/09\/20200702124308_IMG_3590-edited.jpg 794w, https:\/\/albaneleonard.fr\/wp-content\/uploads\/2025\/09\/20200702124308_IMG_3590-edited-225x300.jpg 225w, https:\/\/albaneleonard.fr\/wp-content\/uploads\/2025\/09\/20200702124308_IMG_3590-edited-768x1023.jpg 768w\" sizes=\"auto, (max-width: 794px) 100vw, 794px\" \/><figcaption class=\"wp-element-caption\">Photo du projet final<\/figcaption><\/figure>\n\n\n\n<figure class=\"wp-block-image size-large\"><img loading=\"lazy\" decoding=\"async\" width=\"1024\" height=\"683\" src=\"https:\/\/albaneleonard.fr\/wp-content\/uploads\/2025\/09\/20200702124619_IMG_3599-1-1024x683.jpg\" alt=\"\" class=\"wp-image-1206\" srcset=\"https:\/\/albaneleonard.fr\/wp-content\/uploads\/2025\/09\/20200702124619_IMG_3599-1-1024x683.jpg 1024w, https:\/\/albaneleonard.fr\/wp-content\/uploads\/2025\/09\/20200702124619_IMG_3599-1-300x200.jpg 300w, https:\/\/albaneleonard.fr\/wp-content\/uploads\/2025\/09\/20200702124619_IMG_3599-1-768x512.jpg 768w, https:\/\/albaneleonard.fr\/wp-content\/uploads\/2025\/09\/20200702124619_IMG_3599-1-1536x1024.jpg 1536w, https:\/\/albaneleonard.fr\/wp-content\/uploads\/2025\/09\/20200702124619_IMG_3599-1.jpg 1620w\" sizes=\"auto, (max-width: 1024px) 100vw, 1024px\" \/><figcaption class=\"wp-element-caption\">Photo  du projet final<\/figcaption><\/figure>\n<\/div>\n<\/div>\n\n\n\n<div style=\"height:100px\" aria-hidden=\"true\" class=\"wp-block-spacer\"><\/div>\n\n\n\n<div class=\"wp-block-columns is-layout-flex wp-container-core-columns-is-layout-9d6595d7 wp-block-columns-is-layout-flex\">\n<div class=\"wp-block-column is-layout-flow wp-block-column-is-layout-flow\">\n<div style=\"height:0px\" aria-hidden=\"true\" class=\"wp-block-spacer\"><\/div>\n\n\n\n<div class=\"wp-block-columns is-layout-flex wp-container-core-columns-is-layout-9d6595d7 wp-block-columns-is-layout-flex\">\n<div class=\"wp-block-column is-layout-flow wp-block-column-is-layout-flow\" style=\"flex-basis:100%\">\n<h5 class=\"wp-block-heading\"><em>Fragments de silence<\/em> &#8211; Maquette de ruine<\/h5>\n\n\n\n<p class=\"has-small-font-size\" style=\"font-style:normal;font-weight:300;letter-spacing:1px;text-transform:none\">En 2024, j\u2019ai r\u00e9alis\u00e9 un projet sur le th\u00e8me des ruines. La consigne \u00e9tait de produire une \u0153uvre en trois dimensions li\u00e9e aux vestiges. Inspir\u00e9e depuis longtemps par l\u2019architecture cambodgienne, j\u2019ai choisi de cr\u00e9er une fa\u00e7ade en ruine, compos\u00e9e de couches de papier. Pr\u00e9sent\u00e9e dans une bo\u00eete noire, l\u2019installation joue sur un fort contraste qui accentue l\u2019impression de vide et d\u2019absence, comme un silence fig\u00e9 dans l\u2019architecture. Pourtant, la couleur de la v\u00e9g\u00e9tation vient adoucir cette d\u00e9solation : elle agit comme une pommade, une tentative de r\u00e9paration, comme un moyen de combler un vide laiss\u00e9 par ces vestiges.<\/p>\n\n\n\n<div style=\"height:35px\" aria-hidden=\"true\" class=\"wp-block-spacer\"><\/div>\n<\/div>\n<\/div>\n\n\n\n<figure class=\"wp-block-image size-full\"><img loading=\"lazy\" decoding=\"async\" width=\"847\" height=\"476\" src=\"https:\/\/albaneleonard.fr\/wp-content\/uploads\/2025\/09\/Capture-decran-2025-09-17-165125-3.png\" alt=\"\" class=\"wp-image-801\" srcset=\"https:\/\/albaneleonard.fr\/wp-content\/uploads\/2025\/09\/Capture-decran-2025-09-17-165125-3.png 847w, https:\/\/albaneleonard.fr\/wp-content\/uploads\/2025\/09\/Capture-decran-2025-09-17-165125-3-300x169.png 300w, https:\/\/albaneleonard.fr\/wp-content\/uploads\/2025\/09\/Capture-decran-2025-09-17-165125-3-768x432.png 768w\" sizes=\"auto, (max-width: 847px) 100vw, 847px\" \/><figcaption class=\"wp-element-caption\">Photo  du projet final<\/figcaption><\/figure>\n\n\n\n<figure class=\"wp-block-image size-large\"><img loading=\"lazy\" decoding=\"async\" width=\"2560\" height=\"1440\" src=\"https:\/\/albaneleonard.fr\/wp-content\/uploads\/2025\/09\/PXL_20240412_130649396.MP_-edited-scaled.jpg\" alt=\"\" class=\"wp-image-1209\" srcset=\"https:\/\/albaneleonard.fr\/wp-content\/uploads\/2025\/09\/PXL_20240412_130649396.MP_-edited-scaled.jpg 2560w, https:\/\/albaneleonard.fr\/wp-content\/uploads\/2025\/09\/PXL_20240412_130649396.MP_-edited-300x169.jpg 300w, https:\/\/albaneleonard.fr\/wp-content\/uploads\/2025\/09\/PXL_20240412_130649396.MP_-edited-1024x576.jpg 1024w, https:\/\/albaneleonard.fr\/wp-content\/uploads\/2025\/09\/PXL_20240412_130649396.MP_-edited-768x432.jpg 768w, https:\/\/albaneleonard.fr\/wp-content\/uploads\/2025\/09\/PXL_20240412_130649396.MP_-edited-1536x864.jpg 1536w, https:\/\/albaneleonard.fr\/wp-content\/uploads\/2025\/09\/PXL_20240412_130649396.MP_-edited-2048x1152.jpg 2048w\" sizes=\"auto, (max-width: 2560px) 100vw, 2560px\" \/><figcaption class=\"wp-element-caption\">Photo de la phase de cr\u00e9ation<\/figcaption><\/figure>\n\n\n\n<figure class=\"wp-block-image size-large\"><img loading=\"lazy\" decoding=\"async\" width=\"1440\" height=\"2560\" src=\"https:\/\/albaneleonard.fr\/wp-content\/uploads\/2025\/09\/PXL_20240322_140515139.MP_-edited-scaled.jpg\" alt=\"\" class=\"wp-image-1211\" srcset=\"https:\/\/albaneleonard.fr\/wp-content\/uploads\/2025\/09\/PXL_20240322_140515139.MP_-edited-scaled.jpg 1440w, https:\/\/albaneleonard.fr\/wp-content\/uploads\/2025\/09\/PXL_20240322_140515139.MP_-edited-169x300.jpg 169w, https:\/\/albaneleonard.fr\/wp-content\/uploads\/2025\/09\/PXL_20240322_140515139.MP_-edited-576x1024.jpg 576w, https:\/\/albaneleonard.fr\/wp-content\/uploads\/2025\/09\/PXL_20240322_140515139.MP_-edited-768x1365.jpg 768w, https:\/\/albaneleonard.fr\/wp-content\/uploads\/2025\/09\/PXL_20240322_140515139.MP_-edited-864x1536.jpg 864w, https:\/\/albaneleonard.fr\/wp-content\/uploads\/2025\/09\/PXL_20240322_140515139.MP_-edited-1152x2048.jpg 1152w\" sizes=\"auto, (max-width: 1440px) 100vw, 1440px\" \/><figcaption class=\"wp-element-caption\">Photo de la phase de cr\u00e9ation <\/figcaption><\/figure>\n<\/div>\n\n\n\n<div class=\"wp-block-column is-layout-flow wp-block-column-is-layout-flow\">\n<figure class=\"wp-block-image size-full\"><img loading=\"lazy\" decoding=\"async\" width=\"287\" height=\"287\" src=\"https:\/\/albaneleonard.fr\/wp-content\/uploads\/2025\/09\/Capture-decran-2025-09-17-165125-1-edited.png\" alt=\"\" class=\"wp-image-781\" style=\"aspect-ratio:1;object-fit:cover\" srcset=\"https:\/\/albaneleonard.fr\/wp-content\/uploads\/2025\/09\/Capture-decran-2025-09-17-165125-1-edited.png 287w, https:\/\/albaneleonard.fr\/wp-content\/uploads\/2025\/09\/Capture-decran-2025-09-17-165125-1-edited-150x150.png 150w\" sizes=\"auto, (max-width: 287px) 100vw, 287px\" \/><figcaption class=\"wp-element-caption\">Photo du projet final<\/figcaption><\/figure>\n\n\n\n<figure class=\"wp-block-image size-full\"><img loading=\"lazy\" decoding=\"async\" width=\"476\" height=\"476\" src=\"https:\/\/albaneleonard.fr\/wp-content\/uploads\/2025\/09\/Capture-decran-2025-09-17-165125-3-edited.png\" alt=\"\" class=\"wp-image-803\" srcset=\"https:\/\/albaneleonard.fr\/wp-content\/uploads\/2025\/09\/Capture-decran-2025-09-17-165125-3-edited.png 476w, https:\/\/albaneleonard.fr\/wp-content\/uploads\/2025\/09\/Capture-decran-2025-09-17-165125-3-edited-300x300.png 300w, https:\/\/albaneleonard.fr\/wp-content\/uploads\/2025\/09\/Capture-decran-2025-09-17-165125-3-edited-150x150.png 150w\" sizes=\"auto, (max-width: 476px) 100vw, 476px\" \/><figcaption class=\"wp-element-caption\">Photo du projet final<\/figcaption><\/figure>\n\n\n\n<figure class=\"wp-block-image size-full\"><img loading=\"lazy\" decoding=\"async\" width=\"847\" height=\"476\" src=\"https:\/\/albaneleonard.fr\/wp-content\/uploads\/2025\/09\/Capture-decran-2025-09-17-165125-3.png\" alt=\"\" class=\"wp-image-801\" srcset=\"https:\/\/albaneleonard.fr\/wp-content\/uploads\/2025\/09\/Capture-decran-2025-09-17-165125-3.png 847w, https:\/\/albaneleonard.fr\/wp-content\/uploads\/2025\/09\/Capture-decran-2025-09-17-165125-3-300x169.png 300w, https:\/\/albaneleonard.fr\/wp-content\/uploads\/2025\/09\/Capture-decran-2025-09-17-165125-3-768x432.png 768w\" sizes=\"auto, (max-width: 847px) 100vw, 847px\" \/><figcaption class=\"wp-element-caption\">Photo du projet final<\/figcaption><\/figure>\n\n\n\n<figure class=\"wp-block-image size-full\"><img loading=\"lazy\" decoding=\"async\" width=\"435\" height=\"245\" src=\"https:\/\/albaneleonard.fr\/wp-content\/uploads\/2025\/09\/933c3f65-d839-4335-b5f0-17456472372e_3-edited.jpg\" alt=\"\" class=\"wp-image-1213\" srcset=\"https:\/\/albaneleonard.fr\/wp-content\/uploads\/2025\/09\/933c3f65-d839-4335-b5f0-17456472372e_3-edited.jpg 435w, https:\/\/albaneleonard.fr\/wp-content\/uploads\/2025\/09\/933c3f65-d839-4335-b5f0-17456472372e_3-edited-300x169.jpg 300w\" sizes=\"auto, (max-width: 435px) 100vw, 435px\" \/><figcaption class=\"wp-element-caption\">Photo de la phase de cr\u00e9ation <\/figcaption><\/figure>\n\n\n\n<figure class=\"wp-block-image size-full is-resized\"><img loading=\"lazy\" decoding=\"async\" width=\"274\" height=\"183\" src=\"https:\/\/albaneleonard.fr\/wp-content\/uploads\/2025\/09\/933c3f65-d839-4335-b5f0-17456472372e_1-edited-1.jpg\" alt=\"\" class=\"wp-image-1218\" style=\"aspect-ratio:1.3333333333333333;object-fit:cover;width:416px;height:auto\"\/><figcaption class=\"wp-element-caption\">Photo de la phase de cr\u00e9ation <\/figcaption><\/figure>\n<\/div>\n<\/div>\n\n\n\n<div style=\"height:100px\" aria-hidden=\"true\" class=\"wp-block-spacer\"><\/div>\n\n\n\n<div class=\"wp-block-columns is-layout-flex wp-container-core-columns-is-layout-9d6595d7 wp-block-columns-is-layout-flex\">\n<div class=\"wp-block-column is-layout-flow wp-block-column-is-layout-flow\">\n<div style=\"height:0px\" aria-hidden=\"true\" class=\"wp-block-spacer\"><\/div>\n\n\n\n<div class=\"wp-block-columns is-layout-flex wp-container-core-columns-is-layout-9d6595d7 wp-block-columns-is-layout-flex\">\n<div class=\"wp-block-column is-layout-flow wp-block-column-is-layout-flow\" style=\"flex-basis:100%\">\n<h5 class=\"wp-block-heading\"><em>Cath\u00e9drale des songes<\/em> &#8211; Maquette en pl\u00e2tre<\/h5>\n\n\n\n<p class=\"has-small-font-size\" style=\"font-style:normal;font-weight:300;letter-spacing:1px;text-transform:none\">Lors de mes ann\u00e9es d\u2019architecture, nous avons r\u00e9alis\u00e9 \u00e0 trois une \u0153uvre en pl\u00e2tre, pens\u00e9e \u00e0 l\u2019\u00e9chelle 1 comme une installation monumentale. Elle cherchait \u00e0 offrir un refuge nich\u00e9 sous une immensit\u00e9. L\u2019\u0153uvre jouait sur le contraste : entre le monumental et le minuscule, entre la fragilit\u00e9 des plis et la solidit\u00e9 d\u2019une architecture. Tel une grotte contemporaine, elle invite \u00e0 se glisser sous sa vo\u00fbte pour trouver abri. Sa monumentalit\u00e9 impose le silence, laissant place \u00e0 l\u2019intime, \u00e0 l\u2019\u00e9coute de ses propres mots int\u00e9rieurs.<\/p>\n\n\n\n<div style=\"height:35px\" aria-hidden=\"true\" class=\"wp-block-spacer\"><\/div>\n<\/div>\n<\/div>\n\n\n\n<figure class=\"wp-block-image size-full\"><img loading=\"lazy\" decoding=\"async\" width=\"1440\" height=\"2560\" src=\"https:\/\/albaneleonard.fr\/wp-content\/uploads\/2025\/09\/PXL_20230915_102641685-scaled.jpg\" alt=\"\" class=\"wp-image-1222\" srcset=\"https:\/\/albaneleonard.fr\/wp-content\/uploads\/2025\/09\/PXL_20230915_102641685-scaled.jpg 1440w, https:\/\/albaneleonard.fr\/wp-content\/uploads\/2025\/09\/PXL_20230915_102641685-169x300.jpg 169w, https:\/\/albaneleonard.fr\/wp-content\/uploads\/2025\/09\/PXL_20230915_102641685-576x1024.jpg 576w, https:\/\/albaneleonard.fr\/wp-content\/uploads\/2025\/09\/PXL_20230915_102641685-768x1365.jpg 768w, https:\/\/albaneleonard.fr\/wp-content\/uploads\/2025\/09\/PXL_20230915_102641685-864x1536.jpg 864w, https:\/\/albaneleonard.fr\/wp-content\/uploads\/2025\/09\/PXL_20230915_102641685-1152x2048.jpg 1152w\" sizes=\"auto, (max-width: 1440px) 100vw, 1440px\" \/><figcaption class=\"wp-element-caption\">Photo du projet final<\/figcaption><\/figure>\n\n\n\n<figure class=\"wp-block-image size-full\"><img loading=\"lazy\" decoding=\"async\" width=\"1487\" height=\"1080\" src=\"https:\/\/albaneleonard.fr\/wp-content\/uploads\/2025\/09\/elevation-niv-gris-edited.png\" alt=\"\" class=\"wp-image-1229\" srcset=\"https:\/\/albaneleonard.fr\/wp-content\/uploads\/2025\/09\/elevation-niv-gris-edited.png 1487w, https:\/\/albaneleonard.fr\/wp-content\/uploads\/2025\/09\/elevation-niv-gris-edited-300x218.png 300w, https:\/\/albaneleonard.fr\/wp-content\/uploads\/2025\/09\/elevation-niv-gris-edited-1024x744.png 1024w, https:\/\/albaneleonard.fr\/wp-content\/uploads\/2025\/09\/elevation-niv-gris-edited-768x558.png 768w\" sizes=\"auto, (max-width: 1487px) 100vw, 1487px\" \/><figcaption class=\"wp-element-caption\">El\u00e9vation du projet<\/figcaption><\/figure>\n\n\n\n<figure class=\"wp-block-image size-medium is-resized\"><img loading=\"lazy\" decoding=\"async\" width=\"300\" height=\"233\" src=\"https:\/\/albaneleonard.fr\/wp-content\/uploads\/2025\/09\/coupe-niv-de-gris-edited-300x233.png\" alt=\"\" class=\"wp-image-1230\" style=\"aspect-ratio:3\/2;object-fit:cover;width:416px;height:auto\" srcset=\"https:\/\/albaneleonard.fr\/wp-content\/uploads\/2025\/09\/coupe-niv-de-gris-edited-300x233.png 300w, https:\/\/albaneleonard.fr\/wp-content\/uploads\/2025\/09\/coupe-niv-de-gris-edited-1024x795.png 1024w, https:\/\/albaneleonard.fr\/wp-content\/uploads\/2025\/09\/coupe-niv-de-gris-edited-768x596.png 768w, https:\/\/albaneleonard.fr\/wp-content\/uploads\/2025\/09\/coupe-niv-de-gris-edited.png 1391w\" sizes=\"auto, (max-width: 300px) 100vw, 300px\" \/><figcaption class=\"wp-element-caption\">Coupe du projet<\/figcaption><\/figure>\n\n\n\n<figure class=\"wp-block-image size-full\"><img loading=\"lazy\" decoding=\"async\" width=\"1024\" height=\"768\" src=\"https:\/\/albaneleonard.fr\/wp-content\/uploads\/2025\/09\/mini-maquette.png\" alt=\"\" class=\"wp-image-1231\" srcset=\"https:\/\/albaneleonard.fr\/wp-content\/uploads\/2025\/09\/mini-maquette.png 1024w, https:\/\/albaneleonard.fr\/wp-content\/uploads\/2025\/09\/mini-maquette-300x225.png 300w, https:\/\/albaneleonard.fr\/wp-content\/uploads\/2025\/09\/mini-maquette-768x576.png 768w\" sizes=\"auto, (max-width: 1024px) 100vw, 1024px\" \/><figcaption class=\"wp-element-caption\">Photo d&rsquo;une maquette d&rsquo;exploration <\/figcaption><\/figure>\n<\/div>\n\n\n\n<div class=\"wp-block-column is-layout-flow wp-block-column-is-layout-flow\">\n<figure class=\"wp-block-image size-full\"><img loading=\"lazy\" decoding=\"async\" width=\"1440\" height=\"2560\" src=\"https:\/\/albaneleonard.fr\/wp-content\/uploads\/2025\/09\/PXL_20230915_102543723.MP_-scaled.jpg\" alt=\"\" class=\"wp-image-1221\" style=\"aspect-ratio:1;object-fit:cover\" srcset=\"https:\/\/albaneleonard.fr\/wp-content\/uploads\/2025\/09\/PXL_20230915_102543723.MP_-scaled.jpg 1440w, https:\/\/albaneleonard.fr\/wp-content\/uploads\/2025\/09\/PXL_20230915_102543723.MP_-169x300.jpg 169w, https:\/\/albaneleonard.fr\/wp-content\/uploads\/2025\/09\/PXL_20230915_102543723.MP_-576x1024.jpg 576w, https:\/\/albaneleonard.fr\/wp-content\/uploads\/2025\/09\/PXL_20230915_102543723.MP_-768x1365.jpg 768w, https:\/\/albaneleonard.fr\/wp-content\/uploads\/2025\/09\/PXL_20230915_102543723.MP_-864x1536.jpg 864w, https:\/\/albaneleonard.fr\/wp-content\/uploads\/2025\/09\/PXL_20230915_102543723.MP_-1152x2048.jpg 1152w\" sizes=\"auto, (max-width: 1440px) 100vw, 1440px\" \/><figcaption class=\"wp-element-caption\">Photo du projet final<\/figcaption><\/figure>\n\n\n\n<figure class=\"wp-block-image size-large\"><img loading=\"lazy\" decoding=\"async\" width=\"576\" height=\"1024\" src=\"https:\/\/albaneleonard.fr\/wp-content\/uploads\/2025\/09\/PXL_20230915_102527945.MP_-576x1024.jpg\" alt=\"\" class=\"wp-image-1224\" srcset=\"https:\/\/albaneleonard.fr\/wp-content\/uploads\/2025\/09\/PXL_20230915_102527945.MP_-576x1024.jpg 576w, https:\/\/albaneleonard.fr\/wp-content\/uploads\/2025\/09\/PXL_20230915_102527945.MP_-169x300.jpg 169w, https:\/\/albaneleonard.fr\/wp-content\/uploads\/2025\/09\/PXL_20230915_102527945.MP_-768x1365.jpg 768w, https:\/\/albaneleonard.fr\/wp-content\/uploads\/2025\/09\/PXL_20230915_102527945.MP_-864x1536.jpg 864w, https:\/\/albaneleonard.fr\/wp-content\/uploads\/2025\/09\/PXL_20230915_102527945.MP_-1152x2048.jpg 1152w, https:\/\/albaneleonard.fr\/wp-content\/uploads\/2025\/09\/PXL_20230915_102527945.MP_-scaled.jpg 1440w\" sizes=\"auto, (max-width: 576px) 100vw, 576px\" \/><figcaption class=\"wp-element-caption\">Photo de la phase de cr\u00e9ation<\/figcaption><\/figure>\n\n\n\n<figure class=\"wp-block-image size-large\"><img loading=\"lazy\" decoding=\"async\" width=\"2268\" height=\"1701\" src=\"https:\/\/albaneleonard.fr\/wp-content\/uploads\/2025\/09\/rendu-final-sans-fond-edited.png\" alt=\"\" class=\"wp-image-1228\" srcset=\"https:\/\/albaneleonard.fr\/wp-content\/uploads\/2025\/09\/rendu-final-sans-fond-edited.png 2268w, https:\/\/albaneleonard.fr\/wp-content\/uploads\/2025\/09\/rendu-final-sans-fond-edited-300x225.png 300w, https:\/\/albaneleonard.fr\/wp-content\/uploads\/2025\/09\/rendu-final-sans-fond-edited-1024x768.png 1024w, https:\/\/albaneleonard.fr\/wp-content\/uploads\/2025\/09\/rendu-final-sans-fond-edited-768x576.png 768w, https:\/\/albaneleonard.fr\/wp-content\/uploads\/2025\/09\/rendu-final-sans-fond-edited-1536x1152.png 1536w, https:\/\/albaneleonard.fr\/wp-content\/uploads\/2025\/09\/rendu-final-sans-fond-edited-2048x1536.png 2048w\" sizes=\"auto, (max-width: 2268px) 100vw, 2268px\" \/><figcaption class=\"wp-element-caption\">Photo de l&rsquo;installation du projet<\/figcaption><\/figure>\n<\/div>\n<\/div>\n","protected":false},"excerpt":{"rendered":"<p>Maquettes Victoria &#8211; Maquette de maison victorienne Durant le confinement, en qu\u00eate de [&hellip;]<\/p>\n","protected":false},"author":1,"featured_media":0,"parent":0,"menu_order":0,"comment_status":"closed","ping_status":"closed","template":"","meta":{"footnotes":""},"class_list":["post-1194","page","type-page","status-publish","hentry"],"_links":{"self":[{"href":"https:\/\/albaneleonard.fr\/index.php\/wp-json\/wp\/v2\/pages\/1194","targetHints":{"allow":["GET"]}}],"collection":[{"href":"https:\/\/albaneleonard.fr\/index.php\/wp-json\/wp\/v2\/pages"}],"about":[{"href":"https:\/\/albaneleonard.fr\/index.php\/wp-json\/wp\/v2\/types\/page"}],"author":[{"embeddable":true,"href":"https:\/\/albaneleonard.fr\/index.php\/wp-json\/wp\/v2\/users\/1"}],"replies":[{"embeddable":true,"href":"https:\/\/albaneleonard.fr\/index.php\/wp-json\/wp\/v2\/comments?post=1194"}],"version-history":[{"count":17,"href":"https:\/\/albaneleonard.fr\/index.php\/wp-json\/wp\/v2\/pages\/1194\/revisions"}],"predecessor-version":[{"id":2057,"href":"https:\/\/albaneleonard.fr\/index.php\/wp-json\/wp\/v2\/pages\/1194\/revisions\/2057"}],"wp:attachment":[{"href":"https:\/\/albaneleonard.fr\/index.php\/wp-json\/wp\/v2\/media?parent=1194"}],"curies":[{"name":"wp","href":"https:\/\/api.w.org\/{rel}","templated":true}]}}