{"id":125,"date":"2025-08-17T13:16:39","date_gmt":"2025-08-17T11:16:39","guid":{"rendered":"https:\/\/dev.lehamak.com\/?page_id=125"},"modified":"2026-03-18T18:32:19","modified_gmt":"2026-03-18T17:32:19","slug":"contact","status":"publish","type":"page","link":"https:\/\/albaneleonard.fr\/index.php\/contact\/","title":{"rendered":"Contact"},"content":{"rendered":"\n<h1 class=\"wp-block-heading has-text-align-center has-text-color has-link-color wp-elements-1b1cf264d3e797159e9fa4728c33cad2\" style=\"color:#8a250a\">Contact<\/h1>\n\n\n\n<div style=\"height:60px\" aria-hidden=\"true\" class=\"wp-block-spacer\"><\/div>\n\n\n\n<div class=\"wp-block-media-text has-media-on-the-right is-stacked-on-mobile\"><div class=\"wp-block-media-text__content\">\n<p class=\"has-text-align-center\">Je suis toujours ouverte aux \u00e9changes, collaborations et nouveaux projets. N\u2019h\u00e9sitez  pas \u00e0 me contacter par mail pour toute question ou opportunit\u00e9, je serai ravie d\u2019\u00e9changer avec vous.<\/p>\n\n\n\n<p class=\"has-text-align-center\">leonard.albane@gmail.com<\/p>\n<\/div><figure class=\"wp-block-media-text__media\"><img loading=\"lazy\" decoding=\"async\" width=\"1024\" height=\"683\" src=\"https:\/\/albaneleonard.fr\/wp-content\/uploads\/2026\/03\/bec159fc-346b-43e9-9f23-3a074f7dbfb0_rw_1200-1024x683.jpg\" alt=\"\" class=\"wp-image-2241 size-full\" srcset=\"https:\/\/albaneleonard.fr\/wp-content\/uploads\/2026\/03\/bec159fc-346b-43e9-9f23-3a074f7dbfb0_rw_1200-1024x683.jpg 1024w, https:\/\/albaneleonard.fr\/wp-content\/uploads\/2026\/03\/bec159fc-346b-43e9-9f23-3a074f7dbfb0_rw_1200-300x200.jpg 300w, https:\/\/albaneleonard.fr\/wp-content\/uploads\/2026\/03\/bec159fc-346b-43e9-9f23-3a074f7dbfb0_rw_1200-768x512.jpg 768w, https:\/\/albaneleonard.fr\/wp-content\/uploads\/2026\/03\/bec159fc-346b-43e9-9f23-3a074f7dbfb0_rw_1200.jpg 1200w\" sizes=\"auto, (max-width: 1024px) 100vw, 1024px\" \/><\/figure><\/div>\n\n\n\n<p class=\"has-text-align-right\"><sub>Photo de @sylvain_art_studio sur Instagram<\/sub><\/p>\n","protected":false},"excerpt":{"rendered":"<p>Contact Je suis toujours ouverte aux \u00e9changes, collaborations et nouveaux projets. N\u2019h\u00e9sitez pas [&hellip;]<\/p>\n","protected":false},"author":1,"featured_media":0,"parent":0,"menu_order":0,"comment_status":"closed","ping_status":"closed","template":"","meta":{"footnotes":""},"class_list":["post-125","page","type-page","status-publish","hentry"],"_links":{"self":[{"href":"https:\/\/albaneleonard.fr\/index.php\/wp-json\/wp\/v2\/pages\/125","targetHints":{"allow":["GET"]}}],"collection":[{"href":"https:\/\/albaneleonard.fr\/index.php\/wp-json\/wp\/v2\/pages"}],"about":[{"href":"https:\/\/albaneleonard.fr\/index.php\/wp-json\/wp\/v2\/types\/page"}],"author":[{"embeddable":true,"href":"https:\/\/albaneleonard.fr\/index.php\/wp-json\/wp\/v2\/users\/1"}],"replies":[{"embeddable":true,"href":"https:\/\/albaneleonard.fr\/index.php\/wp-json\/wp\/v2\/comments?post=125"}],"version-history":[{"count":13,"href":"https:\/\/albaneleonard.fr\/index.php\/wp-json\/wp\/v2\/pages\/125\/revisions"}],"predecessor-version":[{"id":2268,"href":"https:\/\/albaneleonard.fr\/index.php\/wp-json\/wp\/v2\/pages\/125\/revisions\/2268"}],"wp:attachment":[{"href":"https:\/\/albaneleonard.fr\/index.php\/wp-json\/wp\/v2\/media?parent=125"}],"curies":[{"name":"wp","href":"https:\/\/api.w.org\/{rel}","templated":true}]}}