{"id":1264,"date":"2025-09-22T21:29:28","date_gmt":"2025-09-22T19:29:28","guid":{"rendered":"https:\/\/albaneleonard.fr\/?page_id=1264"},"modified":"2025-12-11T22:18:25","modified_gmt":"2025-12-11T21:18:25","slug":"pieds-dans-leau","status":"publish","type":"page","link":"https:\/\/albaneleonard.fr\/index.php\/pieds-dans-leau\/","title":{"rendered":"Pieds dans l&rsquo;eau"},"content":{"rendered":"\n<h1 class=\"wp-block-heading has-text-color has-link-color wp-elements-6e47563a8d592ea7ad9d305016197416\" style=\"color:#8a250a\">Pieds dans l&rsquo;eau<\/h1>\n\n\n\n<div style=\"height:50px\" aria-hidden=\"true\" class=\"wp-block-spacer\"><\/div>\n\n\n\n<div class=\"wp-block-columns is-layout-flex wp-container-core-columns-is-layout-9d6595d7 wp-block-columns-is-layout-flex\">\n<div class=\"wp-block-column is-layout-flow wp-block-column-is-layout-flow\">\n<div style=\"height:0px\" aria-hidden=\"true\" class=\"wp-block-spacer\"><\/div>\n\n\n\n<div class=\"wp-block-columns is-layout-flex wp-container-core-columns-is-layout-9d6595d7 wp-block-columns-is-layout-flex\">\n<div class=\"wp-block-column is-layout-flow wp-block-column-is-layout-flow\" style=\"flex-basis:100%\">\n<h5 class=\"wp-block-heading\">Projet r\u00e9alis\u00e9 en 2022 \u00e0 l&rsquo;ENSA Marseille<\/h5>\n\n\n\n<p class=\"has-small-font-size\" style=\"font-style:normal;font-weight:300;letter-spacing:1px;text-transform:none\">R\u00e9alisation d\u2019un projet d\u2019assise, dans un village de p\u00eacheurs sur les berges de l\u2019\u00e9tang de Bolmon (Marignane) :<\/p>\n\n\n\n<p class=\"has-small-font-size\" style=\"font-style:normal;font-weight:300;letter-spacing:1px;text-transform:none\"> > D\u00e9couverte des bases des repr\u00e9sentations architecturales (plan\/plan masse\/coupe) >Approche de l\u2019architecture par la conception de mobilier ext\u00e9rieure<\/p>\n\n\n\n<p class=\"has-small-font-size\" style=\"font-style:normal;font-weight:300;letter-spacing:1px;text-transform:none\"><br>> Lors de la conception de ce projet, nous avons r\u00e9fl\u00e9chi en groupe au site dans lequel s\u2019inscrit l\u2019assise. \u00c9tant donn\u00e9 que le village est un village de p\u00eacheurs ainsi que l\u2019emplacement de notre assise, nous souhaitions partir de l\u2019id\u00e9e d\u2019un ponton int\u00e9grant deux assises. Cette id\u00e9e nous est apparue comme une \u00e9vidence afin de correspondre au mieux aux habitants du village de l\u2019Est\u00e9ou.<\/p>\n\n\n\n<p class=\"has-small-font-size\" style=\"font-style:normal;font-weight:300;letter-spacing:1px;text-transform:none\"><\/p>\n<\/div>\n<\/div>\n\n\n\n<div style=\"height:35px\" aria-hidden=\"true\" class=\"wp-block-spacer\"><\/div>\n\n\n\n<figure class=\"wp-block-image size-full\"><img loading=\"lazy\" decoding=\"async\" width=\"1440\" height=\"1080\" src=\"https:\/\/albaneleonard.fr\/wp-content\/uploads\/2025\/09\/Snapchat-1119468526.jpg\" alt=\"\" class=\"wp-image-1267\" srcset=\"https:\/\/albaneleonard.fr\/wp-content\/uploads\/2025\/09\/Snapchat-1119468526.jpg 1440w, https:\/\/albaneleonard.fr\/wp-content\/uploads\/2025\/09\/Snapchat-1119468526-300x225.jpg 300w, https:\/\/albaneleonard.fr\/wp-content\/uploads\/2025\/09\/Snapchat-1119468526-1024x768.jpg 1024w, https:\/\/albaneleonard.fr\/wp-content\/uploads\/2025\/09\/Snapchat-1119468526-768x576.jpg 768w\" sizes=\"auto, (max-width: 1440px) 100vw, 1440px\" \/><figcaption class=\"wp-element-caption\">Maquette finale<\/figcaption><\/figure>\n\n\n\n<figure class=\"wp-block-image size-large\"><img loading=\"lazy\" decoding=\"async\" width=\"898\" height=\"1024\" src=\"https:\/\/albaneleonard.fr\/wp-content\/uploads\/2025\/09\/Screenshot_20240209-113819-898x1024.png\" alt=\"\" class=\"wp-image-1270\" srcset=\"https:\/\/albaneleonard.fr\/wp-content\/uploads\/2025\/09\/Screenshot_20240209-113819-898x1024.png 898w, https:\/\/albaneleonard.fr\/wp-content\/uploads\/2025\/09\/Screenshot_20240209-113819-263x300.png 263w, https:\/\/albaneleonard.fr\/wp-content\/uploads\/2025\/09\/Screenshot_20240209-113819-768x875.png 768w, https:\/\/albaneleonard.fr\/wp-content\/uploads\/2025\/09\/Screenshot_20240209-113819.png 1080w\" sizes=\"auto, (max-width: 898px) 100vw, 898px\" \/><figcaption class=\"wp-element-caption\">Plan et coupe du projet<\/figcaption><\/figure>\n<\/div>\n\n\n\n<div class=\"wp-block-column is-layout-flow wp-block-column-is-layout-flow\">\n<figure class=\"wp-block-image size-full\"><img loading=\"lazy\" decoding=\"async\" width=\"624\" height=\"472\" src=\"https:\/\/albaneleonard.fr\/wp-content\/uploads\/2025\/09\/Capture-decran-2024-02-09-114143-1.png\" alt=\"\" class=\"wp-image-1266\" srcset=\"https:\/\/albaneleonard.fr\/wp-content\/uploads\/2025\/09\/Capture-decran-2024-02-09-114143-1.png 624w, https:\/\/albaneleonard.fr\/wp-content\/uploads\/2025\/09\/Capture-decran-2024-02-09-114143-1-300x227.png 300w\" sizes=\"auto, (max-width: 624px) 100vw, 624px\" \/><figcaption class=\"wp-element-caption\">Montage photo &#8211; insertion du projet sur le site<\/figcaption><\/figure>\n\n\n\n<figure class=\"wp-block-image size-large\"><img loading=\"lazy\" decoding=\"async\" width=\"1024\" height=\"768\" src=\"https:\/\/albaneleonard.fr\/wp-content\/uploads\/2025\/09\/Snapchat-2077094422-1-1024x768.jpg\" alt=\"\" class=\"wp-image-1268\" srcset=\"https:\/\/albaneleonard.fr\/wp-content\/uploads\/2025\/09\/Snapchat-2077094422-1-1024x768.jpg 1024w, https:\/\/albaneleonard.fr\/wp-content\/uploads\/2025\/09\/Snapchat-2077094422-1-300x225.jpg 300w, https:\/\/albaneleonard.fr\/wp-content\/uploads\/2025\/09\/Snapchat-2077094422-1-768x576.jpg 768w, https:\/\/albaneleonard.fr\/wp-content\/uploads\/2025\/09\/Snapchat-2077094422-1.jpg 1440w\" sizes=\"auto, (max-width: 1024px) 100vw, 1024px\" \/><figcaption class=\"wp-element-caption\">Maquette finale<\/figcaption><\/figure>\n\n\n\n<figure class=\"wp-block-image size-large\"><img loading=\"lazy\" decoding=\"async\" width=\"896\" height=\"1024\" src=\"https:\/\/albaneleonard.fr\/wp-content\/uploads\/2025\/09\/Screenshot_20240209-113721-896x1024.png\" alt=\"\" class=\"wp-image-1269\" srcset=\"https:\/\/albaneleonard.fr\/wp-content\/uploads\/2025\/09\/Screenshot_20240209-113721-896x1024.png 896w, https:\/\/albaneleonard.fr\/wp-content\/uploads\/2025\/09\/Screenshot_20240209-113721-263x300.png 263w, https:\/\/albaneleonard.fr\/wp-content\/uploads\/2025\/09\/Screenshot_20240209-113721-768x878.png 768w, https:\/\/albaneleonard.fr\/wp-content\/uploads\/2025\/09\/Screenshot_20240209-113721.png 1080w\" sizes=\"auto, (max-width: 896px) 100vw, 896px\" \/><figcaption class=\"wp-element-caption\">Plan masse du projet<\/figcaption><\/figure>\n<\/div>\n<\/div>\n","protected":false},"excerpt":{"rendered":"<p>Pieds dans l&rsquo;eau Projet r\u00e9alis\u00e9 en 2022 \u00e0 l&rsquo;ENSA Marseille R\u00e9alisation d\u2019un projet [&hellip;]<\/p>\n","protected":false},"author":1,"featured_media":0,"parent":0,"menu_order":0,"comment_status":"closed","ping_status":"closed","template":"","meta":{"footnotes":""},"class_list":["post-1264","page","type-page","status-publish","hentry"],"_links":{"self":[{"href":"https:\/\/albaneleonard.fr\/index.php\/wp-json\/wp\/v2\/pages\/1264","targetHints":{"allow":["GET"]}}],"collection":[{"href":"https:\/\/albaneleonard.fr\/index.php\/wp-json\/wp\/v2\/pages"}],"about":[{"href":"https:\/\/albaneleonard.fr\/index.php\/wp-json\/wp\/v2\/types\/page"}],"author":[{"embeddable":true,"href":"https:\/\/albaneleonard.fr\/index.php\/wp-json\/wp\/v2\/users\/1"}],"replies":[{"embeddable":true,"href":"https:\/\/albaneleonard.fr\/index.php\/wp-json\/wp\/v2\/comments?post=1264"}],"version-history":[{"count":3,"href":"https:\/\/albaneleonard.fr\/index.php\/wp-json\/wp\/v2\/pages\/1264\/revisions"}],"predecessor-version":[{"id":1409,"href":"https:\/\/albaneleonard.fr\/index.php\/wp-json\/wp\/v2\/pages\/1264\/revisions\/1409"}],"wp:attachment":[{"href":"https:\/\/albaneleonard.fr\/index.php\/wp-json\/wp\/v2\/media?parent=1264"}],"curies":[{"name":"wp","href":"https:\/\/api.w.org\/{rel}","templated":true}]}}