{"id":1272,"date":"2025-09-22T21:46:54","date_gmt":"2025-09-22T19:46:54","guid":{"rendered":"https:\/\/albaneleonard.fr\/?page_id=1272"},"modified":"2025-12-11T22:17:56","modified_gmt":"2025-12-11T21:17:56","slug":"le-refuge-du-lac","status":"publish","type":"page","link":"https:\/\/albaneleonard.fr\/index.php\/le-refuge-du-lac\/","title":{"rendered":"Le refuge du lac"},"content":{"rendered":"\n<h1 class=\"wp-block-heading has-text-color has-link-color wp-elements-b6746d8a3135894d2ca9bfb1774e3b5e\" style=\"color:#8a250a\">Le refuge du lac<\/h1>\n\n\n\n<div style=\"height:50px\" aria-hidden=\"true\" class=\"wp-block-spacer\"><\/div>\n\n\n\n<div class=\"wp-block-columns is-layout-flex wp-container-core-columns-is-layout-9d6595d7 wp-block-columns-is-layout-flex\">\n<div class=\"wp-block-column is-layout-flow wp-block-column-is-layout-flow\">\n<div style=\"height:0px\" aria-hidden=\"true\" class=\"wp-block-spacer\"><\/div>\n\n\n\n<div class=\"wp-block-columns is-layout-flex wp-container-core-columns-is-layout-9d6595d7 wp-block-columns-is-layout-flex\">\n<div class=\"wp-block-column is-layout-flow wp-block-column-is-layout-flow\" style=\"flex-basis:100%\">\n<h5 class=\"wp-block-heading\">Projet r\u00e9alis\u00e9 en 2022 \u00e0 l&rsquo;ENSA Marseille<\/h5>\n\n\n\n<p class=\"has-small-font-size\" style=\"font-style:normal;font-weight:300;letter-spacing:1px;text-transform:none\">R\u00e9alisation d\u2019un projet de cabanon, dans un village de p\u00eacheurs sur les berges de l\u2019\u00e9tang de Bolmon (Marignane) :<\/p>\n\n\n\n<p class=\"has-small-font-size\" style=\"font-style:normal;font-weight:300;letter-spacing:1px;text-transform:none\"> >D\u00e9couverte des bases de l\u2019architecture et outils utiles aux projets ; dessins techniques (plans, coupes,<br>\u00e9l\u00e9vations, plans masse) >R\u00e9alisation de maquettes d\u2019exp\u00e9rimentation et maquette finale<\/p>\n\n\n\n<p class=\"has-small-font-size\" style=\"font-style:normal;font-weight:300;letter-spacing:1px;text-transform:none\">>Lors de la conception de ce projet, j\u2019ai beaucoup r\u00e9fl\u00e9chi aux notions d\u2019espace priv\u00e9 et collectif, avec<br>une partie r\u00e9serv\u00e9e aux habitants du cabanon et une autre partie servant d\u2019agora publique.<\/p>\n<\/div>\n<\/div>\n\n\n\n<div style=\"height:35px\" aria-hidden=\"true\" class=\"wp-block-spacer\"><\/div>\n\n\n\n<figure class=\"wp-block-image size-full\"><img loading=\"lazy\" decoding=\"async\" width=\"375\" height=\"431\" src=\"https:\/\/albaneleonard.fr\/wp-content\/uploads\/2025\/09\/Capture-decran-2023-12-16-162926.png\" alt=\"\" class=\"wp-image-1289\" srcset=\"https:\/\/albaneleonard.fr\/wp-content\/uploads\/2025\/09\/Capture-decran-2023-12-16-162926.png 375w, https:\/\/albaneleonard.fr\/wp-content\/uploads\/2025\/09\/Capture-decran-2023-12-16-162926-261x300.png 261w\" sizes=\"auto, (max-width: 375px) 100vw, 375px\" \/><figcaption class=\"wp-element-caption\">Montage photo &#8211; insertion du projet sur le site<\/figcaption><\/figure>\n\n\n\n<figure class=\"wp-block-image size-full\"><img loading=\"lazy\" decoding=\"async\" width=\"376\" height=\"448\" src=\"https:\/\/albaneleonard.fr\/wp-content\/uploads\/2025\/09\/Capture-decran-2023-12-16-163018-1.png\" alt=\"\" class=\"wp-image-1288\" srcset=\"https:\/\/albaneleonard.fr\/wp-content\/uploads\/2025\/09\/Capture-decran-2023-12-16-163018-1.png 376w, https:\/\/albaneleonard.fr\/wp-content\/uploads\/2025\/09\/Capture-decran-2023-12-16-163018-1-252x300.png 252w\" sizes=\"auto, (max-width: 376px) 100vw, 376px\" \/><figcaption class=\"wp-element-caption\">Montage photo &#8211; insertion du projet sur le site<\/figcaption><\/figure>\n\n\n\n<figure class=\"wp-block-image size-large\"><img loading=\"lazy\" decoding=\"async\" width=\"1024\" height=\"576\" src=\"https:\/\/albaneleonard.fr\/wp-content\/uploads\/2025\/09\/cabanon-2-1024x576.jpeg\" alt=\"\" class=\"wp-image-1290\" srcset=\"https:\/\/albaneleonard.fr\/wp-content\/uploads\/2025\/09\/cabanon-2-1024x576.jpeg 1024w, https:\/\/albaneleonard.fr\/wp-content\/uploads\/2025\/09\/cabanon-2-300x169.jpeg 300w, https:\/\/albaneleonard.fr\/wp-content\/uploads\/2025\/09\/cabanon-2-768x432.jpeg 768w, https:\/\/albaneleonard.fr\/wp-content\/uploads\/2025\/09\/cabanon-2-1536x864.jpeg 1536w, https:\/\/albaneleonard.fr\/wp-content\/uploads\/2025\/09\/cabanon-2-2048x1152.jpeg 2048w\" sizes=\"auto, (max-width: 1024px) 100vw, 1024px\" \/><figcaption class=\"wp-element-caption\">Maquette finale du projet<\/figcaption><\/figure>\n\n\n\n<figure class=\"wp-block-image size-large\"><img loading=\"lazy\" decoding=\"async\" width=\"1989\" height=\"1119\" src=\"https:\/\/albaneleonard.fr\/wp-content\/uploads\/2025\/09\/plan-niv-de-gris-edited-2.png\" alt=\"\" class=\"wp-image-1300\" srcset=\"https:\/\/albaneleonard.fr\/wp-content\/uploads\/2025\/09\/plan-niv-de-gris-edited-2.png 1989w, https:\/\/albaneleonard.fr\/wp-content\/uploads\/2025\/09\/plan-niv-de-gris-edited-2-300x169.png 300w, https:\/\/albaneleonard.fr\/wp-content\/uploads\/2025\/09\/plan-niv-de-gris-edited-2-1024x576.png 1024w, https:\/\/albaneleonard.fr\/wp-content\/uploads\/2025\/09\/plan-niv-de-gris-edited-2-768x432.png 768w, https:\/\/albaneleonard.fr\/wp-content\/uploads\/2025\/09\/plan-niv-de-gris-edited-2-1536x864.png 1536w\" sizes=\"auto, (max-width: 1989px) 100vw, 1989px\" \/><figcaption class=\"wp-element-caption\">Plan du projet<\/figcaption><\/figure>\n\n\n\n<figure class=\"wp-block-image size-large\"><img loading=\"lazy\" decoding=\"async\" width=\"1024\" height=\"698\" src=\"https:\/\/albaneleonard.fr\/wp-content\/uploads\/2025\/09\/elevation-1024x698.jpg\" alt=\"\" class=\"wp-image-1294\" srcset=\"https:\/\/albaneleonard.fr\/wp-content\/uploads\/2025\/09\/elevation-1024x698.jpg 1024w, https:\/\/albaneleonard.fr\/wp-content\/uploads\/2025\/09\/elevation-300x205.jpg 300w, https:\/\/albaneleonard.fr\/wp-content\/uploads\/2025\/09\/elevation-768x524.jpg 768w, https:\/\/albaneleonard.fr\/wp-content\/uploads\/2025\/09\/elevation-1536x1047.jpg 1536w, https:\/\/albaneleonard.fr\/wp-content\/uploads\/2025\/09\/elevation.jpg 1700w\" sizes=\"auto, (max-width: 1024px) 100vw, 1024px\" \/><figcaption class=\"wp-element-caption\">El\u00e9vation du projet<\/figcaption><\/figure>\n\n\n\n<figure class=\"wp-block-image size-large\"><img loading=\"lazy\" decoding=\"async\" width=\"991\" height=\"1024\" src=\"https:\/\/albaneleonard.fr\/wp-content\/uploads\/2025\/09\/dessins-dexploration-991x1024.jpg\" alt=\"\" class=\"wp-image-1301\" srcset=\"https:\/\/albaneleonard.fr\/wp-content\/uploads\/2025\/09\/dessins-dexploration-991x1024.jpg 991w, https:\/\/albaneleonard.fr\/wp-content\/uploads\/2025\/09\/dessins-dexploration-290x300.jpg 290w, https:\/\/albaneleonard.fr\/wp-content\/uploads\/2025\/09\/dessins-dexploration-768x794.jpg 768w, https:\/\/albaneleonard.fr\/wp-content\/uploads\/2025\/09\/dessins-dexploration-1486x1536.jpg 1486w, https:\/\/albaneleonard.fr\/wp-content\/uploads\/2025\/09\/dessins-dexploration.jpg 1700w\" sizes=\"auto, (max-width: 991px) 100vw, 991px\" \/><figcaption class=\"wp-element-caption\">Dessin d&rsquo;exploration<\/figcaption><\/figure>\n<\/div>\n\n\n\n<div class=\"wp-block-column is-layout-flow wp-block-column-is-layout-flow\">\n<figure class=\"wp-block-image size-large\"><img loading=\"lazy\" decoding=\"async\" width=\"1024\" height=\"861\" src=\"https:\/\/albaneleonard.fr\/wp-content\/uploads\/2025\/09\/photos-cabanons-1-1024x861.jpeg\" alt=\"\" class=\"wp-image-1286\" srcset=\"https:\/\/albaneleonard.fr\/wp-content\/uploads\/2025\/09\/photos-cabanons-1-1024x861.jpeg 1024w, https:\/\/albaneleonard.fr\/wp-content\/uploads\/2025\/09\/photos-cabanons-1-300x252.jpeg 300w, https:\/\/albaneleonard.fr\/wp-content\/uploads\/2025\/09\/photos-cabanons-1-768x646.jpeg 768w, https:\/\/albaneleonard.fr\/wp-content\/uploads\/2025\/09\/photos-cabanons-1-1536x1292.jpeg 1536w, https:\/\/albaneleonard.fr\/wp-content\/uploads\/2025\/09\/photos-cabanons-1-2048x1723.jpeg 2048w\" sizes=\"auto, (max-width: 1024px) 100vw, 1024px\" \/><figcaption class=\"wp-element-caption\">Maquette finale du projet<\/figcaption><\/figure>\n\n\n\n<figure class=\"wp-block-image size-full\"><img loading=\"lazy\" decoding=\"async\" width=\"2560\" height=\"1440\" src=\"https:\/\/albaneleonard.fr\/wp-content\/uploads\/2025\/09\/maquette-explo-scaled.jpg\" alt=\"\" class=\"wp-image-1285\" srcset=\"https:\/\/albaneleonard.fr\/wp-content\/uploads\/2025\/09\/maquette-explo-scaled.jpg 2560w, https:\/\/albaneleonard.fr\/wp-content\/uploads\/2025\/09\/maquette-explo-300x169.jpg 300w, https:\/\/albaneleonard.fr\/wp-content\/uploads\/2025\/09\/maquette-explo-1024x576.jpg 1024w, https:\/\/albaneleonard.fr\/wp-content\/uploads\/2025\/09\/maquette-explo-768x432.jpg 768w, https:\/\/albaneleonard.fr\/wp-content\/uploads\/2025\/09\/maquette-explo-1536x864.jpg 1536w, https:\/\/albaneleonard.fr\/wp-content\/uploads\/2025\/09\/maquette-explo-2048x1152.jpg 2048w\" sizes=\"auto, (max-width: 2560px) 100vw, 2560px\" \/><figcaption class=\"wp-element-caption\">Maquette d&rsquo;exploration <\/figcaption><\/figure>\n\n\n\n<figure class=\"wp-block-image size-large\"><img loading=\"lazy\" decoding=\"async\" width=\"500\" height=\"1024\" src=\"https:\/\/albaneleonard.fr\/wp-content\/uploads\/2025\/09\/Image-cabanon-500x1024.png\" alt=\"\" class=\"wp-image-1287\" srcset=\"https:\/\/albaneleonard.fr\/wp-content\/uploads\/2025\/09\/Image-cabanon-500x1024.png 500w, https:\/\/albaneleonard.fr\/wp-content\/uploads\/2025\/09\/Image-cabanon-147x300.png 147w, https:\/\/albaneleonard.fr\/wp-content\/uploads\/2025\/09\/Image-cabanon-768x1572.png 768w, https:\/\/albaneleonard.fr\/wp-content\/uploads\/2025\/09\/Image-cabanon-750x1536.png 750w, https:\/\/albaneleonard.fr\/wp-content\/uploads\/2025\/09\/Image-cabanon-1000x2048.png 1000w, https:\/\/albaneleonard.fr\/wp-content\/uploads\/2025\/09\/Image-cabanon-scaled.png 1251w\" sizes=\"auto, (max-width: 500px) 100vw, 500px\" \/><figcaption class=\"wp-element-caption\">Plan masse du projet<\/figcaption><\/figure>\n\n\n\n<figure class=\"wp-block-image size-large\"><img loading=\"lazy\" decoding=\"async\" width=\"1024\" height=\"737\" src=\"https:\/\/albaneleonard.fr\/wp-content\/uploads\/2025\/09\/plan-masse-1024x737.jpg\" alt=\"\" class=\"wp-image-1291\" srcset=\"https:\/\/albaneleonard.fr\/wp-content\/uploads\/2025\/09\/plan-masse-1024x737.jpg 1024w, https:\/\/albaneleonard.fr\/wp-content\/uploads\/2025\/09\/plan-masse-300x216.jpg 300w, https:\/\/albaneleonard.fr\/wp-content\/uploads\/2025\/09\/plan-masse-768x553.jpg 768w, https:\/\/albaneleonard.fr\/wp-content\/uploads\/2025\/09\/plan-masse-1536x1106.jpg 1536w, https:\/\/albaneleonard.fr\/wp-content\/uploads\/2025\/09\/plan-masse.jpg 1700w\" sizes=\"auto, (max-width: 1024px) 100vw, 1024px\" \/><figcaption class=\"wp-element-caption\">Plan masse du projet<\/figcaption><\/figure>\n\n\n\n<figure class=\"wp-block-image size-large\"><img loading=\"lazy\" decoding=\"async\" width=\"2200\" height=\"1574\" src=\"https:\/\/albaneleonard.fr\/wp-content\/uploads\/2025\/09\/elevation-cote-edited.jpg\" alt=\"\" class=\"wp-image-1299\" srcset=\"https:\/\/albaneleonard.fr\/wp-content\/uploads\/2025\/09\/elevation-cote-edited.jpg 2200w, https:\/\/albaneleonard.fr\/wp-content\/uploads\/2025\/09\/elevation-cote-edited-300x215.jpg 300w, https:\/\/albaneleonard.fr\/wp-content\/uploads\/2025\/09\/elevation-cote-edited-1024x733.jpg 1024w, https:\/\/albaneleonard.fr\/wp-content\/uploads\/2025\/09\/elevation-cote-edited-768x549.jpg 768w, https:\/\/albaneleonard.fr\/wp-content\/uploads\/2025\/09\/elevation-cote-edited-1536x1099.jpg 1536w, https:\/\/albaneleonard.fr\/wp-content\/uploads\/2025\/09\/elevation-cote-edited-2048x1465.jpg 2048w\" sizes=\"auto, (max-width: 2200px) 100vw, 2200px\" \/><figcaption class=\"wp-element-caption\">El\u00e9vation du projet<\/figcaption><\/figure>\n\n\n\n<figure class=\"wp-block-image size-large\"><img loading=\"lazy\" decoding=\"async\" width=\"1024\" height=\"757\" src=\"https:\/\/albaneleonard.fr\/wp-content\/uploads\/2025\/09\/coupe-du-cabanon-1024x757.jpg\" alt=\"\" class=\"wp-image-1296\" srcset=\"https:\/\/albaneleonard.fr\/wp-content\/uploads\/2025\/09\/coupe-du-cabanon-1024x757.jpg 1024w, https:\/\/albaneleonard.fr\/wp-content\/uploads\/2025\/09\/coupe-du-cabanon-300x222.jpg 300w, https:\/\/albaneleonard.fr\/wp-content\/uploads\/2025\/09\/coupe-du-cabanon-768x568.jpg 768w, https:\/\/albaneleonard.fr\/wp-content\/uploads\/2025\/09\/coupe-du-cabanon-1536x1136.jpg 1536w, https:\/\/albaneleonard.fr\/wp-content\/uploads\/2025\/09\/coupe-du-cabanon.jpg 1700w\" sizes=\"auto, (max-width: 1024px) 100vw, 1024px\" \/><figcaption class=\"wp-element-caption\">Coupe du projet<\/figcaption><\/figure>\n<\/div>\n<\/div>\n","protected":false},"excerpt":{"rendered":"<p>Le refuge du lac Projet r\u00e9alis\u00e9 en 2022 \u00e0 l&rsquo;ENSA Marseille R\u00e9alisation d\u2019un [&hellip;]<\/p>\n","protected":false},"author":1,"featured_media":0,"parent":0,"menu_order":0,"comment_status":"closed","ping_status":"closed","template":"","meta":{"footnotes":""},"class_list":["post-1272","page","type-page","status-publish","hentry"],"_links":{"self":[{"href":"https:\/\/albaneleonard.fr\/index.php\/wp-json\/wp\/v2\/pages\/1272","targetHints":{"allow":["GET"]}}],"collection":[{"href":"https:\/\/albaneleonard.fr\/index.php\/wp-json\/wp\/v2\/pages"}],"about":[{"href":"https:\/\/albaneleonard.fr\/index.php\/wp-json\/wp\/v2\/types\/page"}],"author":[{"embeddable":true,"href":"https:\/\/albaneleonard.fr\/index.php\/wp-json\/wp\/v2\/users\/1"}],"replies":[{"embeddable":true,"href":"https:\/\/albaneleonard.fr\/index.php\/wp-json\/wp\/v2\/comments?post=1272"}],"version-history":[{"count":2,"href":"https:\/\/albaneleonard.fr\/index.php\/wp-json\/wp\/v2\/pages\/1272\/revisions"}],"predecessor-version":[{"id":1410,"href":"https:\/\/albaneleonard.fr\/index.php\/wp-json\/wp\/v2\/pages\/1272\/revisions\/1410"}],"wp:attachment":[{"href":"https:\/\/albaneleonard.fr\/index.php\/wp-json\/wp\/v2\/media?parent=1272"}],"curies":[{"name":"wp","href":"https:\/\/api.w.org\/{rel}","templated":true}]}}