{"id":1273,"date":"2025-09-22T21:56:33","date_gmt":"2025-09-22T19:56:33","guid":{"rendered":"https:\/\/albaneleonard.fr\/?page_id=1273"},"modified":"2025-12-11T22:17:52","modified_gmt":"2025-12-11T21:17:52","slug":"le-pavillon-des-liens","status":"publish","type":"page","link":"https:\/\/albaneleonard.fr\/index.php\/le-pavillon-des-liens\/","title":{"rendered":"Le pavillon des liens"},"content":{"rendered":"\n<h1 class=\"wp-block-heading has-text-color has-link-color wp-elements-7e7a52e594d209fdd274333120721cb1\" style=\"color:#8a250a\">Le pavillon des liens<\/h1>\n\n\n\n<div style=\"height:50px\" aria-hidden=\"true\" class=\"wp-block-spacer\"><\/div>\n\n\n\n<div class=\"wp-block-columns is-layout-flex wp-container-core-columns-is-layout-9d6595d7 wp-block-columns-is-layout-flex\">\n<div class=\"wp-block-column is-layout-flow wp-block-column-is-layout-flow\">\n<div style=\"height:0px\" aria-hidden=\"true\" class=\"wp-block-spacer\"><\/div>\n\n\n\n<div class=\"wp-block-columns is-layout-flex wp-container-core-columns-is-layout-9d6595d7 wp-block-columns-is-layout-flex\">\n<div class=\"wp-block-column is-layout-flow wp-block-column-is-layout-flow\" style=\"flex-basis:100%\">\n<h5 class=\"wp-block-heading\">Projet r\u00e9alis\u00e9 en 2022 \u00e0 l&rsquo;ENSA Marseille<\/h5>\n\n\n\n<p class=\"has-small-font-size\" style=\"font-style:normal;font-weight:300;letter-spacing:1px;text-transform:none\">Conception d\u2019un chapiteau en bin\u00f4me :<\/p>\n\n\n\n<p class=\"has-small-font-size\" style=\"font-style:normal;font-weight:300;letter-spacing:1px;text-transform:none\">> techniques structurelles (syst\u00e8me de tendeurs compressant les poteaux au sol)<\/p>\n\n\n\n<p class=\"has-small-font-size\" style=\"font-style:normal;font-weight:300;letter-spacing:1px;text-transform:none\">&gt;r\u00e9flexion sur l\u2019adaptabilit\u00e9 d\u2019un espace recevant des \u00e9v\u00e9nements<\/p>\n\n\n\n<p class=\"has-small-font-size\" style=\"font-style:normal;font-weight:300;letter-spacing:1px;text-transform:none\">&gt;travail sur les seuils d\u2019entr\u00e9e et le lien entre ext\u00e9rieur et int\u00e9rieur                                                                                                                                                                                                             <\/p>\n\n\n\n<p class=\"has-small-font-size\" style=\"font-style:normal;font-weight:300;letter-spacing:1px;text-transform:none\">&gt;Nous avons con\u00e7u un chapiteau modulable, compos\u00e9<br>d\u2019un premier chapiteau en toile noire opaque, pouvant s\u2019ouvrir sur un second chapiteau, en toile transparente.<\/p>\n<\/div>\n<\/div>\n\n\n\n<div style=\"height:35px\" aria-hidden=\"true\" class=\"wp-block-spacer\"><\/div>\n\n\n\n<figure class=\"wp-block-image size-large\"><img loading=\"lazy\" decoding=\"async\" width=\"576\" height=\"1024\" src=\"https:\/\/albaneleonard.fr\/wp-content\/uploads\/2025\/09\/maquette-vue-du-dessus-576x1024.jpg\" alt=\"\" class=\"wp-image-1313\" srcset=\"https:\/\/albaneleonard.fr\/wp-content\/uploads\/2025\/09\/maquette-vue-du-dessus-576x1024.jpg 576w, https:\/\/albaneleonard.fr\/wp-content\/uploads\/2025\/09\/maquette-vue-du-dessus-169x300.jpg 169w, https:\/\/albaneleonard.fr\/wp-content\/uploads\/2025\/09\/maquette-vue-du-dessus-768x1365.jpg 768w, https:\/\/albaneleonard.fr\/wp-content\/uploads\/2025\/09\/maquette-vue-du-dessus-864x1536.jpg 864w, https:\/\/albaneleonard.fr\/wp-content\/uploads\/2025\/09\/maquette-vue-du-dessus-1152x2048.jpg 1152w, https:\/\/albaneleonard.fr\/wp-content\/uploads\/2025\/09\/maquette-vue-du-dessus-scaled.jpg 1440w\" sizes=\"auto, (max-width: 576px) 100vw, 576px\" \/><figcaption class=\"wp-element-caption\">Maquette finale du projet<\/figcaption><\/figure>\n\n\n\n<figure class=\"wp-block-image size-large\"><img loading=\"lazy\" decoding=\"async\" width=\"772\" height=\"1024\" src=\"https:\/\/albaneleonard.fr\/wp-content\/uploads\/2025\/09\/croquis-reajuste-772x1024.png\" alt=\"\" class=\"wp-image-1327\" srcset=\"https:\/\/albaneleonard.fr\/wp-content\/uploads\/2025\/09\/croquis-reajuste-772x1024.png 772w, https:\/\/albaneleonard.fr\/wp-content\/uploads\/2025\/09\/croquis-reajuste-226x300.png 226w, https:\/\/albaneleonard.fr\/wp-content\/uploads\/2025\/09\/croquis-reajuste-768x1019.png 768w, https:\/\/albaneleonard.fr\/wp-content\/uploads\/2025\/09\/croquis-reajuste-1158x1536.png 1158w, https:\/\/albaneleonard.fr\/wp-content\/uploads\/2025\/09\/croquis-reajuste.png 1319w\" sizes=\"auto, (max-width: 772px) 100vw, 772px\" \/><figcaption class=\"wp-element-caption\">Croquis d&rsquo;exploration<\/figcaption><\/figure>\n\n\n\n<figure class=\"wp-block-image size-large\"><img loading=\"lazy\" decoding=\"async\" width=\"1024\" height=\"988\" src=\"https:\/\/albaneleonard.fr\/wp-content\/uploads\/2025\/09\/croquis-blanchi-1024x988.png\" alt=\"\" class=\"wp-image-1317\" srcset=\"https:\/\/albaneleonard.fr\/wp-content\/uploads\/2025\/09\/croquis-blanchi-1024x988.png 1024w, https:\/\/albaneleonard.fr\/wp-content\/uploads\/2025\/09\/croquis-blanchi-300x289.png 300w, https:\/\/albaneleonard.fr\/wp-content\/uploads\/2025\/09\/croquis-blanchi-768x741.png 768w, https:\/\/albaneleonard.fr\/wp-content\/uploads\/2025\/09\/croquis-blanchi-1536x1482.png 1536w, https:\/\/albaneleonard.fr\/wp-content\/uploads\/2025\/09\/croquis-blanchi.png 1596w\" sizes=\"auto, (max-width: 1024px) 100vw, 1024px\" \/><figcaption class=\"wp-element-caption\">Croquis d&rsquo;exploration<\/figcaption><\/figure>\n\n\n\n<figure class=\"wp-block-image size-full\"><img loading=\"lazy\" decoding=\"async\" width=\"2560\" height=\"1440\" src=\"https:\/\/albaneleonard.fr\/wp-content\/uploads\/2025\/09\/maquette-exploration-scaled.jpg\" alt=\"\" class=\"wp-image-1305\" srcset=\"https:\/\/albaneleonard.fr\/wp-content\/uploads\/2025\/09\/maquette-exploration-scaled.jpg 2560w, https:\/\/albaneleonard.fr\/wp-content\/uploads\/2025\/09\/maquette-exploration-300x169.jpg 300w, https:\/\/albaneleonard.fr\/wp-content\/uploads\/2025\/09\/maquette-exploration-1024x576.jpg 1024w, https:\/\/albaneleonard.fr\/wp-content\/uploads\/2025\/09\/maquette-exploration-768x432.jpg 768w, https:\/\/albaneleonard.fr\/wp-content\/uploads\/2025\/09\/maquette-exploration-1536x864.jpg 1536w, https:\/\/albaneleonard.fr\/wp-content\/uploads\/2025\/09\/maquette-exploration-2048x1152.jpg 2048w\" sizes=\"auto, (max-width: 2560px) 100vw, 2560px\" \/><figcaption class=\"wp-element-caption\">Maquette d&rsquo;exploration<\/figcaption><\/figure>\n<\/div>\n\n\n\n<div class=\"wp-block-column is-layout-flow wp-block-column-is-layout-flow\">\n<figure class=\"wp-block-image size-full\"><img loading=\"lazy\" decoding=\"async\" width=\"2560\" height=\"1920\" src=\"https:\/\/albaneleonard.fr\/wp-content\/uploads\/2025\/09\/maquette-detoure-1-edited-scaled.png\" alt=\"\" class=\"wp-image-1311\" srcset=\"https:\/\/albaneleonard.fr\/wp-content\/uploads\/2025\/09\/maquette-detoure-1-edited-scaled.png 2560w, https:\/\/albaneleonard.fr\/wp-content\/uploads\/2025\/09\/maquette-detoure-1-edited-300x225.png 300w, https:\/\/albaneleonard.fr\/wp-content\/uploads\/2025\/09\/maquette-detoure-1-edited-1024x768.png 1024w, https:\/\/albaneleonard.fr\/wp-content\/uploads\/2025\/09\/maquette-detoure-1-edited-768x576.png 768w, https:\/\/albaneleonard.fr\/wp-content\/uploads\/2025\/09\/maquette-detoure-1-edited-1536x1152.png 1536w, https:\/\/albaneleonard.fr\/wp-content\/uploads\/2025\/09\/maquette-detoure-1-edited-2048x1536.png 2048w\" sizes=\"auto, (max-width: 2560px) 100vw, 2560px\" \/><figcaption class=\"wp-element-caption\">Maquette finale du projet<\/figcaption><\/figure>\n\n\n\n<figure class=\"wp-block-image size-large\"><img loading=\"lazy\" decoding=\"async\" width=\"576\" height=\"1024\" src=\"https:\/\/albaneleonard.fr\/wp-content\/uploads\/2025\/09\/maquette-576x1024.jpg\" alt=\"\" class=\"wp-image-1312\" srcset=\"https:\/\/albaneleonard.fr\/wp-content\/uploads\/2025\/09\/maquette-576x1024.jpg 576w, https:\/\/albaneleonard.fr\/wp-content\/uploads\/2025\/09\/maquette-169x300.jpg 169w, https:\/\/albaneleonard.fr\/wp-content\/uploads\/2025\/09\/maquette-768x1365.jpg 768w, https:\/\/albaneleonard.fr\/wp-content\/uploads\/2025\/09\/maquette-864x1536.jpg 864w, https:\/\/albaneleonard.fr\/wp-content\/uploads\/2025\/09\/maquette-1152x2048.jpg 1152w, https:\/\/albaneleonard.fr\/wp-content\/uploads\/2025\/09\/maquette-scaled.jpg 1440w\" sizes=\"auto, (max-width: 576px) 100vw, 576px\" \/><figcaption class=\"wp-element-caption\">Maquette finale du projet<\/figcaption><\/figure>\n\n\n\n<figure class=\"wp-block-image size-large\"><img loading=\"lazy\" decoding=\"async\" width=\"1024\" height=\"722\" src=\"https:\/\/albaneleonard.fr\/wp-content\/uploads\/2025\/09\/coupe-du-chapiteau-1024x722.jpg\" alt=\"\" class=\"wp-image-1314\" srcset=\"https:\/\/albaneleonard.fr\/wp-content\/uploads\/2025\/09\/coupe-du-chapiteau-1024x722.jpg 1024w, https:\/\/albaneleonard.fr\/wp-content\/uploads\/2025\/09\/coupe-du-chapiteau-300x211.jpg 300w, https:\/\/albaneleonard.fr\/wp-content\/uploads\/2025\/09\/coupe-du-chapiteau-768x541.jpg 768w, https:\/\/albaneleonard.fr\/wp-content\/uploads\/2025\/09\/coupe-du-chapiteau-1536x1082.jpg 1536w, https:\/\/albaneleonard.fr\/wp-content\/uploads\/2025\/09\/coupe-du-chapiteau.jpg 1700w\" sizes=\"auto, (max-width: 1024px) 100vw, 1024px\" \/><figcaption class=\"wp-element-caption\">El\u00e9vation du projet<\/figcaption><\/figure>\n\n\n\n<figure class=\"wp-block-image size-large\"><img loading=\"lazy\" decoding=\"async\" width=\"1024\" height=\"744\" src=\"https:\/\/albaneleonard.fr\/wp-content\/uploads\/2025\/09\/plan-1024x744.png\" alt=\"\" class=\"wp-image-1316\" srcset=\"https:\/\/albaneleonard.fr\/wp-content\/uploads\/2025\/09\/plan-1024x744.png 1024w, https:\/\/albaneleonard.fr\/wp-content\/uploads\/2025\/09\/plan-300x218.png 300w, https:\/\/albaneleonard.fr\/wp-content\/uploads\/2025\/09\/plan-768x558.png 768w, https:\/\/albaneleonard.fr\/wp-content\/uploads\/2025\/09\/plan-1536x1116.png 1536w, https:\/\/albaneleonard.fr\/wp-content\/uploads\/2025\/09\/plan.png 1700w\" sizes=\"auto, (max-width: 1024px) 100vw, 1024px\" \/><figcaption class=\"wp-element-caption\">Plan du Projet<\/figcaption><\/figure>\n\n\n\n<figure class=\"wp-block-image size-large\"><img loading=\"lazy\" decoding=\"async\" width=\"1024\" height=\"744\" src=\"https:\/\/albaneleonard.fr\/wp-content\/uploads\/2025\/09\/coupe-chapuiteau-1024x744.jpg\" alt=\"\" class=\"wp-image-1315\" srcset=\"https:\/\/albaneleonard.fr\/wp-content\/uploads\/2025\/09\/coupe-chapuiteau-1024x744.jpg 1024w, https:\/\/albaneleonard.fr\/wp-content\/uploads\/2025\/09\/coupe-chapuiteau-300x218.jpg 300w, https:\/\/albaneleonard.fr\/wp-content\/uploads\/2025\/09\/coupe-chapuiteau-768x558.jpg 768w, https:\/\/albaneleonard.fr\/wp-content\/uploads\/2025\/09\/coupe-chapuiteau-1536x1116.jpg 1536w, https:\/\/albaneleonard.fr\/wp-content\/uploads\/2025\/09\/coupe-chapuiteau.jpg 1700w\" sizes=\"auto, (max-width: 1024px) 100vw, 1024px\" \/><figcaption class=\"wp-element-caption\">Coupe du Projet<\/figcaption><\/figure>\n<\/div>\n<\/div>\n\n\n\n<p><\/p>\n","protected":false},"excerpt":{"rendered":"<p>Le pavillon des liens Projet r\u00e9alis\u00e9 en 2022 \u00e0 l&rsquo;ENSA Marseille Conception d\u2019un [&hellip;]<\/p>\n","protected":false},"author":1,"featured_media":0,"parent":0,"menu_order":0,"comment_status":"closed","ping_status":"closed","template":"","meta":{"footnotes":""},"class_list":["post-1273","page","type-page","status-publish","hentry"],"_links":{"self":[{"href":"https:\/\/albaneleonard.fr\/index.php\/wp-json\/wp\/v2\/pages\/1273","targetHints":{"allow":["GET"]}}],"collection":[{"href":"https:\/\/albaneleonard.fr\/index.php\/wp-json\/wp\/v2\/pages"}],"about":[{"href":"https:\/\/albaneleonard.fr\/index.php\/wp-json\/wp\/v2\/types\/page"}],"author":[{"embeddable":true,"href":"https:\/\/albaneleonard.fr\/index.php\/wp-json\/wp\/v2\/users\/1"}],"replies":[{"embeddable":true,"href":"https:\/\/albaneleonard.fr\/index.php\/wp-json\/wp\/v2\/comments?post=1273"}],"version-history":[{"count":7,"href":"https:\/\/albaneleonard.fr\/index.php\/wp-json\/wp\/v2\/pages\/1273\/revisions"}],"predecessor-version":[{"id":1408,"href":"https:\/\/albaneleonard.fr\/index.php\/wp-json\/wp\/v2\/pages\/1273\/revisions\/1408"}],"wp:attachment":[{"href":"https:\/\/albaneleonard.fr\/index.php\/wp-json\/wp\/v2\/media?parent=1273"}],"curies":[{"name":"wp","href":"https:\/\/api.w.org\/{rel}","templated":true}]}}