{"id":1279,"date":"2025-09-22T22:19:11","date_gmt":"2025-09-22T20:19:11","guid":{"rendered":"https:\/\/albaneleonard.fr\/?page_id=1279"},"modified":"2025-12-11T22:18:49","modified_gmt":"2025-12-11T21:18:49","slug":"un-phare-dechanges","status":"publish","type":"page","link":"https:\/\/albaneleonard.fr\/index.php\/un-phare-dechanges\/","title":{"rendered":"Un phare d&rsquo;\u00e9changes"},"content":{"rendered":"\n<h1 class=\"wp-block-heading has-text-color has-link-color wp-elements-32cc0fb6189122f2e59c7c0658f168db\" style=\"color:#8a250a\">Un phare d&rsquo;\u00e9changes<\/h1>\n\n\n\n<div style=\"height:50px\" aria-hidden=\"true\" class=\"wp-block-spacer\"><\/div>\n\n\n\n<div class=\"wp-block-columns is-layout-flex wp-container-core-columns-is-layout-9d6595d7 wp-block-columns-is-layout-flex\">\n<div class=\"wp-block-column is-layout-flow wp-block-column-is-layout-flow\">\n<div style=\"height:0px\" aria-hidden=\"true\" class=\"wp-block-spacer\"><\/div>\n\n\n\n<div class=\"wp-block-columns is-layout-flex wp-container-core-columns-is-layout-9d6595d7 wp-block-columns-is-layout-flex\">\n<div class=\"wp-block-column is-layout-flow wp-block-column-is-layout-flow\" style=\"flex-basis:100%\">\n<h5 class=\"wp-block-heading\">Projet r\u00e9alis\u00e9 en 2023 \u00e0 l&rsquo;ENSA Marseille en L1<\/h5>\n\n\n\n<p class=\"has-small-font-size\" style=\"font-style:normal;font-weight:300;letter-spacing:1px;text-transform:none\">Conception d\u2019une halle de march\u00e9 couvert (Arles) :<\/p>\n\n\n\n<p class=\"has-small-font-size\" style=\"font-style:normal;font-weight:300;letter-spacing:1px;text-transform:none\">&gt; travail sur le dialogue entre site et projet, cr\u00e9ation<br>d\u2019un lieu polyvalent r\u00e9pondant aux besoins des habitants &#8211; r\u00e9flexion sur un dispositif lumineux adaptable (syst\u00e8me de brise <\/p>\n\n\n\n<p class=\"has-small-font-size\" style=\"font-style:normal;font-weight:300;letter-spacing:1px;text-transform:none\">&gt;soleil verticaux pouvant s\u2019ouvrir et se fermer, afin de cr\u00e9er des<br>atmosph\u00e8res propres aux besoins de chacun) <\/p>\n\n\n\n<p class=\"has-small-font-size\" style=\"font-style:normal;font-weight:300;letter-spacing:1px;text-transform:none\">&gt;Le projet s\u2019ins\u00e8re dans le site de telle sorte qu\u2019il ne d\u00e9nature pas la place et mette en valeur les b\u00e2timents historiques environnants, tout en offrant un nouvel espace de rassemblement et d\u2019accueil.<\/p>\n<\/div>\n<\/div>\n\n\n\n<figure class=\"wp-block-image size-large\"><img loading=\"lazy\" decoding=\"async\" width=\"576\" height=\"1024\" src=\"https:\/\/albaneleonard.fr\/wp-content\/uploads\/2025\/09\/maquette-de-site-576x1024.png\" alt=\"\" class=\"wp-image-1337\" srcset=\"https:\/\/albaneleonard.fr\/wp-content\/uploads\/2025\/09\/maquette-de-site-576x1024.png 576w, https:\/\/albaneleonard.fr\/wp-content\/uploads\/2025\/09\/maquette-de-site-169x300.png 169w, https:\/\/albaneleonard.fr\/wp-content\/uploads\/2025\/09\/maquette-de-site-768x1365.png 768w, https:\/\/albaneleonard.fr\/wp-content\/uploads\/2025\/09\/maquette-de-site-864x1536.png 864w, https:\/\/albaneleonard.fr\/wp-content\/uploads\/2025\/09\/maquette-de-site-1152x2048.png 1152w, https:\/\/albaneleonard.fr\/wp-content\/uploads\/2025\/09\/maquette-de-site-scaled.png 1440w\" sizes=\"auto, (max-width: 576px) 100vw, 576px\" \/><figcaption class=\"wp-element-caption\">Maquette de volumes positionn\u00e9 sur la maquette de site<\/figcaption><\/figure>\n\n\n\n<figure class=\"wp-block-image size-large\"><img loading=\"lazy\" decoding=\"async\" width=\"1024\" height=\"819\" src=\"https:\/\/albaneleonard.fr\/wp-content\/uploads\/2025\/09\/Adobe-Scan-04-mai-2023-1_1-1024x819.jpg\" alt=\"\" class=\"wp-image-1339\" srcset=\"https:\/\/albaneleonard.fr\/wp-content\/uploads\/2025\/09\/Adobe-Scan-04-mai-2023-1_1-1024x819.jpg 1024w, https:\/\/albaneleonard.fr\/wp-content\/uploads\/2025\/09\/Adobe-Scan-04-mai-2023-1_1-300x240.jpg 300w, https:\/\/albaneleonard.fr\/wp-content\/uploads\/2025\/09\/Adobe-Scan-04-mai-2023-1_1-768x614.jpg 768w, https:\/\/albaneleonard.fr\/wp-content\/uploads\/2025\/09\/Adobe-Scan-04-mai-2023-1_1-1536x1229.jpg 1536w, https:\/\/albaneleonard.fr\/wp-content\/uploads\/2025\/09\/Adobe-Scan-04-mai-2023-1_1.jpg 1700w\" sizes=\"auto, (max-width: 1024px) 100vw, 1024px\" \/><figcaption class=\"wp-element-caption\">G\u00e9om\u00e9tral du projet<\/figcaption><\/figure>\n\n\n\n<figure class=\"wp-block-image size-large\"><img loading=\"lazy\" decoding=\"async\" width=\"1577\" height=\"1577\" src=\"https:\/\/albaneleonard.fr\/wp-content\/uploads\/2025\/09\/croquis-separe-2-edited.png\" alt=\"\" class=\"wp-image-1334\" srcset=\"https:\/\/albaneleonard.fr\/wp-content\/uploads\/2025\/09\/croquis-separe-2-edited.png 1577w, https:\/\/albaneleonard.fr\/wp-content\/uploads\/2025\/09\/croquis-separe-2-edited-300x300.png 300w, https:\/\/albaneleonard.fr\/wp-content\/uploads\/2025\/09\/croquis-separe-2-edited-1024x1024.png 1024w, https:\/\/albaneleonard.fr\/wp-content\/uploads\/2025\/09\/croquis-separe-2-edited-150x150.png 150w, https:\/\/albaneleonard.fr\/wp-content\/uploads\/2025\/09\/croquis-separe-2-edited-768x768.png 768w, https:\/\/albaneleonard.fr\/wp-content\/uploads\/2025\/09\/croquis-separe-2-edited-1536x1536.png 1536w\" sizes=\"auto, (max-width: 1577px) 100vw, 1577px\" \/><figcaption class=\"wp-element-caption\">Dessin d&rsquo;exploration <\/figcaption><\/figure>\n\n\n\n<figure class=\"wp-block-image size-large\"><img loading=\"lazy\" decoding=\"async\" width=\"1024\" height=\"687\" src=\"https:\/\/albaneleonard.fr\/wp-content\/uploads\/2025\/09\/Adobe-Scan-04-mai-2023-2_1-1024x687.jpg\" alt=\"\" class=\"wp-image-1340\" srcset=\"https:\/\/albaneleonard.fr\/wp-content\/uploads\/2025\/09\/Adobe-Scan-04-mai-2023-2_1-1024x687.jpg 1024w, https:\/\/albaneleonard.fr\/wp-content\/uploads\/2025\/09\/Adobe-Scan-04-mai-2023-2_1-300x201.jpg 300w, https:\/\/albaneleonard.fr\/wp-content\/uploads\/2025\/09\/Adobe-Scan-04-mai-2023-2_1-768x515.jpg 768w, https:\/\/albaneleonard.fr\/wp-content\/uploads\/2025\/09\/Adobe-Scan-04-mai-2023-2_1-1536x1030.jpg 1536w, https:\/\/albaneleonard.fr\/wp-content\/uploads\/2025\/09\/Adobe-Scan-04-mai-2023-2_1.jpg 1700w\" sizes=\"auto, (max-width: 1024px) 100vw, 1024px\" \/><figcaption class=\"wp-element-caption\">Coupe paysag\u00e8re et plan masse du projet<\/figcaption><\/figure>\n\n\n\n<figure class=\"wp-block-image size-large\"><img loading=\"lazy\" decoding=\"async\" width=\"2560\" height=\"1440\" src=\"https:\/\/albaneleonard.fr\/wp-content\/uploads\/2025\/09\/PXL_20230307_171522525.MP_-edited-scaled.jpg\" alt=\"\" class=\"wp-image-1343\" srcset=\"https:\/\/albaneleonard.fr\/wp-content\/uploads\/2025\/09\/PXL_20230307_171522525.MP_-edited-scaled.jpg 2560w, https:\/\/albaneleonard.fr\/wp-content\/uploads\/2025\/09\/PXL_20230307_171522525.MP_-edited-300x169.jpg 300w, https:\/\/albaneleonard.fr\/wp-content\/uploads\/2025\/09\/PXL_20230307_171522525.MP_-edited-1024x576.jpg 1024w, https:\/\/albaneleonard.fr\/wp-content\/uploads\/2025\/09\/PXL_20230307_171522525.MP_-edited-768x432.jpg 768w, https:\/\/albaneleonard.fr\/wp-content\/uploads\/2025\/09\/PXL_20230307_171522525.MP_-edited-1536x864.jpg 1536w, https:\/\/albaneleonard.fr\/wp-content\/uploads\/2025\/09\/PXL_20230307_171522525.MP_-edited-2048x1152.jpg 2048w\" sizes=\"auto, (max-width: 2560px) 100vw, 2560px\" \/><figcaption class=\"wp-element-caption\">maquette de volumes du projet<\/figcaption><\/figure>\n<\/div>\n\n\n\n<div class=\"wp-block-column is-layout-flow wp-block-column-is-layout-flow\">\n<figure class=\"wp-block-image size-full\"><img loading=\"lazy\" decoding=\"async\" width=\"2268\" height=\"1701\" src=\"https:\/\/albaneleonard.fr\/wp-content\/uploads\/2025\/09\/maquette-principale-decoupage-edited.png\" alt=\"\" class=\"wp-image-1336\" srcset=\"https:\/\/albaneleonard.fr\/wp-content\/uploads\/2025\/09\/maquette-principale-decoupage-edited.png 2268w, https:\/\/albaneleonard.fr\/wp-content\/uploads\/2025\/09\/maquette-principale-decoupage-edited-300x225.png 300w, https:\/\/albaneleonard.fr\/wp-content\/uploads\/2025\/09\/maquette-principale-decoupage-edited-1024x768.png 1024w, https:\/\/albaneleonard.fr\/wp-content\/uploads\/2025\/09\/maquette-principale-decoupage-edited-768x576.png 768w, https:\/\/albaneleonard.fr\/wp-content\/uploads\/2025\/09\/maquette-principale-decoupage-edited-1536x1152.png 1536w, https:\/\/albaneleonard.fr\/wp-content\/uploads\/2025\/09\/maquette-principale-decoupage-edited-2048x1536.png 2048w\" sizes=\"auto, (max-width: 2268px) 100vw, 2268px\" \/><figcaption class=\"wp-element-caption\">Maquette finale du projet<\/figcaption><\/figure>\n\n\n\n<figure class=\"wp-block-image size-full\"><img loading=\"lazy\" decoding=\"async\" width=\"968\" height=\"588\" src=\"https:\/\/albaneleonard.fr\/wp-content\/uploads\/2025\/09\/Capture-decran-2025-09-22-234437.png\" alt=\"\" class=\"wp-image-1403\" srcset=\"https:\/\/albaneleonard.fr\/wp-content\/uploads\/2025\/09\/Capture-decran-2025-09-22-234437.png 968w, https:\/\/albaneleonard.fr\/wp-content\/uploads\/2025\/09\/Capture-decran-2025-09-22-234437-300x182.png 300w, https:\/\/albaneleonard.fr\/wp-content\/uploads\/2025\/09\/Capture-decran-2025-09-22-234437-768x467.png 768w\" sizes=\"auto, (max-width: 968px) 100vw, 968px\" \/><figcaption class=\"wp-element-caption\">Dessin en perspective de la Halle de march\u00e9 <\/figcaption><\/figure>\n\n\n\n<figure class=\"wp-block-image size-large\"><img loading=\"lazy\" decoding=\"async\" width=\"1024\" height=\"835\" src=\"https:\/\/albaneleonard.fr\/wp-content\/uploads\/2025\/09\/maquette-ouverture-phototoshop-1024x835.png\" alt=\"\" class=\"wp-image-1332\" srcset=\"https:\/\/albaneleonard.fr\/wp-content\/uploads\/2025\/09\/maquette-ouverture-phototoshop-1024x835.png 1024w, https:\/\/albaneleonard.fr\/wp-content\/uploads\/2025\/09\/maquette-ouverture-phototoshop-300x245.png 300w, https:\/\/albaneleonard.fr\/wp-content\/uploads\/2025\/09\/maquette-ouverture-phototoshop-768x627.png 768w, https:\/\/albaneleonard.fr\/wp-content\/uploads\/2025\/09\/maquette-ouverture-phototoshop-1536x1253.png 1536w, https:\/\/albaneleonard.fr\/wp-content\/uploads\/2025\/09\/maquette-ouverture-phototoshop-2048x1671.png 2048w\" sizes=\"auto, (max-width: 1024px) 100vw, 1024px\" \/><figcaption class=\"wp-element-caption\">Maquette finale du projet<\/figcaption><\/figure>\n\n\n\n<figure class=\"wp-block-image size-large\"><img loading=\"lazy\" decoding=\"async\" width=\"1668\" height=\"938\" src=\"https:\/\/albaneleonard.fr\/wp-content\/uploads\/2025\/09\/croquis-separe-edited.png\" alt=\"\" class=\"wp-image-1335\" srcset=\"https:\/\/albaneleonard.fr\/wp-content\/uploads\/2025\/09\/croquis-separe-edited.png 1668w, https:\/\/albaneleonard.fr\/wp-content\/uploads\/2025\/09\/croquis-separe-edited-300x169.png 300w, https:\/\/albaneleonard.fr\/wp-content\/uploads\/2025\/09\/croquis-separe-edited-1024x576.png 1024w, https:\/\/albaneleonard.fr\/wp-content\/uploads\/2025\/09\/croquis-separe-edited-768x432.png 768w, https:\/\/albaneleonard.fr\/wp-content\/uploads\/2025\/09\/croquis-separe-edited-1536x864.png 1536w\" sizes=\"auto, (max-width: 1668px) 100vw, 1668px\" \/><figcaption class=\"wp-element-caption\">Dessin d&rsquo;exploration<\/figcaption><\/figure>\n\n\n\n<figure class=\"wp-block-image size-full\"><img loading=\"lazy\" decoding=\"async\" width=\"1440\" height=\"2560\" src=\"https:\/\/albaneleonard.fr\/wp-content\/uploads\/2025\/09\/maquette-lumiere-scaled.png\" alt=\"\" class=\"wp-image-1331\" srcset=\"https:\/\/albaneleonard.fr\/wp-content\/uploads\/2025\/09\/maquette-lumiere-scaled.png 1440w, https:\/\/albaneleonard.fr\/wp-content\/uploads\/2025\/09\/maquette-lumiere-169x300.png 169w, https:\/\/albaneleonard.fr\/wp-content\/uploads\/2025\/09\/maquette-lumiere-576x1024.png 576w, https:\/\/albaneleonard.fr\/wp-content\/uploads\/2025\/09\/maquette-lumiere-768x1365.png 768w, https:\/\/albaneleonard.fr\/wp-content\/uploads\/2025\/09\/maquette-lumiere-864x1536.png 864w, https:\/\/albaneleonard.fr\/wp-content\/uploads\/2025\/09\/maquette-lumiere-1152x2048.png 1152w\" sizes=\"auto, (max-width: 1440px) 100vw, 1440px\" \/><figcaption class=\"wp-element-caption\">Maquette d&rsquo;exploration du dispositif lumi\u00e8re<\/figcaption><\/figure>\n\n\n\n<figure class=\"wp-block-image size-large\"><img loading=\"lazy\" decoding=\"async\" width=\"802\" height=\"1024\" src=\"https:\/\/albaneleonard.fr\/wp-content\/uploads\/2025\/09\/original_163f3acc41e5a13c980d0b13093d53d7-802x1024.jpg\" alt=\"\" class=\"wp-image-1341\" srcset=\"https:\/\/albaneleonard.fr\/wp-content\/uploads\/2025\/09\/original_163f3acc41e5a13c980d0b13093d53d7-802x1024.jpg 802w, https:\/\/albaneleonard.fr\/wp-content\/uploads\/2025\/09\/original_163f3acc41e5a13c980d0b13093d53d7-235x300.jpg 235w, https:\/\/albaneleonard.fr\/wp-content\/uploads\/2025\/09\/original_163f3acc41e5a13c980d0b13093d53d7-768x980.jpg 768w, https:\/\/albaneleonard.fr\/wp-content\/uploads\/2025\/09\/original_163f3acc41e5a13c980d0b13093d53d7-1203x1536.jpg 1203w, https:\/\/albaneleonard.fr\/wp-content\/uploads\/2025\/09\/original_163f3acc41e5a13c980d0b13093d53d7-1605x2048.jpg 1605w, https:\/\/albaneleonard.fr\/wp-content\/uploads\/2025\/09\/original_163f3acc41e5a13c980d0b13093d53d7.jpg 1726w\" sizes=\"auto, (max-width: 802px) 100vw, 802px\" \/><figcaption class=\"wp-element-caption\">Notes d&rsquo;intentions du projet<\/figcaption><\/figure>\n<\/div>\n<\/div>\n","protected":false},"excerpt":{"rendered":"<p>Un phare d&rsquo;\u00e9changes Projet r\u00e9alis\u00e9 en 2023 \u00e0 l&rsquo;ENSA Marseille en L1 Conception [&hellip;]<\/p>\n","protected":false},"author":1,"featured_media":0,"parent":0,"menu_order":0,"comment_status":"closed","ping_status":"closed","template":"","meta":{"footnotes":""},"class_list":["post-1279","page","type-page","status-publish","hentry"],"_links":{"self":[{"href":"https:\/\/albaneleonard.fr\/index.php\/wp-json\/wp\/v2\/pages\/1279","targetHints":{"allow":["GET"]}}],"collection":[{"href":"https:\/\/albaneleonard.fr\/index.php\/wp-json\/wp\/v2\/pages"}],"about":[{"href":"https:\/\/albaneleonard.fr\/index.php\/wp-json\/wp\/v2\/types\/page"}],"author":[{"embeddable":true,"href":"https:\/\/albaneleonard.fr\/index.php\/wp-json\/wp\/v2\/users\/1"}],"replies":[{"embeddable":true,"href":"https:\/\/albaneleonard.fr\/index.php\/wp-json\/wp\/v2\/comments?post=1279"}],"version-history":[{"count":2,"href":"https:\/\/albaneleonard.fr\/index.php\/wp-json\/wp\/v2\/pages\/1279\/revisions"}],"predecessor-version":[{"id":1405,"href":"https:\/\/albaneleonard.fr\/index.php\/wp-json\/wp\/v2\/pages\/1279\/revisions\/1405"}],"wp:attachment":[{"href":"https:\/\/albaneleonard.fr\/index.php\/wp-json\/wp\/v2\/media?parent=1279"}],"curies":[{"name":"wp","href":"https:\/\/api.w.org\/{rel}","templated":true}]}}