{"id":1280,"date":"2025-09-22T22:43:56","date_gmt":"2025-09-22T20:43:56","guid":{"rendered":"https:\/\/albaneleonard.fr\/?page_id=1280"},"modified":"2025-12-11T22:17:49","modified_gmt":"2025-12-11T21:17:49","slug":"lhorizon-des-arts","status":"publish","type":"page","link":"https:\/\/albaneleonard.fr\/index.php\/lhorizon-des-arts\/","title":{"rendered":"L&rsquo;horizon des arts"},"content":{"rendered":"\n<h1 class=\"wp-block-heading has-text-color has-link-color wp-elements-7a95567a055f9ccc3f16031b53b25cc6\" style=\"color:#8a250a\">L&rsquo;horizon des arts<\/h1>\n\n\n\n<div style=\"height:50px\" aria-hidden=\"true\" class=\"wp-block-spacer\"><\/div>\n\n\n\n<div class=\"wp-block-columns is-layout-flex wp-container-core-columns-is-layout-9d6595d7 wp-block-columns-is-layout-flex\">\n<div class=\"wp-block-column is-layout-flow wp-block-column-is-layout-flow\">\n<div style=\"height:0px\" aria-hidden=\"true\" class=\"wp-block-spacer\"><\/div>\n\n\n\n<div class=\"wp-block-columns is-layout-flex wp-container-core-columns-is-layout-9d6595d7 wp-block-columns-is-layout-flex\">\n<div class=\"wp-block-column is-layout-flow wp-block-column-is-layout-flow\" style=\"flex-basis:100%\">\n<h5 class=\"wp-block-heading\">Projet r\u00e9alis\u00e9 en 2023 \u00e0 l&rsquo;ENSA Marseille en L1<\/h5>\n\n\n\n<p class=\"has-small-font-size\" style=\"font-style:normal;font-weight:300;letter-spacing:1px;text-transform:none\">Cr\u00e9ation d\u2019une galerie d\u2019exposition (Arles) :<\/p>\n\n\n\n<p class=\"has-small-font-size\" style=\"font-style:normal;font-weight:300;letter-spacing:1px;text-transform:none\">>conception d\u2019une maquette de d\u00e9tails structurels<\/p>\n\n\n\n<p class=\"has-small-font-size\" style=\"font-style:normal;font-weight:300;letter-spacing:1px;text-transform:none\">>r\u00e9flexion sur les sp\u00e9cificit\u00e9s du site d\u2019implantation <\/p>\n\n\n\n<p class=\"has-small-font-size\" style=\"font-style:normal;font-weight:300;letter-spacing:1px;text-transform:none\">>(belv\u00e9d\u00e8re)travail important sur un dispositif lumineux adapt\u00e9 \u00e0 l\u2019exposition d\u2019\u0153uvres (maquette de principe)<\/p>\n\n\n\n<p class=\"has-small-font-size\" style=\"font-style:normal;font-weight:300;letter-spacing:1px;text-transform:none\">>Ce projet est con\u00e7u pour s\u2019accrocher aux limites du belv\u00e9d\u00e8re ; il offre ainsi des espaces impr\u00e9gn\u00e9s<br>d\u2019atmosph\u00e8res diff\u00e9rentes.<\/p>\n<\/div>\n<\/div>\n\n\n\n<div style=\"height:35px\" aria-hidden=\"true\" class=\"wp-block-spacer\"><\/div>\n\n\n\n<figure class=\"wp-block-image size-full\"><img loading=\"lazy\" decoding=\"async\" width=\"1920\" height=\"2560\" src=\"https:\/\/albaneleonard.fr\/wp-content\/uploads\/2025\/09\/MAQUETTE-edited-scaled.png\" alt=\"\" class=\"wp-image-1363\" srcset=\"https:\/\/albaneleonard.fr\/wp-content\/uploads\/2025\/09\/MAQUETTE-edited-scaled.png 1920w, https:\/\/albaneleonard.fr\/wp-content\/uploads\/2025\/09\/MAQUETTE-edited-225x300.png 225w, https:\/\/albaneleonard.fr\/wp-content\/uploads\/2025\/09\/MAQUETTE-edited-768x1024.png 768w, https:\/\/albaneleonard.fr\/wp-content\/uploads\/2025\/09\/MAQUETTE-edited-1152x1536.png 1152w, https:\/\/albaneleonard.fr\/wp-content\/uploads\/2025\/09\/MAQUETTE-edited-1536x2048.png 1536w\" sizes=\"auto, (max-width: 1920px) 100vw, 1920px\" \/><figcaption class=\"wp-element-caption\">Maquette finale du projet<\/figcaption><\/figure>\n\n\n\n<figure class=\"wp-block-image size-large\"><img loading=\"lazy\" decoding=\"async\" width=\"2268\" height=\"2268\" src=\"https:\/\/albaneleonard.fr\/wp-content\/uploads\/2025\/09\/PXL_20230622_071145564.MP_-edited.jpg\" alt=\"\" class=\"wp-image-1362\" srcset=\"https:\/\/albaneleonard.fr\/wp-content\/uploads\/2025\/09\/PXL_20230622_071145564.MP_-edited.jpg 2268w, https:\/\/albaneleonard.fr\/wp-content\/uploads\/2025\/09\/PXL_20230622_071145564.MP_-edited-300x300.jpg 300w, https:\/\/albaneleonard.fr\/wp-content\/uploads\/2025\/09\/PXL_20230622_071145564.MP_-edited-1024x1024.jpg 1024w, https:\/\/albaneleonard.fr\/wp-content\/uploads\/2025\/09\/PXL_20230622_071145564.MP_-edited-150x150.jpg 150w, https:\/\/albaneleonard.fr\/wp-content\/uploads\/2025\/09\/PXL_20230622_071145564.MP_-edited-768x768.jpg 768w, https:\/\/albaneleonard.fr\/wp-content\/uploads\/2025\/09\/PXL_20230622_071145564.MP_-edited-1536x1536.jpg 1536w, https:\/\/albaneleonard.fr\/wp-content\/uploads\/2025\/09\/PXL_20230622_071145564.MP_-edited-2048x2048.jpg 2048w\" sizes=\"auto, (max-width: 2268px) 100vw, 2268px\" \/><figcaption class=\"wp-element-caption\">Maquette finale du projet<\/figcaption><\/figure>\n\n\n\n<figure class=\"wp-block-image size-large\"><img loading=\"lazy\" decoding=\"async\" width=\"1024\" height=\"822\" src=\"https:\/\/albaneleonard.fr\/wp-content\/uploads\/2025\/09\/Adobe-Scan-22-juin-2023-2_1-1024x822.jpg\" alt=\"\" class=\"wp-image-1355\" srcset=\"https:\/\/albaneleonard.fr\/wp-content\/uploads\/2025\/09\/Adobe-Scan-22-juin-2023-2_1-1024x822.jpg 1024w, https:\/\/albaneleonard.fr\/wp-content\/uploads\/2025\/09\/Adobe-Scan-22-juin-2023-2_1-300x241.jpg 300w, https:\/\/albaneleonard.fr\/wp-content\/uploads\/2025\/09\/Adobe-Scan-22-juin-2023-2_1-768x616.jpg 768w, https:\/\/albaneleonard.fr\/wp-content\/uploads\/2025\/09\/Adobe-Scan-22-juin-2023-2_1-1536x1232.jpg 1536w, https:\/\/albaneleonard.fr\/wp-content\/uploads\/2025\/09\/Adobe-Scan-22-juin-2023-2_1.jpg 1700w\" sizes=\"auto, (max-width: 1024px) 100vw, 1024px\" \/><figcaption class=\"wp-element-caption\">Plan du projet<\/figcaption><\/figure>\n\n\n\n<figure class=\"wp-block-image size-large\"><img loading=\"lazy\" decoding=\"async\" width=\"1024\" height=\"823\" src=\"https:\/\/albaneleonard.fr\/wp-content\/uploads\/2025\/09\/Adobe-Scan-22-juin-2023-3_1-1024x823.jpg\" alt=\"\" class=\"wp-image-1357\" srcset=\"https:\/\/albaneleonard.fr\/wp-content\/uploads\/2025\/09\/Adobe-Scan-22-juin-2023-3_1-1024x823.jpg 1024w, https:\/\/albaneleonard.fr\/wp-content\/uploads\/2025\/09\/Adobe-Scan-22-juin-2023-3_1-300x241.jpg 300w, https:\/\/albaneleonard.fr\/wp-content\/uploads\/2025\/09\/Adobe-Scan-22-juin-2023-3_1-768x618.jpg 768w, https:\/\/albaneleonard.fr\/wp-content\/uploads\/2025\/09\/Adobe-Scan-22-juin-2023-3_1-1536x1235.jpg 1536w, https:\/\/albaneleonard.fr\/wp-content\/uploads\/2025\/09\/Adobe-Scan-22-juin-2023-3_1.jpg 1700w\" sizes=\"auto, (max-width: 1024px) 100vw, 1024px\" \/><figcaption class=\"wp-element-caption\">\u00c9l\u00e9vation du projet<\/figcaption><\/figure>\n\n\n\n<figure class=\"wp-block-image size-large\"><img loading=\"lazy\" decoding=\"async\" width=\"1024\" height=\"748\" src=\"https:\/\/albaneleonard.fr\/wp-content\/uploads\/2025\/09\/Adobe-Scan-22-juin-2023-5_1-1024x748.jpg\" alt=\"\" class=\"wp-image-1359\" srcset=\"https:\/\/albaneleonard.fr\/wp-content\/uploads\/2025\/09\/Adobe-Scan-22-juin-2023-5_1-1024x748.jpg 1024w, https:\/\/albaneleonard.fr\/wp-content\/uploads\/2025\/09\/Adobe-Scan-22-juin-2023-5_1-300x219.jpg 300w, https:\/\/albaneleonard.fr\/wp-content\/uploads\/2025\/09\/Adobe-Scan-22-juin-2023-5_1-768x561.jpg 768w, https:\/\/albaneleonard.fr\/wp-content\/uploads\/2025\/09\/Adobe-Scan-22-juin-2023-5_1-1536x1122.jpg 1536w, https:\/\/albaneleonard.fr\/wp-content\/uploads\/2025\/09\/Adobe-Scan-22-juin-2023-5_1.jpg 1700w\" sizes=\"auto, (max-width: 1024px) 100vw, 1024px\" \/><\/figure>\n\n\n\n<figure class=\"wp-block-image size-large\"><img loading=\"lazy\" decoding=\"async\" width=\"1024\" height=\"748\" src=\"https:\/\/albaneleonard.fr\/wp-content\/uploads\/2025\/09\/Adobe-Scan-22-juin-2023-7_1-1024x748.jpg\" alt=\"\" class=\"wp-image-1361\" srcset=\"https:\/\/albaneleonard.fr\/wp-content\/uploads\/2025\/09\/Adobe-Scan-22-juin-2023-7_1-1024x748.jpg 1024w, https:\/\/albaneleonard.fr\/wp-content\/uploads\/2025\/09\/Adobe-Scan-22-juin-2023-7_1-300x219.jpg 300w, https:\/\/albaneleonard.fr\/wp-content\/uploads\/2025\/09\/Adobe-Scan-22-juin-2023-7_1-768x561.jpg 768w, https:\/\/albaneleonard.fr\/wp-content\/uploads\/2025\/09\/Adobe-Scan-22-juin-2023-7_1-1536x1122.jpg 1536w, https:\/\/albaneleonard.fr\/wp-content\/uploads\/2025\/09\/Adobe-Scan-22-juin-2023-7_1.jpg 1700w\" sizes=\"auto, (max-width: 1024px) 100vw, 1024px\" \/><figcaption class=\"wp-element-caption\">G\u00e9om\u00e9tral de l&rsquo;escalier du projet<\/figcaption><\/figure>\n\n\n\n<figure class=\"wp-block-image size-large\"><img loading=\"lazy\" decoding=\"async\" width=\"1024\" height=\"841\" src=\"https:\/\/albaneleonard.fr\/wp-content\/uploads\/2025\/09\/Adobe-Scan-22-juin-2023-6_1-1024x841.jpg\" alt=\"\" class=\"wp-image-1360\" srcset=\"https:\/\/albaneleonard.fr\/wp-content\/uploads\/2025\/09\/Adobe-Scan-22-juin-2023-6_1-1024x841.jpg 1024w, https:\/\/albaneleonard.fr\/wp-content\/uploads\/2025\/09\/Adobe-Scan-22-juin-2023-6_1-300x247.jpg 300w, https:\/\/albaneleonard.fr\/wp-content\/uploads\/2025\/09\/Adobe-Scan-22-juin-2023-6_1-768x631.jpg 768w, https:\/\/albaneleonard.fr\/wp-content\/uploads\/2025\/09\/Adobe-Scan-22-juin-2023-6_1-1536x1262.jpg 1536w, https:\/\/albaneleonard.fr\/wp-content\/uploads\/2025\/09\/Adobe-Scan-22-juin-2023-6_1.jpg 1700w\" sizes=\"auto, (max-width: 1024px) 100vw, 1024px\" \/><figcaption class=\"wp-element-caption\">G\u00e9om\u00e9tral d&rsquo;un d\u00e9tail du projet<\/figcaption><\/figure>\n\n\n\n<figure class=\"wp-block-image size-large\"><img loading=\"lazy\" decoding=\"async\" width=\"576\" height=\"1024\" src=\"https:\/\/albaneleonard.fr\/wp-content\/uploads\/2025\/09\/rendu-576x1024.jpg\" alt=\"\" class=\"wp-image-1366\" srcset=\"https:\/\/albaneleonard.fr\/wp-content\/uploads\/2025\/09\/rendu-576x1024.jpg 576w, https:\/\/albaneleonard.fr\/wp-content\/uploads\/2025\/09\/rendu-169x300.jpg 169w, https:\/\/albaneleonard.fr\/wp-content\/uploads\/2025\/09\/rendu-768x1365.jpg 768w, https:\/\/albaneleonard.fr\/wp-content\/uploads\/2025\/09\/rendu-864x1536.jpg 864w, https:\/\/albaneleonard.fr\/wp-content\/uploads\/2025\/09\/rendu-1152x2048.jpg 1152w, https:\/\/albaneleonard.fr\/wp-content\/uploads\/2025\/09\/rendu-scaled.jpg 1440w\" sizes=\"auto, (max-width: 576px) 100vw, 576px\" \/><figcaption class=\"wp-element-caption\">Installation du rendu final<\/figcaption><\/figure>\n<\/div>\n\n\n\n<div class=\"wp-block-column is-layout-flow wp-block-column-is-layout-flow\">\n<figure class=\"wp-block-image size-full\"><img loading=\"lazy\" decoding=\"async\" width=\"1440\" height=\"2560\" src=\"https:\/\/albaneleonard.fr\/wp-content\/uploads\/2025\/09\/image-insere-dans-site-scaled.png\" alt=\"\" class=\"wp-image-1347\" srcset=\"https:\/\/albaneleonard.fr\/wp-content\/uploads\/2025\/09\/image-insere-dans-site-scaled.png 1440w, https:\/\/albaneleonard.fr\/wp-content\/uploads\/2025\/09\/image-insere-dans-site-169x300.png 169w, https:\/\/albaneleonard.fr\/wp-content\/uploads\/2025\/09\/image-insere-dans-site-576x1024.png 576w, https:\/\/albaneleonard.fr\/wp-content\/uploads\/2025\/09\/image-insere-dans-site-768x1365.png 768w, https:\/\/albaneleonard.fr\/wp-content\/uploads\/2025\/09\/image-insere-dans-site-864x1536.png 864w, https:\/\/albaneleonard.fr\/wp-content\/uploads\/2025\/09\/image-insere-dans-site-1152x2048.png 1152w\" sizes=\"auto, (max-width: 1440px) 100vw, 1440px\" \/><figcaption class=\"wp-element-caption\">Montage photo &#8211; insertion du projet sur le site<\/figcaption><\/figure>\n\n\n\n<figure class=\"wp-block-image size-large\"><img loading=\"lazy\" decoding=\"async\" width=\"576\" height=\"1024\" src=\"https:\/\/albaneleonard.fr\/wp-content\/uploads\/2025\/09\/PXL_20230622_090235515.MP_-576x1024.jpg\" alt=\"\" class=\"wp-image-1352\" srcset=\"https:\/\/albaneleonard.fr\/wp-content\/uploads\/2025\/09\/PXL_20230622_090235515.MP_-576x1024.jpg 576w, https:\/\/albaneleonard.fr\/wp-content\/uploads\/2025\/09\/PXL_20230622_090235515.MP_-169x300.jpg 169w, https:\/\/albaneleonard.fr\/wp-content\/uploads\/2025\/09\/PXL_20230622_090235515.MP_-768x1365.jpg 768w, https:\/\/albaneleonard.fr\/wp-content\/uploads\/2025\/09\/PXL_20230622_090235515.MP_-864x1536.jpg 864w, https:\/\/albaneleonard.fr\/wp-content\/uploads\/2025\/09\/PXL_20230622_090235515.MP_-1152x2048.jpg 1152w, https:\/\/albaneleonard.fr\/wp-content\/uploads\/2025\/09\/PXL_20230622_090235515.MP_-scaled.jpg 1440w\" sizes=\"auto, (max-width: 576px) 100vw, 576px\" \/><figcaption class=\"wp-element-caption\">Maquette finale du projet et maquette de site<\/figcaption><\/figure>\n\n\n\n<figure class=\"wp-block-image size-large\"><img loading=\"lazy\" decoding=\"async\" width=\"1775\" height=\"2560\" src=\"https:\/\/albaneleonard.fr\/wp-content\/uploads\/2025\/09\/PXL_20231116_223147679.MP_-edited-scaled.jpg\" alt=\"\" class=\"wp-image-1364\" srcset=\"https:\/\/albaneleonard.fr\/wp-content\/uploads\/2025\/09\/PXL_20231116_223147679.MP_-edited-scaled.jpg 1775w, https:\/\/albaneleonard.fr\/wp-content\/uploads\/2025\/09\/PXL_20231116_223147679.MP_-edited-208x300.jpg 208w, https:\/\/albaneleonard.fr\/wp-content\/uploads\/2025\/09\/PXL_20231116_223147679.MP_-edited-710x1024.jpg 710w, https:\/\/albaneleonard.fr\/wp-content\/uploads\/2025\/09\/PXL_20231116_223147679.MP_-edited-768x1107.jpg 768w, https:\/\/albaneleonard.fr\/wp-content\/uploads\/2025\/09\/PXL_20231116_223147679.MP_-edited-1065x1536.jpg 1065w, https:\/\/albaneleonard.fr\/wp-content\/uploads\/2025\/09\/PXL_20231116_223147679.MP_-edited-1420x2048.jpg 1420w\" sizes=\"auto, (max-width: 1775px) 100vw, 1775px\" \/><figcaption class=\"wp-element-caption\">croquis d&rsquo;intentions<\/figcaption><\/figure>\n\n\n\n<figure class=\"wp-block-image size-large\"><img loading=\"lazy\" decoding=\"async\" width=\"1719\" height=\"2560\" src=\"https:\/\/albaneleonard.fr\/wp-content\/uploads\/2025\/09\/PXL_20231116_223151649.MP_-edited-scaled.jpg\" alt=\"\" class=\"wp-image-1365\" srcset=\"https:\/\/albaneleonard.fr\/wp-content\/uploads\/2025\/09\/PXL_20231116_223151649.MP_-edited-scaled.jpg 1719w, https:\/\/albaneleonard.fr\/wp-content\/uploads\/2025\/09\/PXL_20231116_223151649.MP_-edited-201x300.jpg 201w, https:\/\/albaneleonard.fr\/wp-content\/uploads\/2025\/09\/PXL_20231116_223151649.MP_-edited-688x1024.jpg 688w, https:\/\/albaneleonard.fr\/wp-content\/uploads\/2025\/09\/PXL_20231116_223151649.MP_-edited-768x1144.jpg 768w, https:\/\/albaneleonard.fr\/wp-content\/uploads\/2025\/09\/PXL_20231116_223151649.MP_-edited-1031x1536.jpg 1031w, https:\/\/albaneleonard.fr\/wp-content\/uploads\/2025\/09\/PXL_20231116_223151649.MP_-edited-1375x2048.jpg 1375w\" sizes=\"auto, (max-width: 1719px) 100vw, 1719px\" \/><figcaption class=\"wp-element-caption\">Croquis d&rsquo;intention <\/figcaption><\/figure>\n\n\n\n<figure class=\"wp-block-image size-large\"><img loading=\"lazy\" decoding=\"async\" width=\"1024\" height=\"729\" src=\"https:\/\/albaneleonard.fr\/wp-content\/uploads\/2025\/09\/Adobe-Scan-22-juin-2023-1_1-1024x729.jpg\" alt=\"\" class=\"wp-image-1356\" srcset=\"https:\/\/albaneleonard.fr\/wp-content\/uploads\/2025\/09\/Adobe-Scan-22-juin-2023-1_1-1024x729.jpg 1024w, https:\/\/albaneleonard.fr\/wp-content\/uploads\/2025\/09\/Adobe-Scan-22-juin-2023-1_1-300x214.jpg 300w, https:\/\/albaneleonard.fr\/wp-content\/uploads\/2025\/09\/Adobe-Scan-22-juin-2023-1_1-768x547.jpg 768w, https:\/\/albaneleonard.fr\/wp-content\/uploads\/2025\/09\/Adobe-Scan-22-juin-2023-1_1-1536x1093.jpg 1536w, https:\/\/albaneleonard.fr\/wp-content\/uploads\/2025\/09\/Adobe-Scan-22-juin-2023-1_1.jpg 1700w\" sizes=\"auto, (max-width: 1024px) 100vw, 1024px\" \/><figcaption class=\"wp-element-caption\">Plan masse du projet<\/figcaption><\/figure>\n\n\n\n<figure class=\"wp-block-image size-large\"><img loading=\"lazy\" decoding=\"async\" width=\"1024\" height=\"852\" src=\"https:\/\/albaneleonard.fr\/wp-content\/uploads\/2025\/09\/Adobe-Scan-22-juin-2023-4_1-1024x852.jpg\" alt=\"\" class=\"wp-image-1358\" srcset=\"https:\/\/albaneleonard.fr\/wp-content\/uploads\/2025\/09\/Adobe-Scan-22-juin-2023-4_1-1024x852.jpg 1024w, https:\/\/albaneleonard.fr\/wp-content\/uploads\/2025\/09\/Adobe-Scan-22-juin-2023-4_1-300x250.jpg 300w, https:\/\/albaneleonard.fr\/wp-content\/uploads\/2025\/09\/Adobe-Scan-22-juin-2023-4_1-768x639.jpg 768w, https:\/\/albaneleonard.fr\/wp-content\/uploads\/2025\/09\/Adobe-Scan-22-juin-2023-4_1-1536x1278.jpg 1536w, https:\/\/albaneleonard.fr\/wp-content\/uploads\/2025\/09\/Adobe-Scan-22-juin-2023-4_1.jpg 1700w\" sizes=\"auto, (max-width: 1024px) 100vw, 1024px\" \/><figcaption class=\"wp-element-caption\">Coupe du projet<\/figcaption><\/figure>\n\n\n\n<figure class=\"wp-block-image size-large\"><img loading=\"lazy\" decoding=\"async\" width=\"1024\" height=\"576\" src=\"https:\/\/albaneleonard.fr\/wp-content\/uploads\/2025\/09\/PXL_20230622_071155712.MP_-1024x576.jpg\" alt=\"\" class=\"wp-image-1367\" srcset=\"https:\/\/albaneleonard.fr\/wp-content\/uploads\/2025\/09\/PXL_20230622_071155712.MP_-1024x576.jpg 1024w, https:\/\/albaneleonard.fr\/wp-content\/uploads\/2025\/09\/PXL_20230622_071155712.MP_-300x169.jpg 300w, https:\/\/albaneleonard.fr\/wp-content\/uploads\/2025\/09\/PXL_20230622_071155712.MP_-768x432.jpg 768w, https:\/\/albaneleonard.fr\/wp-content\/uploads\/2025\/09\/PXL_20230622_071155712.MP_-1536x864.jpg 1536w, https:\/\/albaneleonard.fr\/wp-content\/uploads\/2025\/09\/PXL_20230622_071155712.MP_-2048x1152.jpg 2048w\" sizes=\"auto, (max-width: 1024px) 100vw, 1024px\" \/><figcaption class=\"wp-element-caption\">Maquette de d\u00e9tail<\/figcaption><\/figure>\n<\/div>\n<\/div>\n","protected":false},"excerpt":{"rendered":"<p>L&rsquo;horizon des arts Projet r\u00e9alis\u00e9 en 2023 \u00e0 l&rsquo;ENSA Marseille en L1 Cr\u00e9ation [&hellip;]<\/p>\n","protected":false},"author":1,"featured_media":0,"parent":0,"menu_order":0,"comment_status":"closed","ping_status":"closed","template":"","meta":{"footnotes":""},"class_list":["post-1280","page","type-page","status-publish","hentry"],"_links":{"self":[{"href":"https:\/\/albaneleonard.fr\/index.php\/wp-json\/wp\/v2\/pages\/1280","targetHints":{"allow":["GET"]}}],"collection":[{"href":"https:\/\/albaneleonard.fr\/index.php\/wp-json\/wp\/v2\/pages"}],"about":[{"href":"https:\/\/albaneleonard.fr\/index.php\/wp-json\/wp\/v2\/types\/page"}],"author":[{"embeddable":true,"href":"https:\/\/albaneleonard.fr\/index.php\/wp-json\/wp\/v2\/users\/1"}],"replies":[{"embeddable":true,"href":"https:\/\/albaneleonard.fr\/index.php\/wp-json\/wp\/v2\/comments?post=1280"}],"version-history":[{"count":1,"href":"https:\/\/albaneleonard.fr\/index.php\/wp-json\/wp\/v2\/pages\/1280\/revisions"}],"predecessor-version":[{"id":1368,"href":"https:\/\/albaneleonard.fr\/index.php\/wp-json\/wp\/v2\/pages\/1280\/revisions\/1368"}],"wp:attachment":[{"href":"https:\/\/albaneleonard.fr\/index.php\/wp-json\/wp\/v2\/media?parent=1280"}],"curies":[{"name":"wp","href":"https:\/\/api.w.org\/{rel}","templated":true}]}}