{"id":1417,"date":"2025-09-23T00:06:00","date_gmt":"2025-09-22T22:06:00","guid":{"rendered":"https:\/\/albaneleonard.fr\/?page_id=1417"},"modified":"2026-03-19T17:13:07","modified_gmt":"2026-03-19T16:13:07","slug":"technique","status":"publish","type":"page","link":"https:\/\/albaneleonard.fr\/index.php\/technique\/","title":{"rendered":"Technique"},"content":{"rendered":"\n<div class=\"wp-block-columns is-layout-flex wp-container-core-columns-is-layout-9d6595d7 wp-block-columns-is-layout-flex\">\n<div class=\"wp-block-column has-medium-font-size is-layout-flow wp-block-column-is-layout-flow\" style=\"flex-basis:100%\">\n<h1 class=\"wp-block-heading has-text-color has-link-color wp-elements-7b8e5054423d67755a28e4100d27326a\" style=\"color:#8a250a\">Technique<\/h1>\n\n\n\n<div style=\"height:50px\" aria-hidden=\"true\" class=\"wp-block-spacer\"><\/div>\n\n\n\n<details class=\"wp-block-details is-layout-flow wp-block-details-is-layout-flow\"><summary><strong><em>\u00ab Le th\u00e9\u00e2tre, c\u2019est une grande machine o\u00f9 chaque rouage, visible ou invisible, participe \u00e0 l\u2019\u00e9merveillement du spectateur. \u00bb<\/em><strong> \u2014 <\/strong> Peter Brook<\/strong> \u25be<\/summary>\n<div style=\"height:16px\" aria-hidden=\"true\" class=\"wp-block-spacer\"><\/div>\n\n\n\n<p>Dans le spectacle vivant, je ne m\u2019int\u00e9resse pas seulement \u00e0 la sc\u00e9nographie ou au jeu sur sc\u00e8ne : j\u2019aime aussi plonger dans l\u2019univers de la <strong>technique<\/strong>. Faire partie de ces \u00ab travailleurs de l\u2019ombre \u00bb est pour moi tout aussi essentiel, car ce sont eux qui permettent \u00e0 une id\u00e9e de prendre vie concr\u00e8tement.<\/p>\n\n\n\n<p>Mon attrait pour la technique est n\u00e9 lors d\u2019un stage de deux mois au th\u00e9\u00e2tre Le Man\u00e8ge \u00e0 Vienne. Au d\u00e9part, je n\u2019y voyais pas ma place : depuis petite, je me d\u00e9finissais comme une artiste, et je pouvais m\u00eame avoir un certain a priori sur les m\u00e9tiers techniques. Mais apprendre aux c\u00f4t\u00e9s des techniciens m\u2019a r\u00e9v\u00e9l\u00e9 la beaut\u00e9 et l\u2019exigence de leur m\u00e9tier. J\u2019ai compris que sans eux, le spectacle n\u2019existe pas : la lumi\u00e8re, le son, le plateau\u2026 chaque \u00e9l\u00e9ment technique contribue \u00e0 cette magie unique du spectacle vivant.<\/p>\n\n\n\n<p>Depuis, j\u2019ai choisi de continuer \u00e0 me former, convaincue qu\u2019une bonne connaissance technique enrichit profond\u00e9ment mes projets sc\u00e9nographiques. C\u2019est savoir ce qui est possible, imaginer autrement, et donner plus d\u2019ampleur \u00e0 mes cr\u00e9ations en pensant d\u00e9j\u00e0 aux lumi\u00e8res, aux sons et \u00e0 l\u2019implantation des d\u00e9cors.<\/p>\n<\/details>\n\n\n\n<div style=\"height:50px\" aria-hidden=\"true\" class=\"wp-block-spacer\"><\/div>\n<\/div>\n<\/div>\n\n\n\n<div class=\"wp-block-columns is-layout-flex wp-container-core-columns-is-layout-9d6595d7 wp-block-columns-is-layout-flex\">\n<div class=\"wp-block-column is-layout-flow wp-block-column-is-layout-flow\">\n<figure class=\"wp-block-image size-large wp-duotone-094850-da5f36-1\"><a href=\"https:\/\/albaneleonard.fr\/index.php\/festivhalles\/\"><img loading=\"lazy\" decoding=\"async\" width=\"875\" height=\"875\" src=\"https:\/\/dev.lehamak.com\/wp-content\/uploads\/2025\/09\/IMG_6664-edited-1.jpg\" alt=\"\" class=\"wp-image-623\" style=\"aspect-ratio:1;object-fit:cover\" srcset=\"https:\/\/albaneleonard.fr\/wp-content\/uploads\/2025\/09\/IMG_6664-edited-1.jpg 875w, https:\/\/albaneleonard.fr\/wp-content\/uploads\/2025\/09\/IMG_6664-edited-1-300x300.jpg 300w, https:\/\/albaneleonard.fr\/wp-content\/uploads\/2025\/09\/IMG_6664-edited-1-150x150.jpg 150w, https:\/\/albaneleonard.fr\/wp-content\/uploads\/2025\/09\/IMG_6664-edited-1-768x768.jpg 768w\" sizes=\"auto, (max-width: 875px) 100vw, 875px\" \/><\/a><\/figure>\n\n\n\n<div class=\"wp-block-buttons is-layout-flex wp-block-buttons-is-layout-flex\">\n<div class=\"wp-block-button has-custom-width wp-block-button__width-100 is-style-outline is-style-outline--2\"><a class=\"wp-block-button__link has-colibri-color-6-background-color has-text-color has-background has-link-color has-medium-font-size has-custom-font-size wp-element-button\" href=\"https:\/\/albaneleonard.fr\/index.php\/festivhalles\/\" style=\"border-radius:100px;color:#8a250a\">Festiv&rsquo;halles, Az\u00e9 \u2192 voir plus<\/a><\/div>\n<\/div>\n<\/div>\n\n\n\n<div class=\"wp-block-column is-layout-flow wp-block-column-is-layout-flow\">\n<figure class=\"wp-block-image size-full wp-duotone-094850-da5f36-3\"><a href=\"https:\/\/albaneleonard.fr\/index.php\/juju-festival\/\"><img loading=\"lazy\" decoding=\"async\" width=\"810\" height=\"633\" src=\"https:\/\/dev.lehamak.com\/wp-content\/uploads\/2025\/09\/Capture-decran-2025-09-10-170100-1.png\" alt=\"\" class=\"wp-image-683\" style=\"aspect-ratio:1;object-fit:cover\" srcset=\"https:\/\/albaneleonard.fr\/wp-content\/uploads\/2025\/09\/Capture-decran-2025-09-10-170100-1.png 810w, https:\/\/albaneleonard.fr\/wp-content\/uploads\/2025\/09\/Capture-decran-2025-09-10-170100-1-300x234.png 300w, https:\/\/albaneleonard.fr\/wp-content\/uploads\/2025\/09\/Capture-decran-2025-09-10-170100-1-768x600.png 768w\" sizes=\"auto, (max-width: 810px) 100vw, 810px\" \/><\/a><\/figure>\n\n\n\n<div class=\"wp-block-buttons is-layout-flex wp-block-buttons-is-layout-flex\">\n<div class=\"wp-block-button is-style-outline is-style-outline--4\"><a class=\"wp-block-button__link has-colibri-color-6-background-color has-text-color has-background has-link-color has-medium-font-size has-custom-font-size wp-element-button\" href=\"https:\/\/albaneleonard.fr\/index.php\/juju-festival\/\" style=\"border-radius:100px;color:#8a250a\">Juju Festival\u2192 voir plus<\/a><\/div>\n<\/div>\n<\/div>\n<\/div>\n\n\n\n<div class=\"wp-block-columns is-layout-flex wp-container-core-columns-is-layout-9d6595d7 wp-block-columns-is-layout-flex\">\n<div class=\"wp-block-column is-layout-flow wp-block-column-is-layout-flow\">\n<figure class=\"wp-block-image size-large wp-duotone-094850-da5f36-5\"><a href=\"https:\/\/albaneleonard.fr\/index.php\/caravannjazz\/\"><img loading=\"lazy\" decoding=\"async\" width=\"1024\" height=\"768\" src=\"https:\/\/albaneleonard.fr\/wp-content\/uploads\/2025\/09\/PXL_20240630_181959251-1024x768.jpg\" alt=\"\" class=\"wp-image-1419\" style=\"aspect-ratio:1;object-fit:cover\" srcset=\"https:\/\/albaneleonard.fr\/wp-content\/uploads\/2025\/09\/PXL_20240630_181959251-1024x768.jpg 1024w, https:\/\/albaneleonard.fr\/wp-content\/uploads\/2025\/09\/PXL_20240630_181959251-300x225.jpg 300w, https:\/\/albaneleonard.fr\/wp-content\/uploads\/2025\/09\/PXL_20240630_181959251-768x576.jpg 768w, https:\/\/albaneleonard.fr\/wp-content\/uploads\/2025\/09\/PXL_20240630_181959251-1536x1152.jpg 1536w, https:\/\/albaneleonard.fr\/wp-content\/uploads\/2025\/09\/PXL_20240630_181959251-2048x1536.jpg 2048w\" sizes=\"auto, (max-width: 1024px) 100vw, 1024px\" \/><\/a><\/figure>\n\n\n\n<div class=\"wp-block-buttons is-layout-flex wp-block-buttons-is-layout-flex\">\n<div class=\"wp-block-button has-custom-width wp-block-button__width-100 is-style-outline is-style-outline--6\"><a class=\"wp-block-button__link has-colibri-color-6-background-color has-text-color has-background has-link-color has-medium-font-size has-custom-font-size wp-element-button\" href=\"https:\/\/albaneleonard.fr\/index.php\/caravannjazz\/\" style=\"border-radius:100px;color:#8a250a\">Caravann&rsquo;jazz \u2192 voir plus<\/a><\/div>\n<\/div>\n<\/div>\n\n\n\n<div class=\"wp-block-column is-layout-flow wp-block-column-is-layout-flow\"><\/div>\n<\/div>\n\n\n<\/div>\n<\/div>\n<\/div>\n<\/div>\n<\/div>\n<\/div>\n<\/div>\n<\/div>\n<\/div>\n<\/div>","protected":false},"excerpt":{"rendered":"<p>Technique [&hellip;]<\/p>\n","protected":false},"author":1,"featured_media":0,"parent":0,"menu_order":0,"comment_status":"closed","ping_status":"closed","template":"","meta":{"footnotes":""},"class_list":["post-1417","page","type-page","status-publish","hentry"],"_links":{"self":[{"href":"https:\/\/albaneleonard.fr\/index.php\/wp-json\/wp\/v2\/pages\/1417","targetHints":{"allow":["GET"]}}],"collection":[{"href":"https:\/\/albaneleonard.fr\/index.php\/wp-json\/wp\/v2\/pages"}],"about":[{"href":"https:\/\/albaneleonard.fr\/index.php\/wp-json\/wp\/v2\/types\/page"}],"author":[{"embeddable":true,"href":"https:\/\/albaneleonard.fr\/index.php\/wp-json\/wp\/v2\/users\/1"}],"replies":[{"embeddable":true,"href":"https:\/\/albaneleonard.fr\/index.php\/wp-json\/wp\/v2\/comments?post=1417"}],"version-history":[{"count":8,"href":"https:\/\/albaneleonard.fr\/index.php\/wp-json\/wp\/v2\/pages\/1417\/revisions"}],"predecessor-version":[{"id":2348,"href":"https:\/\/albaneleonard.fr\/index.php\/wp-json\/wp\/v2\/pages\/1417\/revisions\/2348"}],"wp:attachment":[{"href":"https:\/\/albaneleonard.fr\/index.php\/wp-json\/wp\/v2\/media?parent=1417"}],"curies":[{"name":"wp","href":"https:\/\/api.w.org\/{rel}","templated":true}]}}