{"id":1425,"date":"2025-09-23T15:08:16","date_gmt":"2025-09-23T13:08:16","guid":{"rendered":"https:\/\/albaneleonard.fr\/?page_id=1425"},"modified":"2025-12-11T22:17:34","modified_gmt":"2025-12-11T21:17:34","slug":"grand-trois-pieces-scenographie","status":"publish","type":"page","link":"https:\/\/albaneleonard.fr\/index.php\/grand-trois-pieces-scenographie\/","title":{"rendered":"Grand Trois Pi\u00e8ces &#8211; sc\u00e9nographie"},"content":{"rendered":"\n<h1 class=\"wp-block-heading has-text-color has-link-color wp-elements-ba5e9a9e47eba43b5d55f70afdb11e22\" style=\"color:#8a250a\">Grand Trois Pi\u00e8ces<\/h1>\n\n\n\n<div style=\"height:50px\" aria-hidden=\"true\" class=\"wp-block-spacer\"><\/div>\n\n\n\n<div class=\"wp-block-columns is-layout-flex wp-container-core-columns-is-layout-9d6595d7 wp-block-columns-is-layout-flex\">\n<div class=\"wp-block-column is-layout-flow wp-block-column-is-layout-flow\">\n<div style=\"height:0px\" aria-hidden=\"true\" class=\"wp-block-spacer\"><\/div>\n\n\n\n<div class=\"wp-block-columns is-layout-flex wp-container-core-columns-is-layout-9d6595d7 wp-block-columns-is-layout-flex\">\n<div class=\"wp-block-column is-layout-flow wp-block-column-is-layout-flow\" style=\"flex-basis:100%\">\n<h5 class=\"wp-block-heading\"><em>Grand Trois Pi\u00e8ces<\/em> &#8211; Damien Devoge <\/h5>\n\n\n\n<p class=\"has-small-font-size\" style=\"font-style:normal;font-weight:300;letter-spacing:1px;text-transform:none\">En juin 2025, j\u2019ai eu la chance de r\u00e9aliser la sc\u00e9nographie de la pi\u00e8ce de th\u00e9\u00e2tre <em>Grand Trois Pi\u00e8ces<\/em>, \u00e9crite par Damien Devoge, dans laquelle je suis \u00e9galement com\u00e9dienne. Avec un autre com\u00e9dien de la pi\u00e8ce, nous avons con\u00e7u et construit la sc\u00e9nographie.<br>L\u2019id\u00e9e \u00e9tait de proposer un d\u00e9cor qui donne un contexte, tout en tenant compte d\u2019un budget tr\u00e8s limit\u00e9 et d\u2019un espace restreint. Tr\u00e8s vite, nous avons imagin\u00e9 un seul meuble modulable, capable de repr\u00e9senter trois d\u00e9cors diff\u00e9rents. Nous avons donc pens\u00e9 un syst\u00e8me de double fond ainsi qu\u2019une fa\u00e7ade amovible permettant, en tournant le meuble, de transformer facilement l\u2019espace sc\u00e9nique.<\/p>\n\n\n\n<p class=\"has-small-font-size\" style=\"font-style:normal;font-weight:300;letter-spacing:1px;text-transform:none\">J\u2019ai ador\u00e9 r\u00e9aliser cette sc\u00e9nographie, car c\u2019\u00e9tait la premi\u00e8re fois que je concr\u00e9tisais une id\u00e9e au-del\u00e0 du papier. J\u2019ai ainsi pu apprendre la construction et la r\u00e9alisation pratique, tout en d\u00e9veloppant mes notions de conception \u00e0 travers de vraies contraintes.<\/p>\n\n\n\n<div style=\"height:35px\" aria-hidden=\"true\" class=\"wp-block-spacer\"><\/div>\n<\/div>\n<\/div>\n\n\n\n<figure class=\"wp-block-video\"><video height=\"1080\" style=\"aspect-ratio: 1920 \/ 1080;\" width=\"1920\" autoplay controls loop muted src=\"https:\/\/albaneleonard.fr\/wp-content\/uploads\/2025\/09\/Acte-1-Acte-2.mp4\"><\/video><figcaption class=\"wp-element-caption\">Vid\u00e9o du changement de plateau entre l&rsquo;acte 1 et l&rsquo;acte 2<\/figcaption><\/figure>\n\n\n\n<figure class=\"wp-block-image size-full\"><img loading=\"lazy\" decoding=\"async\" width=\"1006\" height=\"776\" src=\"https:\/\/albaneleonard.fr\/wp-content\/uploads\/2025\/09\/Capture-decran-2025-09-23-145206.png\" alt=\"\" class=\"wp-image-1434\" srcset=\"https:\/\/albaneleonard.fr\/wp-content\/uploads\/2025\/09\/Capture-decran-2025-09-23-145206.png 1006w, https:\/\/albaneleonard.fr\/wp-content\/uploads\/2025\/09\/Capture-decran-2025-09-23-145206-300x231.png 300w, https:\/\/albaneleonard.fr\/wp-content\/uploads\/2025\/09\/Capture-decran-2025-09-23-145206-768x592.png 768w\" sizes=\"auto, (max-width: 1006px) 100vw, 1006px\" \/><figcaption class=\"wp-element-caption\">Photo de la sc\u00e9nographie \u00e0 l\u2019acte I \u2013 R\u00e9p\u00e9tition g\u00e9n\u00e9rale<\/figcaption><\/figure>\n\n\n\n<figure class=\"wp-block-image size-large\"><img loading=\"lazy\" decoding=\"async\" width=\"1024\" height=\"677\" src=\"https:\/\/albaneleonard.fr\/wp-content\/uploads\/2025\/09\/Capture-decran-2025-09-17-164003-1-1024x677.png\" alt=\"\" class=\"wp-image-1433\" srcset=\"https:\/\/albaneleonard.fr\/wp-content\/uploads\/2025\/09\/Capture-decran-2025-09-17-164003-1-1024x677.png 1024w, https:\/\/albaneleonard.fr\/wp-content\/uploads\/2025\/09\/Capture-decran-2025-09-17-164003-1-300x198.png 300w, https:\/\/albaneleonard.fr\/wp-content\/uploads\/2025\/09\/Capture-decran-2025-09-17-164003-1-768x508.png 768w, https:\/\/albaneleonard.fr\/wp-content\/uploads\/2025\/09\/Capture-decran-2025-09-17-164003-1.png 1087w\" sizes=\"auto, (max-width: 1024px) 100vw, 1024px\" \/><figcaption class=\"wp-element-caption\">Photo de la sc\u00e9nographie \u00e0 l\u2019acte II \u2013 R\u00e9p\u00e9tition g\u00e9n\u00e9rale<\/figcaption><\/figure>\n\n\n\n<figure class=\"wp-block-image size-large\"><img loading=\"lazy\" decoding=\"async\" width=\"1024\" height=\"686\" src=\"https:\/\/albaneleonard.fr\/wp-content\/uploads\/2025\/09\/Capture-decran-2025-09-23-145539-1024x686.png\" alt=\"\" class=\"wp-image-1435\" srcset=\"https:\/\/albaneleonard.fr\/wp-content\/uploads\/2025\/09\/Capture-decran-2025-09-23-145539-1024x686.png 1024w, https:\/\/albaneleonard.fr\/wp-content\/uploads\/2025\/09\/Capture-decran-2025-09-23-145539-300x201.png 300w, https:\/\/albaneleonard.fr\/wp-content\/uploads\/2025\/09\/Capture-decran-2025-09-23-145539-768x515.png 768w, https:\/\/albaneleonard.fr\/wp-content\/uploads\/2025\/09\/Capture-decran-2025-09-23-145539.png 1224w\" sizes=\"auto, (max-width: 1024px) 100vw, 1024px\" \/><figcaption class=\"wp-element-caption\">Photo de la sc\u00e9nographie \u00e0 l\u2019acte III \u2013 R\u00e9p\u00e9tition g\u00e9n\u00e9rale<\/figcaption><\/figure>\n<\/div>\n\n\n\n<div class=\"wp-block-column is-layout-flow wp-block-column-is-layout-flow\">\n<figure class=\"wp-block-image size-large\"><img loading=\"lazy\" decoding=\"async\" width=\"2560\" height=\"1440\" src=\"https:\/\/albaneleonard.fr\/wp-content\/uploads\/2025\/09\/IMG_0328-edited-scaled.jpeg\" alt=\"\" class=\"wp-image-1438\" srcset=\"https:\/\/albaneleonard.fr\/wp-content\/uploads\/2025\/09\/IMG_0328-edited-scaled.jpeg 2560w, https:\/\/albaneleonard.fr\/wp-content\/uploads\/2025\/09\/IMG_0328-edited-300x169.jpeg 300w, https:\/\/albaneleonard.fr\/wp-content\/uploads\/2025\/09\/IMG_0328-edited-1024x576.jpeg 1024w, https:\/\/albaneleonard.fr\/wp-content\/uploads\/2025\/09\/IMG_0328-edited-768x432.jpeg 768w, https:\/\/albaneleonard.fr\/wp-content\/uploads\/2025\/09\/IMG_0328-edited-1536x864.jpeg 1536w, https:\/\/albaneleonard.fr\/wp-content\/uploads\/2025\/09\/IMG_0328-edited-2048x1152.jpeg 2048w\" sizes=\"auto, (max-width: 2560px) 100vw, 2560px\" \/><figcaption class=\"wp-element-caption\">Visuel 3D du projet<\/figcaption><\/figure>\n\n\n\n<figure class=\"wp-block-image size-large\"><img loading=\"lazy\" decoding=\"async\" width=\"2560\" height=\"1440\" src=\"https:\/\/albaneleonard.fr\/wp-content\/uploads\/2025\/09\/IMG_0327-edited-scaled.jpg\" alt=\"\" class=\"wp-image-1437\" srcset=\"https:\/\/albaneleonard.fr\/wp-content\/uploads\/2025\/09\/IMG_0327-edited-scaled.jpg 2560w, https:\/\/albaneleonard.fr\/wp-content\/uploads\/2025\/09\/IMG_0327-edited-300x169.jpg 300w, https:\/\/albaneleonard.fr\/wp-content\/uploads\/2025\/09\/IMG_0327-edited-1024x576.jpg 1024w, https:\/\/albaneleonard.fr\/wp-content\/uploads\/2025\/09\/IMG_0327-edited-768x432.jpg 768w, https:\/\/albaneleonard.fr\/wp-content\/uploads\/2025\/09\/IMG_0327-edited-1536x864.jpg 1536w, https:\/\/albaneleonard.fr\/wp-content\/uploads\/2025\/09\/IMG_0327-edited-2048x1152.jpg 2048w\" sizes=\"auto, (max-width: 2560px) 100vw, 2560px\" \/><figcaption class=\"wp-element-caption\">Visuel 3D du projet<\/figcaption><\/figure>\n\n\n\n<figure class=\"wp-block-image size-large\"><img loading=\"lazy\" decoding=\"async\" width=\"2560\" height=\"1440\" src=\"https:\/\/albaneleonard.fr\/wp-content\/uploads\/2025\/09\/IMG_0329-edited-scaled.jpeg\" alt=\"\" class=\"wp-image-1436\" srcset=\"https:\/\/albaneleonard.fr\/wp-content\/uploads\/2025\/09\/IMG_0329-edited-scaled.jpeg 2560w, https:\/\/albaneleonard.fr\/wp-content\/uploads\/2025\/09\/IMG_0329-edited-300x169.jpeg 300w, https:\/\/albaneleonard.fr\/wp-content\/uploads\/2025\/09\/IMG_0329-edited-1024x576.jpeg 1024w, https:\/\/albaneleonard.fr\/wp-content\/uploads\/2025\/09\/IMG_0329-edited-768x432.jpeg 768w, https:\/\/albaneleonard.fr\/wp-content\/uploads\/2025\/09\/IMG_0329-edited-1536x864.jpeg 1536w, https:\/\/albaneleonard.fr\/wp-content\/uploads\/2025\/09\/IMG_0329-edited-2048x1152.jpeg 2048w\" sizes=\"auto, (max-width: 2560px) 100vw, 2560px\" \/><figcaption class=\"wp-element-caption\">Visuel 3D du projet<\/figcaption><\/figure>\n\n\n\n<figure class=\"wp-block-video\"><video height=\"1080\" style=\"aspect-ratio: 1920 \/ 1080;\" width=\"1920\" autoplay controls loop muted src=\"https:\/\/albaneleonard.fr\/wp-content\/uploads\/2025\/09\/Acte-2-Acte-3.mp4\"><\/video><figcaption class=\"wp-element-caption\">Vid\u00e9o du changement de plateau entre l&rsquo;acte 2 et l&rsquo;acte 3<\/figcaption><\/figure>\n\n\n\n<figure class=\"wp-block-image size-large\"><img loading=\"lazy\" decoding=\"async\" width=\"768\" height=\"1024\" src=\"https:\/\/albaneleonard.fr\/wp-content\/uploads\/2025\/09\/IMG-20250621-WA0002-2-768x1024.jpg\" alt=\"\" class=\"wp-image-1431\" srcset=\"https:\/\/albaneleonard.fr\/wp-content\/uploads\/2025\/09\/IMG-20250621-WA0002-2-768x1024.jpg 768w, https:\/\/albaneleonard.fr\/wp-content\/uploads\/2025\/09\/IMG-20250621-WA0002-2-225x300.jpg 225w, https:\/\/albaneleonard.fr\/wp-content\/uploads\/2025\/09\/IMG-20250621-WA0002-2-1152x1536.jpg 1152w, https:\/\/albaneleonard.fr\/wp-content\/uploads\/2025\/09\/IMG-20250621-WA0002-2.jpg 1200w\" sizes=\"auto, (max-width: 768px) 100vw, 768px\" \/><figcaption class=\"wp-element-caption\">Photo de la sc\u00e9nographie \u00e0 l\u2019acte III \u2013 Seconde repr\u00e9sentation<\/figcaption><\/figure>\n<\/div>\n<\/div>\n","protected":false},"excerpt":{"rendered":"<p>Grand Trois Pi\u00e8ces Grand Trois Pi\u00e8ces &#8211; Damien Devoge En juin 2025, j\u2019ai [&hellip;]<\/p>\n","protected":false},"author":1,"featured_media":0,"parent":0,"menu_order":0,"comment_status":"closed","ping_status":"closed","template":"","meta":{"footnotes":""},"class_list":["post-1425","page","type-page","status-publish","hentry"],"_links":{"self":[{"href":"https:\/\/albaneleonard.fr\/index.php\/wp-json\/wp\/v2\/pages\/1425","targetHints":{"allow":["GET"]}}],"collection":[{"href":"https:\/\/albaneleonard.fr\/index.php\/wp-json\/wp\/v2\/pages"}],"about":[{"href":"https:\/\/albaneleonard.fr\/index.php\/wp-json\/wp\/v2\/types\/page"}],"author":[{"embeddable":true,"href":"https:\/\/albaneleonard.fr\/index.php\/wp-json\/wp\/v2\/users\/1"}],"replies":[{"embeddable":true,"href":"https:\/\/albaneleonard.fr\/index.php\/wp-json\/wp\/v2\/comments?post=1425"}],"version-history":[{"count":5,"href":"https:\/\/albaneleonard.fr\/index.php\/wp-json\/wp\/v2\/pages\/1425\/revisions"}],"predecessor-version":[{"id":1978,"href":"https:\/\/albaneleonard.fr\/index.php\/wp-json\/wp\/v2\/pages\/1425\/revisions\/1978"}],"wp:attachment":[{"href":"https:\/\/albaneleonard.fr\/index.php\/wp-json\/wp\/v2\/media?parent=1425"}],"curies":[{"name":"wp","href":"https:\/\/api.w.org\/{rel}","templated":true}]}}