{"id":1441,"date":"2025-09-23T15:49:29","date_gmt":"2025-09-23T13:49:29","guid":{"rendered":"https:\/\/albaneleonard.fr\/?page_id=1441"},"modified":"2025-12-11T22:18:52","modified_gmt":"2025-12-11T21:18:52","slug":"voiles-de-lemancipation","status":"publish","type":"page","link":"https:\/\/albaneleonard.fr\/index.php\/voiles-de-lemancipation\/","title":{"rendered":"Voiles de l&rsquo;\u00e9mancipation"},"content":{"rendered":"\n<h1 class=\"wp-block-heading has-text-color has-link-color wp-elements-82c2d62892bdf51757b1ac1b31145230\" style=\"color:#8a250a\">Voiles de l&rsquo;\u00e9mancipation <\/h1>\n\n\n\n<div style=\"height:50px\" aria-hidden=\"true\" class=\"wp-block-spacer\"><\/div>\n\n\n\n<div class=\"wp-block-columns is-layout-flex wp-container-core-columns-is-layout-9d6595d7 wp-block-columns-is-layout-flex\">\n<div class=\"wp-block-column is-layout-flow wp-block-column-is-layout-flow\">\n<div style=\"height:0px\" aria-hidden=\"true\" class=\"wp-block-spacer\"><\/div>\n\n\n\n<div class=\"wp-block-columns is-layout-flex wp-container-core-columns-is-layout-9d6595d7 wp-block-columns-is-layout-flex\">\n<div class=\"wp-block-column is-layout-flow wp-block-column-is-layout-flow\" style=\"flex-basis:100%\">\n<h5 class=\"wp-block-heading\">Projet r\u00e9alis\u00e9 en 2024 en DN MADE Espace en L2 &#8211; Lyon<\/h5>\n\n\n\n<p class=\"has-small-font-size\" style=\"font-style:normal;font-weight:300;letter-spacing:1px;text-transform:none\">Cr\u00e9ation d\u2019un projet de sc\u00e9nographie pour l\u2019exposition <em>Oser la libert\u00e9<\/em> au Panth\u00e9on.<\/p>\n\n\n\n<p class=\"has-small-font-size\" style=\"font-style:normal;font-weight:300;letter-spacing:1px;text-transform:none\">-Travail sur la cr\u00e9ation de mobilier autoportant et r\u00e9utilisable.<br>-R\u00e9flexion sur la circulation et la mise en espace des diff\u00e9rentes s\u00e9quences.<br>-R\u00e9alisation du projet sur ArchiCAD > d\u00e9veloppement des comp\u00e9tences sur les logiciels de mod\u00e9lisation 3D.<\/p>\n\n\n\n<p class=\"has-small-font-size\" style=\"font-style:normal;font-weight:300;letter-spacing:1px;text-transform:none\">La sc\u00e9nographie, bas\u00e9e sur l\u2019utilisation de voiles, symbolise \u00e0 la fois l\u2019oppression de l\u2019esclavage et la qu\u00eate de libert\u00e9. En effet, on part de voiles de bateaux qui renvoient directement au contexte maritime de cette \u00e9poque, pour aller vers des voilages en mouvement qui entra\u00eenent le visiteur vers la fin de l\u2019exposition en symbolisant la libert\u00e9.<\/p>\n\n\n\n<div style=\"height:35px\" aria-hidden=\"true\" class=\"wp-block-spacer\"><\/div>\n<\/div>\n<\/div>\n\n\n\n<figure class=\"wp-block-image size-large\"><img loading=\"lazy\" decoding=\"async\" width=\"1789\" height=\"1006\" src=\"https:\/\/albaneleonard.fr\/wp-content\/uploads\/2025\/09\/travee-2-edited.jpg\" alt=\"\" class=\"wp-image-1469\" srcset=\"https:\/\/albaneleonard.fr\/wp-content\/uploads\/2025\/09\/travee-2-edited.jpg 1789w, https:\/\/albaneleonard.fr\/wp-content\/uploads\/2025\/09\/travee-2-edited-300x169.jpg 300w, https:\/\/albaneleonard.fr\/wp-content\/uploads\/2025\/09\/travee-2-edited-1024x576.jpg 1024w, https:\/\/albaneleonard.fr\/wp-content\/uploads\/2025\/09\/travee-2-edited-768x432.jpg 768w, https:\/\/albaneleonard.fr\/wp-content\/uploads\/2025\/09\/travee-2-edited-1536x864.jpg 1536w\" sizes=\"auto, (max-width: 1789px) 100vw, 1789px\" \/><figcaption class=\"wp-element-caption\">Premiers essais 3D<\/figcaption><\/figure>\n\n\n\n<figure class=\"wp-block-image size-large\"><img loading=\"lazy\" decoding=\"async\" width=\"2560\" height=\"1262\" src=\"https:\/\/albaneleonard.fr\/wp-content\/uploads\/2025\/09\/Plan-lumiere-3-sequencess-edited-scaled.png\" alt=\"\" class=\"wp-image-1458\" srcset=\"https:\/\/albaneleonard.fr\/wp-content\/uploads\/2025\/09\/Plan-lumiere-3-sequencess-edited-scaled.png 2560w, https:\/\/albaneleonard.fr\/wp-content\/uploads\/2025\/09\/Plan-lumiere-3-sequencess-edited-300x148.png 300w, https:\/\/albaneleonard.fr\/wp-content\/uploads\/2025\/09\/Plan-lumiere-3-sequencess-edited-1024x505.png 1024w, https:\/\/albaneleonard.fr\/wp-content\/uploads\/2025\/09\/Plan-lumiere-3-sequencess-edited-768x378.png 768w, https:\/\/albaneleonard.fr\/wp-content\/uploads\/2025\/09\/Plan-lumiere-3-sequencess-edited-1536x757.png 1536w, https:\/\/albaneleonard.fr\/wp-content\/uploads\/2025\/09\/Plan-lumiere-3-sequencess-edited-2048x1009.png 2048w\" sizes=\"auto, (max-width: 2560px) 100vw, 2560px\" \/><figcaption class=\"wp-element-caption\">Plan lumi\u00e8re du projet<\/figcaption><\/figure>\n\n\n\n<figure class=\"wp-block-image size-full\"><img loading=\"lazy\" decoding=\"async\" width=\"691\" height=\"368\" src=\"https:\/\/albaneleonard.fr\/wp-content\/uploads\/2025\/09\/Capture-decran-2025-09-23-151839.png\" alt=\"\" class=\"wp-image-1456\" srcset=\"https:\/\/albaneleonard.fr\/wp-content\/uploads\/2025\/09\/Capture-decran-2025-09-23-151839.png 691w, https:\/\/albaneleonard.fr\/wp-content\/uploads\/2025\/09\/Capture-decran-2025-09-23-151839-300x160.png 300w\" sizes=\"auto, (max-width: 691px) 100vw, 691px\" \/><figcaption class=\"wp-element-caption\">Projet final &#8211; Mise en situation<\/figcaption><\/figure>\n\n\n\n<figure class=\"wp-block-image size-large\"><img loading=\"lazy\" decoding=\"async\" width=\"1919\" height=\"2560\" src=\"https:\/\/albaneleonard.fr\/wp-content\/uploads\/2025\/09\/mobilier-axo-edited-scaled.jpg\" alt=\"\" class=\"wp-image-1468\" srcset=\"https:\/\/albaneleonard.fr\/wp-content\/uploads\/2025\/09\/mobilier-axo-edited-scaled.jpg 1919w, https:\/\/albaneleonard.fr\/wp-content\/uploads\/2025\/09\/mobilier-axo-edited-225x300.jpg 225w, https:\/\/albaneleonard.fr\/wp-content\/uploads\/2025\/09\/mobilier-axo-edited-768x1024.jpg 768w, https:\/\/albaneleonard.fr\/wp-content\/uploads\/2025\/09\/mobilier-axo-edited-1152x1536.jpg 1152w, https:\/\/albaneleonard.fr\/wp-content\/uploads\/2025\/09\/mobilier-axo-edited-1535x2048.jpg 1535w\" sizes=\"auto, (max-width: 1919px) 100vw, 1919px\" \/><figcaption class=\"wp-element-caption\">Axonom\u00e9trie du mobilier<\/figcaption><\/figure>\n<\/div>\n\n\n\n<div class=\"wp-block-column is-layout-flow wp-block-column-is-layout-flow\">\n<figure class=\"wp-block-image size-large\"><img loading=\"lazy\" decoding=\"async\" width=\"1024\" height=\"540\" src=\"https:\/\/albaneleonard.fr\/wp-content\/uploads\/2025\/09\/Capture-decran-2025-09-23-151859-1024x540.png\" alt=\"\" class=\"wp-image-1455\" srcset=\"https:\/\/albaneleonard.fr\/wp-content\/uploads\/2025\/09\/Capture-decran-2025-09-23-151859-1024x540.png 1024w, https:\/\/albaneleonard.fr\/wp-content\/uploads\/2025\/09\/Capture-decran-2025-09-23-151859-300x158.png 300w, https:\/\/albaneleonard.fr\/wp-content\/uploads\/2025\/09\/Capture-decran-2025-09-23-151859-768x405.png 768w, https:\/\/albaneleonard.fr\/wp-content\/uploads\/2025\/09\/Capture-decran-2025-09-23-151859.png 1234w\" sizes=\"auto, (max-width: 1024px) 100vw, 1024px\" \/><figcaption class=\"wp-element-caption\">Projet final &#8211; Mise en situation<\/figcaption><\/figure>\n\n\n\n<figure class=\"wp-block-image size-large\"><img loading=\"lazy\" decoding=\"async\" width=\"2091\" height=\"1568\" src=\"https:\/\/albaneleonard.fr\/wp-content\/uploads\/2025\/09\/mobilier-travee-1-edited.jpg\" alt=\"\" class=\"wp-image-1457\" srcset=\"https:\/\/albaneleonard.fr\/wp-content\/uploads\/2025\/09\/mobilier-travee-1-edited.jpg 2091w, https:\/\/albaneleonard.fr\/wp-content\/uploads\/2025\/09\/mobilier-travee-1-edited-300x225.jpg 300w, https:\/\/albaneleonard.fr\/wp-content\/uploads\/2025\/09\/mobilier-travee-1-edited-1024x768.jpg 1024w, https:\/\/albaneleonard.fr\/wp-content\/uploads\/2025\/09\/mobilier-travee-1-edited-768x576.jpg 768w, https:\/\/albaneleonard.fr\/wp-content\/uploads\/2025\/09\/mobilier-travee-1-edited-1536x1152.jpg 1536w, https:\/\/albaneleonard.fr\/wp-content\/uploads\/2025\/09\/mobilier-travee-1-edited-2048x1536.jpg 2048w\" sizes=\"auto, (max-width: 2091px) 100vw, 2091px\" \/><figcaption class=\"wp-element-caption\">Premiers essais 3D<\/figcaption><\/figure>\n\n\n\n<figure class=\"wp-block-image size-large\"><img loading=\"lazy\" decoding=\"async\" width=\"1200\" height=\"1200\" src=\"https:\/\/albaneleonard.fr\/wp-content\/uploads\/2025\/09\/travee-2-mobilier-edited.jpg\" alt=\"\" class=\"wp-image-1467\" srcset=\"https:\/\/albaneleonard.fr\/wp-content\/uploads\/2025\/09\/travee-2-mobilier-edited.jpg 1200w, https:\/\/albaneleonard.fr\/wp-content\/uploads\/2025\/09\/travee-2-mobilier-edited-300x300.jpg 300w, https:\/\/albaneleonard.fr\/wp-content\/uploads\/2025\/09\/travee-2-mobilier-edited-1024x1024.jpg 1024w, https:\/\/albaneleonard.fr\/wp-content\/uploads\/2025\/09\/travee-2-mobilier-edited-150x150.jpg 150w, https:\/\/albaneleonard.fr\/wp-content\/uploads\/2025\/09\/travee-2-mobilier-edited-768x768.jpg 768w\" sizes=\"auto, (max-width: 1200px) 100vw, 1200px\" \/><figcaption class=\"wp-element-caption\">Premiers essais 3D<\/figcaption><\/figure>\n\n\n\n<figure class=\"wp-block-image size-full\"><img loading=\"lazy\" decoding=\"async\" width=\"702\" height=\"833\" src=\"https:\/\/albaneleonard.fr\/wp-content\/uploads\/2025\/09\/mobilier-image.png\" alt=\"\" class=\"wp-image-1463\" srcset=\"https:\/\/albaneleonard.fr\/wp-content\/uploads\/2025\/09\/mobilier-image.png 702w, https:\/\/albaneleonard.fr\/wp-content\/uploads\/2025\/09\/mobilier-image-253x300.png 253w\" sizes=\"auto, (max-width: 702px) 100vw, 702px\" \/><figcaption class=\"wp-element-caption\">Mod\u00e9lisation d&rsquo;un \u00e9l\u00e9ment de mobilier<\/figcaption><\/figure>\n\n\n\n<figure class=\"wp-block-image size-large\"><img loading=\"lazy\" decoding=\"async\" width=\"1024\" height=\"1024\" src=\"https:\/\/albaneleonard.fr\/wp-content\/uploads\/2025\/09\/avec-deco-axo-1-1024x1024.png\" alt=\"\" class=\"wp-image-1465\" srcset=\"https:\/\/albaneleonard.fr\/wp-content\/uploads\/2025\/09\/avec-deco-axo-1-1024x1024.png 1024w, https:\/\/albaneleonard.fr\/wp-content\/uploads\/2025\/09\/avec-deco-axo-1-300x300.png 300w, https:\/\/albaneleonard.fr\/wp-content\/uploads\/2025\/09\/avec-deco-axo-1-150x150.png 150w, https:\/\/albaneleonard.fr\/wp-content\/uploads\/2025\/09\/avec-deco-axo-1-768x768.png 768w, https:\/\/albaneleonard.fr\/wp-content\/uploads\/2025\/09\/avec-deco-axo-1-1536x1536.png 1536w, https:\/\/albaneleonard.fr\/wp-content\/uploads\/2025\/09\/avec-deco-axo-1-2048x2048.png 2048w\" sizes=\"auto, (max-width: 1024px) 100vw, 1024px\" \/><figcaption class=\"wp-element-caption\">Axonom\u00e9trie g\u00e9n\u00e9rale du projet<\/figcaption><\/figure>\n<\/div>\n<\/div>\n\n\n\n<figure class=\"wp-block-image size-large\"><img loading=\"lazy\" decoding=\"async\" width=\"1024\" height=\"139\" src=\"https:\/\/albaneleonard.fr\/wp-content\/uploads\/2025\/09\/Capture-decran-2025-09-23-152333-1024x139.png\" alt=\"\" class=\"wp-image-1460\" srcset=\"https:\/\/albaneleonard.fr\/wp-content\/uploads\/2025\/09\/Capture-decran-2025-09-23-152333-1024x139.png 1024w, https:\/\/albaneleonard.fr\/wp-content\/uploads\/2025\/09\/Capture-decran-2025-09-23-152333-300x41.png 300w, https:\/\/albaneleonard.fr\/wp-content\/uploads\/2025\/09\/Capture-decran-2025-09-23-152333-768x104.png 768w, https:\/\/albaneleonard.fr\/wp-content\/uploads\/2025\/09\/Capture-decran-2025-09-23-152333-1536x208.png 1536w, https:\/\/albaneleonard.fr\/wp-content\/uploads\/2025\/09\/Capture-decran-2025-09-23-152333.png 1898w\" sizes=\"auto, (max-width: 1024px) 100vw, 1024px\" \/><figcaption class=\"wp-element-caption\">Coupe et mise en lumi\u00e8re du projet<\/figcaption><\/figure>\n\n\n\n<figure class=\"wp-block-image size-large\"><img loading=\"lazy\" decoding=\"async\" width=\"1024\" height=\"153\" src=\"https:\/\/albaneleonard.fr\/wp-content\/uploads\/2025\/09\/Capture-decran-2025-09-23-152346-1024x153.png\" alt=\"\" class=\"wp-image-1461\" srcset=\"https:\/\/albaneleonard.fr\/wp-content\/uploads\/2025\/09\/Capture-decran-2025-09-23-152346-1024x153.png 1024w, https:\/\/albaneleonard.fr\/wp-content\/uploads\/2025\/09\/Capture-decran-2025-09-23-152346-300x45.png 300w, https:\/\/albaneleonard.fr\/wp-content\/uploads\/2025\/09\/Capture-decran-2025-09-23-152346-768x115.png 768w, https:\/\/albaneleonard.fr\/wp-content\/uploads\/2025\/09\/Capture-decran-2025-09-23-152346-1536x229.png 1536w, https:\/\/albaneleonard.fr\/wp-content\/uploads\/2025\/09\/Capture-decran-2025-09-23-152346.png 1890w\" sizes=\"auto, (max-width: 1024px) 100vw, 1024px\" \/><figcaption class=\"wp-element-caption\">Coupe d&rsquo;une des trois trav\u00e9es<\/figcaption><\/figure>\n","protected":false},"excerpt":{"rendered":"<p>Voiles de l&rsquo;\u00e9mancipation Projet r\u00e9alis\u00e9 en 2024 en DN MADE Espace en L2 [&hellip;]<\/p>\n","protected":false},"author":1,"featured_media":0,"parent":0,"menu_order":0,"comment_status":"closed","ping_status":"closed","template":"","meta":{"footnotes":""},"class_list":["post-1441","page","type-page","status-publish","hentry"],"_links":{"self":[{"href":"https:\/\/albaneleonard.fr\/index.php\/wp-json\/wp\/v2\/pages\/1441","targetHints":{"allow":["GET"]}}],"collection":[{"href":"https:\/\/albaneleonard.fr\/index.php\/wp-json\/wp\/v2\/pages"}],"about":[{"href":"https:\/\/albaneleonard.fr\/index.php\/wp-json\/wp\/v2\/types\/page"}],"author":[{"embeddable":true,"href":"https:\/\/albaneleonard.fr\/index.php\/wp-json\/wp\/v2\/users\/1"}],"replies":[{"embeddable":true,"href":"https:\/\/albaneleonard.fr\/index.php\/wp-json\/wp\/v2\/comments?post=1441"}],"version-history":[{"count":4,"href":"https:\/\/albaneleonard.fr\/index.php\/wp-json\/wp\/v2\/pages\/1441\/revisions"}],"predecessor-version":[{"id":2006,"href":"https:\/\/albaneleonard.fr\/index.php\/wp-json\/wp\/v2\/pages\/1441\/revisions\/2006"}],"wp:attachment":[{"href":"https:\/\/albaneleonard.fr\/index.php\/wp-json\/wp\/v2\/media?parent=1441"}],"curies":[{"name":"wp","href":"https:\/\/api.w.org\/{rel}","templated":true}]}}