{"id":1471,"date":"2025-09-23T16:36:09","date_gmt":"2025-09-23T14:36:09","guid":{"rendered":"https:\/\/albaneleonard.fr\/?page_id=1471"},"modified":"2026-03-18T22:43:20","modified_gmt":"2026-03-18T21:43:20","slug":"filles-dariane","status":"publish","type":"page","link":"https:\/\/albaneleonard.fr\/index.php\/filles-dariane\/","title":{"rendered":"Sc\u00e9nographie &#8211; Filles d&rsquo;Ariane"},"content":{"rendered":"\n<h1 class=\"wp-block-heading has-text-color has-link-color wp-elements-f8616930fb40a1bb05979775fabe8b13\" style=\"color:#8a250a\">Sc\u00e9nographie &#8211; Filles d&rsquo;Ariane<\/h1>\n\n\n\n<div style=\"height:50px\" aria-hidden=\"true\" class=\"wp-block-spacer\"><\/div>\n\n\n\n<div class=\"wp-block-columns is-layout-flex wp-container-core-columns-is-layout-9d6595d7 wp-block-columns-is-layout-flex\">\n<div class=\"wp-block-column is-layout-flow wp-block-column-is-layout-flow\">\n<div style=\"height:0px\" aria-hidden=\"true\" class=\"wp-block-spacer\"><\/div>\n\n\n\n<div class=\"wp-block-columns is-layout-flex wp-container-core-columns-is-layout-9d6595d7 wp-block-columns-is-layout-flex\">\n<div class=\"wp-block-column is-layout-flow wp-block-column-is-layout-flow\" style=\"flex-basis:100%\">\n<h5 class=\"wp-block-heading\">Projet r\u00e9alis\u00e9 de 2024 \u00e0 2026 en DN MADE Espace en L3 &#8211; Lyon<\/h5>\n\n\n\n<p class=\"has-small-font-size\" style=\"font-style:normal;font-weight:300;letter-spacing:1px;text-transform:none\">La troisi\u00e8me ann\u00e9e de DN MADE Espace consiste \u00e0 choisir l\u2019un des domaines enseign\u00e9s (paysagisme, sc\u00e9nographie d\u2019exposition, sc\u00e9nographie de th\u00e9\u00e2tre ou architecture d\u2019int\u00e9rieur) et \u00e0 mener un projet tout au long de l\u2019ann\u00e9e.<br>\u00c9tant particuli\u00e8rement attir\u00e9e par le monde du spectacle, j\u2019ai choisi de d\u00e9velopper un projet de sc\u00e9nographie fictive pour la pi\u00e8ce <em>Filles d\u2019Ariane<\/em> de Martin Kindermans. J\u2019ai d\u00e9couvert cette \u0153uvre lors du Festival d\u2019Avignon 2024 et elle m\u2019a profond\u00e9ment marqu\u00e9e ; il m\u2019a donc sembl\u00e9 naturel d\u2019en faire le point de d\u00e9part de mon projet de fin de licence. Ce projet de sc\u00e9nographie fictif est implant\u00e9 dans la salle de spectacle Le Man\u00e8ge, localis\u00e9e \u00e0 Vienne.<\/p>\n\n\n\n<p class=\"has-small-font-size\" style=\"font-style:normal;font-weight:300;letter-spacing:1px;text-transform:none\">Le projet est encore en cours de conception. Pour l\u2019instant, seules les phases d\u2019\u00e9tat des lieux et d\u2019analyse ont \u00e9t\u00e9 r\u00e9alis\u00e9es, donnant lieu \u00e0 une premi\u00e8re soutenance en janvier 2025, qui faisait \u00e9galement office de pr\u00e9sentation du m\u00e9moire, directement li\u00e9 au projet. Celui-ci sera poursuivi et d\u00e9velopp\u00e9 en 2026.<\/p>\n\n\n\n<div style=\"height:35px\" aria-hidden=\"true\" class=\"wp-block-spacer\"><\/div>\n<\/div>\n<\/div>\n\n\n\n<figure class=\"wp-block-image size-large\"><img loading=\"lazy\" decoding=\"async\" width=\"1024\" height=\"960\" src=\"https:\/\/albaneleonard.fr\/wp-content\/uploads\/2025\/09\/PXL_20250121_120507058.MP_-1024x960.jpg\" alt=\"\" class=\"wp-image-1474\" srcset=\"https:\/\/albaneleonard.fr\/wp-content\/uploads\/2025\/09\/PXL_20250121_120507058.MP_-1024x960.jpg 1024w, https:\/\/albaneleonard.fr\/wp-content\/uploads\/2025\/09\/PXL_20250121_120507058.MP_-300x281.jpg 300w, https:\/\/albaneleonard.fr\/wp-content\/uploads\/2025\/09\/PXL_20250121_120507058.MP_-768x720.jpg 768w, https:\/\/albaneleonard.fr\/wp-content\/uploads\/2025\/09\/PXL_20250121_120507058.MP_-1536x1440.jpg 1536w, https:\/\/albaneleonard.fr\/wp-content\/uploads\/2025\/09\/PXL_20250121_120507058.MP_-2048x1920.jpg 2048w\" sizes=\"auto, (max-width: 1024px) 100vw, 1024px\" \/><figcaption class=\"wp-element-caption\">Photo de la soutenance de mi-projet<\/figcaption><\/figure>\n\n\n\n<figure class=\"wp-block-image size-large\"><img loading=\"lazy\" decoding=\"async\" width=\"1024\" height=\"724\" src=\"https:\/\/albaneleonard.fr\/wp-content\/uploads\/2025\/09\/page-intrlude-1024x724.png\" alt=\"\" class=\"wp-image-1477\" srcset=\"https:\/\/albaneleonard.fr\/wp-content\/uploads\/2025\/09\/page-intrlude-1024x724.png 1024w, https:\/\/albaneleonard.fr\/wp-content\/uploads\/2025\/09\/page-intrlude-300x212.png 300w, https:\/\/albaneleonard.fr\/wp-content\/uploads\/2025\/09\/page-intrlude-768x543.png 768w, https:\/\/albaneleonard.fr\/wp-content\/uploads\/2025\/09\/page-intrlude-1536x1086.png 1536w, https:\/\/albaneleonard.fr\/wp-content\/uploads\/2025\/09\/page-intrlude-2048x1448.png 2048w\" sizes=\"auto, (max-width: 1024px) 100vw, 1024px\" \/><figcaption class=\"wp-element-caption\">Extrait du story board de la pi\u00e8ce<\/figcaption><\/figure>\n\n\n\n<figure class=\"wp-block-image size-large\"><img loading=\"lazy\" decoding=\"async\" width=\"1024\" height=\"724\" src=\"https:\/\/albaneleonard.fr\/wp-content\/uploads\/2025\/09\/page-story-board-scene-9-1024x724.png\" alt=\"\" class=\"wp-image-1476\" srcset=\"https:\/\/albaneleonard.fr\/wp-content\/uploads\/2025\/09\/page-story-board-scene-9-1024x724.png 1024w, https:\/\/albaneleonard.fr\/wp-content\/uploads\/2025\/09\/page-story-board-scene-9-300x212.png 300w, https:\/\/albaneleonard.fr\/wp-content\/uploads\/2025\/09\/page-story-board-scene-9-768x543.png 768w, https:\/\/albaneleonard.fr\/wp-content\/uploads\/2025\/09\/page-story-board-scene-9-1536x1086.png 1536w, https:\/\/albaneleonard.fr\/wp-content\/uploads\/2025\/09\/page-story-board-scene-9-2048x1448.png 2048w\" sizes=\"auto, (max-width: 1024px) 100vw, 1024px\" \/><figcaption class=\"wp-element-caption\">Extrait du story board de la pi\u00e8ce<\/figcaption><\/figure>\n\n\n\n<figure class=\"wp-block-image size-large\"><img loading=\"lazy\" decoding=\"async\" width=\"1009\" height=\"1024\" src=\"https:\/\/albaneleonard.fr\/wp-content\/uploads\/2025\/09\/carnet-technique-page-7_page-0001-1009x1024.jpg\" alt=\"\" class=\"wp-image-1481\" srcset=\"https:\/\/albaneleonard.fr\/wp-content\/uploads\/2025\/09\/carnet-technique-page-7_page-0001-1009x1024.jpg 1009w, https:\/\/albaneleonard.fr\/wp-content\/uploads\/2025\/09\/carnet-technique-page-7_page-0001-296x300.jpg 296w, https:\/\/albaneleonard.fr\/wp-content\/uploads\/2025\/09\/carnet-technique-page-7_page-0001-768x779.jpg 768w, https:\/\/albaneleonard.fr\/wp-content\/uploads\/2025\/09\/carnet-technique-page-7_page-0001.jpg 1205w\" sizes=\"auto, (max-width: 1009px) 100vw, 1009px\" \/><figcaption class=\"wp-element-caption\">Extrait du carnet technique du th\u00e9\u00e2tre pour lequel est pens\u00e9 le projet<\/figcaption><\/figure>\n\n\n\n<figure class=\"wp-block-image size-large\"><img loading=\"lazy\" decoding=\"async\" width=\"1009\" height=\"1024\" src=\"https:\/\/albaneleonard.fr\/wp-content\/uploads\/2025\/09\/page-25-carnet-technique_page-0001-1009x1024.jpg\" alt=\"\" class=\"wp-image-1486\" srcset=\"https:\/\/albaneleonard.fr\/wp-content\/uploads\/2025\/09\/page-25-carnet-technique_page-0001-1009x1024.jpg 1009w, https:\/\/albaneleonard.fr\/wp-content\/uploads\/2025\/09\/page-25-carnet-technique_page-0001-296x300.jpg 296w, https:\/\/albaneleonard.fr\/wp-content\/uploads\/2025\/09\/page-25-carnet-technique_page-0001-768x779.jpg 768w, https:\/\/albaneleonard.fr\/wp-content\/uploads\/2025\/09\/page-25-carnet-technique_page-0001.jpg 1205w\" sizes=\"auto, (max-width: 1009px) 100vw, 1009px\" \/><figcaption class=\"wp-element-caption\">Extrait du carnet technique du th\u00e9\u00e2tre pour lequel est pens\u00e9 le projet<\/figcaption><\/figure>\n\n\n\n<figure class=\"wp-block-image size-large\"><img loading=\"lazy\" decoding=\"async\" width=\"1024\" height=\"724\" src=\"https:\/\/albaneleonard.fr\/wp-content\/uploads\/2025\/09\/page-6-analyse_page-0001-1024x724.jpg\" alt=\"\" class=\"wp-image-1484\" srcset=\"https:\/\/albaneleonard.fr\/wp-content\/uploads\/2025\/09\/page-6-analyse_page-0001-1024x724.jpg 1024w, https:\/\/albaneleonard.fr\/wp-content\/uploads\/2025\/09\/page-6-analyse_page-0001-300x212.jpg 300w, https:\/\/albaneleonard.fr\/wp-content\/uploads\/2025\/09\/page-6-analyse_page-0001-768x543.jpg 768w, https:\/\/albaneleonard.fr\/wp-content\/uploads\/2025\/09\/page-6-analyse_page-0001-1536x1086.jpg 1536w, https:\/\/albaneleonard.fr\/wp-content\/uploads\/2025\/09\/page-6-analyse_page-0001-2048x1448.jpg 2048w\" sizes=\"auto, (max-width: 1024px) 100vw, 1024px\" \/><figcaption class=\"wp-element-caption\">Extrait des planches d&rsquo;analyse de la pi\u00e8ce<\/figcaption><\/figure>\n<\/div>\n\n\n\n<div class=\"wp-block-column is-layout-flow wp-block-column-is-layout-flow\">\n<figure class=\"wp-block-image size-large\"><img loading=\"lazy\" decoding=\"async\" width=\"768\" height=\"1024\" src=\"https:\/\/albaneleonard.fr\/wp-content\/uploads\/2025\/09\/PXL_20250121_120446152.MP_-1-768x1024.jpg\" alt=\"\" class=\"wp-image-1473\" srcset=\"https:\/\/albaneleonard.fr\/wp-content\/uploads\/2025\/09\/PXL_20250121_120446152.MP_-1-768x1024.jpg 768w, https:\/\/albaneleonard.fr\/wp-content\/uploads\/2025\/09\/PXL_20250121_120446152.MP_-1-225x300.jpg 225w, https:\/\/albaneleonard.fr\/wp-content\/uploads\/2025\/09\/PXL_20250121_120446152.MP_-1-1152x1536.jpg 1152w, https:\/\/albaneleonard.fr\/wp-content\/uploads\/2025\/09\/PXL_20250121_120446152.MP_-1-1536x2048.jpg 1536w, https:\/\/albaneleonard.fr\/wp-content\/uploads\/2025\/09\/PXL_20250121_120446152.MP_-1-scaled.jpg 1920w\" sizes=\"auto, (max-width: 768px) 100vw, 768px\" \/><figcaption class=\"wp-element-caption\">Photo de la soutenance de mi-projet<\/figcaption><\/figure>\n\n\n\n<figure class=\"wp-block-image size-large\"><img loading=\"lazy\" decoding=\"async\" width=\"768\" height=\"1024\" src=\"https:\/\/albaneleonard.fr\/wp-content\/uploads\/2025\/09\/PXL_20250121_120510522.MP_-768x1024.jpg\" alt=\"\" class=\"wp-image-1475\" srcset=\"https:\/\/albaneleonard.fr\/wp-content\/uploads\/2025\/09\/PXL_20250121_120510522.MP_-768x1024.jpg 768w, https:\/\/albaneleonard.fr\/wp-content\/uploads\/2025\/09\/PXL_20250121_120510522.MP_-225x300.jpg 225w, https:\/\/albaneleonard.fr\/wp-content\/uploads\/2025\/09\/PXL_20250121_120510522.MP_-1152x1536.jpg 1152w, https:\/\/albaneleonard.fr\/wp-content\/uploads\/2025\/09\/PXL_20250121_120510522.MP_-1536x2048.jpg 1536w, https:\/\/albaneleonard.fr\/wp-content\/uploads\/2025\/09\/PXL_20250121_120510522.MP_-scaled.jpg 1920w\" sizes=\"auto, (max-width: 768px) 100vw, 768px\" \/><figcaption class=\"wp-element-caption\">Photo de la soutenance de mi-projet<\/figcaption><\/figure>\n\n\n\n<figure class=\"wp-block-image size-large\"><img loading=\"lazy\" decoding=\"async\" width=\"2186\" height=\"2186\" src=\"https:\/\/albaneleonard.fr\/wp-content\/uploads\/2025\/09\/PXL_20250121_120423219.MP_-edited-1.png\" alt=\"\" class=\"wp-image-1488\" srcset=\"https:\/\/albaneleonard.fr\/wp-content\/uploads\/2025\/09\/PXL_20250121_120423219.MP_-edited-1.png 2186w, https:\/\/albaneleonard.fr\/wp-content\/uploads\/2025\/09\/PXL_20250121_120423219.MP_-edited-1-300x300.png 300w, https:\/\/albaneleonard.fr\/wp-content\/uploads\/2025\/09\/PXL_20250121_120423219.MP_-edited-1-1024x1024.png 1024w, https:\/\/albaneleonard.fr\/wp-content\/uploads\/2025\/09\/PXL_20250121_120423219.MP_-edited-1-150x150.png 150w, https:\/\/albaneleonard.fr\/wp-content\/uploads\/2025\/09\/PXL_20250121_120423219.MP_-edited-1-768x768.png 768w, https:\/\/albaneleonard.fr\/wp-content\/uploads\/2025\/09\/PXL_20250121_120423219.MP_-edited-1-1536x1536.png 1536w, https:\/\/albaneleonard.fr\/wp-content\/uploads\/2025\/09\/PXL_20250121_120423219.MP_-edited-1-2048x2048.png 2048w\" sizes=\"auto, (max-width: 2186px) 100vw, 2186px\" \/><figcaption class=\"wp-element-caption\">Couverture du m\u00e9moire fait \u00e0 la main<\/figcaption><\/figure>\n\n\n\n<figure class=\"wp-block-image size-large\"><img loading=\"lazy\" decoding=\"async\" width=\"1024\" height=\"572\" src=\"https:\/\/albaneleonard.fr\/wp-content\/uploads\/2025\/09\/Capture-decran-2025-01-26-155052-1024x572.png\" alt=\"\" class=\"wp-image-1479\" srcset=\"https:\/\/albaneleonard.fr\/wp-content\/uploads\/2025\/09\/Capture-decran-2025-01-26-155052-1024x572.png 1024w, https:\/\/albaneleonard.fr\/wp-content\/uploads\/2025\/09\/Capture-decran-2025-01-26-155052-300x168.png 300w, https:\/\/albaneleonard.fr\/wp-content\/uploads\/2025\/09\/Capture-decran-2025-01-26-155052-768x429.png 768w, https:\/\/albaneleonard.fr\/wp-content\/uploads\/2025\/09\/Capture-decran-2025-01-26-155052.png 1484w\" sizes=\"auto, (max-width: 1024px) 100vw, 1024px\" \/><figcaption class=\"wp-element-caption\">Extrait du m\u00e9moire de fin d&rsquo;\u00e9tudes<\/figcaption><\/figure>\n\n\n\n<figure class=\"wp-block-image size-large\"><img loading=\"lazy\" decoding=\"async\" width=\"1024\" height=\"573\" src=\"https:\/\/albaneleonard.fr\/wp-content\/uploads\/2025\/09\/Capture-decran-2025-01-26-155035-1024x573.png\" alt=\"\" class=\"wp-image-1480\" srcset=\"https:\/\/albaneleonard.fr\/wp-content\/uploads\/2025\/09\/Capture-decran-2025-01-26-155035-1024x573.png 1024w, https:\/\/albaneleonard.fr\/wp-content\/uploads\/2025\/09\/Capture-decran-2025-01-26-155035-300x168.png 300w, https:\/\/albaneleonard.fr\/wp-content\/uploads\/2025\/09\/Capture-decran-2025-01-26-155035-768x430.png 768w, https:\/\/albaneleonard.fr\/wp-content\/uploads\/2025\/09\/Capture-decran-2025-01-26-155035.png 1486w\" sizes=\"auto, (max-width: 1024px) 100vw, 1024px\" \/><figcaption class=\"wp-element-caption\">Extrait du m\u00e9moire de fin d&rsquo;\u00e9tudes<\/figcaption><\/figure>\n\n\n\n<figure class=\"wp-block-image size-large\"><img loading=\"lazy\" decoding=\"async\" width=\"1024\" height=\"724\" src=\"https:\/\/albaneleonard.fr\/wp-content\/uploads\/2025\/09\/page-5-analyse_page-0001-1024x724.jpg\" alt=\"\" class=\"wp-image-1483\" srcset=\"https:\/\/albaneleonard.fr\/wp-content\/uploads\/2025\/09\/page-5-analyse_page-0001-1024x724.jpg 1024w, https:\/\/albaneleonard.fr\/wp-content\/uploads\/2025\/09\/page-5-analyse_page-0001-300x212.jpg 300w, https:\/\/albaneleonard.fr\/wp-content\/uploads\/2025\/09\/page-5-analyse_page-0001-768x543.jpg 768w, https:\/\/albaneleonard.fr\/wp-content\/uploads\/2025\/09\/page-5-analyse_page-0001-1536x1086.jpg 1536w, https:\/\/albaneleonard.fr\/wp-content\/uploads\/2025\/09\/page-5-analyse_page-0001-2048x1448.jpg 2048w\" sizes=\"auto, (max-width: 1024px) 100vw, 1024px\" \/><figcaption class=\"wp-element-caption\">Extrait des planches d&rsquo;analyse de la pi\u00e8ce<\/figcaption><\/figure>\n\n\n\n<figure class=\"wp-block-image size-large\"><img loading=\"lazy\" decoding=\"async\" width=\"1024\" height=\"724\" src=\"https:\/\/albaneleonard.fr\/wp-content\/uploads\/2025\/09\/page-9-analyse_page-0001-1024x724.jpg\" alt=\"\" class=\"wp-image-1485\" srcset=\"https:\/\/albaneleonard.fr\/wp-content\/uploads\/2025\/09\/page-9-analyse_page-0001-1024x724.jpg 1024w, https:\/\/albaneleonard.fr\/wp-content\/uploads\/2025\/09\/page-9-analyse_page-0001-300x212.jpg 300w, https:\/\/albaneleonard.fr\/wp-content\/uploads\/2025\/09\/page-9-analyse_page-0001-768x543.jpg 768w, https:\/\/albaneleonard.fr\/wp-content\/uploads\/2025\/09\/page-9-analyse_page-0001-1536x1086.jpg 1536w, https:\/\/albaneleonard.fr\/wp-content\/uploads\/2025\/09\/page-9-analyse_page-0001-2048x1448.jpg 2048w\" sizes=\"auto, (max-width: 1024px) 100vw, 1024px\" \/><figcaption class=\"wp-element-caption\">Extrait des planches d&rsquo;analyse de la pi\u00e8ce<\/figcaption><\/figure>\n<\/div>\n<\/div>\n\n\n\n<figure class=\"wp-block-image size-large\"><img loading=\"lazy\" decoding=\"async\" width=\"1024\" height=\"781\" src=\"https:\/\/albaneleonard.fr\/wp-content\/uploads\/2025\/09\/Etat-des-lieux-page-4_page-0001-1024x781.jpg\" alt=\"\" class=\"wp-image-1482\" srcset=\"https:\/\/albaneleonard.fr\/wp-content\/uploads\/2025\/09\/Etat-des-lieux-page-4_page-0001-1024x781.jpg 1024w, https:\/\/albaneleonard.fr\/wp-content\/uploads\/2025\/09\/Etat-des-lieux-page-4_page-0001-300x229.jpg 300w, https:\/\/albaneleonard.fr\/wp-content\/uploads\/2025\/09\/Etat-des-lieux-page-4_page-0001-768x585.jpg 768w, https:\/\/albaneleonard.fr\/wp-content\/uploads\/2025\/09\/Etat-des-lieux-page-4_page-0001-1536x1171.jpg 1536w, https:\/\/albaneleonard.fr\/wp-content\/uploads\/2025\/09\/Etat-des-lieux-page-4_page-0001-2048x1561.jpg 2048w\" sizes=\"auto, (max-width: 1024px) 100vw, 1024px\" \/><figcaption class=\"wp-element-caption\">Coupe et Plan du th\u00e9\u00e2tre dans lequel s&rsquo;implante le projet<\/figcaption><\/figure>\n\n\n\n<h2 class=\"wp-block-heading has-text-color has-link-color wp-elements-ab5b22fea6f01d5869089586dce63113\" style=\"color:#8a250a\">RECHERCHES<\/h2>\n\n\n\n<div class=\"wp-block-columns is-layout-flex wp-container-core-columns-is-layout-9d6595d7 wp-block-columns-is-layout-flex\">\n<div class=\"wp-block-column is-layout-flow wp-block-column-is-layout-flow\">\n<figure class=\"wp-block-image size-large\"><img loading=\"lazy\" decoding=\"async\" width=\"1024\" height=\"683\" src=\"https:\/\/albaneleonard.fr\/wp-content\/uploads\/2026\/03\/IMG_7729-1024x683.jpg\" alt=\"\" class=\"wp-image-2280\" srcset=\"https:\/\/albaneleonard.fr\/wp-content\/uploads\/2026\/03\/IMG_7729-1024x683.jpg 1024w, https:\/\/albaneleonard.fr\/wp-content\/uploads\/2026\/03\/IMG_7729-300x200.jpg 300w, https:\/\/albaneleonard.fr\/wp-content\/uploads\/2026\/03\/IMG_7729-768x512.jpg 768w, https:\/\/albaneleonard.fr\/wp-content\/uploads\/2026\/03\/IMG_7729-1536x1024.jpg 1536w, https:\/\/albaneleonard.fr\/wp-content\/uploads\/2026\/03\/IMG_7729-2048x1365.jpg 2048w\" sizes=\"auto, (max-width: 1024px) 100vw, 1024px\" \/><figcaption class=\"wp-element-caption\">Essais maquette lumi\u00e8re<\/figcaption><\/figure>\n\n\n\n<figure class=\"wp-block-image size-large\"><img loading=\"lazy\" decoding=\"async\" width=\"1024\" height=\"683\" src=\"https:\/\/albaneleonard.fr\/wp-content\/uploads\/2026\/03\/IMG_7727-1-1024x683.jpg\" alt=\"\" class=\"wp-image-2278\" srcset=\"https:\/\/albaneleonard.fr\/wp-content\/uploads\/2026\/03\/IMG_7727-1-1024x683.jpg 1024w, https:\/\/albaneleonard.fr\/wp-content\/uploads\/2026\/03\/IMG_7727-1-300x200.jpg 300w, https:\/\/albaneleonard.fr\/wp-content\/uploads\/2026\/03\/IMG_7727-1-768x512.jpg 768w, https:\/\/albaneleonard.fr\/wp-content\/uploads\/2026\/03\/IMG_7727-1-1536x1024.jpg 1536w, https:\/\/albaneleonard.fr\/wp-content\/uploads\/2026\/03\/IMG_7727-1-2048x1365.jpg 2048w\" sizes=\"auto, (max-width: 1024px) 100vw, 1024px\" \/><figcaption class=\"wp-element-caption\">Essais maquette lumi\u00e8re<\/figcaption><\/figure>\n\n\n\n<figure class=\"wp-block-image size-large\"><img loading=\"lazy\" decoding=\"async\" width=\"1024\" height=\"683\" src=\"https:\/\/albaneleonard.fr\/wp-content\/uploads\/2026\/03\/IMG_7736-1-1024x683.jpg\" alt=\"\" class=\"wp-image-2291\" srcset=\"https:\/\/albaneleonard.fr\/wp-content\/uploads\/2026\/03\/IMG_7736-1-1024x683.jpg 1024w, https:\/\/albaneleonard.fr\/wp-content\/uploads\/2026\/03\/IMG_7736-1-300x200.jpg 300w, https:\/\/albaneleonard.fr\/wp-content\/uploads\/2026\/03\/IMG_7736-1-768x512.jpg 768w, https:\/\/albaneleonard.fr\/wp-content\/uploads\/2026\/03\/IMG_7736-1-1536x1024.jpg 1536w, https:\/\/albaneleonard.fr\/wp-content\/uploads\/2026\/03\/IMG_7736-1-2048x1365.jpg 2048w\" sizes=\"auto, (max-width: 1024px) 100vw, 1024px\" \/><figcaption class=\"wp-element-caption\">Essais maquette lumi\u00e8re<\/figcaption><\/figure>\n\n\n\n<figure class=\"wp-block-image size-large\"><img loading=\"lazy\" decoding=\"async\" width=\"1024\" height=\"683\" src=\"https:\/\/albaneleonard.fr\/wp-content\/uploads\/2026\/03\/IMG_7740-1024x683.jpg\" alt=\"\" class=\"wp-image-2287\" srcset=\"https:\/\/albaneleonard.fr\/wp-content\/uploads\/2026\/03\/IMG_7740-1024x683.jpg 1024w, https:\/\/albaneleonard.fr\/wp-content\/uploads\/2026\/03\/IMG_7740-300x200.jpg 300w, https:\/\/albaneleonard.fr\/wp-content\/uploads\/2026\/03\/IMG_7740-768x512.jpg 768w, https:\/\/albaneleonard.fr\/wp-content\/uploads\/2026\/03\/IMG_7740-1536x1024.jpg 1536w, https:\/\/albaneleonard.fr\/wp-content\/uploads\/2026\/03\/IMG_7740-2048x1365.jpg 2048w\" sizes=\"auto, (max-width: 1024px) 100vw, 1024px\" \/><figcaption class=\"wp-element-caption\">Essais maquette lumi\u00e8re<\/figcaption><\/figure>\n\n\n\n<figure class=\"wp-block-video\"><video height=\"2488\" style=\"aspect-ratio: 3520 \/ 2488;\" width=\"3520\" controls src=\"https:\/\/albaneleonard.fr\/wp-content\/uploads\/2026\/03\/Story-board-avec-la-structure-de-fil-a-larriere.mp4\"><\/video><figcaption class=\"wp-element-caption\">Premiers essais de sc\u00e9nographie &#8211; croquis <\/figcaption><\/figure>\n<\/div>\n\n\n\n<div class=\"wp-block-column is-layout-flow wp-block-column-is-layout-flow\">\n<figure class=\"wp-block-image size-large\"><img loading=\"lazy\" decoding=\"async\" width=\"1024\" height=\"683\" src=\"https:\/\/albaneleonard.fr\/wp-content\/uploads\/2026\/03\/IMG_7738-1024x683.jpg\" alt=\"\" class=\"wp-image-2285\" srcset=\"https:\/\/albaneleonard.fr\/wp-content\/uploads\/2026\/03\/IMG_7738-1024x683.jpg 1024w, https:\/\/albaneleonard.fr\/wp-content\/uploads\/2026\/03\/IMG_7738-300x200.jpg 300w, https:\/\/albaneleonard.fr\/wp-content\/uploads\/2026\/03\/IMG_7738-768x512.jpg 768w, https:\/\/albaneleonard.fr\/wp-content\/uploads\/2026\/03\/IMG_7738-1536x1024.jpg 1536w, https:\/\/albaneleonard.fr\/wp-content\/uploads\/2026\/03\/IMG_7738-2048x1365.jpg 2048w\" sizes=\"auto, (max-width: 1024px) 100vw, 1024px\" \/><figcaption class=\"wp-element-caption\">Essais maquette lumi\u00e8re<\/figcaption><\/figure>\n\n\n\n<figure class=\"wp-block-image size-large\"><img loading=\"lazy\" decoding=\"async\" width=\"1024\" height=\"683\" src=\"https:\/\/albaneleonard.fr\/wp-content\/uploads\/2026\/03\/IMG_7739-1-1024x683.jpg\" alt=\"\" class=\"wp-image-2290\" srcset=\"https:\/\/albaneleonard.fr\/wp-content\/uploads\/2026\/03\/IMG_7739-1-1024x683.jpg 1024w, https:\/\/albaneleonard.fr\/wp-content\/uploads\/2026\/03\/IMG_7739-1-300x200.jpg 300w, https:\/\/albaneleonard.fr\/wp-content\/uploads\/2026\/03\/IMG_7739-1-768x512.jpg 768w, https:\/\/albaneleonard.fr\/wp-content\/uploads\/2026\/03\/IMG_7739-1-1536x1024.jpg 1536w, https:\/\/albaneleonard.fr\/wp-content\/uploads\/2026\/03\/IMG_7739-1-2048x1365.jpg 2048w\" sizes=\"auto, (max-width: 1024px) 100vw, 1024px\" \/><figcaption class=\"wp-element-caption\">Essais maquette lumi\u00e8re<\/figcaption><\/figure>\n\n\n\n<figure class=\"wp-block-image size-large\"><img loading=\"lazy\" decoding=\"async\" width=\"1024\" height=\"683\" src=\"https:\/\/albaneleonard.fr\/wp-content\/uploads\/2026\/03\/IMG_7735-1-1024x683.jpg\" alt=\"\" class=\"wp-image-2292\" srcset=\"https:\/\/albaneleonard.fr\/wp-content\/uploads\/2026\/03\/IMG_7735-1-1024x683.jpg 1024w, https:\/\/albaneleonard.fr\/wp-content\/uploads\/2026\/03\/IMG_7735-1-300x200.jpg 300w, https:\/\/albaneleonard.fr\/wp-content\/uploads\/2026\/03\/IMG_7735-1-768x512.jpg 768w, https:\/\/albaneleonard.fr\/wp-content\/uploads\/2026\/03\/IMG_7735-1-1536x1024.jpg 1536w, https:\/\/albaneleonard.fr\/wp-content\/uploads\/2026\/03\/IMG_7735-1-2048x1365.jpg 2048w\" sizes=\"auto, (max-width: 1024px) 100vw, 1024px\" \/><figcaption class=\"wp-element-caption\">Essais maquette lumi\u00e8re<\/figcaption><\/figure>\n\n\n\n<figure class=\"wp-block-image size-large\"><img loading=\"lazy\" decoding=\"async\" width=\"1024\" height=\"683\" src=\"https:\/\/albaneleonard.fr\/wp-content\/uploads\/2026\/03\/IMG_7723-1-1024x683.jpg\" alt=\"\" class=\"wp-image-2289\" srcset=\"https:\/\/albaneleonard.fr\/wp-content\/uploads\/2026\/03\/IMG_7723-1-1024x683.jpg 1024w, https:\/\/albaneleonard.fr\/wp-content\/uploads\/2026\/03\/IMG_7723-1-300x200.jpg 300w, https:\/\/albaneleonard.fr\/wp-content\/uploads\/2026\/03\/IMG_7723-1-768x512.jpg 768w, https:\/\/albaneleonard.fr\/wp-content\/uploads\/2026\/03\/IMG_7723-1-1536x1024.jpg 1536w, https:\/\/albaneleonard.fr\/wp-content\/uploads\/2026\/03\/IMG_7723-1-2048x1365.jpg 2048w\" sizes=\"auto, (max-width: 1024px) 100vw, 1024px\" \/><figcaption class=\"wp-element-caption\">Essais maquette lumi\u00e8re<\/figcaption><\/figure>\n<\/div>\n<\/div>\n\n\n\n<h2 class=\"wp-block-heading has-text-color has-link-color wp-elements-4ae63c3030bec6559389a4f573458afb\" style=\"color:#8a250a\">RECHERCHES VIDEO <\/h2>\n\n\n\n<div class=\"wp-block-columns is-layout-flex wp-container-core-columns-is-layout-9d6595d7 wp-block-columns-is-layout-flex\">\n<div class=\"wp-block-column is-layout-flow wp-block-column-is-layout-flow\" style=\"flex-basis:100%\">\n<p>Utilisation de la vid\u00e9o en live sur sc\u00e8ne &#8211; essais de plans pour la phase de recherches.<\/p>\n\n\n\n<div class=\"wp-block-columns is-layout-flex wp-container-core-columns-is-layout-9d6595d7 wp-block-columns-is-layout-flex\">\n<div class=\"wp-block-column is-layout-flow wp-block-column-is-layout-flow\">\n<figure class=\"wp-block-video\"><video height=\"2160\" style=\"aspect-ratio: 3840 \/ 2160;\" width=\"3840\" controls src=\"https:\/\/albaneleonard.fr\/wp-content\/uploads\/2026\/03\/MVI_7569_4.mp4\"><\/video><figcaption class=\"wp-element-caption\">Actrice @lea.valdel sur instagram<\/figcaption><\/figure>\n\n\n\n<figure class=\"wp-block-video\"><video height=\"2160\" style=\"aspect-ratio: 3840 \/ 2160;\" width=\"3840\" controls src=\"https:\/\/albaneleonard.fr\/wp-content\/uploads\/2026\/03\/MVI_7569_2.mp4\"><\/video><figcaption class=\"wp-element-caption\">Actrice @lea.valdel sur instagram<\/figcaption><\/figure>\n<\/div>\n\n\n\n<div class=\"wp-block-column is-layout-flow wp-block-column-is-layout-flow\">\n<figure class=\"wp-block-video\"><video height=\"2160\" style=\"aspect-ratio: 3840 \/ 2160;\" width=\"3840\" controls src=\"https:\/\/albaneleonard.fr\/wp-content\/uploads\/2026\/03\/MVI_7569.mp4\"><\/video><figcaption class=\"wp-element-caption\">Actrice @lea.valdel sur instagram<\/figcaption><\/figure>\n\n\n\n<figure class=\"wp-block-video\"><video height=\"2160\" style=\"aspect-ratio: 3840 \/ 2160;\" width=\"3840\" controls src=\"https:\/\/albaneleonard.fr\/wp-content\/uploads\/2026\/03\/MVI_7569_3.mp4\"><\/video><figcaption class=\"wp-element-caption\">Actrice @lea.valdel sur instagram<\/figcaption><\/figure>\n<\/div>\n<\/div>\n<\/div>\n<\/div>\n\n\n\n<figure class=\"wp-block-video\"><video height=\"2160\" style=\"aspect-ratio: 3840 \/ 2160;\" width=\"3840\" controls src=\"https:\/\/albaneleonard.fr\/wp-content\/uploads\/2026\/03\/MVI_7569_1.mp4\"><\/video><figcaption class=\"wp-element-caption\">Actrice @lea.valdel sur instagram<\/figcaption><\/figure>\n","protected":false},"excerpt":{"rendered":"<p>Sc\u00e9nographie &#8211; Filles d&rsquo;Ariane Projet r\u00e9alis\u00e9 de 2024 \u00e0 2026 en DN MADE [&hellip;]<\/p>\n","protected":false},"author":1,"featured_media":0,"parent":0,"menu_order":0,"comment_status":"closed","ping_status":"closed","template":"","meta":{"footnotes":""},"class_list":["post-1471","page","type-page","status-publish","hentry"],"_links":{"self":[{"href":"https:\/\/albaneleonard.fr\/index.php\/wp-json\/wp\/v2\/pages\/1471","targetHints":{"allow":["GET"]}}],"collection":[{"href":"https:\/\/albaneleonard.fr\/index.php\/wp-json\/wp\/v2\/pages"}],"about":[{"href":"https:\/\/albaneleonard.fr\/index.php\/wp-json\/wp\/v2\/types\/page"}],"author":[{"embeddable":true,"href":"https:\/\/albaneleonard.fr\/index.php\/wp-json\/wp\/v2\/users\/1"}],"replies":[{"embeddable":true,"href":"https:\/\/albaneleonard.fr\/index.php\/wp-json\/wp\/v2\/comments?post=1471"}],"version-history":[{"count":14,"href":"https:\/\/albaneleonard.fr\/index.php\/wp-json\/wp\/v2\/pages\/1471\/revisions"}],"predecessor-version":[{"id":2308,"href":"https:\/\/albaneleonard.fr\/index.php\/wp-json\/wp\/v2\/pages\/1471\/revisions\/2308"}],"wp:attachment":[{"href":"https:\/\/albaneleonard.fr\/index.php\/wp-json\/wp\/v2\/media?parent=1471"}],"curies":[{"name":"wp","href":"https:\/\/api.w.org\/{rel}","templated":true}]}}