{"id":1514,"date":"2025-09-23T17:55:01","date_gmt":"2025-09-23T15:55:01","guid":{"rendered":"https:\/\/albaneleonard.fr\/?page_id=1514"},"modified":"2026-03-19T15:04:49","modified_gmt":"2026-03-19T14:04:49","slug":"scenographie-dexposition","status":"publish","type":"page","link":"https:\/\/albaneleonard.fr\/index.php\/scenographie-dexposition\/","title":{"rendered":"Sc\u00e9nographie d&rsquo;exposition"},"content":{"rendered":"\n<div class=\"wp-block-columns is-layout-flex wp-container-core-columns-is-layout-9d6595d7 wp-block-columns-is-layout-flex\">\n<div class=\"wp-block-column has-medium-font-size is-layout-flow wp-block-column-is-layout-flow\" style=\"flex-basis:100%\">\n<h1 class=\"wp-block-heading has-text-color has-link-color wp-elements-69a116c659e83c731a53e5e1aa3af553\" style=\"color:#8a250a\">Sc\u00e9nographie d&rsquo;exposition<\/h1>\n\n\n\n<div style=\"height:50px\" aria-hidden=\"true\" class=\"wp-block-spacer\"><\/div>\n\n\n\n<details class=\"wp-block-details is-layout-flow wp-block-details-is-layout-flow\"><summary><strong>\u00ab <strong><em><strong>La sc\u00e9nographie d\u2019exposition agence un r\u00e9cit dans un espace. \u00bb<\/strong><\/em> \u2014 <em>Arnaud Sompairac<\/em> \u25be<\/strong>  <\/strong><\/summary>\n<div style=\"height:16px\" aria-hidden=\"true\" class=\"wp-block-spacer\"><\/div>\n\n\n\n<p>J\u2019ai d\u00e9couvert la sc\u00e9nographie d\u2019exposition au lyc\u00e9e, en sp\u00e9cialit\u00e9 art. J\u2019ai tout de suite appr\u00e9ci\u00e9 le fait de mettre en espace les \u0153uvres et de chercher le meilleur moyen de les donner \u00e0 voir aux visiteurs. Plus tard, en DN MADE espace, j\u2019ai eu l\u2019occasion de red\u00e9couvrir cette discipline \u00e0 travers un projet concret de sc\u00e9nographie d\u2019exposition, qui m\u2019a particuli\u00e8rement plu.<\/p>\n\n\n\n<p>Aujourd\u2019hui, j\u2019aime analyser la mus\u00e9ographie autant que les \u0153uvres elles-m\u00eames lors de mes visites dans les mus\u00e9es. J\u2019appr\u00e9cie lorsque la sc\u00e9nographie soutient v\u00e9ritablement le propos de l\u2019exposition : elle met en valeur les \u0153uvres, rend la visite plus agr\u00e9able et en accentue l\u2019impact.<\/p>\n\n\n\n<p>Je trouve que celle-ci poss\u00e8de un pouvoir impressionnant. Elle peut transformer totalement la perception qu\u2019un visiteur a d\u2019une exposition, en apportant une ambiance et une atmosph\u00e8re particuli\u00e8res. Les expositions dont la sc\u00e9nographie est marquante me touchent particuli\u00e8rement : \u00e0 condition qu\u2019elle soit bien \u00e9quilibr\u00e9e, elle ne doit pas \u00e9craser les \u0153uvres mais les compl\u00e9ter, en donnant envie de les regarder, de comprendre le message et surtout de s\u2019en souvenir.<\/p>\n\n\n\n<p>Enfin, la sc\u00e9nographie permet aussi de cr\u00e9er une v\u00e9ritable exp\u00e9rience pour tous les publics, en \u00e9tablissant un lien avec les visiteurs. Les dispositifs interactifs ou immersifs, par exemple, offrent une autre mani\u00e8re d\u2019entrer dans l\u2019exposition, enrichissent la d\u00e9couverte et permettent une ouverture \u00e0 un public plus large ( enfants par exemple ).<\/p>\n<\/details>\n<\/div>\n<\/div>\n\n\n\n<div style=\"height:50px\" aria-hidden=\"true\" class=\"wp-block-spacer\"><\/div>\n\n\n\n<div class=\"wp-block-columns is-layout-flex wp-container-core-columns-is-layout-9d6595d7 wp-block-columns-is-layout-flex\">\n<div class=\"wp-block-column is-layout-flow wp-block-column-is-layout-flow\">\n<figure class=\"wp-block-image size-full wp-duotone-094850-da5f36-1\"><a href=\"https:\/\/albaneleonard.fr\/index.php\/voiles-de-lemancipation\/\"><img loading=\"lazy\" decoding=\"async\" width=\"1533\" height=\"804\" src=\"https:\/\/albaneleonard.fr\/wp-content\/uploads\/2025\/08\/Capture-decran-2025-08-17-155712-1.png\" alt=\"\" class=\"wp-image-297\" style=\"aspect-ratio:1;object-fit:cover\" srcset=\"https:\/\/albaneleonard.fr\/wp-content\/uploads\/2025\/08\/Capture-decran-2025-08-17-155712-1.png 1533w, https:\/\/albaneleonard.fr\/wp-content\/uploads\/2025\/08\/Capture-decran-2025-08-17-155712-1-300x157.png 300w, https:\/\/albaneleonard.fr\/wp-content\/uploads\/2025\/08\/Capture-decran-2025-08-17-155712-1-1024x537.png 1024w, https:\/\/albaneleonard.fr\/wp-content\/uploads\/2025\/08\/Capture-decran-2025-08-17-155712-1-768x403.png 768w\" sizes=\"auto, (max-width: 1533px) 100vw, 1533px\" \/><\/a><\/figure>\n\n\n\n<div class=\"wp-block-buttons is-layout-flex wp-block-buttons-is-layout-flex\">\n<div class=\"wp-block-button is-style-outline is-style-outline--2\"><a class=\"wp-block-button__link has-colibri-color-6-background-color has-text-color has-background has-link-color has-medium-font-size has-custom-font-size wp-element-button\" href=\"https:\/\/albaneleonard.fr\/index.php\/voiles-de-lemancipation\/\" style=\"border-radius:100px;color:#8a250a\"><em>Voiles de l&rsquo;\u00e9mancipation <\/em>\u2192 voir plus<\/a><\/div>\n<\/div>\n<\/div>\n\n\n\n<div class=\"wp-block-column is-layout-flow wp-block-column-is-layout-flow\"><\/div>\n<\/div>\n\n\n\n<div class=\"wp-block-columns is-layout-flex wp-container-core-columns-is-layout-9d6595d7 wp-block-columns-is-layout-flex\">\n<div class=\"wp-block-column is-layout-flow wp-block-column-is-layout-flow\"><\/div>\n\n\n\n<div class=\"wp-block-column is-layout-flow wp-block-column-is-layout-flow\"><\/div>\n<\/div>\n","protected":false},"excerpt":{"rendered":"<p>Sc\u00e9nographie d&rsquo;exposition [&hellip;]<\/p>\n","protected":false},"author":1,"featured_media":0,"parent":0,"menu_order":0,"comment_status":"closed","ping_status":"closed","template":"","meta":{"footnotes":""},"class_list":["post-1514","page","type-page","status-publish","hentry"],"_links":{"self":[{"href":"https:\/\/albaneleonard.fr\/index.php\/wp-json\/wp\/v2\/pages\/1514","targetHints":{"allow":["GET"]}}],"collection":[{"href":"https:\/\/albaneleonard.fr\/index.php\/wp-json\/wp\/v2\/pages"}],"about":[{"href":"https:\/\/albaneleonard.fr\/index.php\/wp-json\/wp\/v2\/types\/page"}],"author":[{"embeddable":true,"href":"https:\/\/albaneleonard.fr\/index.php\/wp-json\/wp\/v2\/users\/1"}],"replies":[{"embeddable":true,"href":"https:\/\/albaneleonard.fr\/index.php\/wp-json\/wp\/v2\/comments?post=1514"}],"version-history":[{"count":11,"href":"https:\/\/albaneleonard.fr\/index.php\/wp-json\/wp\/v2\/pages\/1514\/revisions"}],"predecessor-version":[{"id":2344,"href":"https:\/\/albaneleonard.fr\/index.php\/wp-json\/wp\/v2\/pages\/1514\/revisions\/2344"}],"wp:attachment":[{"href":"https:\/\/albaneleonard.fr\/index.php\/wp-json\/wp\/v2\/media?parent=1514"}],"curies":[{"name":"wp","href":"https:\/\/api.w.org\/{rel}","templated":true}]}}