{"id":1537,"date":"2025-09-24T17:25:32","date_gmt":"2025-09-24T15:25:32","guid":{"rendered":"https:\/\/albaneleonard.fr\/?page_id=1537"},"modified":"2025-12-11T22:16:51","modified_gmt":"2025-12-11T21:16:51","slug":"caravannjazz","status":"publish","type":"page","link":"https:\/\/albaneleonard.fr\/index.php\/caravannjazz\/","title":{"rendered":"Caravann&rsquo;jazz"},"content":{"rendered":"\n<h1 class=\"wp-block-heading has-text-color has-link-color wp-elements-d653fe009ab93d1f5202b1595be5466a\" style=\"color:#8a250a\">Caravann&rsquo;jazz<\/h1>\n\n\n\n<div style=\"height:50px\" aria-hidden=\"true\" class=\"wp-block-spacer\"><\/div>\n\n\n\n<div class=\"wp-block-columns is-layout-flex wp-container-core-columns-is-layout-9d6595d7 wp-block-columns-is-layout-flex\">\n<div class=\"wp-block-column is-layout-flow wp-block-column-is-layout-flow\">\n<div style=\"height:0px\" aria-hidden=\"true\" class=\"wp-block-spacer\"><\/div>\n\n\n\n<div class=\"wp-block-columns is-layout-flex wp-container-core-columns-is-layout-9d6595d7 wp-block-columns-is-layout-flex\">\n<div class=\"wp-block-column is-layout-flow wp-block-column-is-layout-flow\" style=\"flex-basis:100%\">\n<h5 class=\"wp-block-heading\">B\u00e9n\u00e9volat en technique pour le Juju Festival<\/h5>\n\n\n\n<p class=\"has-small-font-size\" style=\"font-style:normal;font-weight:300;letter-spacing:1px;text-transform:none\">\u00c0 la suite d\u2019un stage de deux mois au th\u00e9\u00e2tre Le Man\u00e8ge, j\u2019ai pu participer au festival off de Jazz \u00e0 Vienne : Carvann\u2019Jazz. Durant ce festival, j\u2019ai pu participer \u00e0 la technique, \u00e0 la fois \u00e0 la lumi\u00e8re, au son et au plateau. Ce fut ma premi\u00e8re exp\u00e9rience \u00e0 la technique en festival. C\u2019est cette premi\u00e8re exp\u00e9rience qui m\u2019a donn\u00e9 envie de faire plus de missions b\u00e9n\u00e9voles \u00e0 la technique en festival.<\/p>\n\n\n\n<div style=\"height:35px\" aria-hidden=\"true\" class=\"wp-block-spacer\"><\/div>\n<\/div>\n<\/div>\n\n\n\n<figure class=\"wp-block-image size-large\"><img loading=\"lazy\" decoding=\"async\" width=\"1024\" height=\"768\" src=\"https:\/\/albaneleonard.fr\/wp-content\/uploads\/2025\/09\/PXL_20240627_193400755.MP_-1024x768.jpg\" alt=\"\" class=\"wp-image-1569\" srcset=\"https:\/\/albaneleonard.fr\/wp-content\/uploads\/2025\/09\/PXL_20240627_193400755.MP_-1024x768.jpg 1024w, https:\/\/albaneleonard.fr\/wp-content\/uploads\/2025\/09\/PXL_20240627_193400755.MP_-300x225.jpg 300w, https:\/\/albaneleonard.fr\/wp-content\/uploads\/2025\/09\/PXL_20240627_193400755.MP_-768x576.jpg 768w, https:\/\/albaneleonard.fr\/wp-content\/uploads\/2025\/09\/PXL_20240627_193400755.MP_-1536x1152.jpg 1536w, https:\/\/albaneleonard.fr\/wp-content\/uploads\/2025\/09\/PXL_20240627_193400755.MP_-2048x1536.jpg 2048w\" sizes=\"auto, (max-width: 1024px) 100vw, 1024px\" \/><figcaption class=\"wp-element-caption\">Premi\u00e8re date du festival <\/figcaption><\/figure>\n\n\n\n<figure class=\"wp-block-image size-large\"><img loading=\"lazy\" decoding=\"async\" width=\"1024\" height=\"768\" src=\"https:\/\/albaneleonard.fr\/wp-content\/uploads\/2025\/09\/PXL_20240628_184500877.MP_-1024x768.jpg\" alt=\"\" class=\"wp-image-1572\" srcset=\"https:\/\/albaneleonard.fr\/wp-content\/uploads\/2025\/09\/PXL_20240628_184500877.MP_-1024x768.jpg 1024w, https:\/\/albaneleonard.fr\/wp-content\/uploads\/2025\/09\/PXL_20240628_184500877.MP_-300x225.jpg 300w, https:\/\/albaneleonard.fr\/wp-content\/uploads\/2025\/09\/PXL_20240628_184500877.MP_-768x576.jpg 768w, https:\/\/albaneleonard.fr\/wp-content\/uploads\/2025\/09\/PXL_20240628_184500877.MP_-1536x1152.jpg 1536w, https:\/\/albaneleonard.fr\/wp-content\/uploads\/2025\/09\/PXL_20240628_184500877.MP_-2048x1536.jpg 2048w\" sizes=\"auto, (max-width: 1024px) 100vw, 1024px\" \/><figcaption class=\"wp-element-caption\">Troisi\u00e8me date du festival \u00e0 Reventin<\/figcaption><\/figure>\n\n\n\n<figure class=\"wp-block-image size-large\"><img loading=\"lazy\" decoding=\"async\" width=\"1024\" height=\"768\" src=\"https:\/\/albaneleonard.fr\/wp-content\/uploads\/2025\/09\/PXL_20240627_125109537.MP_-1024x768.jpg\" alt=\"\" class=\"wp-image-1574\" srcset=\"https:\/\/albaneleonard.fr\/wp-content\/uploads\/2025\/09\/PXL_20240627_125109537.MP_-1024x768.jpg 1024w, https:\/\/albaneleonard.fr\/wp-content\/uploads\/2025\/09\/PXL_20240627_125109537.MP_-300x225.jpg 300w, https:\/\/albaneleonard.fr\/wp-content\/uploads\/2025\/09\/PXL_20240627_125109537.MP_-768x576.jpg 768w, https:\/\/albaneleonard.fr\/wp-content\/uploads\/2025\/09\/PXL_20240627_125109537.MP_-1536x1152.jpg 1536w, https:\/\/albaneleonard.fr\/wp-content\/uploads\/2025\/09\/PXL_20240627_125109537.MP_-2048x1536.jpg 2048w\" sizes=\"auto, (max-width: 1024px) 100vw, 1024px\" \/><figcaption class=\"wp-element-caption\">Montage son de la sc\u00e8ne<\/figcaption><\/figure>\n\n\n\n<figure class=\"wp-block-image size-large\"><img loading=\"lazy\" decoding=\"async\" width=\"768\" height=\"1024\" src=\"https:\/\/albaneleonard.fr\/wp-content\/uploads\/2025\/09\/PXL_20240627_103510933.MP_-768x1024.jpg\" alt=\"\" class=\"wp-image-1573\" srcset=\"https:\/\/albaneleonard.fr\/wp-content\/uploads\/2025\/09\/PXL_20240627_103510933.MP_-768x1024.jpg 768w, https:\/\/albaneleonard.fr\/wp-content\/uploads\/2025\/09\/PXL_20240627_103510933.MP_-225x300.jpg 225w, https:\/\/albaneleonard.fr\/wp-content\/uploads\/2025\/09\/PXL_20240627_103510933.MP_-1152x1536.jpg 1152w, https:\/\/albaneleonard.fr\/wp-content\/uploads\/2025\/09\/PXL_20240627_103510933.MP_-1536x2048.jpg 1536w, https:\/\/albaneleonard.fr\/wp-content\/uploads\/2025\/09\/PXL_20240627_103510933.MP_-scaled.jpg 1920w\" sizes=\"auto, (max-width: 768px) 100vw, 768px\" \/><figcaption class=\"wp-element-caption\">Montage du pont lors de la premi\u00e8re date<\/figcaption><\/figure>\n<\/div>\n\n\n\n<div class=\"wp-block-column is-layout-flow wp-block-column-is-layout-flow\">\n<figure class=\"wp-block-image size-large\"><img loading=\"lazy\" decoding=\"async\" width=\"1024\" height=\"768\" src=\"https:\/\/albaneleonard.fr\/wp-content\/uploads\/2025\/09\/PXL_20240630_181959251-1-1024x768.jpg\" alt=\"\" class=\"wp-image-1568\" srcset=\"https:\/\/albaneleonard.fr\/wp-content\/uploads\/2025\/09\/PXL_20240630_181959251-1-1024x768.jpg 1024w, https:\/\/albaneleonard.fr\/wp-content\/uploads\/2025\/09\/PXL_20240630_181959251-1-300x225.jpg 300w, https:\/\/albaneleonard.fr\/wp-content\/uploads\/2025\/09\/PXL_20240630_181959251-1-768x576.jpg 768w, https:\/\/albaneleonard.fr\/wp-content\/uploads\/2025\/09\/PXL_20240630_181959251-1-1536x1152.jpg 1536w, https:\/\/albaneleonard.fr\/wp-content\/uploads\/2025\/09\/PXL_20240630_181959251-1-2048x1536.jpg 2048w\" sizes=\"auto, (max-width: 1024px) 100vw, 1024px\" \/><figcaption class=\"wp-element-caption\">Derni\u00e8re date du festival \u00e0 Sainte-Colombe<\/figcaption><\/figure>\n\n\n\n<figure class=\"wp-block-image size-large\"><img loading=\"lazy\" decoding=\"async\" width=\"1024\" height=\"768\" src=\"https:\/\/albaneleonard.fr\/wp-content\/uploads\/2025\/09\/PXL_20240627_150000111.MP_-1024x768.jpg\" alt=\"\" class=\"wp-image-1570\" srcset=\"https:\/\/albaneleonard.fr\/wp-content\/uploads\/2025\/09\/PXL_20240627_150000111.MP_-1024x768.jpg 1024w, https:\/\/albaneleonard.fr\/wp-content\/uploads\/2025\/09\/PXL_20240627_150000111.MP_-300x225.jpg 300w, https:\/\/albaneleonard.fr\/wp-content\/uploads\/2025\/09\/PXL_20240627_150000111.MP_-768x576.jpg 768w, https:\/\/albaneleonard.fr\/wp-content\/uploads\/2025\/09\/PXL_20240627_150000111.MP_-1536x1152.jpg 1536w, https:\/\/albaneleonard.fr\/wp-content\/uploads\/2025\/09\/PXL_20240627_150000111.MP_-2048x1536.jpg 2048w\" sizes=\"auto, (max-width: 1024px) 100vw, 1024px\" \/><figcaption class=\"wp-element-caption\">R\u00e9gie du festival lors de la premi\u00e8re date<\/figcaption><\/figure>\n\n\n\n<figure class=\"wp-block-image size-large\"><img loading=\"lazy\" decoding=\"async\" width=\"1024\" height=\"768\" src=\"https:\/\/albaneleonard.fr\/wp-content\/uploads\/2025\/09\/PXL_20240628_175135735.MP_-1024x768.jpg\" alt=\"\" class=\"wp-image-1571\" srcset=\"https:\/\/albaneleonard.fr\/wp-content\/uploads\/2025\/09\/PXL_20240628_175135735.MP_-1024x768.jpg 1024w, https:\/\/albaneleonard.fr\/wp-content\/uploads\/2025\/09\/PXL_20240628_175135735.MP_-300x225.jpg 300w, https:\/\/albaneleonard.fr\/wp-content\/uploads\/2025\/09\/PXL_20240628_175135735.MP_-768x576.jpg 768w, https:\/\/albaneleonard.fr\/wp-content\/uploads\/2025\/09\/PXL_20240628_175135735.MP_-1536x1152.jpg 1536w, https:\/\/albaneleonard.fr\/wp-content\/uploads\/2025\/09\/PXL_20240628_175135735.MP_-2048x1536.jpg 2048w\" sizes=\"auto, (max-width: 1024px) 100vw, 1024px\" \/><figcaption class=\"wp-element-caption\">Troisi\u00e8me date du festival \u00e0 Reventin<\/figcaption><\/figure>\n\n\n\n<figure class=\"wp-block-image size-large\"><img loading=\"lazy\" decoding=\"async\" width=\"768\" height=\"1024\" src=\"https:\/\/albaneleonard.fr\/wp-content\/uploads\/2025\/09\/PXL_20240627_145956717.MP_-768x1024.jpg\" alt=\"\" class=\"wp-image-1575\" srcset=\"https:\/\/albaneleonard.fr\/wp-content\/uploads\/2025\/09\/PXL_20240627_145956717.MP_-768x1024.jpg 768w, https:\/\/albaneleonard.fr\/wp-content\/uploads\/2025\/09\/PXL_20240627_145956717.MP_-225x300.jpg 225w, https:\/\/albaneleonard.fr\/wp-content\/uploads\/2025\/09\/PXL_20240627_145956717.MP_-1152x1536.jpg 1152w, https:\/\/albaneleonard.fr\/wp-content\/uploads\/2025\/09\/PXL_20240627_145956717.MP_-1536x2048.jpg 1536w, https:\/\/albaneleonard.fr\/wp-content\/uploads\/2025\/09\/PXL_20240627_145956717.MP_-scaled.jpg 1920w\" sizes=\"auto, (max-width: 768px) 100vw, 768px\" \/><figcaption class=\"wp-element-caption\">Petite sc\u00e8ne lors de la premi\u00e8re date du festival<\/figcaption><\/figure>\n<\/div>\n<\/div>\n","protected":false},"excerpt":{"rendered":"<p>Caravann&rsquo;jazz B\u00e9n\u00e9volat en technique pour le Juju Festival \u00c0 la suite d\u2019un stage [&hellip;]<\/p>\n","protected":false},"author":1,"featured_media":0,"parent":0,"menu_order":0,"comment_status":"closed","ping_status":"closed","template":"","meta":{"footnotes":""},"class_list":["post-1537","page","type-page","status-publish","hentry"],"_links":{"self":[{"href":"https:\/\/albaneleonard.fr\/index.php\/wp-json\/wp\/v2\/pages\/1537","targetHints":{"allow":["GET"]}}],"collection":[{"href":"https:\/\/albaneleonard.fr\/index.php\/wp-json\/wp\/v2\/pages"}],"about":[{"href":"https:\/\/albaneleonard.fr\/index.php\/wp-json\/wp\/v2\/types\/page"}],"author":[{"embeddable":true,"href":"https:\/\/albaneleonard.fr\/index.php\/wp-json\/wp\/v2\/users\/1"}],"replies":[{"embeddable":true,"href":"https:\/\/albaneleonard.fr\/index.php\/wp-json\/wp\/v2\/comments?post=1537"}],"version-history":[{"count":3,"href":"https:\/\/albaneleonard.fr\/index.php\/wp-json\/wp\/v2\/pages\/1537\/revisions"}],"predecessor-version":[{"id":1994,"href":"https:\/\/albaneleonard.fr\/index.php\/wp-json\/wp\/v2\/pages\/1537\/revisions\/1994"}],"wp:attachment":[{"href":"https:\/\/albaneleonard.fr\/index.php\/wp-json\/wp\/v2\/media?parent=1537"}],"curies":[{"name":"wp","href":"https:\/\/api.w.org\/{rel}","templated":true}]}}