{"id":1538,"date":"2025-09-24T16:45:36","date_gmt":"2025-09-24T14:45:36","guid":{"rendered":"https:\/\/albaneleonard.fr\/?page_id=1538"},"modified":"2025-12-11T22:17:24","modified_gmt":"2025-12-11T21:17:24","slug":"festivhalles","status":"publish","type":"page","link":"https:\/\/albaneleonard.fr\/index.php\/festivhalles\/","title":{"rendered":"Festiv&rsquo;halles"},"content":{"rendered":"\n<h1 class=\"wp-block-heading has-text-color has-link-color wp-elements-d399e005e5d4bc46d9184a29ef7fcd8b\" style=\"color:#8a250a\">Festiv&rsquo;halles<\/h1>\n\n\n\n<div style=\"height:50px\" aria-hidden=\"true\" class=\"wp-block-spacer\"><\/div>\n\n\n\n<div class=\"wp-block-columns is-layout-flex wp-container-core-columns-is-layout-9d6595d7 wp-block-columns-is-layout-flex\">\n<div class=\"wp-block-column is-layout-flow wp-block-column-is-layout-flow\">\n<div style=\"height:0px\" aria-hidden=\"true\" class=\"wp-block-spacer\"><\/div>\n\n\n\n<div class=\"wp-block-columns is-layout-flex wp-container-core-columns-is-layout-9d6595d7 wp-block-columns-is-layout-flex\">\n<div class=\"wp-block-column is-layout-flow wp-block-column-is-layout-flow\" style=\"flex-basis:100%\">\n<h5 class=\"wp-block-heading\">B\u00e9n\u00e9volat en technique pour le Festiv&rsquo;halles<\/h5>\n\n\n\n<p class=\"has-small-font-size\" style=\"font-style:normal;font-weight:300;letter-spacing:1px;text-transform:none\">Depuis deux ann\u00e9es cons\u00e9cutives, j\u2019ai eu la chance de participer, au mois d\u2019ao\u00fbt, au Festiv\u2019halles d\u2019Az\u00e9. Ce festival me tient particuli\u00e8rement \u00e0 c\u0153ur, car il est pour moi un lieu d\u2019apprentissage o\u00f9 je me forme chaque ann\u00e9e un peu plus \u00e0 la technique, en assistant l\u2019\u00e9lectro lumi\u00e8re (installation, r\u00e9glages et suivi des projecteurs) ainsi que le r\u00e9gisseur lumi\u00e8re.<\/p>\n\n\n\n<p class=\"has-small-font-size\" style=\"font-style:normal;font-weight:300;letter-spacing:1px;text-transform:none\">J\u2019ai pu prendre part au montage et au d\u00e9montage technique, et j\u2019apprends progressivement \u00e0 lire un plan feu, \u00e0 conna\u00eetre le mat\u00e9riel, \u00e0 r\u00e9parer des c\u00e2bles, \u00e0 effectuer les r\u00e9glages lumi\u00e8re et \u00e0 r\u00e9aliser diff\u00e9rents branchements. J\u2019ai pu, durant la seconde \u00e9dition, r\u00e9aliser de petits vlogs de nos journ\u00e9es de montage au Festiv\u2019halles, vid\u00e9os disponibles sur ma <a href=\"https:\/\/www.instagram.com\/leonardalbane_pro\/\" data-type=\"link\" data-id=\"https:\/\/www.instagram.com\/leonardalbane_pro\/\" target=\"_blank\" rel=\"noreferrer noopener\">page Instagram.<\/a><\/p>\n\n\n\n<div style=\"height:35px\" aria-hidden=\"true\" class=\"wp-block-spacer\"><\/div>\n<\/div>\n<\/div>\n\n\n\n<figure class=\"wp-block-image size-large\"><img loading=\"lazy\" decoding=\"async\" width=\"1024\" height=\"683\" src=\"https:\/\/albaneleonard.fr\/wp-content\/uploads\/2025\/09\/IMG_6557-1024x683.jpg\" alt=\"\" class=\"wp-image-1552\" srcset=\"https:\/\/albaneleonard.fr\/wp-content\/uploads\/2025\/09\/IMG_6557-1024x683.jpg 1024w, https:\/\/albaneleonard.fr\/wp-content\/uploads\/2025\/09\/IMG_6557-300x200.jpg 300w, https:\/\/albaneleonard.fr\/wp-content\/uploads\/2025\/09\/IMG_6557-768x512.jpg 768w, https:\/\/albaneleonard.fr\/wp-content\/uploads\/2025\/09\/IMG_6557-1536x1024.jpg 1536w, https:\/\/albaneleonard.fr\/wp-content\/uploads\/2025\/09\/IMG_6557.jpg 1620w\" sizes=\"auto, (max-width: 1024px) 100vw, 1024px\" \/><figcaption class=\"wp-element-caption\">Photo de la perche \u00e0 la face avec des ETC Lustr<\/figcaption><\/figure>\n\n\n\n<figure class=\"wp-block-image size-large\"><img loading=\"lazy\" decoding=\"async\" width=\"1024\" height=\"683\" src=\"https:\/\/albaneleonard.fr\/wp-content\/uploads\/2025\/09\/IMG_6841-1024x683.jpg\" alt=\"\" class=\"wp-image-1554\" srcset=\"https:\/\/albaneleonard.fr\/wp-content\/uploads\/2025\/09\/IMG_6841-1024x683.jpg 1024w, https:\/\/albaneleonard.fr\/wp-content\/uploads\/2025\/09\/IMG_6841-300x200.jpg 300w, https:\/\/albaneleonard.fr\/wp-content\/uploads\/2025\/09\/IMG_6841-768x512.jpg 768w, https:\/\/albaneleonard.fr\/wp-content\/uploads\/2025\/09\/IMG_6841-1536x1024.jpg 1536w, https:\/\/albaneleonard.fr\/wp-content\/uploads\/2025\/09\/IMG_6841.jpg 1620w\" sizes=\"auto, (max-width: 1024px) 100vw, 1024px\" \/><figcaption class=\"wp-element-caption\">Photo de la console lumi\u00e8re<\/figcaption><\/figure>\n\n\n\n<figure class=\"wp-block-image size-large\"><img loading=\"lazy\" decoding=\"async\" width=\"1024\" height=\"576\" src=\"https:\/\/albaneleonard.fr\/wp-content\/uploads\/2025\/09\/IMG-20250824-WA0000-1024x576.jpg\" alt=\"\" class=\"wp-image-1555\" srcset=\"https:\/\/albaneleonard.fr\/wp-content\/uploads\/2025\/09\/IMG-20250824-WA0000-1024x576.jpg 1024w, https:\/\/albaneleonard.fr\/wp-content\/uploads\/2025\/09\/IMG-20250824-WA0000-300x169.jpg 300w, https:\/\/albaneleonard.fr\/wp-content\/uploads\/2025\/09\/IMG-20250824-WA0000-768x432.jpg 768w, https:\/\/albaneleonard.fr\/wp-content\/uploads\/2025\/09\/IMG-20250824-WA0000-1536x864.jpg 1536w, https:\/\/albaneleonard.fr\/wp-content\/uploads\/2025\/09\/IMG-20250824-WA0000.jpg 1600w\" sizes=\"auto, (max-width: 1024px) 100vw, 1024px\" \/><figcaption class=\"wp-element-caption\">Photo du festival<\/figcaption><\/figure>\n\n\n\n<figure class=\"wp-block-image size-large\"><img loading=\"lazy\" decoding=\"async\" width=\"646\" height=\"1024\" src=\"https:\/\/albaneleonard.fr\/wp-content\/uploads\/2025\/09\/Screenshot_20250924-163247-646x1024.png\" alt=\"\" class=\"wp-image-1566\" srcset=\"https:\/\/albaneleonard.fr\/wp-content\/uploads\/2025\/09\/Screenshot_20250924-163247-646x1024.png 646w, https:\/\/albaneleonard.fr\/wp-content\/uploads\/2025\/09\/Screenshot_20250924-163247-189x300.png 189w, https:\/\/albaneleonard.fr\/wp-content\/uploads\/2025\/09\/Screenshot_20250924-163247-768x1217.png 768w, https:\/\/albaneleonard.fr\/wp-content\/uploads\/2025\/09\/Screenshot_20250924-163247-969x1536.png 969w, https:\/\/albaneleonard.fr\/wp-content\/uploads\/2025\/09\/Screenshot_20250924-163247.png 1080w\" sizes=\"auto, (max-width: 646px) 100vw, 646px\" \/><figcaption class=\"wp-element-caption\">Installation des lat\u00e9raux<\/figcaption><\/figure>\n\n\n\n<figure class=\"wp-block-image size-large\"><img loading=\"lazy\" decoding=\"async\" width=\"1024\" height=\"576\" src=\"https:\/\/albaneleonard.fr\/wp-content\/uploads\/2025\/09\/IMG-20250830-WA0006-1024x576.jpg\" alt=\"\" class=\"wp-image-1557\" srcset=\"https:\/\/albaneleonard.fr\/wp-content\/uploads\/2025\/09\/IMG-20250830-WA0006-1024x576.jpg 1024w, https:\/\/albaneleonard.fr\/wp-content\/uploads\/2025\/09\/IMG-20250830-WA0006-300x169.jpg 300w, https:\/\/albaneleonard.fr\/wp-content\/uploads\/2025\/09\/IMG-20250830-WA0006-768x432.jpg 768w, https:\/\/albaneleonard.fr\/wp-content\/uploads\/2025\/09\/IMG-20250830-WA0006-1536x864.jpg 1536w, https:\/\/albaneleonard.fr\/wp-content\/uploads\/2025\/09\/IMG-20250830-WA0006.jpg 1600w\" sizes=\"auto, (max-width: 1024px) 100vw, 1024px\" \/><figcaption class=\"wp-element-caption\">Branchements de la face<\/figcaption><\/figure>\n\n\n\n<figure class=\"wp-block-video\"><video height=\"1920\" style=\"aspect-ratio: 1080 \/ 1920;\" width=\"1080\" autoplay controls loop muted src=\"https:\/\/albaneleonard.fr\/wp-content\/uploads\/2025\/09\/YouCut_20250818_141333492.mp4\"><\/video><figcaption class=\"wp-element-caption\">Montage lumi\u00e8re de la face<\/figcaption><\/figure>\n\n\n\n<figure class=\"wp-block-video\"><video height=\"640\" style=\"aspect-ratio: 360 \/ 640;\" width=\"360\" autoplay controls loop muted src=\"https:\/\/albaneleonard.fr\/wp-content\/uploads\/2025\/09\/VID_20250823_043248_465.mp4\"><\/video><figcaption class=\"wp-element-caption\">J&rsquo;ai pu prendre le contr\u00f4le de la r\u00e9gie pendant un moment lors d&rsquo;un spectacle<\/figcaption><\/figure>\n<\/div>\n\n\n\n<div class=\"wp-block-column is-layout-flow wp-block-column-is-layout-flow\">\n<figure class=\"wp-block-image size-large\"><img loading=\"lazy\" decoding=\"async\" width=\"1024\" height=\"683\" src=\"https:\/\/albaneleonard.fr\/wp-content\/uploads\/2025\/09\/IMG_6702-1024x683.jpg\" alt=\"\" class=\"wp-image-1551\" srcset=\"https:\/\/albaneleonard.fr\/wp-content\/uploads\/2025\/09\/IMG_6702-1024x683.jpg 1024w, https:\/\/albaneleonard.fr\/wp-content\/uploads\/2025\/09\/IMG_6702-300x200.jpg 300w, https:\/\/albaneleonard.fr\/wp-content\/uploads\/2025\/09\/IMG_6702-768x512.jpg 768w, https:\/\/albaneleonard.fr\/wp-content\/uploads\/2025\/09\/IMG_6702-1536x1024.jpg 1536w, https:\/\/albaneleonard.fr\/wp-content\/uploads\/2025\/09\/IMG_6702.jpg 1620w\" sizes=\"auto, (max-width: 1024px) 100vw, 1024px\" \/><figcaption class=\"wp-element-caption\">Photo du festival &#8211; cr\u00e9ation du gobo \u00a0\u00bbFestiv&rsquo;halles\u00a0\u00bb<\/figcaption><\/figure>\n\n\n\n<figure class=\"wp-block-image size-large\"><img loading=\"lazy\" decoding=\"async\" width=\"683\" height=\"1024\" src=\"https:\/\/albaneleonard.fr\/wp-content\/uploads\/2025\/09\/IMG_6664-1-683x1024.jpg\" alt=\"\" class=\"wp-image-1553\" srcset=\"https:\/\/albaneleonard.fr\/wp-content\/uploads\/2025\/09\/IMG_6664-1-683x1024.jpg 683w, https:\/\/albaneleonard.fr\/wp-content\/uploads\/2025\/09\/IMG_6664-1-200x300.jpg 200w, https:\/\/albaneleonard.fr\/wp-content\/uploads\/2025\/09\/IMG_6664-1-768x1152.jpg 768w, https:\/\/albaneleonard.fr\/wp-content\/uploads\/2025\/09\/IMG_6664-1-1024x1536.jpg 1024w, https:\/\/albaneleonard.fr\/wp-content\/uploads\/2025\/09\/IMG_6664-1.jpg 1080w\" sizes=\"auto, (max-width: 683px) 100vw, 683px\" \/><figcaption class=\"wp-element-caption\">Photo de l&rsquo;installation de la sc\u00e9no de Quartz 120w<\/figcaption><\/figure>\n\n\n\n<figure class=\"wp-block-image size-large\"><img loading=\"lazy\" decoding=\"async\" width=\"756\" height=\"1024\" src=\"https:\/\/albaneleonard.fr\/wp-content\/uploads\/2025\/09\/Screenshot_20250924-163200-756x1024.png\" alt=\"\" class=\"wp-image-1565\" srcset=\"https:\/\/albaneleonard.fr\/wp-content\/uploads\/2025\/09\/Screenshot_20250924-163200-756x1024.png 756w, https:\/\/albaneleonard.fr\/wp-content\/uploads\/2025\/09\/Screenshot_20250924-163200-221x300.png 221w, https:\/\/albaneleonard.fr\/wp-content\/uploads\/2025\/09\/Screenshot_20250924-163200-768x1040.png 768w, https:\/\/albaneleonard.fr\/wp-content\/uploads\/2025\/09\/Screenshot_20250924-163200.png 1080w\" sizes=\"auto, (max-width: 756px) 100vw, 756px\" \/><figcaption class=\"wp-element-caption\">Installation des contres<\/figcaption><\/figure>\n\n\n\n<figure class=\"wp-block-image size-large\"><img loading=\"lazy\" decoding=\"async\" width=\"1024\" height=\"768\" src=\"https:\/\/albaneleonard.fr\/wp-content\/uploads\/2025\/09\/PXL_20250822_213430224.MP_-1024x768.jpg\" alt=\"\" class=\"wp-image-1560\" srcset=\"https:\/\/albaneleonard.fr\/wp-content\/uploads\/2025\/09\/PXL_20250822_213430224.MP_-1024x768.jpg 1024w, https:\/\/albaneleonard.fr\/wp-content\/uploads\/2025\/09\/PXL_20250822_213430224.MP_-300x225.jpg 300w, https:\/\/albaneleonard.fr\/wp-content\/uploads\/2025\/09\/PXL_20250822_213430224.MP_-768x576.jpg 768w, https:\/\/albaneleonard.fr\/wp-content\/uploads\/2025\/09\/PXL_20250822_213430224.MP_-1536x1152.jpg 1536w, https:\/\/albaneleonard.fr\/wp-content\/uploads\/2025\/09\/PXL_20250822_213430224.MP_-2048x1536.jpg 2048w\" sizes=\"auto, (max-width: 1024px) 100vw, 1024px\" \/><figcaption class=\"wp-element-caption\">Photo de la r\u00e9gie son et lumi\u00e8re<\/figcaption><\/figure>\n\n\n\n<figure class=\"wp-block-video\"><video height=\"1920\" style=\"aspect-ratio: 1080 \/ 1920;\" width=\"1080\" autoplay controls loop muted src=\"https:\/\/albaneleonard.fr\/wp-content\/uploads\/2025\/09\/YouCut_20250821_112958266.mp4\"><\/video><figcaption class=\"wp-element-caption\">Montage lumi\u00e8re de la petite sc\u00e8ne <\/figcaption><\/figure>\n\n\n\n<figure class=\"wp-block-image size-large\"><img loading=\"lazy\" decoding=\"async\" width=\"683\" height=\"1024\" src=\"https:\/\/albaneleonard.fr\/wp-content\/uploads\/2025\/09\/IMG_6718-683x1024.jpg\" alt=\"\" class=\"wp-image-1564\" srcset=\"https:\/\/albaneleonard.fr\/wp-content\/uploads\/2025\/09\/IMG_6718-683x1024.jpg 683w, https:\/\/albaneleonard.fr\/wp-content\/uploads\/2025\/09\/IMG_6718-200x300.jpg 200w, https:\/\/albaneleonard.fr\/wp-content\/uploads\/2025\/09\/IMG_6718-768x1152.jpg 768w, https:\/\/albaneleonard.fr\/wp-content\/uploads\/2025\/09\/IMG_6718-1024x1536.jpg 1024w, https:\/\/albaneleonard.fr\/wp-content\/uploads\/2025\/09\/IMG_6718.jpg 1080w\" sizes=\"auto, (max-width: 683px) 100vw, 683px\" \/><figcaption class=\"wp-element-caption\">Photo des starway dinos et des Robin 300 Led Wash<\/figcaption><\/figure>\n<\/div>\n<\/div>\n","protected":false},"excerpt":{"rendered":"<p>Festiv&rsquo;halles B\u00e9n\u00e9volat en technique pour le Festiv&rsquo;halles Depuis deux ann\u00e9es cons\u00e9cutives, j\u2019ai eu [&hellip;]<\/p>\n","protected":false},"author":1,"featured_media":0,"parent":0,"menu_order":0,"comment_status":"closed","ping_status":"closed","template":"","meta":{"footnotes":""},"class_list":["post-1538","page","type-page","status-publish","hentry"],"_links":{"self":[{"href":"https:\/\/albaneleonard.fr\/index.php\/wp-json\/wp\/v2\/pages\/1538","targetHints":{"allow":["GET"]}}],"collection":[{"href":"https:\/\/albaneleonard.fr\/index.php\/wp-json\/wp\/v2\/pages"}],"about":[{"href":"https:\/\/albaneleonard.fr\/index.php\/wp-json\/wp\/v2\/types\/page"}],"author":[{"embeddable":true,"href":"https:\/\/albaneleonard.fr\/index.php\/wp-json\/wp\/v2\/users\/1"}],"replies":[{"embeddable":true,"href":"https:\/\/albaneleonard.fr\/index.php\/wp-json\/wp\/v2\/comments?post=1538"}],"version-history":[{"count":3,"href":"https:\/\/albaneleonard.fr\/index.php\/wp-json\/wp\/v2\/pages\/1538\/revisions"}],"predecessor-version":[{"id":1989,"href":"https:\/\/albaneleonard.fr\/index.php\/wp-json\/wp\/v2\/pages\/1538\/revisions\/1989"}],"wp:attachment":[{"href":"https:\/\/albaneleonard.fr\/index.php\/wp-json\/wp\/v2\/media?parent=1538"}],"curies":[{"name":"wp","href":"https:\/\/api.w.org\/{rel}","templated":true}]}}