{"id":1579,"date":"2025-09-24T18:19:39","date_gmt":"2025-09-24T16:19:39","guid":{"rendered":"https:\/\/albaneleonard.fr\/?page_id=1579"},"modified":"2026-01-25T22:32:17","modified_gmt":"2026-01-25T21:32:17","slug":"les-agents-du-temps","status":"publish","type":"page","link":"https:\/\/albaneleonard.fr\/index.php\/les-agents-du-temps\/","title":{"rendered":"LES AGENTS DU TEMPS"},"content":{"rendered":"\n<h1 class=\"wp-block-heading has-text-color has-link-color wp-elements-59c3d8474f354939df415df708f75b0f\" style=\"color:#8a250a\">LES AGENTS DU TEMPS<\/h1>\n\n\n\n<div style=\"height:50px\" aria-hidden=\"true\" class=\"wp-block-spacer\"><\/div>\n\n\n\n<div class=\"wp-block-columns is-layout-flex wp-container-core-columns-is-layout-9d6595d7 wp-block-columns-is-layout-flex\">\n<div class=\"wp-block-column is-layout-flow wp-block-column-is-layout-flow\">\n<div style=\"height:0px\" aria-hidden=\"true\" class=\"wp-block-spacer\"><\/div>\n\n\n\n<div class=\"wp-block-columns is-layout-flex wp-container-core-columns-is-layout-9d6595d7 wp-block-columns-is-layout-flex\">\n<div class=\"wp-block-column is-layout-flow wp-block-column-is-layout-flow\" style=\"flex-basis:100%\">\n<h5 class=\"wp-block-heading\">Equipe d\u00e9co &#8211; <em>Les Agents du Temps<\/em> de Jean Perez et de Thomas Maire<\/h5>\n\n\n\n<p class=\"has-small-font-size\" style=\"font-style:normal;font-weight:300;letter-spacing:1px;text-transform:none\">En mai 2025, j\u2019ai eu l\u2019opportunit\u00e9 d\u2019\u00eatre cheffe d\u00e9co de la seconde semaine de tournage des <em>Agents du Temps<\/em>, un long-m\u00e9trage r\u00e9alis\u00e9 par Jean Perez et Thomas Maire. Durant cinq jours, j\u2019ai con\u00e7u et r\u00e9alis\u00e9 les d\u00e9cors, tout en encadrant une petite \u00e9quipe afin d\u2019assurer la mise en place rapide et efficace des diff\u00e9rents espaces de tournage.<\/p>\n\n\n\n<p class=\"has-small-font-size\" style=\"font-style:normal;font-weight:300;letter-spacing:1px;text-transform:none\">Ce fut une premi\u00e8re exp\u00e9rience marquante dans le monde de l\u2019audiovisuel. Elle m\u2019a permis de d\u00e9couvrir concr\u00e8tement le travail des d\u00e9cors au cin\u00e9ma, avec ses contraintes sp\u00e9cifiques : rythmes de tournage soutenus, adaptation permanente aux besoins de la mise en sc\u00e8ne et recherche de solutions rapides. J\u2019ai particuli\u00e8rement appr\u00e9ci\u00e9 la dimension collective de ce projet, o\u00f9 la collaboration entre les diff\u00e9rents corps de m\u00e9tier est essentielle pour donner vie \u00e0 l\u2019univers du film.<\/p>\n\n\n\n<p class=\"has-small-font-size\" style=\"font-style:normal;font-weight:300;letter-spacing:1px;text-transform:none\">Cette immersion m\u2019a donn\u00e9 envie de continuer \u00e0 explorer l\u2019univers de l\u2019audiovisuel et de perfectionner mes comp\u00e9tences en cr\u00e9ation et gestion de d\u00e9cors. Le long-m\u00e9trage, \u00e0 l&rsquo;heure actuelle, n&rsquo;est pas termin\u00e9 et conna\u00eetra une troisi\u00e8me semaine de tournage.<\/p>\n\n\n\n<div style=\"height:35px\" aria-hidden=\"true\" class=\"wp-block-spacer\"><\/div>\n\n\n\n<figure class=\"wp-block-image size-large\"><img loading=\"lazy\" decoding=\"async\" width=\"1024\" height=\"683\" src=\"https:\/\/albaneleonard.fr\/wp-content\/uploads\/2025\/09\/PS9_3160-1024x683.jpeg\" alt=\"\" class=\"wp-image-1594\" srcset=\"https:\/\/albaneleonard.fr\/wp-content\/uploads\/2025\/09\/PS9_3160-1024x683.jpeg 1024w, https:\/\/albaneleonard.fr\/wp-content\/uploads\/2025\/09\/PS9_3160-300x200.jpeg 300w, https:\/\/albaneleonard.fr\/wp-content\/uploads\/2025\/09\/PS9_3160-768x512.jpeg 768w, https:\/\/albaneleonard.fr\/wp-content\/uploads\/2025\/09\/PS9_3160-1536x1024.jpeg 1536w, https:\/\/albaneleonard.fr\/wp-content\/uploads\/2025\/09\/PS9_3160-2048x1365.jpeg 2048w\" sizes=\"auto, (max-width: 1024px) 100vw, 1024px\" \/><figcaption class=\"wp-element-caption\">Installation du premier d\u00e9cor &#8211; Arri\u00e8re boutique ( Photo : @luk.musik sur Instagram )<\/figcaption><\/figure>\n\n\n\n<figure class=\"wp-block-video\"><video height=\"1920\" style=\"aspect-ratio: 1080 \/ 1920;\" width=\"1080\" autoplay controls loop muted src=\"https:\/\/albaneleonard.fr\/wp-content\/uploads\/2025\/09\/YouCut_20250526_194253473.mp4\"><\/video><figcaption class=\"wp-element-caption\">Pr\u00e9pa d\u00e9cor en amont pour l&rsquo;arri\u00e8re boutique<\/figcaption><\/figure>\n<\/div>\n<\/div>\n\n\n\n<figure class=\"wp-block-image size-large\"><img loading=\"lazy\" decoding=\"async\" width=\"1024\" height=\"683\" src=\"https:\/\/albaneleonard.fr\/wp-content\/uploads\/2025\/09\/PS9_3467-1024x683.jpeg\" alt=\"\" class=\"wp-image-1596\" srcset=\"https:\/\/albaneleonard.fr\/wp-content\/uploads\/2025\/09\/PS9_3467-1024x683.jpeg 1024w, https:\/\/albaneleonard.fr\/wp-content\/uploads\/2025\/09\/PS9_3467-300x200.jpeg 300w, https:\/\/albaneleonard.fr\/wp-content\/uploads\/2025\/09\/PS9_3467-768x512.jpeg 768w, https:\/\/albaneleonard.fr\/wp-content\/uploads\/2025\/09\/PS9_3467-1536x1024.jpeg 1536w, https:\/\/albaneleonard.fr\/wp-content\/uploads\/2025\/09\/PS9_3467-2048x1365.jpeg 2048w\" sizes=\"auto, (max-width: 1024px) 100vw, 1024px\" \/><figcaption class=\"wp-element-caption\">Retouche accessoire sur le premier d\u00e9cor &#8211; Arri\u00e8re boutique ( Photo : @luk.musik sur Instagram )<\/figcaption><\/figure>\n\n\n\n<figure class=\"wp-block-image size-large\"><img loading=\"lazy\" decoding=\"async\" width=\"1024\" height=\"683\" src=\"https:\/\/albaneleonard.fr\/wp-content\/uploads\/2025\/09\/PS1_4197-1024x683.jpeg\" alt=\"\" class=\"wp-image-1582\" srcset=\"https:\/\/albaneleonard.fr\/wp-content\/uploads\/2025\/09\/PS1_4197-1024x683.jpeg 1024w, https:\/\/albaneleonard.fr\/wp-content\/uploads\/2025\/09\/PS1_4197-300x200.jpeg 300w, https:\/\/albaneleonard.fr\/wp-content\/uploads\/2025\/09\/PS1_4197-768x512.jpeg 768w, https:\/\/albaneleonard.fr\/wp-content\/uploads\/2025\/09\/PS1_4197-1536x1024.jpeg 1536w, https:\/\/albaneleonard.fr\/wp-content\/uploads\/2025\/09\/PS1_4197-2048x1365.jpeg 2048w\" sizes=\"auto, (max-width: 1024px) 100vw, 1024px\" \/><figcaption class=\"wp-element-caption\">Installation du troisi\u00e8me d\u00e9cor &#8211; Cellule de l&rsquo;agent X ( Photo : @luk.musik sur Instagram )<\/figcaption><\/figure>\n\n\n\n<figure class=\"wp-block-video\"><video height=\"1920\" style=\"aspect-ratio: 1080 \/ 1920;\" width=\"1080\" autoplay controls loop muted src=\"https:\/\/albaneleonard.fr\/wp-content\/uploads\/2025\/09\/YouCut_20250527_163945186.mp4\"><\/video><figcaption class=\"wp-element-caption\">Pr\u00e9pa d\u00e9cor en amont pour le v\u00e9hicule<\/figcaption><\/figure>\n\n\n\n<figure class=\"wp-block-image size-large\"><img loading=\"lazy\" decoding=\"async\" width=\"1024\" height=\"683\" src=\"https:\/\/albaneleonard.fr\/wp-content\/uploads\/2025\/09\/PS1_4396-1024x683.jpeg\" alt=\"\" class=\"wp-image-1584\" srcset=\"https:\/\/albaneleonard.fr\/wp-content\/uploads\/2025\/09\/PS1_4396-1024x683.jpeg 1024w, https:\/\/albaneleonard.fr\/wp-content\/uploads\/2025\/09\/PS1_4396-300x200.jpeg 300w, https:\/\/albaneleonard.fr\/wp-content\/uploads\/2025\/09\/PS1_4396-768x512.jpeg 768w, https:\/\/albaneleonard.fr\/wp-content\/uploads\/2025\/09\/PS1_4396-1536x1024.jpeg 1536w, https:\/\/albaneleonard.fr\/wp-content\/uploads\/2025\/09\/PS1_4396-2048x1365.jpeg 2048w\" sizes=\"auto, (max-width: 1024px) 100vw, 1024px\" \/><figcaption class=\"wp-element-caption\">Installation du sixi\u00e8me d\u00e9cor &#8211; rue 1 ( Photo : @luk.musik sur Instagram )<\/figcaption><\/figure>\n\n\n\n<figure class=\"wp-block-image size-large\"><img loading=\"lazy\" decoding=\"async\" width=\"1024\" height=\"683\" src=\"https:\/\/albaneleonard.fr\/wp-content\/uploads\/2025\/09\/PS9_4817-1024x683.jpeg\" alt=\"\" class=\"wp-image-1602\" srcset=\"https:\/\/albaneleonard.fr\/wp-content\/uploads\/2025\/09\/PS9_4817-1024x683.jpeg 1024w, https:\/\/albaneleonard.fr\/wp-content\/uploads\/2025\/09\/PS9_4817-300x200.jpeg 300w, https:\/\/albaneleonard.fr\/wp-content\/uploads\/2025\/09\/PS9_4817-768x512.jpeg 768w, https:\/\/albaneleonard.fr\/wp-content\/uploads\/2025\/09\/PS9_4817-1536x1024.jpeg 1536w, https:\/\/albaneleonard.fr\/wp-content\/uploads\/2025\/09\/PS9_4817-2048x1365.jpeg 2048w\" sizes=\"auto, (max-width: 1024px) 100vw, 1024px\" \/><figcaption class=\"wp-element-caption\">Installation du sixi\u00e8me d\u00e9cor &#8211; rue 1 ( Photo : @luk.musik sur Instagram )<\/figcaption><\/figure>\n\n\n\n<figure class=\"wp-block-image size-large\"><img loading=\"lazy\" decoding=\"async\" width=\"1024\" height=\"683\" src=\"https:\/\/albaneleonard.fr\/wp-content\/uploads\/2025\/09\/PS1_5680-1024x683.jpeg\" alt=\"\" class=\"wp-image-1593\" srcset=\"https:\/\/albaneleonard.fr\/wp-content\/uploads\/2025\/09\/PS1_5680-1024x683.jpeg 1024w, https:\/\/albaneleonard.fr\/wp-content\/uploads\/2025\/09\/PS1_5680-300x200.jpeg 300w, https:\/\/albaneleonard.fr\/wp-content\/uploads\/2025\/09\/PS1_5680-768x512.jpeg 768w, https:\/\/albaneleonard.fr\/wp-content\/uploads\/2025\/09\/PS1_5680-1536x1024.jpeg 1536w, https:\/\/albaneleonard.fr\/wp-content\/uploads\/2025\/09\/PS1_5680-2048x1365.jpeg 2048w\" sizes=\"auto, (max-width: 1024px) 100vw, 1024px\" \/><figcaption class=\"wp-element-caption\">Sixi\u00e8me d\u00e9cor final &#8211; rue 1 ( Photo : @luk.musik sur Instagram )<\/figcaption><\/figure>\n\n\n\n<figure class=\"wp-block-image size-large\"><img loading=\"lazy\" decoding=\"async\" width=\"1024\" height=\"683\" src=\"https:\/\/albaneleonard.fr\/wp-content\/uploads\/2025\/09\/PS1_4612-1024x683.jpeg\" alt=\"\" class=\"wp-image-1586\" srcset=\"https:\/\/albaneleonard.fr\/wp-content\/uploads\/2025\/09\/PS1_4612-1024x683.jpeg 1024w, https:\/\/albaneleonard.fr\/wp-content\/uploads\/2025\/09\/PS1_4612-300x200.jpeg 300w, https:\/\/albaneleonard.fr\/wp-content\/uploads\/2025\/09\/PS1_4612-768x512.jpeg 768w, https:\/\/albaneleonard.fr\/wp-content\/uploads\/2025\/09\/PS1_4612-1536x1024.jpeg 1536w, https:\/\/albaneleonard.fr\/wp-content\/uploads\/2025\/09\/PS1_4612-2048x1365.jpeg 2048w\" sizes=\"auto, (max-width: 1024px) 100vw, 1024px\" \/><figcaption class=\"wp-element-caption\">Installation du septi\u00e8me d\u00e9cor &#8211; Delos ( Photo : @luk.musik sur Instagram )<\/figcaption><\/figure>\n\n\n\n<figure class=\"wp-block-image size-large\"><img loading=\"lazy\" decoding=\"async\" width=\"1024\" height=\"683\" src=\"https:\/\/albaneleonard.fr\/wp-content\/uploads\/2025\/10\/PS1_5396-1024x683.jpeg\" alt=\"\" class=\"wp-image-2011\" srcset=\"https:\/\/albaneleonard.fr\/wp-content\/uploads\/2025\/10\/PS1_5396-1024x683.jpeg 1024w, https:\/\/albaneleonard.fr\/wp-content\/uploads\/2025\/10\/PS1_5396-300x200.jpeg 300w, https:\/\/albaneleonard.fr\/wp-content\/uploads\/2025\/10\/PS1_5396-768x512.jpeg 768w, https:\/\/albaneleonard.fr\/wp-content\/uploads\/2025\/10\/PS1_5396-1536x1024.jpeg 1536w, https:\/\/albaneleonard.fr\/wp-content\/uploads\/2025\/10\/PS1_5396-2048x1365.jpeg 2048w\" sizes=\"auto, (max-width: 1024px) 100vw, 1024px\" \/><figcaption class=\"wp-element-caption\">Huiti\u00e8me d\u00e9cor &#8211; rue 2 ( Photo : @luk.musik sur Instagram )<\/figcaption><\/figure>\n\n\n\n<p><a href=\"https:\/\/photos.google.com\/photo\/AF1QipMbf7jHpouWVNChVwPYu01Rn516OViAx5F0YTf8\"><\/a><\/p>\n<\/div>\n\n\n\n<div class=\"wp-block-column is-layout-flow wp-block-column-is-layout-flow\">\n<figure class=\"wp-block-image size-large\"><img loading=\"lazy\" decoding=\"async\" width=\"1024\" height=\"683\" src=\"https:\/\/albaneleonard.fr\/wp-content\/uploads\/2025\/09\/PS1_3916-1-1024x683.jpeg\" alt=\"\" class=\"wp-image-1580\" srcset=\"https:\/\/albaneleonard.fr\/wp-content\/uploads\/2025\/09\/PS1_3916-1-1024x683.jpeg 1024w, https:\/\/albaneleonard.fr\/wp-content\/uploads\/2025\/09\/PS1_3916-1-300x200.jpeg 300w, https:\/\/albaneleonard.fr\/wp-content\/uploads\/2025\/09\/PS1_3916-1-768x512.jpeg 768w, https:\/\/albaneleonard.fr\/wp-content\/uploads\/2025\/09\/PS1_3916-1-1536x1024.jpeg 1536w, https:\/\/albaneleonard.fr\/wp-content\/uploads\/2025\/09\/PS1_3916-1-2048x1365.jpeg 2048w\" sizes=\"auto, (max-width: 1024px) 100vw, 1024px\" \/><figcaption class=\"wp-element-caption\">Premier d\u00e9cor &#8211; Arri\u00e8re boutique ( Photo : @luk.musik sur Instagram )<\/figcaption><\/figure>\n\n\n\n<figure class=\"wp-block-image size-large\"><img loading=\"lazy\" decoding=\"async\" width=\"683\" height=\"1024\" src=\"https:\/\/albaneleonard.fr\/wp-content\/uploads\/2025\/09\/PS9_3321-683x1024.jpeg\" alt=\"\" class=\"wp-image-1595\" srcset=\"https:\/\/albaneleonard.fr\/wp-content\/uploads\/2025\/09\/PS9_3321-683x1024.jpeg 683w, https:\/\/albaneleonard.fr\/wp-content\/uploads\/2025\/09\/PS9_3321-200x300.jpeg 200w, https:\/\/albaneleonard.fr\/wp-content\/uploads\/2025\/09\/PS9_3321-768x1152.jpeg 768w, https:\/\/albaneleonard.fr\/wp-content\/uploads\/2025\/09\/PS9_3321-1024x1536.jpeg 1024w, https:\/\/albaneleonard.fr\/wp-content\/uploads\/2025\/09\/PS9_3321-1365x2048.jpeg 1365w, https:\/\/albaneleonard.fr\/wp-content\/uploads\/2025\/09\/PS9_3321-scaled.jpeg 1707w\" sizes=\"auto, (max-width: 683px) 100vw, 683px\" \/><figcaption class=\"wp-element-caption\">Premier d\u00e9cor &#8211; Arri\u00e8re boutique ( Photo : @luk.musik sur Instagram )<\/figcaption><\/figure>\n\n\n\n<figure class=\"wp-block-image size-large\"><img loading=\"lazy\" decoding=\"async\" width=\"768\" height=\"1024\" src=\"https:\/\/albaneleonard.fr\/wp-content\/uploads\/2025\/09\/PXL_20250528_182248703.MP_-768x1024.jpg\" alt=\"\" class=\"wp-image-1605\" srcset=\"https:\/\/albaneleonard.fr\/wp-content\/uploads\/2025\/09\/PXL_20250528_182248703.MP_-768x1024.jpg 768w, https:\/\/albaneleonard.fr\/wp-content\/uploads\/2025\/09\/PXL_20250528_182248703.MP_-225x300.jpg 225w, https:\/\/albaneleonard.fr\/wp-content\/uploads\/2025\/09\/PXL_20250528_182248703.MP_-1152x1536.jpg 1152w, https:\/\/albaneleonard.fr\/wp-content\/uploads\/2025\/09\/PXL_20250528_182248703.MP_-1536x2048.jpg 1536w, https:\/\/albaneleonard.fr\/wp-content\/uploads\/2025\/09\/PXL_20250528_182248703.MP_-scaled.jpg 1920w\" sizes=\"auto, (max-width: 768px) 100vw, 768px\" \/><figcaption class=\"wp-element-caption\">Premier d\u00e9cor &#8211; Arri\u00e8re boutique <\/figcaption><\/figure>\n\n\n\n<figure class=\"wp-block-image size-large\"><img loading=\"lazy\" decoding=\"async\" width=\"1024\" height=\"683\" src=\"https:\/\/albaneleonard.fr\/wp-content\/uploads\/2025\/09\/PS9_3657-1024x683.jpeg\" alt=\"\" class=\"wp-image-1597\" srcset=\"https:\/\/albaneleonard.fr\/wp-content\/uploads\/2025\/09\/PS9_3657-1024x683.jpeg 1024w, https:\/\/albaneleonard.fr\/wp-content\/uploads\/2025\/09\/PS9_3657-300x200.jpeg 300w, https:\/\/albaneleonard.fr\/wp-content\/uploads\/2025\/09\/PS9_3657-768x512.jpeg 768w, https:\/\/albaneleonard.fr\/wp-content\/uploads\/2025\/09\/PS9_3657-1536x1024.jpeg 1536w, https:\/\/albaneleonard.fr\/wp-content\/uploads\/2025\/09\/PS9_3657-2048x1365.jpeg 2048w\" sizes=\"auto, (max-width: 1024px) 100vw, 1024px\" \/><figcaption class=\"wp-element-caption\">Installation du second d\u00e9cor &#8211; l&rsquo;h\u00f4pital ( Photo : @luk.musik sur Instagram )<\/figcaption><\/figure>\n\n\n\n<figure class=\"wp-block-image size-large\"><img loading=\"lazy\" decoding=\"async\" width=\"1024\" height=\"683\" src=\"https:\/\/albaneleonard.fr\/wp-content\/uploads\/2025\/09\/PS1_4249-1024x683.jpeg\" alt=\"\" class=\"wp-image-1583\" srcset=\"https:\/\/albaneleonard.fr\/wp-content\/uploads\/2025\/09\/PS1_4249-1024x683.jpeg 1024w, https:\/\/albaneleonard.fr\/wp-content\/uploads\/2025\/09\/PS1_4249-300x200.jpeg 300w, https:\/\/albaneleonard.fr\/wp-content\/uploads\/2025\/09\/PS1_4249-768x512.jpeg 768w, https:\/\/albaneleonard.fr\/wp-content\/uploads\/2025\/09\/PS1_4249-1536x1024.jpeg 1536w, https:\/\/albaneleonard.fr\/wp-content\/uploads\/2025\/09\/PS1_4249-2048x1365.jpeg 2048w\" sizes=\"auto, (max-width: 1024px) 100vw, 1024px\" \/><figcaption class=\"wp-element-caption\">Installation du quatri\u00e8me d\u00e9cor &#8211; V\u00e9hicule des agents ( Photo : @luk.musik sur Instagram )<\/figcaption><\/figure>\n\n\n\n<figure class=\"wp-block-image size-large\"><img loading=\"lazy\" decoding=\"async\" width=\"1024\" height=\"683\" src=\"https:\/\/albaneleonard.fr\/wp-content\/uploads\/2025\/09\/PS9_3823-1024x683.jpeg\" alt=\"\" class=\"wp-image-1598\" srcset=\"https:\/\/albaneleonard.fr\/wp-content\/uploads\/2025\/09\/PS9_3823-1024x683.jpeg 1024w, https:\/\/albaneleonard.fr\/wp-content\/uploads\/2025\/09\/PS9_3823-300x200.jpeg 300w, https:\/\/albaneleonard.fr\/wp-content\/uploads\/2025\/09\/PS9_3823-768x512.jpeg 768w, https:\/\/albaneleonard.fr\/wp-content\/uploads\/2025\/09\/PS9_3823-1536x1024.jpeg 1536w, https:\/\/albaneleonard.fr\/wp-content\/uploads\/2025\/09\/PS9_3823-2048x1365.jpeg 2048w\" sizes=\"auto, (max-width: 1024px) 100vw, 1024px\" \/><figcaption class=\"wp-element-caption\">Quatri\u00e8me d\u00e9cor &#8211; V\u00e9hicule des agents ( Photo : @luk.musik sur Instagram )<\/figcaption><\/figure>\n\n\n\n<figure class=\"wp-block-image size-large\"><img loading=\"lazy\" decoding=\"async\" width=\"1024\" height=\"683\" src=\"https:\/\/albaneleonard.fr\/wp-content\/uploads\/2025\/09\/PS9_3898-1024x683.jpeg\" alt=\"\" class=\"wp-image-1599\" srcset=\"https:\/\/albaneleonard.fr\/wp-content\/uploads\/2025\/09\/PS9_3898-1024x683.jpeg 1024w, https:\/\/albaneleonard.fr\/wp-content\/uploads\/2025\/09\/PS9_3898-300x200.jpeg 300w, https:\/\/albaneleonard.fr\/wp-content\/uploads\/2025\/09\/PS9_3898-768x512.jpeg 768w, https:\/\/albaneleonard.fr\/wp-content\/uploads\/2025\/09\/PS9_3898-1536x1024.jpeg 1536w, https:\/\/albaneleonard.fr\/wp-content\/uploads\/2025\/09\/PS9_3898-2048x1365.jpeg 2048w\" sizes=\"auto, (max-width: 1024px) 100vw, 1024px\" \/><figcaption class=\"wp-element-caption\">Installation du cinqui\u00e8me d\u00e9cor &#8211; Bureau de l&rsquo;agent 0 ( Photo : @luk.musik sur Instagram )<\/figcaption><\/figure>\n\n\n\n<figure class=\"wp-block-image size-large\"><img loading=\"lazy\" decoding=\"async\" width=\"1024\" height=\"683\" src=\"https:\/\/albaneleonard.fr\/wp-content\/uploads\/2025\/09\/PS1_5369-1024x683.jpeg\" alt=\"\" class=\"wp-image-1589\" srcset=\"https:\/\/albaneleonard.fr\/wp-content\/uploads\/2025\/09\/PS1_5369-1024x683.jpeg 1024w, https:\/\/albaneleonard.fr\/wp-content\/uploads\/2025\/09\/PS1_5369-300x200.jpeg 300w, https:\/\/albaneleonard.fr\/wp-content\/uploads\/2025\/09\/PS1_5369-768x512.jpeg 768w, https:\/\/albaneleonard.fr\/wp-content\/uploads\/2025\/09\/PS1_5369-1536x1024.jpeg 1536w, https:\/\/albaneleonard.fr\/wp-content\/uploads\/2025\/09\/PS1_5369-2048x1365.jpeg 2048w\" sizes=\"auto, (max-width: 1024px) 100vw, 1024px\" \/><figcaption class=\"wp-element-caption\">Installation du sixi\u00e8me d\u00e9cor &#8211; rue 1 ( Photo : @luk.musik sur Instagram )<\/figcaption><\/figure>\n\n\n\n<figure class=\"wp-block-image size-large\"><img loading=\"lazy\" decoding=\"async\" width=\"1024\" height=\"683\" src=\"https:\/\/albaneleonard.fr\/wp-content\/uploads\/2025\/09\/PS1_5319-1024x683.jpeg\" alt=\"\" class=\"wp-image-1587\" srcset=\"https:\/\/albaneleonard.fr\/wp-content\/uploads\/2025\/09\/PS1_5319-1024x683.jpeg 1024w, https:\/\/albaneleonard.fr\/wp-content\/uploads\/2025\/09\/PS1_5319-300x200.jpeg 300w, https:\/\/albaneleonard.fr\/wp-content\/uploads\/2025\/09\/PS1_5319-768x512.jpeg 768w, https:\/\/albaneleonard.fr\/wp-content\/uploads\/2025\/09\/PS1_5319-1536x1024.jpeg 1536w, https:\/\/albaneleonard.fr\/wp-content\/uploads\/2025\/09\/PS1_5319-2048x1365.jpeg 2048w\" sizes=\"auto, (max-width: 1024px) 100vw, 1024px\" \/><figcaption class=\"wp-element-caption\">Installation du sixi\u00e8me d\u00e9cor &#8211; rue 1 ( Photo : @luk.musik sur Instagram )<\/figcaption><\/figure>\n\n\n\n<figure class=\"wp-block-image size-large\"><img loading=\"lazy\" decoding=\"async\" width=\"1024\" height=\"683\" src=\"https:\/\/albaneleonard.fr\/wp-content\/uploads\/2025\/09\/PS9_4087-1024x683.jpeg\" alt=\"\" class=\"wp-image-1601\" srcset=\"https:\/\/albaneleonard.fr\/wp-content\/uploads\/2025\/09\/PS9_4087-1024x683.jpeg 1024w, https:\/\/albaneleonard.fr\/wp-content\/uploads\/2025\/09\/PS9_4087-300x200.jpeg 300w, https:\/\/albaneleonard.fr\/wp-content\/uploads\/2025\/09\/PS9_4087-768x512.jpeg 768w, https:\/\/albaneleonard.fr\/wp-content\/uploads\/2025\/09\/PS9_4087-1536x1024.jpeg 1536w, https:\/\/albaneleonard.fr\/wp-content\/uploads\/2025\/09\/PS9_4087-2048x1365.jpeg 2048w\" sizes=\"auto, (max-width: 1024px) 100vw, 1024px\" \/><figcaption class=\"wp-element-caption\">Installation du septi\u00e8me d\u00e9cor &#8211; Delos ( Photo : @luk.musik sur Instagram )<\/figcaption><\/figure>\n\n\n\n<figure class=\"wp-block-image size-large\"><img loading=\"lazy\" decoding=\"async\" width=\"1024\" height=\"683\" src=\"https:\/\/albaneleonard.fr\/wp-content\/uploads\/2025\/09\/PS1_5540-1024x683.jpeg\" alt=\"\" class=\"wp-image-1590\" srcset=\"https:\/\/albaneleonard.fr\/wp-content\/uploads\/2025\/09\/PS1_5540-1024x683.jpeg 1024w, https:\/\/albaneleonard.fr\/wp-content\/uploads\/2025\/09\/PS1_5540-300x200.jpeg 300w, https:\/\/albaneleonard.fr\/wp-content\/uploads\/2025\/09\/PS1_5540-768x512.jpeg 768w, https:\/\/albaneleonard.fr\/wp-content\/uploads\/2025\/09\/PS1_5540-1536x1024.jpeg 1536w, https:\/\/albaneleonard.fr\/wp-content\/uploads\/2025\/09\/PS1_5540-2048x1365.jpeg 2048w\" sizes=\"auto, (max-width: 1024px) 100vw, 1024px\" \/><figcaption class=\"wp-element-caption\">Huiti\u00e8me d\u00e9cor &#8211; rue 2 ( Photo : @luk.musik sur Instagram )<\/figcaption><\/figure>\n\n\n\n<figure class=\"wp-block-image size-large\"><img loading=\"lazy\" decoding=\"async\" width=\"1024\" height=\"683\" src=\"https:\/\/albaneleonard.fr\/wp-content\/uploads\/2025\/10\/PS1_5457-1024x683.jpeg\" alt=\"\" class=\"wp-image-2013\" srcset=\"https:\/\/albaneleonard.fr\/wp-content\/uploads\/2025\/10\/PS1_5457-1024x683.jpeg 1024w, https:\/\/albaneleonard.fr\/wp-content\/uploads\/2025\/10\/PS1_5457-300x200.jpeg 300w, https:\/\/albaneleonard.fr\/wp-content\/uploads\/2025\/10\/PS1_5457-768x512.jpeg 768w, https:\/\/albaneleonard.fr\/wp-content\/uploads\/2025\/10\/PS1_5457-1536x1024.jpeg 1536w, https:\/\/albaneleonard.fr\/wp-content\/uploads\/2025\/10\/PS1_5457-2048x1365.jpeg 2048w\" sizes=\"auto, (max-width: 1024px) 100vw, 1024px\" \/><figcaption class=\"wp-element-caption\">Huiti\u00e8me d\u00e9cor &#8211; rue 2 ( Photo : @luk.musik sur Instagram )<\/figcaption><\/figure>\n<\/div>\n<\/div>\n\n\n\n<figure class=\"wp-block-gallery has-nested-images columns-default is-cropped wp-block-gallery-1 is-layout-flex wp-block-gallery-is-layout-flex\">\n<figure class=\"wp-block-image size-large\"><img loading=\"lazy\" decoding=\"async\" width=\"1024\" height=\"768\" data-id=\"1610\" src=\"https:\/\/albaneleonard.fr\/wp-content\/uploads\/2025\/09\/PXL_20250530_164229609.MP_-1024x768.jpg\" alt=\"\" class=\"wp-image-1610\" srcset=\"https:\/\/albaneleonard.fr\/wp-content\/uploads\/2025\/09\/PXL_20250530_164229609.MP_-1024x768.jpg 1024w, https:\/\/albaneleonard.fr\/wp-content\/uploads\/2025\/09\/PXL_20250530_164229609.MP_-300x225.jpg 300w, https:\/\/albaneleonard.fr\/wp-content\/uploads\/2025\/09\/PXL_20250530_164229609.MP_-768x576.jpg 768w, https:\/\/albaneleonard.fr\/wp-content\/uploads\/2025\/09\/PXL_20250530_164229609.MP_-1536x1152.jpg 1536w, https:\/\/albaneleonard.fr\/wp-content\/uploads\/2025\/09\/PXL_20250530_164229609.MP_-2048x1536.jpg 2048w\" sizes=\"auto, (max-width: 1024px) 100vw, 1024px\" \/><figcaption class=\"wp-element-caption\">Rue 1 &#8211; Avant<\/figcaption><\/figure>\n\n\n\n<figure class=\"wp-block-image size-large\"><img loading=\"lazy\" decoding=\"async\" width=\"1024\" height=\"683\" data-id=\"1593\" src=\"https:\/\/albaneleonard.fr\/wp-content\/uploads\/2025\/09\/PS1_5680-1024x683.jpeg\" alt=\"\" class=\"wp-image-1593\" srcset=\"https:\/\/albaneleonard.fr\/wp-content\/uploads\/2025\/09\/PS1_5680-1024x683.jpeg 1024w, https:\/\/albaneleonard.fr\/wp-content\/uploads\/2025\/09\/PS1_5680-300x200.jpeg 300w, https:\/\/albaneleonard.fr\/wp-content\/uploads\/2025\/09\/PS1_5680-768x512.jpeg 768w, https:\/\/albaneleonard.fr\/wp-content\/uploads\/2025\/09\/PS1_5680-1536x1024.jpeg 1536w, https:\/\/albaneleonard.fr\/wp-content\/uploads\/2025\/09\/PS1_5680-2048x1365.jpeg 2048w\" sizes=\"auto, (max-width: 1024px) 100vw, 1024px\" \/><figcaption class=\"wp-element-caption\">Rue 1 &#8211; Apr\u00e8s<\/figcaption><\/figure>\n<\/figure>\n\n\n\n<figure class=\"wp-block-gallery has-nested-images columns-default is-cropped wp-block-gallery-2 is-layout-flex wp-block-gallery-is-layout-flex\">\n<figure class=\"wp-block-image size-large\"><img loading=\"lazy\" decoding=\"async\" width=\"1024\" height=\"768\" data-id=\"1609\" src=\"https:\/\/albaneleonard.fr\/wp-content\/uploads\/2025\/09\/PXL_20250530_164751128.MP_-1-1024x768.jpg\" alt=\"\" class=\"wp-image-1609\" srcset=\"https:\/\/albaneleonard.fr\/wp-content\/uploads\/2025\/09\/PXL_20250530_164751128.MP_-1-1024x768.jpg 1024w, https:\/\/albaneleonard.fr\/wp-content\/uploads\/2025\/09\/PXL_20250530_164751128.MP_-1-300x225.jpg 300w, https:\/\/albaneleonard.fr\/wp-content\/uploads\/2025\/09\/PXL_20250530_164751128.MP_-1-768x576.jpg 768w, https:\/\/albaneleonard.fr\/wp-content\/uploads\/2025\/09\/PXL_20250530_164751128.MP_-1-1536x1152.jpg 1536w, https:\/\/albaneleonard.fr\/wp-content\/uploads\/2025\/09\/PXL_20250530_164751128.MP_-1-2048x1536.jpg 2048w\" sizes=\"auto, (max-width: 1024px) 100vw, 1024px\" \/><figcaption class=\"wp-element-caption\">Rue 2 &#8211; Avant<\/figcaption><\/figure>\n\n\n\n<figure class=\"wp-block-image size-large\"><img loading=\"lazy\" decoding=\"async\" width=\"1024\" height=\"768\" data-id=\"1608\" src=\"https:\/\/albaneleonard.fr\/wp-content\/uploads\/2025\/09\/PXL_20250601_211028095.MP_-1-1024x768.jpg\" alt=\"\" class=\"wp-image-1608\" srcset=\"https:\/\/albaneleonard.fr\/wp-content\/uploads\/2025\/09\/PXL_20250601_211028095.MP_-1-1024x768.jpg 1024w, https:\/\/albaneleonard.fr\/wp-content\/uploads\/2025\/09\/PXL_20250601_211028095.MP_-1-300x225.jpg 300w, https:\/\/albaneleonard.fr\/wp-content\/uploads\/2025\/09\/PXL_20250601_211028095.MP_-1-768x576.jpg 768w, https:\/\/albaneleonard.fr\/wp-content\/uploads\/2025\/09\/PXL_20250601_211028095.MP_-1-1536x1152.jpg 1536w, https:\/\/albaneleonard.fr\/wp-content\/uploads\/2025\/09\/PXL_20250601_211028095.MP_-1-2048x1536.jpg 2048w\" sizes=\"auto, (max-width: 1024px) 100vw, 1024px\" \/><figcaption class=\"wp-element-caption\">Rue 2 &#8211; Apr\u00e8s<\/figcaption><\/figure>\n<\/figure>\n\n\n\n<p><\/p>\n","protected":false},"excerpt":{"rendered":"<p>LES AGENTS DU TEMPS Equipe d\u00e9co &#8211; Les Agents du Temps de Jean [&hellip;]<\/p>\n","protected":false},"author":1,"featured_media":0,"parent":0,"menu_order":0,"comment_status":"closed","ping_status":"closed","template":"","meta":{"footnotes":""},"class_list":["post-1579","page","type-page","status-publish","hentry"],"_links":{"self":[{"href":"https:\/\/albaneleonard.fr\/index.php\/wp-json\/wp\/v2\/pages\/1579","targetHints":{"allow":["GET"]}}],"collection":[{"href":"https:\/\/albaneleonard.fr\/index.php\/wp-json\/wp\/v2\/pages"}],"about":[{"href":"https:\/\/albaneleonard.fr\/index.php\/wp-json\/wp\/v2\/types\/page"}],"author":[{"embeddable":true,"href":"https:\/\/albaneleonard.fr\/index.php\/wp-json\/wp\/v2\/users\/1"}],"replies":[{"embeddable":true,"href":"https:\/\/albaneleonard.fr\/index.php\/wp-json\/wp\/v2\/comments?post=1579"}],"version-history":[{"count":9,"href":"https:\/\/albaneleonard.fr\/index.php\/wp-json\/wp\/v2\/pages\/1579\/revisions"}],"predecessor-version":[{"id":2200,"href":"https:\/\/albaneleonard.fr\/index.php\/wp-json\/wp\/v2\/pages\/1579\/revisions\/2200"}],"wp:attachment":[{"href":"https:\/\/albaneleonard.fr\/index.php\/wp-json\/wp\/v2\/media?parent=1579"}],"curies":[{"name":"wp","href":"https:\/\/api.w.org\/{rel}","templated":true}]}}