{"id":1613,"date":"2025-09-24T18:35:15","date_gmt":"2025-09-24T16:35:15","guid":{"rendered":"https:\/\/albaneleonard.fr\/?page_id=1613"},"modified":"2025-12-11T22:32:02","modified_gmt":"2025-12-11T21:32:02","slug":"ange-gardien","status":"publish","type":"page","link":"https:\/\/albaneleonard.fr\/index.php\/ange-gardien\/","title":{"rendered":"Ange Gardien"},"content":{"rendered":"\n<h1 class=\"wp-block-heading has-text-color has-link-color wp-elements-4aaec5c679b0e646fda7bca33cd1905f\" style=\"color:#8a250a\">ANGE GARDIEN<\/h1>\n\n\n\n<div style=\"height:50px\" aria-hidden=\"true\" class=\"wp-block-spacer\"><\/div>\n\n\n\n<div class=\"wp-block-columns is-layout-flex wp-container-core-columns-is-layout-9d6595d7 wp-block-columns-is-layout-flex\">\n<div class=\"wp-block-column is-layout-flow wp-block-column-is-layout-flow\">\n<div style=\"height:0px\" aria-hidden=\"true\" class=\"wp-block-spacer\"><\/div>\n\n\n\n<div class=\"wp-block-columns is-layout-flex wp-container-core-columns-is-layout-9d6595d7 wp-block-columns-is-layout-flex\">\n<div class=\"wp-block-column is-layout-flow wp-block-column-is-layout-flow\" style=\"flex-basis:100%\">\n<h5 class=\"wp-block-heading\">Cheffe d\u00e9co &#8211; <em>Ange gardien<\/em> &#8211; Cyril Givelet<\/h5>\n\n\n\n<p class=\"has-small-font-size\" style=\"font-style:normal;font-weight:300;letter-spacing:1px;text-transform:none\">En octobre 2025, j\u2019ai particip\u00e9 \u00e0 la seconde partie du tournage <em>Ange Gardien<\/em> en tant que cheffe d\u00e9coratrice. Mon travail portait principalement sur la cr\u00e9ation d\u2019une reproduction de pont o\u00f9 les passants accrochent leurs cadenas.<\/p>\n\n\n\n<p class=\"has-small-font-size\" style=\"font-style:normal;font-weight:300;letter-spacing:1px;text-transform:none\">Le d\u00e9fi majeur de ce court-m\u00e9trage a \u00e9t\u00e9 de trouver plus de 250 cadenas au prix le plus bas. Un travail de personnalisation est ensuite venu enrichir ce d\u00e9cor : chaque cadenas a \u00e9t\u00e9 modifi\u00e9 afin de cr\u00e9er une diversit\u00e9 visuelle et de donner une histoire propre \u00e0 chacun.<\/p>\n\n\n\n<p class=\"has-small-font-size\" style=\"font-style:normal;font-weight:300;letter-spacing:1px;text-transform:none\">Ainsi, chaque cadenas accroch\u00e9 racontait une histoire particuli\u00e8re, laissant au spectateur la libert\u00e9 de les imaginer.<\/p>\n\n\n\n<div style=\"height:35px\" aria-hidden=\"true\" class=\"wp-block-spacer\"><\/div>\n\n\n\n<figure class=\"wp-block-image size-large\"><img loading=\"lazy\" decoding=\"async\" width=\"1024\" height=\"768\" src=\"https:\/\/albaneleonard.fr\/wp-content\/uploads\/2025\/12\/PXL_20251107_150637373.MP_-1024x768.jpg\" alt=\"\" class=\"wp-image-2083\" srcset=\"https:\/\/albaneleonard.fr\/wp-content\/uploads\/2025\/12\/PXL_20251107_150637373.MP_-1024x768.jpg 1024w, https:\/\/albaneleonard.fr\/wp-content\/uploads\/2025\/12\/PXL_20251107_150637373.MP_-300x225.jpg 300w, https:\/\/albaneleonard.fr\/wp-content\/uploads\/2025\/12\/PXL_20251107_150637373.MP_-768x576.jpg 768w, https:\/\/albaneleonard.fr\/wp-content\/uploads\/2025\/12\/PXL_20251107_150637373.MP_-1536x1152.jpg 1536w, https:\/\/albaneleonard.fr\/wp-content\/uploads\/2025\/12\/PXL_20251107_150637373.MP_-2048x1536.jpg 2048w\" sizes=\"auto, (max-width: 1024px) 100vw, 1024px\" \/><\/figure>\n\n\n\n<figure class=\"wp-block-image size-large\"><img loading=\"lazy\" decoding=\"async\" width=\"1920\" height=\"2560\" src=\"https:\/\/albaneleonard.fr\/wp-content\/uploads\/2025\/12\/PXL_20251105_114058383.MP_-edited-scaled.jpg\" alt=\"\" class=\"wp-image-2087\" srcset=\"https:\/\/albaneleonard.fr\/wp-content\/uploads\/2025\/12\/PXL_20251105_114058383.MP_-edited-scaled.jpg 1920w, https:\/\/albaneleonard.fr\/wp-content\/uploads\/2025\/12\/PXL_20251105_114058383.MP_-edited-225x300.jpg 225w, https:\/\/albaneleonard.fr\/wp-content\/uploads\/2025\/12\/PXL_20251105_114058383.MP_-edited-768x1024.jpg 768w, https:\/\/albaneleonard.fr\/wp-content\/uploads\/2025\/12\/PXL_20251105_114058383.MP_-edited-1152x1536.jpg 1152w, https:\/\/albaneleonard.fr\/wp-content\/uploads\/2025\/12\/PXL_20251105_114058383.MP_-edited-1536x2048.jpg 1536w\" sizes=\"auto, (max-width: 1920px) 100vw, 1920px\" \/><figcaption class=\"wp-element-caption\">Cadenas apr\u00e8s personnalisation<\/figcaption><\/figure>\n\n\n\n<figure class=\"wp-block-video\"><video height=\"850\" style=\"aspect-ratio: 478 \/ 850;\" width=\"478\" autoplay controls loop muted src=\"https:\/\/albaneleonard.fr\/wp-content\/uploads\/2025\/12\/VID-20251109-WA0059.mp4\"><\/video><figcaption class=\"wp-element-caption\">Extrait du rendu en image<\/figcaption><\/figure>\n<\/div>\n<\/div>\n\n\n\n<figure class=\"wp-block-image size-full\"><img loading=\"lazy\" decoding=\"async\" width=\"743\" height=\"973\" src=\"https:\/\/albaneleonard.fr\/wp-content\/uploads\/2025\/12\/Capture-decran-2025-12-11-222508.png\" alt=\"\" class=\"wp-image-2089\" srcset=\"https:\/\/albaneleonard.fr\/wp-content\/uploads\/2025\/12\/Capture-decran-2025-12-11-222508.png 743w, https:\/\/albaneleonard.fr\/wp-content\/uploads\/2025\/12\/Capture-decran-2025-12-11-222508-229x300.png 229w\" sizes=\"auto, (max-width: 743px) 100vw, 743px\" \/><figcaption class=\"wp-element-caption\">Installation des cadenas<\/figcaption><\/figure>\n\n\n\n<figure class=\"wp-block-video\"><video height=\"1946\" style=\"aspect-ratio: 2586 \/ 1946;\" width=\"2586\" autoplay controls loop muted src=\"https:\/\/albaneleonard.fr\/wp-content\/uploads\/2025\/12\/PXL_20251103_1112060183.mp4\"><\/video><figcaption class=\"wp-element-caption\">Personnalisation des cadenas ( peinture, collage, vinaigre, papier, \u00e9criture, tissus, &#8230; )<\/figcaption><\/figure>\n\n\n\n<p><a href=\"https:\/\/photos.google.com\/photo\/AF1QipMbf7jHpouWVNChVwPYu01Rn516OViAx5F0YTf8\"><\/a><\/p>\n<\/div>\n\n\n\n<div class=\"wp-block-column is-layout-flow wp-block-column-is-layout-flow\">\n<figure class=\"wp-block-image size-large\"><img loading=\"lazy\" decoding=\"async\" width=\"683\" height=\"1024\" src=\"https:\/\/albaneleonard.fr\/wp-content\/uploads\/2025\/12\/IMG09003-683x1024.jpg\" alt=\"\" class=\"wp-image-2080\" srcset=\"https:\/\/albaneleonard.fr\/wp-content\/uploads\/2025\/12\/IMG09003-683x1024.jpg 683w, https:\/\/albaneleonard.fr\/wp-content\/uploads\/2025\/12\/IMG09003-200x300.jpg 200w, https:\/\/albaneleonard.fr\/wp-content\/uploads\/2025\/12\/IMG09003-768x1152.jpg 768w, https:\/\/albaneleonard.fr\/wp-content\/uploads\/2025\/12\/IMG09003-1024x1536.jpg 1024w, https:\/\/albaneleonard.fr\/wp-content\/uploads\/2025\/12\/IMG09003-1365x2048.jpg 1365w, https:\/\/albaneleonard.fr\/wp-content\/uploads\/2025\/12\/IMG09003-scaled.jpg 1707w\" sizes=\"auto, (max-width: 683px) 100vw, 683px\" \/><\/figure>\n\n\n\n<figure class=\"wp-block-image size-large\"><img loading=\"lazy\" decoding=\"async\" width=\"1080\" height=\"1081\" src=\"https:\/\/albaneleonard.fr\/wp-content\/uploads\/2025\/12\/Screenshot_20251106-124412-edited.png\" alt=\"\" class=\"wp-image-2086\" srcset=\"https:\/\/albaneleonard.fr\/wp-content\/uploads\/2025\/12\/Screenshot_20251106-124412-edited.png 1080w, https:\/\/albaneleonard.fr\/wp-content\/uploads\/2025\/12\/Screenshot_20251106-124412-edited-300x300.png 300w, https:\/\/albaneleonard.fr\/wp-content\/uploads\/2025\/12\/Screenshot_20251106-124412-edited-1024x1024.png 1024w, https:\/\/albaneleonard.fr\/wp-content\/uploads\/2025\/12\/Screenshot_20251106-124412-edited-150x150.png 150w, https:\/\/albaneleonard.fr\/wp-content\/uploads\/2025\/12\/Screenshot_20251106-124412-edited-768x769.png 768w\" sizes=\"auto, (max-width: 1080px) 100vw, 1080px\" \/><figcaption class=\"wp-element-caption\">Cadenas avant personnalisation <\/figcaption><\/figure>\n\n\n\n<figure class=\"wp-block-image size-large\"><img loading=\"lazy\" decoding=\"async\" width=\"683\" height=\"1024\" src=\"https:\/\/albaneleonard.fr\/wp-content\/uploads\/2025\/12\/IMG08761-683x1024.jpg\" alt=\"\" class=\"wp-image-2079\" srcset=\"https:\/\/albaneleonard.fr\/wp-content\/uploads\/2025\/12\/IMG08761-683x1024.jpg 683w, https:\/\/albaneleonard.fr\/wp-content\/uploads\/2025\/12\/IMG08761-200x300.jpg 200w, https:\/\/albaneleonard.fr\/wp-content\/uploads\/2025\/12\/IMG08761-768x1152.jpg 768w, https:\/\/albaneleonard.fr\/wp-content\/uploads\/2025\/12\/IMG08761-1024x1536.jpg 1024w, https:\/\/albaneleonard.fr\/wp-content\/uploads\/2025\/12\/IMG08761-1365x2048.jpg 1365w, https:\/\/albaneleonard.fr\/wp-content\/uploads\/2025\/12\/IMG08761-scaled.jpg 1707w\" sizes=\"auto, (max-width: 683px) 100vw, 683px\" \/><figcaption class=\"wp-element-caption\">Premier d\u00e9cor &#8211; Cimeti\u00e8re<\/figcaption><\/figure>\n\n\n\n<figure class=\"wp-block-image size-large\"><img loading=\"lazy\" decoding=\"async\" width=\"1024\" height=\"683\" src=\"https:\/\/albaneleonard.fr\/wp-content\/uploads\/2025\/12\/IMG08738-1024x683.jpg\" alt=\"\" class=\"wp-image-2078\" srcset=\"https:\/\/albaneleonard.fr\/wp-content\/uploads\/2025\/12\/IMG08738-1024x683.jpg 1024w, https:\/\/albaneleonard.fr\/wp-content\/uploads\/2025\/12\/IMG08738-300x200.jpg 300w, https:\/\/albaneleonard.fr\/wp-content\/uploads\/2025\/12\/IMG08738-768x512.jpg 768w, https:\/\/albaneleonard.fr\/wp-content\/uploads\/2025\/12\/IMG08738-1536x1024.jpg 1536w, https:\/\/albaneleonard.fr\/wp-content\/uploads\/2025\/12\/IMG08738-2048x1365.jpg 2048w\" sizes=\"auto, (max-width: 1024px) 100vw, 1024px\" \/><figcaption class=\"wp-element-caption\">Travail en d\u00e9co avec des bougies et autres \u00e9l\u00e9ments <\/figcaption><\/figure>\n\n\n\n<figure class=\"wp-block-image size-full\"><img loading=\"lazy\" decoding=\"async\" width=\"779\" height=\"865\" src=\"https:\/\/albaneleonard.fr\/wp-content\/uploads\/2025\/12\/Capture-decran-2025-12-11-222518.png\" alt=\"\" class=\"wp-image-2088\" srcset=\"https:\/\/albaneleonard.fr\/wp-content\/uploads\/2025\/12\/Capture-decran-2025-12-11-222518.png 779w, https:\/\/albaneleonard.fr\/wp-content\/uploads\/2025\/12\/Capture-decran-2025-12-11-222518-270x300.png 270w, https:\/\/albaneleonard.fr\/wp-content\/uploads\/2025\/12\/Capture-decran-2025-12-11-222518-768x853.png 768w\" sizes=\"auto, (max-width: 779px) 100vw, 779px\" \/><figcaption class=\"wp-element-caption\">Installation des cadenas<\/figcaption><\/figure>\n<\/div>\n<\/div>\n","protected":false},"excerpt":{"rendered":"<p>ANGE GARDIEN Cheffe d\u00e9co &#8211; Ange gardien &#8211; Cyril Givelet En octobre 2025, [&hellip;]<\/p>\n","protected":false},"author":1,"featured_media":0,"parent":0,"menu_order":0,"comment_status":"closed","ping_status":"closed","template":"","meta":{"footnotes":""},"class_list":["post-1613","page","type-page","status-publish","hentry"],"_links":{"self":[{"href":"https:\/\/albaneleonard.fr\/index.php\/wp-json\/wp\/v2\/pages\/1613","targetHints":{"allow":["GET"]}}],"collection":[{"href":"https:\/\/albaneleonard.fr\/index.php\/wp-json\/wp\/v2\/pages"}],"about":[{"href":"https:\/\/albaneleonard.fr\/index.php\/wp-json\/wp\/v2\/types\/page"}],"author":[{"embeddable":true,"href":"https:\/\/albaneleonard.fr\/index.php\/wp-json\/wp\/v2\/users\/1"}],"replies":[{"embeddable":true,"href":"https:\/\/albaneleonard.fr\/index.php\/wp-json\/wp\/v2\/comments?post=1613"}],"version-history":[{"count":4,"href":"https:\/\/albaneleonard.fr\/index.php\/wp-json\/wp\/v2\/pages\/1613\/revisions"}],"predecessor-version":[{"id":2092,"href":"https:\/\/albaneleonard.fr\/index.php\/wp-json\/wp\/v2\/pages\/1613\/revisions\/2092"}],"wp:attachment":[{"href":"https:\/\/albaneleonard.fr\/index.php\/wp-json\/wp\/v2\/media?parent=1613"}],"curies":[{"name":"wp","href":"https:\/\/api.w.org\/{rel}","templated":true}]}}