{"id":183,"date":"2025-08-17T14:58:48","date_gmt":"2025-08-17T12:58:48","guid":{"rendered":"https:\/\/dev.lehamak.com\/?page_id=183"},"modified":"2026-03-18T23:06:36","modified_gmt":"2026-03-18T22:06:36","slug":"artsvisuels","status":"publish","type":"page","link":"https:\/\/albaneleonard.fr\/index.php\/artsvisuels\/","title":{"rendered":"Arts visuels"},"content":{"rendered":"\n<div style=\"height:50px\" aria-hidden=\"true\" class=\"wp-block-spacer\"><\/div>\n\n\n\n<div class=\"wp-block-columns is-layout-flex wp-container-core-columns-is-layout-9d6595d7 wp-block-columns-is-layout-flex\">\n<div class=\"wp-block-column has-medium-font-size is-layout-flow wp-block-column-is-layout-flow\" style=\"flex-basis:100%\">\n<h1 class=\"wp-block-heading has-text-color has-link-color wp-elements-a3a5dd7abc7104b9927aa6f0263f0251\" style=\"color:#8a250a\">Arts Visuels<\/h1>\n\n\n\n<div style=\"height:50px\" aria-hidden=\"true\" class=\"wp-block-spacer\"><\/div>\n\n\n\n<details class=\"wp-block-details is-layout-flow wp-block-details-is-layout-flow\"><summary><strong><em>\u00ab Tout enfant est un artiste. Le probl\u00e8me est de rester un artiste en grandissant. \u00bb<\/em> \u2014 <em>Pablo Picasso<\/em><\/strong> <strong>\u25be<\/strong><\/summary>\n<div style=\"height:16px\" aria-hidden=\"true\" class=\"wp-block-spacer\"><\/div>\n\n\n\n<p>Depuis que je me souvienne, j\u2019ai toujours aim\u00e9 cr\u00e9er. Cr\u00e9er, imaginer et produire de mes mains est un v\u00e9ritable besoin pour moi. Les arts visuels sont pour moi un moyen de poser ma sensibilit\u00e9 et mes \u00e9motions dans le concret. Petite, j\u2019ai commenc\u00e9 \u00e0 peindre, dessiner, \u00e9crire, faire de la poterie, de la couture : tout \u00e9tait pr\u00e9texte \u00e0 produire des cr\u00e9ations qui me faisaient du bien au c\u0153ur.<\/p>\n\n\n\n<p>En grandissant, ma passion pour la cr\u00e9ation s\u2019est mat\u00e9rialis\u00e9e par une cha\u00eene YouTube o\u00f9 je partageais des DIY, des bricolages et des petites cr\u00e9ations pour diff\u00e9rentes f\u00eates. Cette cha\u00eene n\u2019existe plus aujourd\u2019hui, mais l\u2019esprit de cette enfant cr\u00e9ative ne m\u2019a jamais quitt\u00e9e.<\/p>\n\n\n\n<p>Au coll\u00e8ge, j\u2019ai eu la chance d\u2019int\u00e9grer le collectif 150, un groupe de jeunes artistes en herbe r\u00e9unis pour cr\u00e9er. Nous avons pu r\u00e9aliser les d\u00e9cors de la classe de com\u00e9die musicale, participer \u00e0 des ventes aux ench\u00e8res en vendant nos \u0153uvres pour collecter des fonds, mener un projet photo de grande envergure aujourd\u2019hui expos\u00e9 dans la salle principale du coll\u00e8ge,  cr\u00e9er le nouveau logo de l\u2019\u00e9tablissement, etc.. Ces exp\u00e9riences m\u2019ont permis de d\u00e9couvrir la richesse de la cr\u00e9ation collective et de l\u2019expression artistique sous toutes ses formes.<\/p>\n\n\n\n<p>Je ne me limite pas \u00e0 un seul domaine : ce que j\u2019aime, c\u2019est tout tester. Cr\u00e9er me permet de vider ma t\u00eate, de transmettre des \u00e9motions, d\u2019offrir, de toucher, de ressentir les mati\u00e8res et les formes. L\u2019art est, pour moi, un moyen de s\u2019exprimer, de se lib\u00e9rer et de partager. Dans cette section, vous allez donc entrer dans mon univers cr\u00e9atif, un monde riche et vari\u00e9 o\u00f9 chaque m\u00e9dium a sa place et chaque id\u00e9e trouve sa r\u00e9alisation.<\/p>\n<\/details>\n<\/div>\n<\/div>\n\n\n\n<div style=\"height:50px\" aria-hidden=\"true\" class=\"wp-block-spacer\"><\/div>\n\n\n\n<div class=\"wp-block-columns is-layout-flex wp-container-core-columns-is-layout-9d6595d7 wp-block-columns-is-layout-flex\">\n<div class=\"wp-block-column is-layout-flow wp-block-column-is-layout-flow\">\n<figure class=\"wp-block-image size-large wp-duotone-094850-da5f36-1\"><a href=\"https:\/\/albaneleonard.fr\/index.php\/photogrpahie\/\"><img loading=\"lazy\" decoding=\"async\" width=\"1024\" height=\"683\" src=\"https:\/\/albaneleonard.fr\/wp-content\/uploads\/2025\/09\/IMG_20220302_034123_383-1024x683.jpg\" alt=\"\" class=\"wp-image-767\" style=\"aspect-ratio:1;object-fit:cover\" srcset=\"https:\/\/albaneleonard.fr\/wp-content\/uploads\/2025\/09\/IMG_20220302_034123_383-1024x683.jpg 1024w, https:\/\/albaneleonard.fr\/wp-content\/uploads\/2025\/09\/IMG_20220302_034123_383-300x200.jpg 300w, https:\/\/albaneleonard.fr\/wp-content\/uploads\/2025\/09\/IMG_20220302_034123_383-768x512.jpg 768w, https:\/\/albaneleonard.fr\/wp-content\/uploads\/2025\/09\/IMG_20220302_034123_383-1536x1024.jpg 1536w, https:\/\/albaneleonard.fr\/wp-content\/uploads\/2025\/09\/IMG_20220302_034123_383.jpg 1620w\" sizes=\"auto, (max-width: 1024px) 100vw, 1024px\" \/><\/a><\/figure>\n\n\n\n<div class=\"wp-block-buttons is-layout-flex wp-block-buttons-is-layout-flex\">\n<div class=\"wp-block-button is-style-outline is-style-outline--2\"><a class=\"wp-block-button__link has-colibri-color-6-background-color has-text-color has-background has-link-color has-medium-font-size has-custom-font-size wp-element-button\" href=\"https:\/\/albaneleonard.fr\/index.php\/photogrpahie\/\" style=\"border-radius:100px;color:#8a250a\">Photographie \u2192 voir les travaux<\/a><\/div>\n<\/div>\n<\/div>\n\n\n\n<div class=\"wp-block-column is-layout-flow wp-block-column-is-layout-flow\">\n<figure class=\"wp-block-image size-large wp-duotone-094850-da5f36-3\"><a href=\"https:\/\/albaneleonard.fr\/index.php\/peinture\/\"><img loading=\"lazy\" decoding=\"async\" width=\"1110\" height=\"1111\" src=\"https:\/\/albaneleonard.fr\/wp-content\/uploads\/2025\/09\/Adobe-Scan-17-sept.-2025-1_1-edited.jpg\" alt=\"\" class=\"wp-image-788\" style=\"aspect-ratio:1;object-fit:cover\" srcset=\"https:\/\/albaneleonard.fr\/wp-content\/uploads\/2025\/09\/Adobe-Scan-17-sept.-2025-1_1-edited.jpg 1110w, https:\/\/albaneleonard.fr\/wp-content\/uploads\/2025\/09\/Adobe-Scan-17-sept.-2025-1_1-edited-300x300.jpg 300w, https:\/\/albaneleonard.fr\/wp-content\/uploads\/2025\/09\/Adobe-Scan-17-sept.-2025-1_1-edited-1024x1024.jpg 1024w, https:\/\/albaneleonard.fr\/wp-content\/uploads\/2025\/09\/Adobe-Scan-17-sept.-2025-1_1-edited-150x150.jpg 150w, https:\/\/albaneleonard.fr\/wp-content\/uploads\/2025\/09\/Adobe-Scan-17-sept.-2025-1_1-edited-768x769.jpg 768w\" sizes=\"auto, (max-width: 1110px) 100vw, 1110px\" \/><\/a><\/figure>\n\n\n\n<div class=\"wp-block-buttons is-layout-flex wp-block-buttons-is-layout-flex\">\n<div class=\"wp-block-button has-custom-width wp-block-button__width-100 is-style-outline is-style-outline--4\"><a class=\"wp-block-button__link has-colibri-color-6-background-color has-text-color has-background has-link-color has-medium-font-size has-custom-font-size wp-element-button\" href=\"https:\/\/albaneleonard.fr\/index.php\/peinture\/\" style=\"border-radius:100px;color:#8a250a\">Peinture \u2192 voir les travaux<\/a><\/div>\n<\/div>\n<\/div>\n<\/div>\n\n\n\n<div class=\"wp-block-columns is-layout-flex wp-container-core-columns-is-layout-9d6595d7 wp-block-columns-is-layout-flex\">\n<div class=\"wp-block-column is-layout-flow wp-block-column-is-layout-flow\">\n<figure class=\"wp-block-image size-large wp-duotone-094850-da5f36-5\"><a href=\"https:\/\/albaneleonard.fr\/index.php\/production-en-serie\/\"><img loading=\"lazy\" decoding=\"async\" width=\"1500\" height=\"1500\" src=\"https:\/\/albaneleonard.fr\/wp-content\/uploads\/2025\/09\/Adobe-Scan-17-sept.-2025-7_1-edited.jpg\" alt=\"\" class=\"wp-image-777\" style=\"aspect-ratio:1;object-fit:cover\" srcset=\"https:\/\/albaneleonard.fr\/wp-content\/uploads\/2025\/09\/Adobe-Scan-17-sept.-2025-7_1-edited.jpg 1500w, https:\/\/albaneleonard.fr\/wp-content\/uploads\/2025\/09\/Adobe-Scan-17-sept.-2025-7_1-edited-300x300.jpg 300w, https:\/\/albaneleonard.fr\/wp-content\/uploads\/2025\/09\/Adobe-Scan-17-sept.-2025-7_1-edited-1024x1024.jpg 1024w, https:\/\/albaneleonard.fr\/wp-content\/uploads\/2025\/09\/Adobe-Scan-17-sept.-2025-7_1-edited-150x150.jpg 150w, https:\/\/albaneleonard.fr\/wp-content\/uploads\/2025\/09\/Adobe-Scan-17-sept.-2025-7_1-edited-768x768.jpg 768w\" sizes=\"auto, (max-width: 1500px) 100vw, 1500px\" \/><\/a><\/figure>\n\n\n\n<div class=\"wp-block-buttons is-layout-flex wp-block-buttons-is-layout-flex\">\n<div class=\"wp-block-button is-style-outline is-style-outline--6\"><a class=\"wp-block-button__link has-colibri-color-6-background-color has-text-color has-background has-link-color has-medium-font-size has-custom-font-size wp-element-button\" href=\"https:\/\/albaneleonard.fr\/index.php\/production-en-serie\/\" style=\"border-radius:100px;color:#8a250a\">Production en s\u00e9rie \u2192 voir les travaux<\/a><\/div>\n<\/div>\n<\/div>\n\n\n\n<div class=\"wp-block-column is-layout-flow wp-block-column-is-layout-flow\">\n<figure class=\"wp-block-image size-large wp-duotone-094850-da5f36-7\"><a href=\"https:\/\/albaneleonard.fr\/index.php\/dessin\/\"><img loading=\"lazy\" decoding=\"async\" width=\"1697\" height=\"1697\" src=\"https:\/\/albaneleonard.fr\/wp-content\/uploads\/2025\/09\/PXL_20231105_184717700.MP_-edited.jpg\" alt=\"\" class=\"wp-image-772\" srcset=\"https:\/\/albaneleonard.fr\/wp-content\/uploads\/2025\/09\/PXL_20231105_184717700.MP_-edited.jpg 1697w, https:\/\/albaneleonard.fr\/wp-content\/uploads\/2025\/09\/PXL_20231105_184717700.MP_-edited-300x300.jpg 300w, https:\/\/albaneleonard.fr\/wp-content\/uploads\/2025\/09\/PXL_20231105_184717700.MP_-edited-1024x1024.jpg 1024w, https:\/\/albaneleonard.fr\/wp-content\/uploads\/2025\/09\/PXL_20231105_184717700.MP_-edited-150x150.jpg 150w, https:\/\/albaneleonard.fr\/wp-content\/uploads\/2025\/09\/PXL_20231105_184717700.MP_-edited-768x768.jpg 768w, https:\/\/albaneleonard.fr\/wp-content\/uploads\/2025\/09\/PXL_20231105_184717700.MP_-edited-1536x1536.jpg 1536w\" sizes=\"auto, (max-width: 1697px) 100vw, 1697px\" \/><\/a><\/figure>\n\n\n\n<div class=\"wp-block-buttons is-layout-flex wp-block-buttons-is-layout-flex\">\n<div class=\"wp-block-button is-style-outline is-style-outline--8\"><a class=\"wp-block-button__link has-colibri-color-6-background-color has-text-color has-background has-link-color has-medium-font-size has-custom-font-size wp-element-button\" href=\"https:\/\/albaneleonard.fr\/index.php\/dessin\/\" style=\"border-radius:100px;color:#8a250a\">Dessin \u2192 voir les travaux<\/a><\/div>\n<\/div>\n<\/div>\n<\/div>\n\n\n\n<div class=\"wp-block-columns is-layout-flex wp-container-core-columns-is-layout-9d6595d7 wp-block-columns-is-layout-flex\">\n<div class=\"wp-block-column is-layout-flow wp-block-column-is-layout-flow\">\n<figure class=\"wp-block-image size-full wp-duotone-094850-da5f36-9\"><a href=\"https:\/\/albaneleonard.fr\/index.php\/maquette\/\"><img loading=\"lazy\" decoding=\"async\" width=\"2268\" height=\"2268\" src=\"https:\/\/albaneleonard.fr\/wp-content\/uploads\/2025\/09\/PXL_20240327_104439331.MP_-edited.jpg\" alt=\"\" class=\"wp-image-813\" style=\"aspect-ratio:1;object-fit:cover\" srcset=\"https:\/\/albaneleonard.fr\/wp-content\/uploads\/2025\/09\/PXL_20240327_104439331.MP_-edited.jpg 2268w, https:\/\/albaneleonard.fr\/wp-content\/uploads\/2025\/09\/PXL_20240327_104439331.MP_-edited-300x300.jpg 300w, https:\/\/albaneleonard.fr\/wp-content\/uploads\/2025\/09\/PXL_20240327_104439331.MP_-edited-1024x1024.jpg 1024w, https:\/\/albaneleonard.fr\/wp-content\/uploads\/2025\/09\/PXL_20240327_104439331.MP_-edited-150x150.jpg 150w, https:\/\/albaneleonard.fr\/wp-content\/uploads\/2025\/09\/PXL_20240327_104439331.MP_-edited-768x768.jpg 768w, https:\/\/albaneleonard.fr\/wp-content\/uploads\/2025\/09\/PXL_20240327_104439331.MP_-edited-1536x1536.jpg 1536w, https:\/\/albaneleonard.fr\/wp-content\/uploads\/2025\/09\/PXL_20240327_104439331.MP_-edited-2048x2048.jpg 2048w\" sizes=\"auto, (max-width: 2268px) 100vw, 2268px\" \/><\/a><\/figure>\n\n\n\n<div class=\"wp-block-buttons is-layout-flex wp-block-buttons-is-layout-flex\">\n<div class=\"wp-block-button is-style-outline is-style-outline--10\"><a class=\"wp-block-button__link has-colibri-color-6-background-color has-text-color has-background has-link-color has-medium-font-size has-custom-font-size wp-element-button\" href=\"https:\/\/albaneleonard.fr\/index.php\/maquette\/\" style=\"border-radius:100px;color:#8a250a\">Maquettes \u2192 voir les travaux<\/a><\/div>\n<\/div>\n<\/div>\n\n\n\n<div class=\"wp-block-column is-layout-flow wp-block-column-is-layout-flow\">\n<figure class=\"wp-block-image size-full wp-duotone-094850-da5f36-11\"><a href=\"https:\/\/albaneleonard.fr\/index.php\/installation\/\"><img loading=\"lazy\" decoding=\"async\" width=\"831\" height=\"831\" src=\"https:\/\/albaneleonard.fr\/wp-content\/uploads\/2025\/09\/image-edited.png\" alt=\"\" class=\"wp-image-786\" srcset=\"https:\/\/albaneleonard.fr\/wp-content\/uploads\/2025\/09\/image-edited.png 831w, https:\/\/albaneleonard.fr\/wp-content\/uploads\/2025\/09\/image-edited-300x300.png 300w, https:\/\/albaneleonard.fr\/wp-content\/uploads\/2025\/09\/image-edited-150x150.png 150w, https:\/\/albaneleonard.fr\/wp-content\/uploads\/2025\/09\/image-edited-768x768.png 768w\" sizes=\"auto, (max-width: 831px) 100vw, 831px\" \/><\/a><\/figure>\n\n\n\n<div class=\"wp-block-buttons is-layout-flex wp-block-buttons-is-layout-flex\">\n<div class=\"wp-block-button is-style-outline is-style-outline--12\"><a class=\"wp-block-button__link has-colibri-color-6-background-color has-text-color has-background has-link-color has-medium-font-size has-custom-font-size wp-element-button\" href=\"https:\/\/albaneleonard.fr\/index.php\/installation\/\" style=\"border-radius:100px;color:#8a250a\">Installations \u2192 voir les travaux<\/a><\/div>\n<\/div>\n<\/div>\n<\/div>\n","protected":false},"excerpt":{"rendered":"<p>Arts Visuels [&hellip;]<\/p>\n","protected":false},"author":1,"featured_media":0,"parent":0,"menu_order":0,"comment_status":"closed","ping_status":"closed","template":"","meta":{"footnotes":""},"class_list":["post-183","page","type-page","status-publish","hentry"],"_links":{"self":[{"href":"https:\/\/albaneleonard.fr\/index.php\/wp-json\/wp\/v2\/pages\/183","targetHints":{"allow":["GET"]}}],"collection":[{"href":"https:\/\/albaneleonard.fr\/index.php\/wp-json\/wp\/v2\/pages"}],"about":[{"href":"https:\/\/albaneleonard.fr\/index.php\/wp-json\/wp\/v2\/types\/page"}],"author":[{"embeddable":true,"href":"https:\/\/albaneleonard.fr\/index.php\/wp-json\/wp\/v2\/users\/1"}],"replies":[{"embeddable":true,"href":"https:\/\/albaneleonard.fr\/index.php\/wp-json\/wp\/v2\/comments?post=183"}],"version-history":[{"count":41,"href":"https:\/\/albaneleonard.fr\/index.php\/wp-json\/wp\/v2\/pages\/183\/revisions"}],"predecessor-version":[{"id":2312,"href":"https:\/\/albaneleonard.fr\/index.php\/wp-json\/wp\/v2\/pages\/183\/revisions\/2312"}],"wp:attachment":[{"href":"https:\/\/albaneleonard.fr\/index.php\/wp-json\/wp\/v2\/media?parent=183"}],"curies":[{"name":"wp","href":"https:\/\/api.w.org\/{rel}","templated":true}]}}