{"id":2093,"date":"2025-12-29T21:45:42","date_gmt":"2025-12-29T20:45:42","guid":{"rendered":"https:\/\/albaneleonard.fr\/?page_id=2093"},"modified":"2026-01-12T15:45:30","modified_gmt":"2026-01-12T14:45:30","slug":"night-shift","status":"publish","type":"page","link":"https:\/\/albaneleonard.fr\/index.php\/night-shift\/","title":{"rendered":"NIGHT SHIFT"},"content":{"rendered":"\n<h1 class=\"wp-block-heading has-text-color has-link-color wp-elements-f3ba6c8ded3daf8a80f107e1035ade28\" style=\"color:#8a250a\">NIGHT SHIFT<\/h1>\n\n\n\n<div style=\"height:50px\" aria-hidden=\"true\" class=\"wp-block-spacer\"><\/div>\n\n\n\n<div class=\"wp-block-columns is-layout-flex wp-container-core-columns-is-layout-9d6595d7 wp-block-columns-is-layout-flex\">\n<div class=\"wp-block-column is-layout-flow wp-block-column-is-layout-flow\">\n<div style=\"height:0px\" aria-hidden=\"true\" class=\"wp-block-spacer\"><\/div>\n\n\n\n<div class=\"wp-block-columns is-layout-flex wp-container-core-columns-is-layout-9d6595d7 wp-block-columns-is-layout-flex\">\n<div class=\"wp-block-column is-layout-flow wp-block-column-is-layout-flow\" style=\"flex-basis:100%\">\n<h5 class=\"wp-block-heading\">Cheffe d\u00e9coratrice &#8211; <em>Night Shift<\/em> &#8211; R\u00e9alisatrice : Hugo valentin et L\u00e9a Valdel &#8211; Artistes : 2lio et Yago<\/h5>\n\n\n\n<p class=\"has-small-font-size\" style=\"font-style:normal;font-weight:300;letter-spacing:1px;text-transform:none\">En octobre 2025, j\u2019ai eu l\u2019opportunit\u00e9 d\u2019\u00eatre cheffe d\u00e9coratrice pour le clip du collectif <strong>BIG CAIRN<\/strong>. Accompagn\u00e9e de Manon Barret, nous avons imagin\u00e9 et r\u00e9alis\u00e9 <strong>trois d\u00e9cors distincts<\/strong> au sein d\u2019un seul et m\u00eame appartement, impliquant une r\u00e9flexion pr\u00e9cise sur la transformation des espaces et leur lisibilit\u00e9 \u00e0 l\u2019image.<\/p>\n\n\n\n<p class=\"has-small-font-size\" style=\"font-style:normal;font-weight:300;letter-spacing:1px;text-transform:none\">Dans une atmosph\u00e8re inspir\u00e9e de l\u2019univers <strong>cyberpunk<\/strong>, chaque d\u00e9cor a \u00e9t\u00e9 con\u00e7u comme une variation visuelle forte, avec un important travail d\u2019assemblage, de mati\u00e8res et de d\u00e9tails. Ce dispositif a n\u00e9cessit\u00e9 une organisation rigoureuse du tournage, afin de permettre des changements rapides de d\u00e9cor tout en r\u00e9pondant aux attentes des artistes et de la r\u00e9alisatrice.<\/p>\n\n\n\n<p class=\"has-small-font-size\" style=\"font-style:normal;font-weight:300;letter-spacing:1px;text-transform:none\">Travail en amont pour la cr\u00e9ation des affiches, d&rsquo;\u00e9l\u00e9ments de d\u00e9cor comme les bouteilles, le pochoir BIG CAIRN, armes factices, etc &#8230;<\/p>\n\n\n\n<div style=\"height:35px\" aria-hidden=\"true\" class=\"wp-block-spacer\"><\/div>\n\n\n\n<figure class=\"wp-block-image size-large\"><img loading=\"lazy\" decoding=\"async\" width=\"768\" height=\"1024\" src=\"https:\/\/albaneleonard.fr\/wp-content\/uploads\/2025\/12\/PXL_20251022_185705077.MP_-768x1024.jpg\" alt=\"\" class=\"wp-image-2097\" srcset=\"https:\/\/albaneleonard.fr\/wp-content\/uploads\/2025\/12\/PXL_20251022_185705077.MP_-768x1024.jpg 768w, https:\/\/albaneleonard.fr\/wp-content\/uploads\/2025\/12\/PXL_20251022_185705077.MP_-225x300.jpg 225w, https:\/\/albaneleonard.fr\/wp-content\/uploads\/2025\/12\/PXL_20251022_185705077.MP_-1152x1536.jpg 1152w, https:\/\/albaneleonard.fr\/wp-content\/uploads\/2025\/12\/PXL_20251022_185705077.MP_-1536x2048.jpg 1536w, https:\/\/albaneleonard.fr\/wp-content\/uploads\/2025\/12\/PXL_20251022_185705077.MP_-scaled.jpg 1920w\" sizes=\"auto, (max-width: 768px) 100vw, 768px\" \/><\/figure>\n\n\n\n<figure class=\"wp-block-image size-large\"><img loading=\"lazy\" decoding=\"async\" width=\"724\" height=\"1024\" src=\"https:\/\/albaneleonard.fr\/wp-content\/uploads\/2025\/12\/IMG_0534-724x1024.jpg\" alt=\"\" class=\"wp-image-2104\" srcset=\"https:\/\/albaneleonard.fr\/wp-content\/uploads\/2025\/12\/IMG_0534-724x1024.jpg 724w, https:\/\/albaneleonard.fr\/wp-content\/uploads\/2025\/12\/IMG_0534-212x300.jpg 212w, https:\/\/albaneleonard.fr\/wp-content\/uploads\/2025\/12\/IMG_0534-768x1086.jpg 768w, https:\/\/albaneleonard.fr\/wp-content\/uploads\/2025\/12\/IMG_0534-1086x1536.jpg 1086w, https:\/\/albaneleonard.fr\/wp-content\/uploads\/2025\/12\/IMG_0534-1448x2048.jpg 1448w, https:\/\/albaneleonard.fr\/wp-content\/uploads\/2025\/12\/IMG_0534-scaled.jpg 1810w\" sizes=\"auto, (max-width: 724px) 100vw, 724px\" \/><figcaption class=\"wp-element-caption\">Affiche confectionn\u00e9 pour le d\u00e9cor<\/figcaption><\/figure>\n\n\n\n<figure class=\"wp-block-image size-full\"><img loading=\"lazy\" decoding=\"async\" width=\"2560\" height=\"1920\" src=\"https:\/\/albaneleonard.fr\/wp-content\/uploads\/2025\/12\/PXL_20251024_114559788.MP_-scaled.jpg\" alt=\"\" class=\"wp-image-2124\" srcset=\"https:\/\/albaneleonard.fr\/wp-content\/uploads\/2025\/12\/PXL_20251024_114559788.MP_-scaled.jpg 2560w, https:\/\/albaneleonard.fr\/wp-content\/uploads\/2025\/12\/PXL_20251024_114559788.MP_-300x225.jpg 300w, https:\/\/albaneleonard.fr\/wp-content\/uploads\/2025\/12\/PXL_20251024_114559788.MP_-1024x768.jpg 1024w, https:\/\/albaneleonard.fr\/wp-content\/uploads\/2025\/12\/PXL_20251024_114559788.MP_-768x576.jpg 768w, https:\/\/albaneleonard.fr\/wp-content\/uploads\/2025\/12\/PXL_20251024_114559788.MP_-1536x1152.jpg 1536w, https:\/\/albaneleonard.fr\/wp-content\/uploads\/2025\/12\/PXL_20251024_114559788.MP_-2048x1536.jpg 2048w\" sizes=\"auto, (max-width: 2560px) 100vw, 2560px\" \/><figcaption class=\"wp-element-caption\">D\u00e9cor 2 &#8211; Danse sensorielle de 2lio<\/figcaption><\/figure>\n\n\n\n<figure class=\"wp-block-image size-full\"><img loading=\"lazy\" decoding=\"async\" width=\"2560\" height=\"1707\" src=\"https:\/\/albaneleonard.fr\/wp-content\/uploads\/2025\/12\/PANA7373-scaled.jpeg\" alt=\"\" class=\"wp-image-2105\" srcset=\"https:\/\/albaneleonard.fr\/wp-content\/uploads\/2025\/12\/PANA7373-scaled.jpeg 2560w, https:\/\/albaneleonard.fr\/wp-content\/uploads\/2025\/12\/PANA7373-300x200.jpeg 300w, https:\/\/albaneleonard.fr\/wp-content\/uploads\/2025\/12\/PANA7373-1024x683.jpeg 1024w, https:\/\/albaneleonard.fr\/wp-content\/uploads\/2025\/12\/PANA7373-768x512.jpeg 768w, https:\/\/albaneleonard.fr\/wp-content\/uploads\/2025\/12\/PANA7373-1536x1024.jpeg 1536w, https:\/\/albaneleonard.fr\/wp-content\/uploads\/2025\/12\/PANA7373-2048x1365.jpeg 2048w\" sizes=\"auto, (max-width: 2560px) 100vw, 2560px\" \/><figcaption class=\"wp-element-caption\">Installation du d\u00e9cor 3 &#8211; Salle de kidnapping &nbsp;( Photo : @luk.musik sur Instagram )<\/figcaption><\/figure>\n\n\n\n<figure class=\"wp-block-image size-full\"><img loading=\"lazy\" decoding=\"async\" width=\"2560\" height=\"1707\" src=\"https:\/\/albaneleonard.fr\/wp-content\/uploads\/2025\/12\/PANA7334-scaled.jpeg\" alt=\"\" class=\"wp-image-2108\" srcset=\"https:\/\/albaneleonard.fr\/wp-content\/uploads\/2025\/12\/PANA7334-scaled.jpeg 2560w, https:\/\/albaneleonard.fr\/wp-content\/uploads\/2025\/12\/PANA7334-300x200.jpeg 300w, https:\/\/albaneleonard.fr\/wp-content\/uploads\/2025\/12\/PANA7334-1024x683.jpeg 1024w, https:\/\/albaneleonard.fr\/wp-content\/uploads\/2025\/12\/PANA7334-768x512.jpeg 768w, https:\/\/albaneleonard.fr\/wp-content\/uploads\/2025\/12\/PANA7334-1536x1024.jpeg 1536w, https:\/\/albaneleonard.fr\/wp-content\/uploads\/2025\/12\/PANA7334-2048x1365.jpeg 2048w\" sizes=\"auto, (max-width: 2560px) 100vw, 2560px\" \/><figcaption class=\"wp-element-caption\">&nbsp;( Photo : @luk.musik sur Instagram )<\/figcaption><\/figure>\n\n\n\n<figure class=\"wp-block-image size-full\"><img loading=\"lazy\" decoding=\"async\" width=\"2560\" height=\"1707\" src=\"https:\/\/albaneleonard.fr\/wp-content\/uploads\/2025\/12\/PS1_1083-scaled.jpeg\" alt=\"\" class=\"wp-image-2109\" srcset=\"https:\/\/albaneleonard.fr\/wp-content\/uploads\/2025\/12\/PS1_1083-scaled.jpeg 2560w, https:\/\/albaneleonard.fr\/wp-content\/uploads\/2025\/12\/PS1_1083-300x200.jpeg 300w, https:\/\/albaneleonard.fr\/wp-content\/uploads\/2025\/12\/PS1_1083-1024x683.jpeg 1024w, https:\/\/albaneleonard.fr\/wp-content\/uploads\/2025\/12\/PS1_1083-768x512.jpeg 768w, https:\/\/albaneleonard.fr\/wp-content\/uploads\/2025\/12\/PS1_1083-1536x1024.jpeg 1536w, https:\/\/albaneleonard.fr\/wp-content\/uploads\/2025\/12\/PS1_1083-2048x1365.jpeg 2048w\" sizes=\"auto, (max-width: 2560px) 100vw, 2560px\" \/><figcaption class=\"wp-element-caption\">&nbsp;( Photo : @luk.musik sur Instagram )<\/figcaption><\/figure>\n<\/div>\n<\/div>\n\n\n\n<figure class=\"wp-block-video\"><video height=\"1920\" style=\"aspect-ratio: 1080 \/ 1920;\" width=\"1080\" autoplay controls muted src=\"https:\/\/albaneleonard.fr\/wp-content\/uploads\/2026\/01\/pochoirs.mp4\" playsinline><\/video><figcaption class=\"wp-element-caption\">Fabrication du pochoir pour la sc\u00e8ne finale du clip <\/figcaption><\/figure>\n\n\n\n<figure class=\"wp-block-image size-full\"><img loading=\"lazy\" decoding=\"async\" width=\"2560\" height=\"1707\" src=\"https:\/\/albaneleonard.fr\/wp-content\/uploads\/2025\/12\/PS1_1379-scaled.jpeg\" alt=\"\" class=\"wp-image-2112\" srcset=\"https:\/\/albaneleonard.fr\/wp-content\/uploads\/2025\/12\/PS1_1379-scaled.jpeg 2560w, https:\/\/albaneleonard.fr\/wp-content\/uploads\/2025\/12\/PS1_1379-300x200.jpeg 300w, https:\/\/albaneleonard.fr\/wp-content\/uploads\/2025\/12\/PS1_1379-1024x683.jpeg 1024w, https:\/\/albaneleonard.fr\/wp-content\/uploads\/2025\/12\/PS1_1379-768x512.jpeg 768w, https:\/\/albaneleonard.fr\/wp-content\/uploads\/2025\/12\/PS1_1379-1536x1024.jpeg 1536w, https:\/\/albaneleonard.fr\/wp-content\/uploads\/2025\/12\/PS1_1379-2048x1365.jpeg 2048w\" sizes=\"auto, (max-width: 2560px) 100vw, 2560px\" \/><figcaption class=\"wp-element-caption\">Cr\u00e9ation des affiches avec pochoirs \u00a0( Photo : @luk.musik sur Instagram )<\/figcaption><\/figure>\n\n\n\n<p><a href=\"https:\/\/photos.google.com\/photo\/AF1QipMbf7jHpouWVNChVwPYu01Rn516OViAx5F0YTf8\"><\/a><\/p>\n<\/div>\n\n\n\n<div class=\"wp-block-column is-layout-flow wp-block-column-is-layout-flow\">\n<figure class=\"wp-block-image size-large\"><img loading=\"lazy\" decoding=\"async\" width=\"768\" height=\"1024\" src=\"https:\/\/albaneleonard.fr\/wp-content\/uploads\/2025\/12\/PXL_20251023_115232807.MP_-768x1024.jpg\" alt=\"\" class=\"wp-image-2094\" srcset=\"https:\/\/albaneleonard.fr\/wp-content\/uploads\/2025\/12\/PXL_20251023_115232807.MP_-768x1024.jpg 768w, https:\/\/albaneleonard.fr\/wp-content\/uploads\/2025\/12\/PXL_20251023_115232807.MP_-225x300.jpg 225w, https:\/\/albaneleonard.fr\/wp-content\/uploads\/2025\/12\/PXL_20251023_115232807.MP_-1152x1536.jpg 1152w, https:\/\/albaneleonard.fr\/wp-content\/uploads\/2025\/12\/PXL_20251023_115232807.MP_-1536x2048.jpg 1536w, https:\/\/albaneleonard.fr\/wp-content\/uploads\/2025\/12\/PXL_20251023_115232807.MP_-scaled.jpg 1920w\" sizes=\"auto, (max-width: 768px) 100vw, 768px\" \/><figcaption class=\"wp-element-caption\">D\u00e9cor 1 &#8211; Le QG du duo<\/figcaption><\/figure>\n\n\n\n<figure class=\"wp-block-image size-large\"><img loading=\"lazy\" decoding=\"async\" width=\"1024\" height=\"768\" src=\"https:\/\/albaneleonard.fr\/wp-content\/uploads\/2025\/12\/PXL_20251023_122025116.MP_-1024x768.jpg\" alt=\"\" class=\"wp-image-2096\" srcset=\"https:\/\/albaneleonard.fr\/wp-content\/uploads\/2025\/12\/PXL_20251023_122025116.MP_-1024x768.jpg 1024w, https:\/\/albaneleonard.fr\/wp-content\/uploads\/2025\/12\/PXL_20251023_122025116.MP_-300x225.jpg 300w, https:\/\/albaneleonard.fr\/wp-content\/uploads\/2025\/12\/PXL_20251023_122025116.MP_-768x576.jpg 768w, https:\/\/albaneleonard.fr\/wp-content\/uploads\/2025\/12\/PXL_20251023_122025116.MP_-1536x1152.jpg 1536w, https:\/\/albaneleonard.fr\/wp-content\/uploads\/2025\/12\/PXL_20251023_122025116.MP_-2048x1536.jpg 2048w\" sizes=\"auto, (max-width: 1024px) 100vw, 1024px\" \/><\/figure>\n\n\n\n<figure class=\"wp-block-image size-full\"><img loading=\"lazy\" decoding=\"async\" width=\"562\" height=\"792\" src=\"https:\/\/albaneleonard.fr\/wp-content\/uploads\/2025\/12\/affiche-cairn.png\" alt=\"\" class=\"wp-image-2103\" srcset=\"https:\/\/albaneleonard.fr\/wp-content\/uploads\/2025\/12\/affiche-cairn.png 562w, https:\/\/albaneleonard.fr\/wp-content\/uploads\/2025\/12\/affiche-cairn-213x300.png 213w\" sizes=\"auto, (max-width: 562px) 100vw, 562px\" \/><figcaption class=\"wp-element-caption\">Affiche confectionn\u00e9 pour le d\u00e9cor 1<\/figcaption><\/figure>\n\n\n\n<figure class=\"wp-block-image size-full\"><img loading=\"lazy\" decoding=\"async\" width=\"1920\" height=\"2560\" src=\"https:\/\/albaneleonard.fr\/wp-content\/uploads\/2025\/12\/PXL_20251024_120725431.MP_-scaled.jpg\" alt=\"\" class=\"wp-image-2110\" srcset=\"https:\/\/albaneleonard.fr\/wp-content\/uploads\/2025\/12\/PXL_20251024_120725431.MP_-scaled.jpg 1920w, https:\/\/albaneleonard.fr\/wp-content\/uploads\/2025\/12\/PXL_20251024_120725431.MP_-225x300.jpg 225w, https:\/\/albaneleonard.fr\/wp-content\/uploads\/2025\/12\/PXL_20251024_120725431.MP_-768x1024.jpg 768w, https:\/\/albaneleonard.fr\/wp-content\/uploads\/2025\/12\/PXL_20251024_120725431.MP_-1152x1536.jpg 1152w, https:\/\/albaneleonard.fr\/wp-content\/uploads\/2025\/12\/PXL_20251024_120725431.MP_-1536x2048.jpg 1536w\" sizes=\"auto, (max-width: 1920px) 100vw, 1920px\" \/><figcaption class=\"wp-element-caption\">Danse sensorielle<\/figcaption><\/figure>\n\n\n\n<figure class=\"wp-block-image size-full\"><img loading=\"lazy\" decoding=\"async\" width=\"2560\" height=\"1707\" src=\"https:\/\/albaneleonard.fr\/wp-content\/uploads\/2025\/12\/PANA7808-scaled.jpeg\" alt=\"\" class=\"wp-image-2106\" srcset=\"https:\/\/albaneleonard.fr\/wp-content\/uploads\/2025\/12\/PANA7808-scaled.jpeg 2560w, https:\/\/albaneleonard.fr\/wp-content\/uploads\/2025\/12\/PANA7808-300x200.jpeg 300w, https:\/\/albaneleonard.fr\/wp-content\/uploads\/2025\/12\/PANA7808-1024x683.jpeg 1024w, https:\/\/albaneleonard.fr\/wp-content\/uploads\/2025\/12\/PANA7808-768x512.jpeg 768w, https:\/\/albaneleonard.fr\/wp-content\/uploads\/2025\/12\/PANA7808-1536x1024.jpeg 1536w, https:\/\/albaneleonard.fr\/wp-content\/uploads\/2025\/12\/PANA7808-2048x1365.jpeg 2048w\" sizes=\"auto, (max-width: 2560px) 100vw, 2560px\" \/><figcaption class=\"wp-element-caption\">&nbsp;( Photo : @luk.musik sur Instagram )<\/figcaption><\/figure>\n\n\n\n<figure class=\"wp-block-image size-full\"><img loading=\"lazy\" decoding=\"async\" width=\"2560\" height=\"1707\" src=\"https:\/\/albaneleonard.fr\/wp-content\/uploads\/2025\/12\/PANA7455-scaled.jpeg\" alt=\"\" class=\"wp-image-2107\" srcset=\"https:\/\/albaneleonard.fr\/wp-content\/uploads\/2025\/12\/PANA7455-scaled.jpeg 2560w, https:\/\/albaneleonard.fr\/wp-content\/uploads\/2025\/12\/PANA7455-300x200.jpeg 300w, https:\/\/albaneleonard.fr\/wp-content\/uploads\/2025\/12\/PANA7455-1024x683.jpeg 1024w, https:\/\/albaneleonard.fr\/wp-content\/uploads\/2025\/12\/PANA7455-768x512.jpeg 768w, https:\/\/albaneleonard.fr\/wp-content\/uploads\/2025\/12\/PANA7455-1536x1024.jpeg 1536w, https:\/\/albaneleonard.fr\/wp-content\/uploads\/2025\/12\/PANA7455-2048x1365.jpeg 2048w\" sizes=\"auto, (max-width: 2560px) 100vw, 2560px\" \/><figcaption class=\"wp-element-caption\">&nbsp;( Photo : @luk.musik sur Instagram )<\/figcaption><\/figure>\n\n\n\n<figure class=\"wp-block-video\"><video height=\"1080\" style=\"aspect-ratio: 1920 \/ 1080;\" width=\"1920\" autoplay controls muted src=\"https:\/\/albaneleonard.fr\/wp-content\/uploads\/2025\/12\/PXL_20251021_134246126.mp4\" playsinline><\/video><figcaption class=\"wp-element-caption\">Peinture des armes pour la danse sensorielle de Yago<\/figcaption><\/figure>\n\n\n\n<figure class=\"wp-block-image size-full\"><img loading=\"lazy\" decoding=\"async\" width=\"2560\" height=\"1707\" src=\"https:\/\/albaneleonard.fr\/wp-content\/uploads\/2025\/12\/DSC8999-scaled.jpg\" alt=\"\" class=\"wp-image-2111\" srcset=\"https:\/\/albaneleonard.fr\/wp-content\/uploads\/2025\/12\/DSC8999-scaled.jpg 2560w, https:\/\/albaneleonard.fr\/wp-content\/uploads\/2025\/12\/DSC8999-300x200.jpg 300w, https:\/\/albaneleonard.fr\/wp-content\/uploads\/2025\/12\/DSC8999-1024x683.jpg 1024w, https:\/\/albaneleonard.fr\/wp-content\/uploads\/2025\/12\/DSC8999-768x512.jpg 768w, https:\/\/albaneleonard.fr\/wp-content\/uploads\/2025\/12\/DSC8999-1536x1024.jpg 1536w, https:\/\/albaneleonard.fr\/wp-content\/uploads\/2025\/12\/DSC8999-2048x1365.jpg 2048w\" sizes=\"auto, (max-width: 2560px) 100vw, 2560px\" \/><figcaption class=\"wp-element-caption\">Coloration des armes pour la danse sensorielle de Yago &nbsp;( Photo : @luk.musik sur Instagram )<\/figcaption><\/figure>\n<\/div>\n<\/div>\n","protected":false},"excerpt":{"rendered":"<p>NIGHT SHIFT Cheffe d\u00e9coratrice &#8211; Night Shift &#8211; R\u00e9alisatrice : Hugo valentin et [&hellip;]<\/p>\n","protected":false},"author":1,"featured_media":0,"parent":0,"menu_order":0,"comment_status":"closed","ping_status":"closed","template":"","meta":{"footnotes":""},"class_list":["post-2093","page","type-page","status-publish","hentry"],"_links":{"self":[{"href":"https:\/\/albaneleonard.fr\/index.php\/wp-json\/wp\/v2\/pages\/2093","targetHints":{"allow":["GET"]}}],"collection":[{"href":"https:\/\/albaneleonard.fr\/index.php\/wp-json\/wp\/v2\/pages"}],"about":[{"href":"https:\/\/albaneleonard.fr\/index.php\/wp-json\/wp\/v2\/types\/page"}],"author":[{"embeddable":true,"href":"https:\/\/albaneleonard.fr\/index.php\/wp-json\/wp\/v2\/users\/1"}],"replies":[{"embeddable":true,"href":"https:\/\/albaneleonard.fr\/index.php\/wp-json\/wp\/v2\/comments?post=2093"}],"version-history":[{"count":11,"href":"https:\/\/albaneleonard.fr\/index.php\/wp-json\/wp\/v2\/pages\/2093\/revisions"}],"predecessor-version":[{"id":2130,"href":"https:\/\/albaneleonard.fr\/index.php\/wp-json\/wp\/v2\/pages\/2093\/revisions\/2130"}],"wp:attachment":[{"href":"https:\/\/albaneleonard.fr\/index.php\/wp-json\/wp\/v2\/media?parent=2093"}],"curies":[{"name":"wp","href":"https:\/\/api.w.org\/{rel}","templated":true}]}}