{"id":2131,"date":"2026-01-12T17:22:07","date_gmt":"2026-01-12T16:22:07","guid":{"rendered":"https:\/\/albaneleonard.fr\/?page_id=2131"},"modified":"2026-03-18T23:11:24","modified_gmt":"2026-03-18T22:11:24","slug":"transcience","status":"publish","type":"page","link":"https:\/\/albaneleonard.fr\/index.php\/transcience\/","title":{"rendered":"Transcience"},"content":{"rendered":"\n<h1 class=\"wp-block-heading has-text-color has-link-color wp-elements-80e79581d5db0f340314788afce54040\" style=\"color:#8a250a\">TRANSIENCE<\/h1>\n\n\n\n<div style=\"height:50px\" aria-hidden=\"true\" class=\"wp-block-spacer\"><\/div>\n\n\n\n<div class=\"wp-block-columns is-layout-flex wp-container-core-columns-is-layout-9d6595d7 wp-block-columns-is-layout-flex\">\n<div class=\"wp-block-column is-layout-flow wp-block-column-is-layout-flow\">\n<div style=\"height:0px\" aria-hidden=\"true\" class=\"wp-block-spacer\"><\/div>\n\n\n\n<div class=\"wp-block-columns is-layout-flex wp-container-core-columns-is-layout-9d6595d7 wp-block-columns-is-layout-flex\">\n<div class=\"wp-block-column is-layout-flow wp-block-column-is-layout-flow\" style=\"flex-basis:100%\">\n<h5 class=\"wp-block-heading\">Cheffe d\u00e9coratrice &#8211; <em>Transience <\/em>&#8211; R\u00e9alisateur : Tommy Gomel <\/h5>\n\n\n\n<p class=\"has-small-font-size\" style=\"font-style:normal;font-weight:300;letter-spacing:1px;text-transform:none\">En novembre 2025, j\u2019ai eu l\u2019opportunit\u00e9 d\u2019\u00eatre cheffe d\u00e9coratrice sur le court-m\u00e9trage <strong><em>Transience<\/em><\/strong> de Tommy Gomel, r\u00e9alis\u00e9 dans le cadre du <strong>Nikon Festival 2025<\/strong>. Le film interroge la notion de <strong>beaut\u00e9<\/strong> \u00e0 l\u2019\u00e8re de <strong>l\u2019intelligence artificielle<\/strong>.<\/p>\n\n\n\n<p class=\"has-small-font-size\" style=\"font-style:normal;font-weight:300;letter-spacing:1px;text-transform:none\">Pour ce tournage, nous avons pens\u00e9 et install\u00e9 <strong>deux d\u00e9cors volontairement oppos\u00e9s<\/strong>. Le premier \u00e9tait un <strong>bureau tr\u00e8s technologique<\/strong>, compos\u00e9 de nombreuses machines, \u00e9crans et sources lumineuses, \u00e9voquant un univers futuriste directement li\u00e9 \u00e0 l\u2019intelligence artificielle. \u00c0 l\u2019inverse, le second d\u00e9cor prenait la forme d\u2019un <strong>atelier d\u2019artiste<\/strong> : un espace v\u00e9cu, charg\u00e9 d\u2019objets \u00e9parpill\u00e9s, marqu\u00e9 par le d\u00e9sordre, la mati\u00e8re et le geste, sugg\u00e9rant un univers artistique et cr\u00e9atif, profond\u00e9ment humain.<\/p>\n\n\n\n<p class=\"has-small-font-size\" style=\"font-style:normal;font-weight:300;letter-spacing:1px;text-transform:none\">Le travail de d\u00e9coration pour ce tournage a avant tout repos\u00e9 sur une <strong>recherche approfondie d\u2019\u00e9l\u00e9ments<\/strong>. J\u2019ai \u00e9galement r\u00e9alis\u00e9 moi-m\u00eame certains accessoires, notamment les <strong>diodes rouges<\/strong> utilis\u00e9es \u00e0 l\u2019image, ainsi que d\u2019autres \u00e9l\u00e9ments graphiques comme les <strong>documents dispos\u00e9s sur le bureau<\/strong> et sur la <strong>table de l\u2019atelier<\/strong>, afin de renforcer la coh\u00e9rence visuelle et narrative des d\u00e9cors.<\/p>\n\n\n\n<p class=\"has-small-font-size\" style=\"font-style:normal;font-weight:300;letter-spacing:1px;text-transform:none\">Lien Youtube du projet : <a href=\"https:\/\/youtu.be\/jETV5D9aWXI?si=5Q25D9QfEvPiHWzx\">https:\/\/youtu.be\/jETV5D9aWXI?si=5Q25D9QfEvPiHWzx<\/a><\/p>\n\n\n\n<div style=\"height:35px\" aria-hidden=\"true\" class=\"wp-block-spacer\"><\/div>\n\n\n\n<figure class=\"wp-block-image size-large\"><img loading=\"lazy\" decoding=\"async\" width=\"768\" height=\"1024\" src=\"https:\/\/albaneleonard.fr\/wp-content\/uploads\/2026\/01\/PXL_20251207_095637430.MP_-768x1024.jpg\" alt=\"\" class=\"wp-image-2142\" srcset=\"https:\/\/albaneleonard.fr\/wp-content\/uploads\/2026\/01\/PXL_20251207_095637430.MP_-768x1024.jpg 768w, https:\/\/albaneleonard.fr\/wp-content\/uploads\/2026\/01\/PXL_20251207_095637430.MP_-225x300.jpg 225w, https:\/\/albaneleonard.fr\/wp-content\/uploads\/2026\/01\/PXL_20251207_095637430.MP_-1152x1536.jpg 1152w, https:\/\/albaneleonard.fr\/wp-content\/uploads\/2026\/01\/PXL_20251207_095637430.MP_-1536x2048.jpg 1536w, https:\/\/albaneleonard.fr\/wp-content\/uploads\/2026\/01\/PXL_20251207_095637430.MP_-scaled.jpg 1920w\" sizes=\"auto, (max-width: 768px) 100vw, 768px\" \/><figcaption class=\"wp-element-caption\">Image du tournage &#8211; D\u00e9cor : Atelier<\/figcaption><\/figure>\n\n\n\n<figure class=\"wp-block-image size-large\"><img loading=\"lazy\" decoding=\"async\" width=\"768\" height=\"1024\" src=\"https:\/\/albaneleonard.fr\/wp-content\/uploads\/2026\/01\/PXL_20251206_181643425.MP_-768x1024.jpg\" alt=\"\" class=\"wp-image-2140\" srcset=\"https:\/\/albaneleonard.fr\/wp-content\/uploads\/2026\/01\/PXL_20251206_181643425.MP_-768x1024.jpg 768w, https:\/\/albaneleonard.fr\/wp-content\/uploads\/2026\/01\/PXL_20251206_181643425.MP_-225x300.jpg 225w, https:\/\/albaneleonard.fr\/wp-content\/uploads\/2026\/01\/PXL_20251206_181643425.MP_-1152x1536.jpg 1152w, https:\/\/albaneleonard.fr\/wp-content\/uploads\/2026\/01\/PXL_20251206_181643425.MP_-1536x2048.jpg 1536w, https:\/\/albaneleonard.fr\/wp-content\/uploads\/2026\/01\/PXL_20251206_181643425.MP_-scaled.jpg 1920w\" sizes=\"auto, (max-width: 768px) 100vw, 768px\" \/><figcaption class=\"wp-element-caption\">D\u00e9cor &#8211; Atelier <\/figcaption><\/figure>\n\n\n\n<figure class=\"wp-block-image size-full\"><img loading=\"lazy\" decoding=\"async\" width=\"1080\" height=\"1620\" src=\"https:\/\/albaneleonard.fr\/wp-content\/uploads\/2026\/01\/IMG_7386.jpg\" alt=\"\" class=\"wp-image-2137\" srcset=\"https:\/\/albaneleonard.fr\/wp-content\/uploads\/2026\/01\/IMG_7386.jpg 1080w, https:\/\/albaneleonard.fr\/wp-content\/uploads\/2026\/01\/IMG_7386-200x300.jpg 200w, https:\/\/albaneleonard.fr\/wp-content\/uploads\/2026\/01\/IMG_7386-683x1024.jpg 683w, https:\/\/albaneleonard.fr\/wp-content\/uploads\/2026\/01\/IMG_7386-768x1152.jpg 768w, https:\/\/albaneleonard.fr\/wp-content\/uploads\/2026\/01\/IMG_7386-1024x1536.jpg 1024w\" sizes=\"auto, (max-width: 1080px) 100vw, 1080px\" \/><figcaption class=\"wp-element-caption\">D\u00e9cor &#8211; Atelier <\/figcaption><\/figure>\n\n\n\n<figure class=\"wp-block-image size-full\"><img loading=\"lazy\" decoding=\"async\" width=\"1080\" height=\"1620\" src=\"https:\/\/albaneleonard.fr\/wp-content\/uploads\/2026\/01\/IMG_7383.jpg\" alt=\"\" class=\"wp-image-2135\" srcset=\"https:\/\/albaneleonard.fr\/wp-content\/uploads\/2026\/01\/IMG_7383.jpg 1080w, https:\/\/albaneleonard.fr\/wp-content\/uploads\/2026\/01\/IMG_7383-200x300.jpg 200w, https:\/\/albaneleonard.fr\/wp-content\/uploads\/2026\/01\/IMG_7383-683x1024.jpg 683w, https:\/\/albaneleonard.fr\/wp-content\/uploads\/2026\/01\/IMG_7383-768x1152.jpg 768w, https:\/\/albaneleonard.fr\/wp-content\/uploads\/2026\/01\/IMG_7383-1024x1536.jpg 1024w\" sizes=\"auto, (max-width: 1080px) 100vw, 1080px\" \/><figcaption class=\"wp-element-caption\">D\u00e9cor &#8211; Atelier <\/figcaption><\/figure>\n\n\n\n<figure class=\"wp-block-image size-full\"><img loading=\"lazy\" decoding=\"async\" width=\"1920\" height=\"2560\" src=\"https:\/\/albaneleonard.fr\/wp-content\/uploads\/2026\/01\/PXL_20251206_143727938-scaled.jpg\" alt=\"\" class=\"wp-image-2133\" srcset=\"https:\/\/albaneleonard.fr\/wp-content\/uploads\/2026\/01\/PXL_20251206_143727938-scaled.jpg 1920w, https:\/\/albaneleonard.fr\/wp-content\/uploads\/2026\/01\/PXL_20251206_143727938-225x300.jpg 225w, https:\/\/albaneleonard.fr\/wp-content\/uploads\/2026\/01\/PXL_20251206_143727938-768x1024.jpg 768w, https:\/\/albaneleonard.fr\/wp-content\/uploads\/2026\/01\/PXL_20251206_143727938-1152x1536.jpg 1152w, https:\/\/albaneleonard.fr\/wp-content\/uploads\/2026\/01\/PXL_20251206_143727938-1536x2048.jpg 1536w\" sizes=\"auto, (max-width: 1920px) 100vw, 1920px\" \/><figcaption class=\"wp-element-caption\">D\u00e9cor : Bureau<\/figcaption><\/figure>\n\n\n\n<figure class=\"wp-block-image size-full\"><img loading=\"lazy\" decoding=\"async\" width=\"1920\" height=\"2560\" src=\"https:\/\/albaneleonard.fr\/wp-content\/uploads\/2026\/01\/PXL_20251206_131306819-scaled.jpg\" alt=\"\" class=\"wp-image-2132\" srcset=\"https:\/\/albaneleonard.fr\/wp-content\/uploads\/2026\/01\/PXL_20251206_131306819-scaled.jpg 1920w, https:\/\/albaneleonard.fr\/wp-content\/uploads\/2026\/01\/PXL_20251206_131306819-225x300.jpg 225w, https:\/\/albaneleonard.fr\/wp-content\/uploads\/2026\/01\/PXL_20251206_131306819-768x1024.jpg 768w, https:\/\/albaneleonard.fr\/wp-content\/uploads\/2026\/01\/PXL_20251206_131306819-1152x1536.jpg 1152w, https:\/\/albaneleonard.fr\/wp-content\/uploads\/2026\/01\/PXL_20251206_131306819-1536x2048.jpg 1536w\" sizes=\"auto, (max-width: 1920px) 100vw, 1920px\" \/><figcaption class=\"wp-element-caption\">D\u00e9cor : Bureau<\/figcaption><\/figure>\n<\/div>\n<\/div>\n\n\n\n<p><a href=\"https:\/\/photos.google.com\/photo\/AF1QipMbf7jHpouWVNChVwPYu01Rn516OViAx5F0YTf8\"><\/a><\/p>\n<\/div>\n\n\n\n<div class=\"wp-block-column is-layout-flow wp-block-column-is-layout-flow\">\n<figure class=\"wp-block-image size-large\"><img loading=\"lazy\" decoding=\"async\" width=\"768\" height=\"1024\" src=\"https:\/\/albaneleonard.fr\/wp-content\/uploads\/2026\/01\/PXL_20251207_141559748.MP_-768x1024.jpg\" alt=\"\" class=\"wp-image-2143\" srcset=\"https:\/\/albaneleonard.fr\/wp-content\/uploads\/2026\/01\/PXL_20251207_141559748.MP_-768x1024.jpg 768w, https:\/\/albaneleonard.fr\/wp-content\/uploads\/2026\/01\/PXL_20251207_141559748.MP_-225x300.jpg 225w, https:\/\/albaneleonard.fr\/wp-content\/uploads\/2026\/01\/PXL_20251207_141559748.MP_-1152x1536.jpg 1152w, https:\/\/albaneleonard.fr\/wp-content\/uploads\/2026\/01\/PXL_20251207_141559748.MP_-1536x2048.jpg 1536w, https:\/\/albaneleonard.fr\/wp-content\/uploads\/2026\/01\/PXL_20251207_141559748.MP_-scaled.jpg 1920w\" sizes=\"auto, (max-width: 768px) 100vw, 768px\" \/><figcaption class=\"wp-element-caption\">Image du tournage &#8211; D\u00e9cor : Atelier<\/figcaption><\/figure>\n\n\n\n<figure class=\"wp-block-image size-large\"><img loading=\"lazy\" decoding=\"async\" width=\"768\" height=\"1024\" src=\"https:\/\/albaneleonard.fr\/wp-content\/uploads\/2026\/01\/PXL_20251207_095240058.MP_-768x1024.jpg\" alt=\"\" class=\"wp-image-2141\" srcset=\"https:\/\/albaneleonard.fr\/wp-content\/uploads\/2026\/01\/PXL_20251207_095240058.MP_-768x1024.jpg 768w, https:\/\/albaneleonard.fr\/wp-content\/uploads\/2026\/01\/PXL_20251207_095240058.MP_-225x300.jpg 225w, https:\/\/albaneleonard.fr\/wp-content\/uploads\/2026\/01\/PXL_20251207_095240058.MP_-1152x1536.jpg 1152w, https:\/\/albaneleonard.fr\/wp-content\/uploads\/2026\/01\/PXL_20251207_095240058.MP_-1536x2048.jpg 1536w, https:\/\/albaneleonard.fr\/wp-content\/uploads\/2026\/01\/PXL_20251207_095240058.MP_-scaled.jpg 1920w\" sizes=\"auto, (max-width: 768px) 100vw, 768px\" \/><figcaption class=\"wp-element-caption\">Image du tournage &#8211; D\u00e9cor : Atelier<\/figcaption><\/figure>\n\n\n\n<figure class=\"wp-block-image size-full\"><img loading=\"lazy\" decoding=\"async\" width=\"1620\" height=\"1080\" src=\"https:\/\/albaneleonard.fr\/wp-content\/uploads\/2026\/01\/IMG_7409.jpg\" alt=\"\" class=\"wp-image-2139\" srcset=\"https:\/\/albaneleonard.fr\/wp-content\/uploads\/2026\/01\/IMG_7409.jpg 1620w, https:\/\/albaneleonard.fr\/wp-content\/uploads\/2026\/01\/IMG_7409-300x200.jpg 300w, https:\/\/albaneleonard.fr\/wp-content\/uploads\/2026\/01\/IMG_7409-1024x683.jpg 1024w, https:\/\/albaneleonard.fr\/wp-content\/uploads\/2026\/01\/IMG_7409-768x512.jpg 768w, https:\/\/albaneleonard.fr\/wp-content\/uploads\/2026\/01\/IMG_7409-1536x1024.jpg 1536w\" sizes=\"auto, (max-width: 1620px) 100vw, 1620px\" \/><figcaption class=\"wp-element-caption\">D\u00e9cor &#8211; Atelier <\/figcaption><\/figure>\n\n\n\n<figure class=\"wp-block-image size-full\"><img loading=\"lazy\" decoding=\"async\" width=\"1080\" height=\"1620\" src=\"https:\/\/albaneleonard.fr\/wp-content\/uploads\/2026\/01\/IMG_7395.jpg\" alt=\"\" class=\"wp-image-2138\" srcset=\"https:\/\/albaneleonard.fr\/wp-content\/uploads\/2026\/01\/IMG_7395.jpg 1080w, https:\/\/albaneleonard.fr\/wp-content\/uploads\/2026\/01\/IMG_7395-200x300.jpg 200w, https:\/\/albaneleonard.fr\/wp-content\/uploads\/2026\/01\/IMG_7395-683x1024.jpg 683w, https:\/\/albaneleonard.fr\/wp-content\/uploads\/2026\/01\/IMG_7395-768x1152.jpg 768w, https:\/\/albaneleonard.fr\/wp-content\/uploads\/2026\/01\/IMG_7395-1024x1536.jpg 1024w\" sizes=\"auto, (max-width: 1080px) 100vw, 1080px\" \/><figcaption class=\"wp-element-caption\">D\u00e9cor &#8211; Atelier<\/figcaption><\/figure>\n\n\n\n<figure class=\"wp-block-image size-full\"><img loading=\"lazy\" decoding=\"async\" width=\"1080\" height=\"1620\" src=\"https:\/\/albaneleonard.fr\/wp-content\/uploads\/2026\/01\/IMG_7384.jpg\" alt=\"\" class=\"wp-image-2136\" srcset=\"https:\/\/albaneleonard.fr\/wp-content\/uploads\/2026\/01\/IMG_7384.jpg 1080w, https:\/\/albaneleonard.fr\/wp-content\/uploads\/2026\/01\/IMG_7384-200x300.jpg 200w, https:\/\/albaneleonard.fr\/wp-content\/uploads\/2026\/01\/IMG_7384-683x1024.jpg 683w, https:\/\/albaneleonard.fr\/wp-content\/uploads\/2026\/01\/IMG_7384-768x1152.jpg 768w, https:\/\/albaneleonard.fr\/wp-content\/uploads\/2026\/01\/IMG_7384-1024x1536.jpg 1024w\" sizes=\"auto, (max-width: 1080px) 100vw, 1080px\" \/><figcaption class=\"wp-element-caption\">D\u00e9cor &#8211; Atelier <\/figcaption><\/figure>\n\n\n\n<figure class=\"wp-block-image size-full\"><img loading=\"lazy\" decoding=\"async\" width=\"1920\" height=\"2560\" src=\"https:\/\/albaneleonard.fr\/wp-content\/uploads\/2026\/01\/PXL_20251206_143811201-scaled.jpg\" alt=\"\" class=\"wp-image-2134\" srcset=\"https:\/\/albaneleonard.fr\/wp-content\/uploads\/2026\/01\/PXL_20251206_143811201-scaled.jpg 1920w, https:\/\/albaneleonard.fr\/wp-content\/uploads\/2026\/01\/PXL_20251206_143811201-225x300.jpg 225w, https:\/\/albaneleonard.fr\/wp-content\/uploads\/2026\/01\/PXL_20251206_143811201-768x1024.jpg 768w, https:\/\/albaneleonard.fr\/wp-content\/uploads\/2026\/01\/PXL_20251206_143811201-1152x1536.jpg 1152w, https:\/\/albaneleonard.fr\/wp-content\/uploads\/2026\/01\/PXL_20251206_143811201-1536x2048.jpg 1536w\" sizes=\"auto, (max-width: 1920px) 100vw, 1920px\" \/><figcaption class=\"wp-element-caption\">D\u00e9cor &#8211; Bureau<\/figcaption><\/figure>\n\n\n\n<figure class=\"wp-block-video\"><video height=\"1080\" style=\"aspect-ratio: 1920 \/ 1080;\" width=\"1920\" autoplay controls muted src=\"https:\/\/albaneleonard.fr\/wp-content\/uploads\/2026\/01\/Sequence-01-1.mp4\" playsinline><\/video><figcaption class=\"wp-element-caption\">Montage \u00e9lectrique des diodes pour le d\u00e9cor du Bureau<\/figcaption><\/figure>\n<\/div>\n<\/div>\n","protected":false},"excerpt":{"rendered":"<p>TRANSIENCE Cheffe d\u00e9coratrice &#8211; Transience &#8211; R\u00e9alisateur : Tommy Gomel En novembre 2025, [&hellip;]<\/p>\n","protected":false},"author":1,"featured_media":0,"parent":0,"menu_order":0,"comment_status":"closed","ping_status":"closed","template":"","meta":{"footnotes":""},"class_list":["post-2131","page","type-page","status-publish","hentry"],"_links":{"self":[{"href":"https:\/\/albaneleonard.fr\/index.php\/wp-json\/wp\/v2\/pages\/2131","targetHints":{"allow":["GET"]}}],"collection":[{"href":"https:\/\/albaneleonard.fr\/index.php\/wp-json\/wp\/v2\/pages"}],"about":[{"href":"https:\/\/albaneleonard.fr\/index.php\/wp-json\/wp\/v2\/types\/page"}],"author":[{"embeddable":true,"href":"https:\/\/albaneleonard.fr\/index.php\/wp-json\/wp\/v2\/users\/1"}],"replies":[{"embeddable":true,"href":"https:\/\/albaneleonard.fr\/index.php\/wp-json\/wp\/v2\/comments?post=2131"}],"version-history":[{"count":2,"href":"https:\/\/albaneleonard.fr\/index.php\/wp-json\/wp\/v2\/pages\/2131\/revisions"}],"predecessor-version":[{"id":2315,"href":"https:\/\/albaneleonard.fr\/index.php\/wp-json\/wp\/v2\/pages\/2131\/revisions\/2315"}],"wp:attachment":[{"href":"https:\/\/albaneleonard.fr\/index.php\/wp-json\/wp\/v2\/media?parent=2131"}],"curies":[{"name":"wp","href":"https:\/\/api.w.org\/{rel}","templated":true}]}}