{"id":2153,"date":"2026-01-17T18:30:01","date_gmt":"2026-01-17T17:30:01","guid":{"rendered":"https:\/\/albaneleonard.fr\/?page_id=2153"},"modified":"2026-03-18T23:32:43","modified_gmt":"2026-03-18T22:32:43","slug":"obsession","status":"publish","type":"page","link":"https:\/\/albaneleonard.fr\/index.php\/obsession\/","title":{"rendered":"Obsession"},"content":{"rendered":"\n<h1 class=\"wp-block-heading has-text-color has-link-color wp-elements-8b01f0a62f877d1c77c4cddc9e1b03e1\" style=\"color:#8a250a\">Obsession<\/h1>\n\n\n\n<div style=\"height:50px\" aria-hidden=\"true\" class=\"wp-block-spacer\"><\/div>\n\n\n\n<div class=\"wp-block-columns is-layout-flex wp-container-core-columns-is-layout-9d6595d7 wp-block-columns-is-layout-flex\">\n<div class=\"wp-block-column is-layout-flow wp-block-column-is-layout-flow\">\n<div style=\"height:0px\" aria-hidden=\"true\" class=\"wp-block-spacer\"><\/div>\n\n\n\n<div class=\"wp-block-columns is-layout-flex wp-container-core-columns-is-layout-9d6595d7 wp-block-columns-is-layout-flex\">\n<div class=\"wp-block-column is-layout-flow wp-block-column-is-layout-flow\" style=\"flex-basis:100%\">\n<h5 class=\"wp-block-heading\">Cheffe d\u00e9coratrice &#8211; <em>Obsession <\/em>&#8211; R\u00e9alisatrice : Clara Batret<\/h5>\n\n\n\n<p class=\"has-small-font-size\" style=\"font-style:normal;font-weight:300;letter-spacing:1px;text-transform:none\">En d\u00e9cembre 2026, j\u2019ai travaill\u00e9 en tant que cheffe d\u00e9coratrice sur le court-m\u00e9trage <em>Obsession<\/em>, r\u00e9alis\u00e9 dans le cadre du Nikon Festival 2026, autour du th\u00e8me de la beaut\u00e9. Le film aborde la question de la dysmorphie corporelle \u00e0 travers <strong>trois tableaux historiques embl\u00e9matiques li\u00e9s aux id\u00e9aux de beaut\u00e9 <\/strong>: Diane de Poitiers, la Comtesse sanglante et Narcisse.<\/p>\n\n\n\n<p class=\"has-small-font-size\" style=\"font-style:normal;font-weight:300;letter-spacing:1px;text-transform:none\">Chacun de ces tableaux n\u00e9cessitait un univers visuel distinct, avec des d\u00e9cors et des <strong>ambiances volontairement oppos\u00e9s.<\/strong> Le d\u00e9cor le plus complexe \u00e0 concevoir fut celui de la Comtesse sanglante, pour lequel j\u2019ai d\u00fb <strong>transformer un grenier en une v\u00e9ritable chambre d\u2019\u00e9poque<\/strong>. Ce travail a impliqu\u00e9 une importante recherche et un travail de chine afin de composer un espace cr\u00e9dible, sombre et charg\u00e9, \u00e9voquant l\u2019univers du personnage.<\/p>\n\n\n\n<p class=\"has-small-font-size\" style=\"font-style:normal;font-weight:300;letter-spacing:1px;text-transform:none\">L\u2019un des principaux d\u00e9fis de ce d\u00e9cor r\u00e9sidait dans la cr\u00e9ation du bain de sang. En collaboration avec la production, nous avons d\u00fb trouver une baignoire malgr\u00e9 l\u2019absence de budget, puis concevoir <strong>un bain imitant le sang tout en respectant plusieurs contraintes<\/strong> : un mat\u00e9riau non nocif pour le corps de l\u2019actrice, qui ne tacherait pas la baignoire devant \u00eatre rendue apr\u00e8s le tournage, et qui reste r\u00e9aliste \u00e0 l\u2019image. Apr\u00e8s de nombreux essais, nous avons opt\u00e9 pour un m\u00e9lange d\u2019eau et d\u2019environ vingt litres de vin. Des coulures de faux sang ont ensuite \u00e9t\u00e9 ajout\u00e9es sur la baignoire afin d\u2019accentuer le r\u00e9alisme de la sc\u00e8ne.<\/p>\n\n\n\n<p class=\"has-small-font-size\" style=\"font-style:normal;font-weight:300;letter-spacing:1px;text-transform:none\">Pour le tableau de Diane de Poitiers, j\u2019ai imagin\u00e9 <strong>un espace enti\u00e8rement noir, supprimant tout rep\u00e8re spatio-temporel.<\/strong> Un <strong>miroir <\/strong>a \u00e9t\u00e9 suspendu aux poutres, donnant l\u2019illusion qu\u2019il <strong>flottait dans l\u2019espace<\/strong>. Enfin, le tableau de Narcisse ne n\u00e9cessitait pas de d\u00e9cor construit, mais un \u00e9l\u00e9ment symbolique fort : <strong>des narcisses que j\u2019ai plant\u00e9s<\/strong>, en r\u00e9f\u00e9rence directe au mythe, afin d<strong>\u2019ancrer visuellement la sc\u00e8ne dans son imaginaire.<\/strong><\/p>\n\n\n\n<p class=\"has-small-font-size\" style=\"font-style:normal;font-weight:300;letter-spacing:1px;text-transform:none\">Lien Youtube du projet : <a href=\"https:\/\/youtu.be\/9-PjZr8Ylhw?si=rUHFoeXTtCWzbXbU\">https:\/\/youtu.be\/9-PjZr8Ylhw?si=rUHFoeXTtCWzbXbU<\/a><\/p>\n\n\n\n<div style=\"height:35px\" aria-hidden=\"true\" class=\"wp-block-spacer\"><\/div>\n\n\n\n<figure class=\"wp-block-image size-full\"><img loading=\"lazy\" decoding=\"async\" width=\"1707\" height=\"2560\" src=\"https:\/\/albaneleonard.fr\/wp-content\/uploads\/2026\/01\/DSC04424-scaled.jpg\" alt=\"\" class=\"wp-image-2166\" srcset=\"https:\/\/albaneleonard.fr\/wp-content\/uploads\/2026\/01\/DSC04424-scaled.jpg 1707w, https:\/\/albaneleonard.fr\/wp-content\/uploads\/2026\/01\/DSC04424-200x300.jpg 200w, https:\/\/albaneleonard.fr\/wp-content\/uploads\/2026\/01\/DSC04424-683x1024.jpg 683w, https:\/\/albaneleonard.fr\/wp-content\/uploads\/2026\/01\/DSC04424-768x1152.jpg 768w, https:\/\/albaneleonard.fr\/wp-content\/uploads\/2026\/01\/DSC04424-1024x1536.jpg 1024w, https:\/\/albaneleonard.fr\/wp-content\/uploads\/2026\/01\/DSC04424-1365x2048.jpg 1365w\" sizes=\"auto, (max-width: 1707px) 100vw, 1707px\" \/><figcaption class=\"wp-element-caption\">1er tableau : Diane de Poitier ( Photo : @diabolofr4aise sur Instagram )<\/figcaption><\/figure>\n\n\n\n<figure class=\"wp-block-video\"><video height=\"1280\" style=\"aspect-ratio: 720 \/ 1280;\" width=\"720\" controls src=\"https:\/\/albaneleonard.fr\/wp-content\/uploads\/2026\/03\/SaveClip.App_AQNrT2xdKQg9YhNvshIUjuIx8zDmtrJJD0qK0QAZeP8aAK8SBscOe_RnLS7eAokUuIsNwSTYTS-GDV6-Yd_0v2qdoZrcv3W6nrEDV0k.mp4\"><\/video><figcaption class=\"wp-element-caption\">Vid\u00e9o pour la communication du projet ( @diabolofr4aise sur Instagram )<\/figcaption><\/figure>\n\n\n\n<figure class=\"wp-block-image size-large\"><img loading=\"lazy\" decoding=\"async\" width=\"1024\" height=\"683\" src=\"https:\/\/albaneleonard.fr\/wp-content\/uploads\/2026\/01\/DSC03951-1024x683.jpeg\" alt=\"\" class=\"wp-image-2157\" srcset=\"https:\/\/albaneleonard.fr\/wp-content\/uploads\/2026\/01\/DSC03951-1024x683.jpeg 1024w, https:\/\/albaneleonard.fr\/wp-content\/uploads\/2026\/01\/DSC03951-300x200.jpeg 300w, https:\/\/albaneleonard.fr\/wp-content\/uploads\/2026\/01\/DSC03951-768x512.jpeg 768w, https:\/\/albaneleonard.fr\/wp-content\/uploads\/2026\/01\/DSC03951-1536x1024.jpeg 1536w, https:\/\/albaneleonard.fr\/wp-content\/uploads\/2026\/01\/DSC03951-2048x1365.jpeg 2048w\" sizes=\"auto, (max-width: 1024px) 100vw, 1024px\" \/><figcaption class=\"wp-element-caption\">2e tableau : La comtesse sanglante ( Photo : @diabolofr4aise sur Instagram )<\/figcaption><\/figure>\n\n\n\n<figure class=\"wp-block-image size-large\"><img loading=\"lazy\" decoding=\"async\" width=\"1024\" height=\"683\" src=\"https:\/\/albaneleonard.fr\/wp-content\/uploads\/2026\/01\/DSC04005-1024x683.jpg\" alt=\"\" class=\"wp-image-2169\" srcset=\"https:\/\/albaneleonard.fr\/wp-content\/uploads\/2026\/01\/DSC04005-1024x683.jpg 1024w, https:\/\/albaneleonard.fr\/wp-content\/uploads\/2026\/01\/DSC04005-300x200.jpg 300w, https:\/\/albaneleonard.fr\/wp-content\/uploads\/2026\/01\/DSC04005-768x512.jpg 768w, https:\/\/albaneleonard.fr\/wp-content\/uploads\/2026\/01\/DSC04005-1536x1024.jpg 1536w, https:\/\/albaneleonard.fr\/wp-content\/uploads\/2026\/01\/DSC04005-2048x1365.jpg 2048w\" sizes=\"auto, (max-width: 1024px) 100vw, 1024px\" \/><figcaption class=\"wp-element-caption\">2e tableau : La comtesse sanglante ( Photo : @diabolofr4aise sur Instagram )<\/figcaption><\/figure>\n\n\n\n<figure class=\"wp-block-image size-full\"><img loading=\"lazy\" decoding=\"async\" width=\"2560\" height=\"1707\" src=\"https:\/\/albaneleonard.fr\/wp-content\/uploads\/2026\/01\/DSC02412-scaled.jpg\" alt=\"\" class=\"wp-image-2162\" srcset=\"https:\/\/albaneleonard.fr\/wp-content\/uploads\/2026\/01\/DSC02412-scaled.jpg 2560w, https:\/\/albaneleonard.fr\/wp-content\/uploads\/2026\/01\/DSC02412-300x200.jpg 300w, https:\/\/albaneleonard.fr\/wp-content\/uploads\/2026\/01\/DSC02412-1024x683.jpg 1024w, https:\/\/albaneleonard.fr\/wp-content\/uploads\/2026\/01\/DSC02412-768x512.jpg 768w, https:\/\/albaneleonard.fr\/wp-content\/uploads\/2026\/01\/DSC02412-1536x1024.jpg 1536w, https:\/\/albaneleonard.fr\/wp-content\/uploads\/2026\/01\/DSC02412-2048x1365.jpg 2048w\" sizes=\"auto, (max-width: 2560px) 100vw, 2560px\" \/><figcaption class=\"wp-element-caption\">Image du tournage &#8211; Installation 2e tableau : La comtesse sanglante ( Photo : @diabolofr4aise sur Instagram )<\/figcaption><\/figure>\n\n\n\n<figure class=\"wp-block-image size-full\"><img loading=\"lazy\" decoding=\"async\" width=\"2560\" height=\"1707\" src=\"https:\/\/albaneleonard.fr\/wp-content\/uploads\/2026\/01\/DSC03833-scaled.jpg\" alt=\"\" class=\"wp-image-2163\" srcset=\"https:\/\/albaneleonard.fr\/wp-content\/uploads\/2026\/01\/DSC03833-scaled.jpg 2560w, https:\/\/albaneleonard.fr\/wp-content\/uploads\/2026\/01\/DSC03833-300x200.jpg 300w, https:\/\/albaneleonard.fr\/wp-content\/uploads\/2026\/01\/DSC03833-1024x683.jpg 1024w, https:\/\/albaneleonard.fr\/wp-content\/uploads\/2026\/01\/DSC03833-768x512.jpg 768w, https:\/\/albaneleonard.fr\/wp-content\/uploads\/2026\/01\/DSC03833-1536x1024.jpg 1536w, https:\/\/albaneleonard.fr\/wp-content\/uploads\/2026\/01\/DSC03833-2048x1365.jpg 2048w\" sizes=\"auto, (max-width: 2560px) 100vw, 2560px\" \/><figcaption class=\"wp-element-caption\">2e tableau : La comtesse sanglante ( Photo : @diabolofr4aise sur Instagram )<\/figcaption><\/figure>\n\n\n\n<figure class=\"wp-block-video\"><video height=\"1280\" style=\"aspect-ratio: 720 \/ 1280;\" width=\"720\" controls src=\"https:\/\/albaneleonard.fr\/wp-content\/uploads\/2026\/03\/SaveClip.App_AQNFyMAdBbxpa9kITMgeJ4l4GOVrCQRLMrEzgonkRRO6asTfTkxMHBVGGld6UiEsw-X3KPtIlFocE-q3AFf0woY6.mp4\"><\/video><figcaption class=\"wp-element-caption\">Vid\u00e9o pour la communication du projet ( @diabolofr4aise sur Instagram )<\/figcaption><\/figure>\n<\/div>\n<\/div>\n\n\n\n<p><a href=\"https:\/\/photos.google.com\/photo\/AF1QipMbf7jHpouWVNChVwPYu01Rn516OViAx5F0YTf8\"><\/a><\/p>\n<\/div>\n\n\n\n<div class=\"wp-block-column is-layout-flow wp-block-column-is-layout-flow\">\n<figure class=\"wp-block-image size-large\"><img loading=\"lazy\" decoding=\"async\" width=\"683\" height=\"1024\" src=\"https:\/\/albaneleonard.fr\/wp-content\/uploads\/2026\/01\/DSC02471-683x1024.jpg\" alt=\"\" class=\"wp-image-2170\" srcset=\"https:\/\/albaneleonard.fr\/wp-content\/uploads\/2026\/01\/DSC02471-683x1024.jpg 683w, https:\/\/albaneleonard.fr\/wp-content\/uploads\/2026\/01\/DSC02471-200x300.jpg 200w, https:\/\/albaneleonard.fr\/wp-content\/uploads\/2026\/01\/DSC02471-768x1152.jpg 768w, https:\/\/albaneleonard.fr\/wp-content\/uploads\/2026\/01\/DSC02471-1024x1536.jpg 1024w, https:\/\/albaneleonard.fr\/wp-content\/uploads\/2026\/01\/DSC02471-1365x2048.jpg 1365w, https:\/\/albaneleonard.fr\/wp-content\/uploads\/2026\/01\/DSC02471-scaled.jpg 1707w\" sizes=\"auto, (max-width: 683px) 100vw, 683px\" \/><figcaption class=\"wp-element-caption\">Photo : @diabolofr4aise sur Instagram <\/figcaption><\/figure>\n\n\n\n<figure class=\"wp-block-image size-full\"><img loading=\"lazy\" decoding=\"async\" width=\"2560\" height=\"1707\" src=\"https:\/\/albaneleonard.fr\/wp-content\/uploads\/2026\/01\/DSC04374-scaled.jpg\" alt=\"\" class=\"wp-image-2167\" srcset=\"https:\/\/albaneleonard.fr\/wp-content\/uploads\/2026\/01\/DSC04374-scaled.jpg 2560w, https:\/\/albaneleonard.fr\/wp-content\/uploads\/2026\/01\/DSC04374-300x200.jpg 300w, https:\/\/albaneleonard.fr\/wp-content\/uploads\/2026\/01\/DSC04374-1024x683.jpg 1024w, https:\/\/albaneleonard.fr\/wp-content\/uploads\/2026\/01\/DSC04374-768x512.jpg 768w, https:\/\/albaneleonard.fr\/wp-content\/uploads\/2026\/01\/DSC04374-1536x1024.jpg 1536w, https:\/\/albaneleonard.fr\/wp-content\/uploads\/2026\/01\/DSC04374-2048x1365.jpg 2048w\" sizes=\"auto, (max-width: 2560px) 100vw, 2560px\" \/><figcaption class=\"wp-element-caption\">1er tableau : Diane de Poitier ( Photo : @diabolofr4aise sur Instagram )<\/figcaption><\/figure>\n\n\n\n<figure class=\"wp-block-image size-full\"><img loading=\"lazy\" decoding=\"async\" width=\"2560\" height=\"1707\" src=\"https:\/\/albaneleonard.fr\/wp-content\/uploads\/2026\/01\/DSC04104-scaled.jpg\" alt=\"\" class=\"wp-image-2171\" srcset=\"https:\/\/albaneleonard.fr\/wp-content\/uploads\/2026\/01\/DSC04104-scaled.jpg 2560w, https:\/\/albaneleonard.fr\/wp-content\/uploads\/2026\/01\/DSC04104-300x200.jpg 300w, https:\/\/albaneleonard.fr\/wp-content\/uploads\/2026\/01\/DSC04104-1024x683.jpg 1024w, https:\/\/albaneleonard.fr\/wp-content\/uploads\/2026\/01\/DSC04104-768x512.jpg 768w, https:\/\/albaneleonard.fr\/wp-content\/uploads\/2026\/01\/DSC04104-1536x1024.jpg 1536w, https:\/\/albaneleonard.fr\/wp-content\/uploads\/2026\/01\/DSC04104-2048x1365.jpg 2048w\" sizes=\"auto, (max-width: 2560px) 100vw, 2560px\" \/><figcaption class=\"wp-element-caption\">1er tableau : Diane de Poitier ( Photo : @diabolofr4aise sur Instagram )<\/figcaption><\/figure>\n\n\n\n<figure class=\"wp-block-image size-large\"><img loading=\"lazy\" decoding=\"async\" width=\"1024\" height=\"683\" src=\"https:\/\/albaneleonard.fr\/wp-content\/uploads\/2026\/01\/DSC02687-1024x683.jpeg\" alt=\"\" class=\"wp-image-2154\" srcset=\"https:\/\/albaneleonard.fr\/wp-content\/uploads\/2026\/01\/DSC02687-1024x683.jpeg 1024w, https:\/\/albaneleonard.fr\/wp-content\/uploads\/2026\/01\/DSC02687-300x200.jpeg 300w, https:\/\/albaneleonard.fr\/wp-content\/uploads\/2026\/01\/DSC02687-768x512.jpeg 768w, https:\/\/albaneleonard.fr\/wp-content\/uploads\/2026\/01\/DSC02687-1536x1024.jpeg 1536w, https:\/\/albaneleonard.fr\/wp-content\/uploads\/2026\/01\/DSC02687-2048x1365.jpeg 2048w\" sizes=\"auto, (max-width: 1024px) 100vw, 1024px\" \/><figcaption class=\"wp-element-caption\">2e tableau : La comtesse sanglante ( Photo : @diabolofr4aise sur Instagram )<\/figcaption><\/figure>\n\n\n\n<figure class=\"wp-block-image size-large\"><img loading=\"lazy\" decoding=\"async\" width=\"1024\" height=\"683\" src=\"https:\/\/albaneleonard.fr\/wp-content\/uploads\/2026\/01\/DSC02692-1024x683.jpeg\" alt=\"\" class=\"wp-image-2155\" srcset=\"https:\/\/albaneleonard.fr\/wp-content\/uploads\/2026\/01\/DSC02692-1024x683.jpeg 1024w, https:\/\/albaneleonard.fr\/wp-content\/uploads\/2026\/01\/DSC02692-300x200.jpeg 300w, https:\/\/albaneleonard.fr\/wp-content\/uploads\/2026\/01\/DSC02692-768x512.jpeg 768w, https:\/\/albaneleonard.fr\/wp-content\/uploads\/2026\/01\/DSC02692-1536x1024.jpeg 1536w, https:\/\/albaneleonard.fr\/wp-content\/uploads\/2026\/01\/DSC02692-2048x1365.jpeg 2048w\" sizes=\"auto, (max-width: 1024px) 100vw, 1024px\" \/><figcaption class=\"wp-element-caption\">2e tableau : La comtesse sanglante ( Photo : @diabolofr4aise sur Instagram )<\/figcaption><\/figure>\n\n\n\n<figure class=\"wp-block-image size-full\"><img loading=\"lazy\" decoding=\"async\" width=\"2560\" height=\"1707\" src=\"https:\/\/albaneleonard.fr\/wp-content\/uploads\/2026\/01\/DSC03907-scaled.jpeg\" alt=\"\" class=\"wp-image-2156\" srcset=\"https:\/\/albaneleonard.fr\/wp-content\/uploads\/2026\/01\/DSC03907-scaled.jpeg 2560w, https:\/\/albaneleonard.fr\/wp-content\/uploads\/2026\/01\/DSC03907-300x200.jpeg 300w, https:\/\/albaneleonard.fr\/wp-content\/uploads\/2026\/01\/DSC03907-1024x683.jpeg 1024w, https:\/\/albaneleonard.fr\/wp-content\/uploads\/2026\/01\/DSC03907-768x512.jpeg 768w, https:\/\/albaneleonard.fr\/wp-content\/uploads\/2026\/01\/DSC03907-1536x1024.jpeg 1536w, https:\/\/albaneleonard.fr\/wp-content\/uploads\/2026\/01\/DSC03907-2048x1365.jpeg 2048w\" sizes=\"auto, (max-width: 2560px) 100vw, 2560px\" \/><figcaption class=\"wp-element-caption\">2e tableau : La comtesse sanglante ( Photo : @diabolofr4aise sur Instagram )<\/figcaption><\/figure>\n\n\n\n<figure class=\"wp-block-image size-full\"><img loading=\"lazy\" decoding=\"async\" width=\"2560\" height=\"1707\" src=\"https:\/\/albaneleonard.fr\/wp-content\/uploads\/2026\/01\/DSC03964-scaled.jpeg\" alt=\"\" class=\"wp-image-2158\" srcset=\"https:\/\/albaneleonard.fr\/wp-content\/uploads\/2026\/01\/DSC03964-scaled.jpeg 2560w, https:\/\/albaneleonard.fr\/wp-content\/uploads\/2026\/01\/DSC03964-300x200.jpeg 300w, https:\/\/albaneleonard.fr\/wp-content\/uploads\/2026\/01\/DSC03964-1024x683.jpeg 1024w, https:\/\/albaneleonard.fr\/wp-content\/uploads\/2026\/01\/DSC03964-768x512.jpeg 768w, https:\/\/albaneleonard.fr\/wp-content\/uploads\/2026\/01\/DSC03964-1536x1024.jpeg 1536w, https:\/\/albaneleonard.fr\/wp-content\/uploads\/2026\/01\/DSC03964-2048x1365.jpeg 2048w\" sizes=\"auto, (max-width: 2560px) 100vw, 2560px\" \/><figcaption class=\"wp-element-caption\">2e tableau : La comtesse sanglante ( Photo : @diabolofr4aise sur Instagram )<\/figcaption><\/figure>\n\n\n\n<figure class=\"wp-block-image size-full\"><img loading=\"lazy\" decoding=\"async\" width=\"2560\" height=\"1707\" src=\"https:\/\/albaneleonard.fr\/wp-content\/uploads\/2026\/01\/DSC04034-1-scaled.jpeg\" alt=\"\" class=\"wp-image-2160\" srcset=\"https:\/\/albaneleonard.fr\/wp-content\/uploads\/2026\/01\/DSC04034-1-scaled.jpeg 2560w, https:\/\/albaneleonard.fr\/wp-content\/uploads\/2026\/01\/DSC04034-1-300x200.jpeg 300w, https:\/\/albaneleonard.fr\/wp-content\/uploads\/2026\/01\/DSC04034-1-1024x683.jpeg 1024w, https:\/\/albaneleonard.fr\/wp-content\/uploads\/2026\/01\/DSC04034-1-768x512.jpeg 768w, https:\/\/albaneleonard.fr\/wp-content\/uploads\/2026\/01\/DSC04034-1-1536x1024.jpeg 1536w, https:\/\/albaneleonard.fr\/wp-content\/uploads\/2026\/01\/DSC04034-1-2048x1365.jpeg 2048w\" sizes=\"auto, (max-width: 2560px) 100vw, 2560px\" \/><figcaption class=\"wp-element-caption\">2e tableau : La comtesse sanglante ( Photo : @diabolofr4aise sur Instagram )<\/figcaption><\/figure>\n\n\n\n<figure class=\"wp-block-image size-full\"><img loading=\"lazy\" decoding=\"async\" width=\"2560\" height=\"1707\" src=\"https:\/\/albaneleonard.fr\/wp-content\/uploads\/2026\/01\/DSC03319-scaled.jpg\" alt=\"\" class=\"wp-image-2164\" srcset=\"https:\/\/albaneleonard.fr\/wp-content\/uploads\/2026\/01\/DSC03319-scaled.jpg 2560w, https:\/\/albaneleonard.fr\/wp-content\/uploads\/2026\/01\/DSC03319-300x200.jpg 300w, https:\/\/albaneleonard.fr\/wp-content\/uploads\/2026\/01\/DSC03319-1024x683.jpg 1024w, https:\/\/albaneleonard.fr\/wp-content\/uploads\/2026\/01\/DSC03319-768x512.jpg 768w, https:\/\/albaneleonard.fr\/wp-content\/uploads\/2026\/01\/DSC03319-1536x1024.jpg 1536w, https:\/\/albaneleonard.fr\/wp-content\/uploads\/2026\/01\/DSC03319-2048x1365.jpg 2048w\" sizes=\"auto, (max-width: 2560px) 100vw, 2560px\" \/><figcaption class=\"wp-element-caption\">2e tableau : La comtesse sanglante ( Photo : @diabolofr4aise sur Instagram )<\/figcaption><\/figure>\n\n\n\n<figure class=\"wp-block-image size-full\"><img loading=\"lazy\" decoding=\"async\" width=\"1707\" height=\"2560\" src=\"https:\/\/albaneleonard.fr\/wp-content\/uploads\/2026\/01\/DSC02984-scaled.jpg\" alt=\"\" class=\"wp-image-2165\" style=\"aspect-ratio:1;object-fit:cover\" srcset=\"https:\/\/albaneleonard.fr\/wp-content\/uploads\/2026\/01\/DSC02984-scaled.jpg 1707w, https:\/\/albaneleonard.fr\/wp-content\/uploads\/2026\/01\/DSC02984-200x300.jpg 200w, https:\/\/albaneleonard.fr\/wp-content\/uploads\/2026\/01\/DSC02984-683x1024.jpg 683w, https:\/\/albaneleonard.fr\/wp-content\/uploads\/2026\/01\/DSC02984-768x1152.jpg 768w, https:\/\/albaneleonard.fr\/wp-content\/uploads\/2026\/01\/DSC02984-1024x1536.jpg 1024w, https:\/\/albaneleonard.fr\/wp-content\/uploads\/2026\/01\/DSC02984-1365x2048.jpg 1365w\" sizes=\"auto, (max-width: 1707px) 100vw, 1707px\" \/><figcaption class=\"wp-element-caption\">Image du tournage &#8211; Installation 2e tableau : La comtesse sanglante ( Photo : @diabolofr4aise sur Instagram )<\/figcaption><\/figure>\n\n\n\n<figure class=\"wp-block-video\"><video height=\"2160\" style=\"aspect-ratio: 3840 \/ 2160;\" width=\"3840\" controls muted src=\"https:\/\/albaneleonard.fr\/wp-content\/uploads\/2026\/01\/YouCut_20251220_2321118752.mp4\" playsinline><\/video><figcaption class=\"wp-element-caption\">Image du tournage &#8211; Installation 2eme tableau : La comtesse sanglante<\/figcaption><\/figure>\n<\/div>\n<\/div>\n\n\n\n<figure class=\"wp-block-gallery has-nested-images columns-default is-cropped wp-block-gallery-1 is-layout-flex wp-block-gallery-is-layout-flex\">\n<figure class=\"wp-block-image size-large\"><img loading=\"lazy\" decoding=\"async\" width=\"1024\" height=\"768\" data-id=\"2173\" src=\"https:\/\/albaneleonard.fr\/wp-content\/uploads\/2026\/01\/WhatsApp-Image-2025-11-20-at-18.10.22-1024x768.jpeg\" alt=\"\" class=\"wp-image-2173\" srcset=\"https:\/\/albaneleonard.fr\/wp-content\/uploads\/2026\/01\/WhatsApp-Image-2025-11-20-at-18.10.22-1024x768.jpeg 1024w, https:\/\/albaneleonard.fr\/wp-content\/uploads\/2026\/01\/WhatsApp-Image-2025-11-20-at-18.10.22-300x225.jpeg 300w, https:\/\/albaneleonard.fr\/wp-content\/uploads\/2026\/01\/WhatsApp-Image-2025-11-20-at-18.10.22-768x576.jpeg 768w, https:\/\/albaneleonard.fr\/wp-content\/uploads\/2026\/01\/WhatsApp-Image-2025-11-20-at-18.10.22-1536x1152.jpeg 1536w, https:\/\/albaneleonard.fr\/wp-content\/uploads\/2026\/01\/WhatsApp-Image-2025-11-20-at-18.10.22.jpeg 1600w\" sizes=\"auto, (max-width: 1024px) 100vw, 1024px\" \/><figcaption class=\"wp-element-caption\">Avant<\/figcaption><\/figure>\n\n\n\n<figure class=\"wp-block-image size-large\"><img loading=\"lazy\" decoding=\"async\" width=\"1024\" height=\"683\" data-id=\"2177\" src=\"https:\/\/albaneleonard.fr\/wp-content\/uploads\/2026\/01\/DSC03943-1024x683.jpg\" alt=\"\" class=\"wp-image-2177\" srcset=\"https:\/\/albaneleonard.fr\/wp-content\/uploads\/2026\/01\/DSC03943-1024x683.jpg 1024w, https:\/\/albaneleonard.fr\/wp-content\/uploads\/2026\/01\/DSC03943-300x200.jpg 300w, https:\/\/albaneleonard.fr\/wp-content\/uploads\/2026\/01\/DSC03943-768x512.jpg 768w, https:\/\/albaneleonard.fr\/wp-content\/uploads\/2026\/01\/DSC03943-1536x1024.jpg 1536w, https:\/\/albaneleonard.fr\/wp-content\/uploads\/2026\/01\/DSC03943-2048x1365.jpg 2048w\" sizes=\"auto, (max-width: 1024px) 100vw, 1024px\" \/><figcaption class=\"wp-element-caption\">Apr\u00e8s<\/figcaption><\/figure>\n<\/figure>\n\n\n\n<figure class=\"wp-block-gallery has-nested-images columns-default is-cropped wp-block-gallery-2 is-layout-flex wp-block-gallery-is-layout-flex\">\n<figure class=\"wp-block-image size-large\"><img loading=\"lazy\" decoding=\"async\" width=\"1024\" height=\"683\" data-id=\"2176\" src=\"https:\/\/albaneleonard.fr\/wp-content\/uploads\/2026\/01\/DSC02692-1024x683.jpg\" alt=\"\" class=\"wp-image-2176\" srcset=\"https:\/\/albaneleonard.fr\/wp-content\/uploads\/2026\/01\/DSC02692-1024x683.jpg 1024w, https:\/\/albaneleonard.fr\/wp-content\/uploads\/2026\/01\/DSC02692-300x200.jpg 300w, https:\/\/albaneleonard.fr\/wp-content\/uploads\/2026\/01\/DSC02692-768x512.jpg 768w, https:\/\/albaneleonard.fr\/wp-content\/uploads\/2026\/01\/DSC02692-1536x1024.jpg 1536w, https:\/\/albaneleonard.fr\/wp-content\/uploads\/2026\/01\/DSC02692-2048x1365.jpg 2048w\" sizes=\"auto, (max-width: 1024px) 100vw, 1024px\" \/><figcaption class=\"wp-element-caption\">Apr\u00e8s<\/figcaption><\/figure>\n\n\n\n<figure class=\"wp-block-image size-large\"><img loading=\"lazy\" decoding=\"async\" width=\"1024\" height=\"683\" data-id=\"2178\" src=\"https:\/\/albaneleonard.fr\/wp-content\/uploads\/2026\/01\/DSC03566-1024x683.jpg\" alt=\"\" class=\"wp-image-2178\" srcset=\"https:\/\/albaneleonard.fr\/wp-content\/uploads\/2026\/01\/DSC03566-1024x683.jpg 1024w, https:\/\/albaneleonard.fr\/wp-content\/uploads\/2026\/01\/DSC03566-300x200.jpg 300w, https:\/\/albaneleonard.fr\/wp-content\/uploads\/2026\/01\/DSC03566-768x512.jpg 768w, https:\/\/albaneleonard.fr\/wp-content\/uploads\/2026\/01\/DSC03566-1536x1024.jpg 1536w, https:\/\/albaneleonard.fr\/wp-content\/uploads\/2026\/01\/DSC03566-2048x1365.jpg 2048w\" sizes=\"auto, (max-width: 1024px) 100vw, 1024px\" \/><figcaption class=\"wp-element-caption\">Apr\u00e8s<\/figcaption><\/figure>\n<\/figure>\n","protected":false},"excerpt":{"rendered":"<p>Obsession Cheffe d\u00e9coratrice &#8211; Obsession &#8211; R\u00e9alisatrice : Clara Batret En d\u00e9cembre 2026, [&hellip;]<\/p>\n","protected":false},"author":1,"featured_media":0,"parent":0,"menu_order":0,"comment_status":"closed","ping_status":"closed","template":"","meta":{"footnotes":""},"class_list":["post-2153","page","type-page","status-publish","hentry"],"_links":{"self":[{"href":"https:\/\/albaneleonard.fr\/index.php\/wp-json\/wp\/v2\/pages\/2153","targetHints":{"allow":["GET"]}}],"collection":[{"href":"https:\/\/albaneleonard.fr\/index.php\/wp-json\/wp\/v2\/pages"}],"about":[{"href":"https:\/\/albaneleonard.fr\/index.php\/wp-json\/wp\/v2\/types\/page"}],"author":[{"embeddable":true,"href":"https:\/\/albaneleonard.fr\/index.php\/wp-json\/wp\/v2\/users\/1"}],"replies":[{"embeddable":true,"href":"https:\/\/albaneleonard.fr\/index.php\/wp-json\/wp\/v2\/comments?post=2153"}],"version-history":[{"count":10,"href":"https:\/\/albaneleonard.fr\/index.php\/wp-json\/wp\/v2\/pages\/2153\/revisions"}],"predecessor-version":[{"id":2324,"href":"https:\/\/albaneleonard.fr\/index.php\/wp-json\/wp\/v2\/pages\/2153\/revisions\/2324"}],"wp:attachment":[{"href":"https:\/\/albaneleonard.fr\/index.php\/wp-json\/wp\/v2\/media?parent=2153"}],"curies":[{"name":"wp","href":"https:\/\/api.w.org\/{rel}","templated":true}]}}