{"id":2185,"date":"2026-01-25T22:30:30","date_gmt":"2026-01-25T21:30:30","guid":{"rendered":"https:\/\/albaneleonard.fr\/?page_id=2185"},"modified":"2026-03-18T23:09:18","modified_gmt":"2026-03-18T22:09:18","slug":"reine","status":"publish","type":"page","link":"https:\/\/albaneleonard.fr\/index.php\/reine\/","title":{"rendered":"Reine"},"content":{"rendered":"\n<h1 class=\"wp-block-heading has-text-color has-link-color wp-elements-870ab24e1545295ed0357e87f8d49e77\" style=\"color:#8a250a\">Reine<\/h1>\n\n\n\n<div style=\"height:50px\" aria-hidden=\"true\" class=\"wp-block-spacer\"><\/div>\n\n\n\n<div class=\"wp-block-columns is-layout-flex wp-container-core-columns-is-layout-9d6595d7 wp-block-columns-is-layout-flex\">\n<div class=\"wp-block-column is-layout-flow wp-block-column-is-layout-flow\">\n<div style=\"height:0px\" aria-hidden=\"true\" class=\"wp-block-spacer\"><\/div>\n\n\n\n<div class=\"wp-block-columns is-layout-flex wp-container-core-columns-is-layout-9d6595d7 wp-block-columns-is-layout-flex\">\n<div class=\"wp-block-column is-layout-flow wp-block-column-is-layout-flow\" style=\"flex-basis:100%\">\n<h5 class=\"wp-block-heading\">Cheffe d\u00e9coratrice &#8211; <em>Reine <\/em>&#8211; R\u00e9alisatrice : Jeanne Grollier<\/h5>\n\n\n\n<p class=\"has-small-font-size\" style=\"font-style:normal;font-weight:300;letter-spacing:1px;text-transform:none\">En janvier 2026, j\u2019ai travaill\u00e9 en tant que cheffe d\u00e9coratrice sur le court-m\u00e9trage <em>Reine<\/em>, r\u00e9alis\u00e9 dans le cadre du Nikon Festival 2026, autour du th\u00e8me de la beaut\u00e9. Le film aborde la question de la beaut\u00e9 \u00e0 travers le corps. La beaut\u00e9 qui provient de nous-m\u00eame, de notre je le plus profond. Cette unicit\u00e9 qui nous rend beau. <\/p>\n\n\n\n<p class=\"has-small-font-size\" style=\"font-style:normal;font-weight:300;letter-spacing:1px;text-transform:none\">Ce projet s\u2019est r\u00e9v\u00e9l\u00e9 particuli\u00e8rement complexe en raison de contraintes importantes de budget, de temps et de conditions m\u00e9t\u00e9orologiques. Ayant int\u00e9gr\u00e9 l\u2019\u00e9quipe seulement dix jours avant le tournage, il a fallu penser vite et efficacement. J\u2019ai imm\u00e9diatement \u00e9t\u00e9 inspir\u00e9e par l\u2019univers du projet et son potentiel esth\u00e9tique.<\/p>\n\n\n\n<p class=\"has-small-font-size\" style=\"font-style:normal;font-weight:300;letter-spacing:1px;text-transform:none\">Apr\u00e8s plusieurs r\u00e9flexions, j\u2019ai pens\u00e9 qu&rsquo;une ruine en pleine nature comme d\u00e9cor principal serait parfait. L\u2019id\u00e9e \u00e9tait de cr\u00e9er une composition de tissus dialoguant \u00e0 la fois avec l\u2019organique du paysage et le min\u00e9ral de la pierre. Le tissu devenait alors un \u00e9l\u00e9ment central de mise en sc\u00e8ne : il redonnait du prestige \u00e0 la ruine, apportait de la couleur et renfor\u00e7ait symboliquement le pouvoir de la reine. Cette solution permettait \u00e9galement d\u2019\u00e9voquer la royaut\u00e9 et la grandeur sans tomber dans des codes trop litt\u00e9raux ou artificiels, incompatibles avec un budget restreint (un tr\u00f4ne, par exemple, aurait rapidement sembl\u00e9 factice dans ce contexte).<\/p>\n\n\n\n<p class=\"has-small-font-size\" style=\"font-style:normal;font-weight:300;letter-spacing:1px;text-transform:none\">Apr\u00e8s avoir trouv\u00e9 une ruine dominante sur toute une vall\u00e9e, la r\u00e9alit\u00e9 m\u00e9t\u00e9orologique nous a rattrap\u00e9s : de fortes chutes de neige \u00e9taient pr\u00e9vues le week-end du tournage, rendant les conditions impraticables pour les \u00e9quipes comme pour le mat\u00e9riel. Une semaine avant le tournage, il a donc fallu repenser enti\u00e8rement le projet.<\/p>\n\n\n\n<p class=\"has-small-font-size\" style=\"font-style:normal;font-weight:300;letter-spacing:1px;text-transform:none\">Face \u00e0 l\u2019urgence, j\u2019ai propos\u00e9 de tourner dans un th\u00e9\u00e2tre afin de cr\u00e9er une \u00ab bo\u00eete noire \u00bb, un espace hors du temps et du lieu, sans contexte spatial ou temporel d\u00e9fini. Un espace neutre que nous pouvions modeler rapidement pour construire un univers coh\u00e9rent. Nous avons ainsi trouv\u00e9 un th\u00e9\u00e2tre que j\u2019ai enti\u00e8rement occult\u00e9 afin de cr\u00e9er un v\u00e9ritable espace noir, dans lequel nous avons ajout\u00e9 de la fum\u00e9e pour faire dispara\u00eetre les fronti\u00e8res et les limites de l\u2019espace.<\/p>\n\n\n\n<p class=\"has-small-font-size\" style=\"font-style:normal;font-weight:300;letter-spacing:1px;text-transform:none\">J\u2019ai ensuite con\u00e7u une composition de tissus \u00e0 l\u2019arri\u00e8re de la reine, pens\u00e9e comme un dispositif sc\u00e9nographique symbolique : un signe de sup\u00e9riorit\u00e9, de pouvoir et de verticalit\u00e9, lui permettant de se d\u00e9tacher visuellement dans cet espace noir et d\u2019affirmer sa pr\u00e9sence dans un univers volontairement d\u00e9pouill\u00e9.<\/p>\n\n\n\n<p class=\"has-small-font-size\" style=\"font-style:normal;font-weight:300;letter-spacing:1px;text-transform:none\">Lien Youtube du projet : <a href=\"https:\/\/youtu.be\/H9btfefJ654?si=zMEvG6h_DNa8ylEX\">https:\/\/youtu.be\/H9btfefJ654?si=zMEvG6h_DNa8ylEX<\/a><\/p>\n\n\n\n<div style=\"height:35px\" aria-hidden=\"true\" class=\"wp-block-spacer\"><\/div>\n\n\n\n<figure class=\"wp-block-image size-large\"><img loading=\"lazy\" decoding=\"async\" width=\"1024\" height=\"683\" src=\"https:\/\/albaneleonard.fr\/wp-content\/uploads\/2026\/01\/b9c2b95b-9dad-4fad-8fac-b20608156bfc_rw_1920-1024x683.jpg\" alt=\"\" class=\"wp-image-2190\" srcset=\"https:\/\/albaneleonard.fr\/wp-content\/uploads\/2026\/01\/b9c2b95b-9dad-4fad-8fac-b20608156bfc_rw_1920-1024x683.jpg 1024w, https:\/\/albaneleonard.fr\/wp-content\/uploads\/2026\/01\/b9c2b95b-9dad-4fad-8fac-b20608156bfc_rw_1920-300x200.jpg 300w, https:\/\/albaneleonard.fr\/wp-content\/uploads\/2026\/01\/b9c2b95b-9dad-4fad-8fac-b20608156bfc_rw_1920-768x512.jpg 768w, https:\/\/albaneleonard.fr\/wp-content\/uploads\/2026\/01\/b9c2b95b-9dad-4fad-8fac-b20608156bfc_rw_1920-1536x1024.jpg 1536w, https:\/\/albaneleonard.fr\/wp-content\/uploads\/2026\/01\/b9c2b95b-9dad-4fad-8fac-b20608156bfc_rw_1920.jpg 1920w\" sizes=\"auto, (max-width: 1024px) 100vw, 1024px\" \/><figcaption class=\"wp-element-caption\">Image du tournage ( Photo : @sylvain_art_studio sur Instagram )m )<\/figcaption><\/figure>\n\n\n\n<figure class=\"wp-block-image size-large\"><img loading=\"lazy\" decoding=\"async\" width=\"1024\" height=\"683\" src=\"https:\/\/albaneleonard.fr\/wp-content\/uploads\/2026\/01\/c2a99430-a3b7-47ee-9d8c-e54dcab18f3e_rw_1920-1024x683.jpg\" alt=\"\" class=\"wp-image-2192\" srcset=\"https:\/\/albaneleonard.fr\/wp-content\/uploads\/2026\/01\/c2a99430-a3b7-47ee-9d8c-e54dcab18f3e_rw_1920-1024x683.jpg 1024w, https:\/\/albaneleonard.fr\/wp-content\/uploads\/2026\/01\/c2a99430-a3b7-47ee-9d8c-e54dcab18f3e_rw_1920-300x200.jpg 300w, https:\/\/albaneleonard.fr\/wp-content\/uploads\/2026\/01\/c2a99430-a3b7-47ee-9d8c-e54dcab18f3e_rw_1920-768x512.jpg 768w, https:\/\/albaneleonard.fr\/wp-content\/uploads\/2026\/01\/c2a99430-a3b7-47ee-9d8c-e54dcab18f3e_rw_1920-1536x1024.jpg 1536w, https:\/\/albaneleonard.fr\/wp-content\/uploads\/2026\/01\/c2a99430-a3b7-47ee-9d8c-e54dcab18f3e_rw_1920.jpg 1920w\" sizes=\"auto, (max-width: 1024px) 100vw, 1024px\" \/><figcaption class=\"wp-element-caption\">Image du tournage ( Photo : @sylvain_art_studio sur Instagram )<\/figcaption><\/figure>\n\n\n\n<figure class=\"wp-block-image size-full\"><img loading=\"lazy\" decoding=\"async\" width=\"1920\" height=\"1280\" src=\"https:\/\/albaneleonard.fr\/wp-content\/uploads\/2026\/01\/aa8d8a9d-0d54-4efc-bf6a-cf5688e58789_rw_1920.jpg\" alt=\"\" class=\"wp-image-2194\" srcset=\"https:\/\/albaneleonard.fr\/wp-content\/uploads\/2026\/01\/aa8d8a9d-0d54-4efc-bf6a-cf5688e58789_rw_1920.jpg 1920w, https:\/\/albaneleonard.fr\/wp-content\/uploads\/2026\/01\/aa8d8a9d-0d54-4efc-bf6a-cf5688e58789_rw_1920-300x200.jpg 300w, https:\/\/albaneleonard.fr\/wp-content\/uploads\/2026\/01\/aa8d8a9d-0d54-4efc-bf6a-cf5688e58789_rw_1920-1024x683.jpg 1024w, https:\/\/albaneleonard.fr\/wp-content\/uploads\/2026\/01\/aa8d8a9d-0d54-4efc-bf6a-cf5688e58789_rw_1920-768x512.jpg 768w, https:\/\/albaneleonard.fr\/wp-content\/uploads\/2026\/01\/aa8d8a9d-0d54-4efc-bf6a-cf5688e58789_rw_1920-1536x1024.jpg 1536w\" sizes=\"auto, (max-width: 1920px) 100vw, 1920px\" \/><figcaption class=\"wp-element-caption\">Image du tournage ( Photo : @sylvain_art_studio sur Instagram )<\/figcaption><\/figure>\n\n\n\n<figure class=\"wp-block-image size-full\"><img loading=\"lazy\" decoding=\"async\" width=\"1920\" height=\"2560\" src=\"https:\/\/albaneleonard.fr\/wp-content\/uploads\/2026\/01\/PXL_20260110_102847100.MP_-scaled.jpg\" alt=\"\" class=\"wp-image-2193\" srcset=\"https:\/\/albaneleonard.fr\/wp-content\/uploads\/2026\/01\/PXL_20260110_102847100.MP_-scaled.jpg 1920w, https:\/\/albaneleonard.fr\/wp-content\/uploads\/2026\/01\/PXL_20260110_102847100.MP_-225x300.jpg 225w, https:\/\/albaneleonard.fr\/wp-content\/uploads\/2026\/01\/PXL_20260110_102847100.MP_-768x1024.jpg 768w, https:\/\/albaneleonard.fr\/wp-content\/uploads\/2026\/01\/PXL_20260110_102847100.MP_-1152x1536.jpg 1152w, https:\/\/albaneleonard.fr\/wp-content\/uploads\/2026\/01\/PXL_20260110_102847100.MP_-1536x2048.jpg 1536w\" sizes=\"auto, (max-width: 1920px) 100vw, 1920px\" \/><figcaption class=\"wp-element-caption\">Image du tournage<\/figcaption><\/figure>\n<\/div>\n<\/div>\n\n\n\n<p><a href=\"https:\/\/photos.google.com\/photo\/AF1QipMbf7jHpouWVNChVwPYu01Rn516OViAx5F0YTf8\"><\/a><\/p>\n<\/div>\n\n\n\n<div class=\"wp-block-column is-layout-flow wp-block-column-is-layout-flow\">\n<figure class=\"wp-block-image size-large\"><img loading=\"lazy\" decoding=\"async\" width=\"1024\" height=\"683\" src=\"https:\/\/albaneleonard.fr\/wp-content\/uploads\/2026\/01\/47b6dbba-262c-4de4-a5da-dfdf1445994e_rw_1920-1024x683.jpg\" alt=\"\" class=\"wp-image-2187\" srcset=\"https:\/\/albaneleonard.fr\/wp-content\/uploads\/2026\/01\/47b6dbba-262c-4de4-a5da-dfdf1445994e_rw_1920-1024x683.jpg 1024w, https:\/\/albaneleonard.fr\/wp-content\/uploads\/2026\/01\/47b6dbba-262c-4de4-a5da-dfdf1445994e_rw_1920-300x200.jpg 300w, https:\/\/albaneleonard.fr\/wp-content\/uploads\/2026\/01\/47b6dbba-262c-4de4-a5da-dfdf1445994e_rw_1920-768x512.jpg 768w, https:\/\/albaneleonard.fr\/wp-content\/uploads\/2026\/01\/47b6dbba-262c-4de4-a5da-dfdf1445994e_rw_1920-1536x1024.jpg 1536w, https:\/\/albaneleonard.fr\/wp-content\/uploads\/2026\/01\/47b6dbba-262c-4de4-a5da-dfdf1445994e_rw_1920.jpg 1920w\" sizes=\"auto, (max-width: 1024px) 100vw, 1024px\" \/><figcaption class=\"wp-element-caption\">Image du tournage ( Photo : @sylvain_art_studio sur Instagram )<\/figcaption><\/figure>\n\n\n\n<figure class=\"wp-block-image size-large\"><img loading=\"lazy\" decoding=\"async\" width=\"1024\" height=\"683\" src=\"https:\/\/albaneleonard.fr\/wp-content\/uploads\/2026\/01\/2431deb9-1158-49e4-ade2-deb50d57f747_rw_1920-1024x683.jpg\" alt=\"\" class=\"wp-image-2188\" srcset=\"https:\/\/albaneleonard.fr\/wp-content\/uploads\/2026\/01\/2431deb9-1158-49e4-ade2-deb50d57f747_rw_1920-1024x683.jpg 1024w, https:\/\/albaneleonard.fr\/wp-content\/uploads\/2026\/01\/2431deb9-1158-49e4-ade2-deb50d57f747_rw_1920-300x200.jpg 300w, https:\/\/albaneleonard.fr\/wp-content\/uploads\/2026\/01\/2431deb9-1158-49e4-ade2-deb50d57f747_rw_1920-768x512.jpg 768w, https:\/\/albaneleonard.fr\/wp-content\/uploads\/2026\/01\/2431deb9-1158-49e4-ade2-deb50d57f747_rw_1920-1536x1024.jpg 1536w, https:\/\/albaneleonard.fr\/wp-content\/uploads\/2026\/01\/2431deb9-1158-49e4-ade2-deb50d57f747_rw_1920.jpg 1920w\" sizes=\"auto, (max-width: 1024px) 100vw, 1024px\" \/><figcaption class=\"wp-element-caption\">Image du tournage ( Photo : @sylvain_art_studio sur Instagram )<\/figcaption><\/figure>\n\n\n\n<figure class=\"wp-block-image size-large\"><img loading=\"lazy\" decoding=\"async\" width=\"1024\" height=\"683\" src=\"https:\/\/albaneleonard.fr\/wp-content\/uploads\/2026\/01\/0e6d01b7-5920-4672-93b9-d0f2e7b3397d_rw_1920-3-1024x683.jpg\" alt=\"\" class=\"wp-image-2189\" srcset=\"https:\/\/albaneleonard.fr\/wp-content\/uploads\/2026\/01\/0e6d01b7-5920-4672-93b9-d0f2e7b3397d_rw_1920-3-1024x683.jpg 1024w, https:\/\/albaneleonard.fr\/wp-content\/uploads\/2026\/01\/0e6d01b7-5920-4672-93b9-d0f2e7b3397d_rw_1920-3-300x200.jpg 300w, https:\/\/albaneleonard.fr\/wp-content\/uploads\/2026\/01\/0e6d01b7-5920-4672-93b9-d0f2e7b3397d_rw_1920-3-768x512.jpg 768w, https:\/\/albaneleonard.fr\/wp-content\/uploads\/2026\/01\/0e6d01b7-5920-4672-93b9-d0f2e7b3397d_rw_1920-3-1536x1024.jpg 1536w, https:\/\/albaneleonard.fr\/wp-content\/uploads\/2026\/01\/0e6d01b7-5920-4672-93b9-d0f2e7b3397d_rw_1920-3.jpg 1920w\" sizes=\"auto, (max-width: 1024px) 100vw, 1024px\" \/><figcaption class=\"wp-element-caption\">Image du tournage ( Photo : @sylvain_art_studio sur Instagram )<\/figcaption><\/figure>\n\n\n\n<figure class=\"wp-block-video\"><video height=\"1080\" style=\"aspect-ratio: 1920 \/ 1080;\" width=\"1920\" autoplay controls loop muted src=\"https:\/\/albaneleonard.fr\/wp-content\/uploads\/2026\/01\/YouCut_20260118_132606375.mp4\" playsinline><\/video><figcaption class=\"wp-element-caption\">Installation de l&rsquo;arche pr\u00e9sente derri\u00e8re la reine<\/figcaption><\/figure>\n\n\n\n<figure class=\"wp-block-image size-full\"><img loading=\"lazy\" decoding=\"async\" width=\"1920\" height=\"1280\" src=\"https:\/\/albaneleonard.fr\/wp-content\/uploads\/2026\/01\/3f63089d-d2bf-4693-b7c8-f1013f45ed5c_rw_1920.jpg\" alt=\"\" class=\"wp-image-2191\" srcset=\"https:\/\/albaneleonard.fr\/wp-content\/uploads\/2026\/01\/3f63089d-d2bf-4693-b7c8-f1013f45ed5c_rw_1920.jpg 1920w, https:\/\/albaneleonard.fr\/wp-content\/uploads\/2026\/01\/3f63089d-d2bf-4693-b7c8-f1013f45ed5c_rw_1920-300x200.jpg 300w, https:\/\/albaneleonard.fr\/wp-content\/uploads\/2026\/01\/3f63089d-d2bf-4693-b7c8-f1013f45ed5c_rw_1920-1024x683.jpg 1024w, https:\/\/albaneleonard.fr\/wp-content\/uploads\/2026\/01\/3f63089d-d2bf-4693-b7c8-f1013f45ed5c_rw_1920-768x512.jpg 768w, https:\/\/albaneleonard.fr\/wp-content\/uploads\/2026\/01\/3f63089d-d2bf-4693-b7c8-f1013f45ed5c_rw_1920-1536x1024.jpg 1536w\" sizes=\"auto, (max-width: 1920px) 100vw, 1920px\" \/><figcaption class=\"wp-element-caption\">Image du tournage ( Photo : @sylvain_art_studio sur Instagram )gram )<\/figcaption><\/figure>\n<\/div>\n<\/div>\n","protected":false},"excerpt":{"rendered":"<p>Reine Cheffe d\u00e9coratrice &#8211; Reine &#8211; R\u00e9alisatrice : Jeanne Grollier En janvier 2026, [&hellip;]<\/p>\n","protected":false},"author":1,"featured_media":0,"parent":0,"menu_order":0,"comment_status":"closed","ping_status":"closed","template":"","meta":{"footnotes":""},"class_list":["post-2185","page","type-page","status-publish","hentry"],"_links":{"self":[{"href":"https:\/\/albaneleonard.fr\/index.php\/wp-json\/wp\/v2\/pages\/2185","targetHints":{"allow":["GET"]}}],"collection":[{"href":"https:\/\/albaneleonard.fr\/index.php\/wp-json\/wp\/v2\/pages"}],"about":[{"href":"https:\/\/albaneleonard.fr\/index.php\/wp-json\/wp\/v2\/types\/page"}],"author":[{"embeddable":true,"href":"https:\/\/albaneleonard.fr\/index.php\/wp-json\/wp\/v2\/users\/1"}],"replies":[{"embeddable":true,"href":"https:\/\/albaneleonard.fr\/index.php\/wp-json\/wp\/v2\/comments?post=2185"}],"version-history":[{"count":3,"href":"https:\/\/albaneleonard.fr\/index.php\/wp-json\/wp\/v2\/pages\/2185\/revisions"}],"predecessor-version":[{"id":2314,"href":"https:\/\/albaneleonard.fr\/index.php\/wp-json\/wp\/v2\/pages\/2185\/revisions\/2314"}],"wp:attachment":[{"href":"https:\/\/albaneleonard.fr\/index.php\/wp-json\/wp\/v2\/media?parent=2185"}],"curies":[{"name":"wp","href":"https:\/\/api.w.org\/{rel}","templated":true}]}}