{"id":821,"date":"2025-09-19T16:02:37","date_gmt":"2025-09-19T14:02:37","guid":{"rendered":"https:\/\/albaneleonard.fr\/?page_id=821"},"modified":"2025-12-11T22:18:18","modified_gmt":"2025-12-11T21:18:18","slug":"peinture","status":"publish","type":"page","link":"https:\/\/albaneleonard.fr\/index.php\/peinture\/","title":{"rendered":"Peinture"},"content":{"rendered":"\n<h1 class=\"wp-block-heading has-text-color has-link-color wp-elements-3e9a54ecaeb21fe8c0758ed768f74ad3\" style=\"color:#8a250a\">Peinture<\/h1>\n\n\n\n<div style=\"height:50px\" aria-hidden=\"true\" class=\"wp-block-spacer\"><\/div>\n\n\n\n<details class=\"wp-block-details is-layout-flow wp-block-details-is-layout-flow\"><summary><strong><em>\u00ab La couleur est un moyen d\u2019exercer une influence directe sur l\u2019\u00e2me. \u00bb <\/em>\u2014 Wassily Kandinsky<\/strong> \u25be<\/summary>\n<div style=\"height:16px\" aria-hidden=\"true\" class=\"wp-block-spacer\"><\/div>\n\n\n\n<p>La peinture est pour moi un moyen d\u2019\u00e9vasion, une fa\u00e7on de donner forme \u00e0 des \u00e9motions difficiles \u00e0 exprimer autrement. Ce qui m\u2019attire avant tout, c\u2019est la couleur. J\u2019aime explorer ses contrastes, ses compl\u00e9mentarit\u00e9s, ses nuances infinies, et la mani\u00e8re dont elles transforment une surface en v\u00e9ritable espace d\u2019expression. La couleur est au centre de mon travail : elle guide mon geste, souvent brusque, parfois d\u00e9licat, et donne \u00e0 chaque peinture une force \u00e0 la fois expressive et apaisante. La peinture est sans doute l\u2019un des seuls domaines o\u00f9 je m\u2019autorise des couleurs aussi vives, comme si elles r\u00e9v\u00e9laient une part de moi que je ne montre pas ailleurs. J\u2019ai l\u2019impression que la peinture est la seule v\u00e9ritable forme d\u2019art o\u00f9 mon \u00e2me s\u2019exprime en couleur. Derri\u00e8re les paysages que je peins, en apparence classiques, se cache toujours bien plus : il suffit de s\u2019int\u00e9resser au ressenti que ces couleurs procurent pour d\u00e9couvrir les \u00e9motions et fragments intimes qu\u2019elles cherchent \u00e0 r\u00e9v\u00e9ler.<\/p>\n<\/details>\n\n\n\n<div style=\"height:50px\" aria-hidden=\"true\" class=\"wp-block-spacer\"><\/div>\n\n\n\n<div class=\"wp-block-columns is-layout-flex wp-container-core-columns-is-layout-9d6595d7 wp-block-columns-is-layout-flex\">\n<div class=\"wp-block-column is-layout-flow wp-block-column-is-layout-flow\">\n<figure class=\"wp-block-image size-large\"><img loading=\"lazy\" decoding=\"async\" width=\"777\" height=\"1024\" src=\"https:\/\/albaneleonard.fr\/wp-content\/uploads\/2025\/09\/PXL_20231105_180335733.MP2_-777x1024.jpg\" alt=\"\" class=\"wp-image-833\" srcset=\"https:\/\/albaneleonard.fr\/wp-content\/uploads\/2025\/09\/PXL_20231105_180335733.MP2_-777x1024.jpg 777w, https:\/\/albaneleonard.fr\/wp-content\/uploads\/2025\/09\/PXL_20231105_180335733.MP2_-228x300.jpg 228w, https:\/\/albaneleonard.fr\/wp-content\/uploads\/2025\/09\/PXL_20231105_180335733.MP2_-768x1012.jpg 768w, https:\/\/albaneleonard.fr\/wp-content\/uploads\/2025\/09\/PXL_20231105_180335733.MP2_-1166x1536.jpg 1166w, https:\/\/albaneleonard.fr\/wp-content\/uploads\/2025\/09\/PXL_20231105_180335733.MP2_.jpg 1547w\" sizes=\"auto, (max-width: 777px) 100vw, 777px\" \/><\/figure>\n\n\n\n<figure class=\"wp-block-image size-full\"><img loading=\"lazy\" decoding=\"async\" width=\"531\" height=\"708\" src=\"https:\/\/albaneleonard.fr\/wp-content\/uploads\/2025\/09\/IMG_20210407_214046_152-edited.jpg\" alt=\"\" class=\"wp-image-829\" srcset=\"https:\/\/albaneleonard.fr\/wp-content\/uploads\/2025\/09\/IMG_20210407_214046_152-edited.jpg 531w, https:\/\/albaneleonard.fr\/wp-content\/uploads\/2025\/09\/IMG_20210407_214046_152-edited-225x300.jpg 225w\" sizes=\"auto, (max-width: 531px) 100vw, 531px\" \/><\/figure>\n\n\n\n<figure class=\"wp-block-image size-large\"><img loading=\"lazy\" decoding=\"async\" width=\"1180\" height=\"1681\" src=\"https:\/\/albaneleonard.fr\/wp-content\/uploads\/2025\/09\/PXL_20231031_153517004.MP_-edited.jpg\" alt=\"\" class=\"wp-image-831\" srcset=\"https:\/\/albaneleonard.fr\/wp-content\/uploads\/2025\/09\/PXL_20231031_153517004.MP_-edited.jpg 1180w, https:\/\/albaneleonard.fr\/wp-content\/uploads\/2025\/09\/PXL_20231031_153517004.MP_-edited-211x300.jpg 211w, https:\/\/albaneleonard.fr\/wp-content\/uploads\/2025\/09\/PXL_20231031_153517004.MP_-edited-719x1024.jpg 719w, https:\/\/albaneleonard.fr\/wp-content\/uploads\/2025\/09\/PXL_20231031_153517004.MP_-edited-768x1094.jpg 768w, https:\/\/albaneleonard.fr\/wp-content\/uploads\/2025\/09\/PXL_20231031_153517004.MP_-edited-1078x1536.jpg 1078w\" sizes=\"auto, (max-width: 1180px) 100vw, 1180px\" \/><\/figure>\n\n\n\n<figure class=\"wp-block-image size-large\"><img loading=\"lazy\" decoding=\"async\" width=\"1453\" height=\"1090\" src=\"https:\/\/albaneleonard.fr\/wp-content\/uploads\/2025\/09\/IMG-20210407-WA0017-edited.jpg\" alt=\"\" class=\"wp-image-838\" srcset=\"https:\/\/albaneleonard.fr\/wp-content\/uploads\/2025\/09\/IMG-20210407-WA0017-edited.jpg 1453w, https:\/\/albaneleonard.fr\/wp-content\/uploads\/2025\/09\/IMG-20210407-WA0017-edited-300x225.jpg 300w, https:\/\/albaneleonard.fr\/wp-content\/uploads\/2025\/09\/IMG-20210407-WA0017-edited-1024x768.jpg 1024w, https:\/\/albaneleonard.fr\/wp-content\/uploads\/2025\/09\/IMG-20210407-WA0017-edited-768x576.jpg 768w\" sizes=\"auto, (max-width: 1453px) 100vw, 1453px\" \/><\/figure>\n\n\n\n<figure class=\"wp-block-image size-large\"><img loading=\"lazy\" decoding=\"async\" width=\"1485\" height=\"1114\" src=\"https:\/\/albaneleonard.fr\/wp-content\/uploads\/2025\/09\/IMG-20210407-WA0003-edited.jpg\" alt=\"\" class=\"wp-image-836\" srcset=\"https:\/\/albaneleonard.fr\/wp-content\/uploads\/2025\/09\/IMG-20210407-WA0003-edited.jpg 1485w, https:\/\/albaneleonard.fr\/wp-content\/uploads\/2025\/09\/IMG-20210407-WA0003-edited-300x225.jpg 300w, https:\/\/albaneleonard.fr\/wp-content\/uploads\/2025\/09\/IMG-20210407-WA0003-edited-1024x768.jpg 1024w, https:\/\/albaneleonard.fr\/wp-content\/uploads\/2025\/09\/IMG-20210407-WA0003-edited-768x576.jpg 768w\" sizes=\"auto, (max-width: 1485px) 100vw, 1485px\" \/><\/figure>\n<\/div>\n\n\n\n<div class=\"wp-block-column is-layout-flow wp-block-column-is-layout-flow\">\n<figure class=\"wp-block-image size-large\"><img loading=\"lazy\" decoding=\"async\" width=\"689\" height=\"1024\" src=\"https:\/\/albaneleonard.fr\/wp-content\/uploads\/2025\/09\/PXL_20231031_153543570.MP_-689x1024.jpg\" alt=\"\" class=\"wp-image-832\" srcset=\"https:\/\/albaneleonard.fr\/wp-content\/uploads\/2025\/09\/PXL_20231031_153543570.MP_-689x1024.jpg 689w, https:\/\/albaneleonard.fr\/wp-content\/uploads\/2025\/09\/PXL_20231031_153543570.MP_-202x300.jpg 202w, https:\/\/albaneleonard.fr\/wp-content\/uploads\/2025\/09\/PXL_20231031_153543570.MP_-768x1142.jpg 768w, https:\/\/albaneleonard.fr\/wp-content\/uploads\/2025\/09\/PXL_20231031_153543570.MP_-1033x1536.jpg 1033w, https:\/\/albaneleonard.fr\/wp-content\/uploads\/2025\/09\/PXL_20231031_153543570.MP_.jpg 1204w\" sizes=\"auto, (max-width: 689px) 100vw, 689px\" \/><\/figure>\n\n\n\n<figure class=\"wp-block-image size-large\"><img loading=\"lazy\" decoding=\"async\" width=\"1505\" height=\"1840\" src=\"https:\/\/albaneleonard.fr\/wp-content\/uploads\/2025\/09\/IMG_20200327_115707-1-edited.jpg\" alt=\"\" class=\"wp-image-844\" srcset=\"https:\/\/albaneleonard.fr\/wp-content\/uploads\/2025\/09\/IMG_20200327_115707-1-edited.jpg 1505w, https:\/\/albaneleonard.fr\/wp-content\/uploads\/2025\/09\/IMG_20200327_115707-1-edited-245x300.jpg 245w, https:\/\/albaneleonard.fr\/wp-content\/uploads\/2025\/09\/IMG_20200327_115707-1-edited-838x1024.jpg 838w, https:\/\/albaneleonard.fr\/wp-content\/uploads\/2025\/09\/IMG_20200327_115707-1-edited-768x939.jpg 768w, https:\/\/albaneleonard.fr\/wp-content\/uploads\/2025\/09\/IMG_20200327_115707-1-edited-1256x1536.jpg 1256w\" sizes=\"auto, (max-width: 1505px) 100vw, 1505px\" \/><\/figure>\n\n\n\n<figure class=\"wp-block-image size-large\"><img loading=\"lazy\" decoding=\"async\" width=\"804\" height=\"1024\" src=\"https:\/\/albaneleonard.fr\/wp-content\/uploads\/2025\/09\/Adobe-Scan-17-sept.-2025-14_1-804x1024.jpg\" alt=\"\" class=\"wp-image-823\" srcset=\"https:\/\/albaneleonard.fr\/wp-content\/uploads\/2025\/09\/Adobe-Scan-17-sept.-2025-14_1-804x1024.jpg 804w, https:\/\/albaneleonard.fr\/wp-content\/uploads\/2025\/09\/Adobe-Scan-17-sept.-2025-14_1-235x300.jpg 235w, https:\/\/albaneleonard.fr\/wp-content\/uploads\/2025\/09\/Adobe-Scan-17-sept.-2025-14_1-768x979.jpg 768w, https:\/\/albaneleonard.fr\/wp-content\/uploads\/2025\/09\/Adobe-Scan-17-sept.-2025-14_1-1206x1536.jpg 1206w, https:\/\/albaneleonard.fr\/wp-content\/uploads\/2025\/09\/Adobe-Scan-17-sept.-2025-14_1-1607x2048.jpg 1607w, https:\/\/albaneleonard.fr\/wp-content\/uploads\/2025\/09\/Adobe-Scan-17-sept.-2025-14_1.jpg 1700w\" sizes=\"auto, (max-width: 804px) 100vw, 804px\" \/><\/figure>\n\n\n\n<figure class=\"wp-block-image size-full\"><img loading=\"lazy\" decoding=\"async\" width=\"507\" height=\"677\" src=\"https:\/\/albaneleonard.fr\/wp-content\/uploads\/2025\/09\/IMG_20210407_214044_122-edited.jpg\" alt=\"\" class=\"wp-image-827\" srcset=\"https:\/\/albaneleonard.fr\/wp-content\/uploads\/2025\/09\/IMG_20210407_214044_122-edited.jpg 507w, https:\/\/albaneleonard.fr\/wp-content\/uploads\/2025\/09\/IMG_20210407_214044_122-edited-225x300.jpg 225w\" sizes=\"auto, (max-width: 507px) 100vw, 507px\" \/><\/figure>\n<\/div>\n\n\n\n<div class=\"wp-block-column is-layout-flow wp-block-column-is-layout-flow\">\n<figure class=\"wp-block-image size-large\"><img loading=\"lazy\" decoding=\"async\" width=\"693\" height=\"1024\" src=\"https:\/\/albaneleonard.fr\/wp-content\/uploads\/2025\/09\/Adobe-Scan-17-sept.-2025-1_1-1-693x1024.jpg\" alt=\"\" class=\"wp-image-822\" srcset=\"https:\/\/albaneleonard.fr\/wp-content\/uploads\/2025\/09\/Adobe-Scan-17-sept.-2025-1_1-1-693x1024.jpg 693w, https:\/\/albaneleonard.fr\/wp-content\/uploads\/2025\/09\/Adobe-Scan-17-sept.-2025-1_1-1-203x300.jpg 203w, https:\/\/albaneleonard.fr\/wp-content\/uploads\/2025\/09\/Adobe-Scan-17-sept.-2025-1_1-1-768x1135.jpg 768w, https:\/\/albaneleonard.fr\/wp-content\/uploads\/2025\/09\/Adobe-Scan-17-sept.-2025-1_1-1-1039x1536.jpg 1039w, https:\/\/albaneleonard.fr\/wp-content\/uploads\/2025\/09\/Adobe-Scan-17-sept.-2025-1_1-1-1385x2048.jpg 1385w, https:\/\/albaneleonard.fr\/wp-content\/uploads\/2025\/09\/Adobe-Scan-17-sept.-2025-1_1-1.jpg 1488w\" sizes=\"auto, (max-width: 693px) 100vw, 693px\" \/><\/figure>\n\n\n\n<figure class=\"wp-block-image size-large\"><img loading=\"lazy\" decoding=\"async\" width=\"1318\" height=\"1816\" src=\"https:\/\/albaneleonard.fr\/wp-content\/uploads\/2025\/09\/Adobe-Scan-17-sept.-2025-15_1-edited.jpg\" alt=\"\" class=\"wp-image-839\" srcset=\"https:\/\/albaneleonard.fr\/wp-content\/uploads\/2025\/09\/Adobe-Scan-17-sept.-2025-15_1-edited.jpg 1318w, https:\/\/albaneleonard.fr\/wp-content\/uploads\/2025\/09\/Adobe-Scan-17-sept.-2025-15_1-edited-218x300.jpg 218w, https:\/\/albaneleonard.fr\/wp-content\/uploads\/2025\/09\/Adobe-Scan-17-sept.-2025-15_1-edited-743x1024.jpg 743w, https:\/\/albaneleonard.fr\/wp-content\/uploads\/2025\/09\/Adobe-Scan-17-sept.-2025-15_1-edited-768x1058.jpg 768w, https:\/\/albaneleonard.fr\/wp-content\/uploads\/2025\/09\/Adobe-Scan-17-sept.-2025-15_1-edited-1115x1536.jpg 1115w\" sizes=\"auto, (max-width: 1318px) 100vw, 1318px\" \/><\/figure>\n\n\n\n<figure class=\"wp-block-image size-large\"><img loading=\"lazy\" decoding=\"async\" width=\"1013\" height=\"1024\" src=\"https:\/\/albaneleonard.fr\/wp-content\/uploads\/2025\/09\/Adobe-Scan-17-sept.-2025-16_1-1013x1024.jpg\" alt=\"\" class=\"wp-image-834\" srcset=\"https:\/\/albaneleonard.fr\/wp-content\/uploads\/2025\/09\/Adobe-Scan-17-sept.-2025-16_1-1013x1024.jpg 1013w, https:\/\/albaneleonard.fr\/wp-content\/uploads\/2025\/09\/Adobe-Scan-17-sept.-2025-16_1-297x300.jpg 297w, https:\/\/albaneleonard.fr\/wp-content\/uploads\/2025\/09\/Adobe-Scan-17-sept.-2025-16_1-768x777.jpg 768w, https:\/\/albaneleonard.fr\/wp-content\/uploads\/2025\/09\/Adobe-Scan-17-sept.-2025-16_1-1519x1536.jpg 1519w, https:\/\/albaneleonard.fr\/wp-content\/uploads\/2025\/09\/Adobe-Scan-17-sept.-2025-16_1.jpg 1700w\" sizes=\"auto, (max-width: 1013px) 100vw, 1013px\" \/><\/figure>\n\n\n\n<figure class=\"wp-block-image size-large\"><img loading=\"lazy\" decoding=\"async\" width=\"1280\" height=\"1818\" src=\"https:\/\/albaneleonard.fr\/wp-content\/uploads\/2025\/09\/Adobe-Scan-17-sept.-2025_1-edited.jpg\" alt=\"\" class=\"wp-image-840\" srcset=\"https:\/\/albaneleonard.fr\/wp-content\/uploads\/2025\/09\/Adobe-Scan-17-sept.-2025_1-edited.jpg 1280w, https:\/\/albaneleonard.fr\/wp-content\/uploads\/2025\/09\/Adobe-Scan-17-sept.-2025_1-edited-211x300.jpg 211w, https:\/\/albaneleonard.fr\/wp-content\/uploads\/2025\/09\/Adobe-Scan-17-sept.-2025_1-edited-721x1024.jpg 721w, https:\/\/albaneleonard.fr\/wp-content\/uploads\/2025\/09\/Adobe-Scan-17-sept.-2025_1-edited-768x1091.jpg 768w, https:\/\/albaneleonard.fr\/wp-content\/uploads\/2025\/09\/Adobe-Scan-17-sept.-2025_1-edited-1081x1536.jpg 1081w\" sizes=\"auto, (max-width: 1280px) 100vw, 1280px\" \/><\/figure>\n<\/div>\n<\/div>\n","protected":false},"excerpt":{"rendered":"<p>Peinture [&hellip;]<\/p>\n","protected":false},"author":1,"featured_media":0,"parent":0,"menu_order":0,"comment_status":"closed","ping_status":"closed","template":"","meta":{"footnotes":""},"class_list":["post-821","page","type-page","status-publish","hentry"],"_links":{"self":[{"href":"https:\/\/albaneleonard.fr\/index.php\/wp-json\/wp\/v2\/pages\/821","targetHints":{"allow":["GET"]}}],"collection":[{"href":"https:\/\/albaneleonard.fr\/index.php\/wp-json\/wp\/v2\/pages"}],"about":[{"href":"https:\/\/albaneleonard.fr\/index.php\/wp-json\/wp\/v2\/types\/page"}],"author":[{"embeddable":true,"href":"https:\/\/albaneleonard.fr\/index.php\/wp-json\/wp\/v2\/users\/1"}],"replies":[{"embeddable":true,"href":"https:\/\/albaneleonard.fr\/index.php\/wp-json\/wp\/v2\/comments?post=821"}],"version-history":[{"count":14,"href":"https:\/\/albaneleonard.fr\/index.php\/wp-json\/wp\/v2\/pages\/821\/revisions"}],"predecessor-version":[{"id":2058,"href":"https:\/\/albaneleonard.fr\/index.php\/wp-json\/wp\/v2\/pages\/821\/revisions\/2058"}],"wp:attachment":[{"href":"https:\/\/albaneleonard.fr\/index.php\/wp-json\/wp\/v2\/media?parent=821"}],"curies":[{"name":"wp","href":"https:\/\/api.w.org\/{rel}","templated":true}]}}