{"id":870,"date":"2025-09-19T16:28:58","date_gmt":"2025-09-19T14:28:58","guid":{"rendered":"https:\/\/albaneleonard.fr\/?page_id=870"},"modified":"2025-12-11T22:18:22","modified_gmt":"2025-12-11T21:18:22","slug":"photogrpahie","status":"publish","type":"page","link":"https:\/\/albaneleonard.fr\/index.php\/photogrpahie\/","title":{"rendered":"Photographie"},"content":{"rendered":"\n<h1 class=\"wp-block-heading has-text-color has-link-color wp-elements-7217f538414afb9b8717c65a2cd23e85\" style=\"color:#8a250a\">Photographie<\/h1>\n\n\n\n<div style=\"height:50px\" aria-hidden=\"true\" class=\"wp-block-spacer\"><\/div>\n\n\n\n<details class=\"wp-block-details is-layout-flow wp-block-details-is-layout-flow\"><summary><strong><em>\u00ab Une photographie, c\u2019est un arr\u00eat du c\u0153ur d\u2019une fraction de seconde. \u00bb<\/em> \u2014 Pierre Movila<\/strong> \u25be<\/summary>\n<div style=\"height:16px\" aria-hidden=\"true\" class=\"wp-block-spacer\"><\/div>\n\n\n\n<p>La photographie est sans doute l\u2019un de mes moyens d\u2019expression favoris. Pour moi, c\u2019est un art qui permet d\u2019immortaliser des instants de vie, des d\u00e9tails que l\u2019on ne remarque pas au premier regard, et de saisir des \u00e9motions avant qu\u2019elles ne s\u2019\u00e9vanouissent. Si la photographie fige un moment, je cherche \u00e0 transmettre l\u2019impression que cet instant, m\u00eame fig\u00e9, reste en mouvement, vibrant d\u2019\u00e9motions et de ressentis. Qui ne s\u2019est jamais arr\u00eat\u00e9 devant une photo, laissant son esprit vagabonder \u00e0 travers les \u00e9motions qu\u2019elle d\u00e9gage ?<\/p>\n\n\n\n<p>J\u2019ai d\u00e9velopp\u00e9 mon \u0153il de photographe depuis neuf ans, sans jamais me limiter \u00e0 un sujet particulier. Paysage ou portrait, grand ou petit, g\u00e9n\u00e9ral ou d\u00e9tail, couleur ou noir et blanc, faune ou flore, nature ou ville\u2026 Tout m\u2019inspire et m\u00e9rite d\u2019\u00eatre immortalis\u00e9. Plus qu\u2019un sujet, c\u2019est le ressenti que je souhaite capturer \u00e0 travers mon objectif.<\/p>\n<\/details>\n\n\n\n<div style=\"height:50px\" aria-hidden=\"true\" class=\"wp-block-spacer\"><\/div>\n\n\n\n<div class=\"wp-block-columns is-layout-flex wp-container-core-columns-is-layout-9d6595d7 wp-block-columns-is-layout-flex\">\n<div class=\"wp-block-column is-layout-flow wp-block-column-is-layout-flow\">\n<figure class=\"wp-block-image size-large\"><img loading=\"lazy\" decoding=\"async\" width=\"1024\" height=\"739\" src=\"https:\/\/albaneleonard.fr\/wp-content\/uploads\/2025\/09\/1618163347884-01-1024x739.jpeg\" alt=\"\" class=\"wp-image-874\" srcset=\"https:\/\/albaneleonard.fr\/wp-content\/uploads\/2025\/09\/1618163347884-01-1024x739.jpeg 1024w, https:\/\/albaneleonard.fr\/wp-content\/uploads\/2025\/09\/1618163347884-01-300x217.jpeg 300w, https:\/\/albaneleonard.fr\/wp-content\/uploads\/2025\/09\/1618163347884-01-768x554.jpeg 768w, https:\/\/albaneleonard.fr\/wp-content\/uploads\/2025\/09\/1618163347884-01-1536x1109.jpeg 1536w, https:\/\/albaneleonard.fr\/wp-content\/uploads\/2025\/09\/1618163347884-01-2048x1478.jpeg 2048w\" sizes=\"auto, (max-width: 1024px) 100vw, 1024px\" \/><\/figure>\n\n\n\n<figure class=\"wp-block-image size-large\"><img loading=\"lazy\" decoding=\"async\" width=\"1024\" height=\"696\" src=\"https:\/\/albaneleonard.fr\/wp-content\/uploads\/2025\/09\/20220306144052_IMG_0494-01-1024x696.jpeg\" alt=\"\" class=\"wp-image-878\" srcset=\"https:\/\/albaneleonard.fr\/wp-content\/uploads\/2025\/09\/20220306144052_IMG_0494-01-1024x696.jpeg 1024w, https:\/\/albaneleonard.fr\/wp-content\/uploads\/2025\/09\/20220306144052_IMG_0494-01-300x204.jpeg 300w, https:\/\/albaneleonard.fr\/wp-content\/uploads\/2025\/09\/20220306144052_IMG_0494-01-768x522.jpeg 768w, https:\/\/albaneleonard.fr\/wp-content\/uploads\/2025\/09\/20220306144052_IMG_0494-01-1536x1045.jpeg 1536w, https:\/\/albaneleonard.fr\/wp-content\/uploads\/2025\/09\/20220306144052_IMG_0494-01.jpeg 1588w\" sizes=\"auto, (max-width: 1024px) 100vw, 1024px\" \/><\/figure>\n\n\n\n<figure class=\"wp-block-image size-large\"><img loading=\"lazy\" decoding=\"async\" width=\"666\" height=\"1024\" src=\"https:\/\/albaneleonard.fr\/wp-content\/uploads\/2025\/09\/20240512155041_IMG_3912-666x1024.jpg\" alt=\"\" class=\"wp-image-885\" srcset=\"https:\/\/albaneleonard.fr\/wp-content\/uploads\/2025\/09\/20240512155041_IMG_3912-666x1024.jpg 666w, https:\/\/albaneleonard.fr\/wp-content\/uploads\/2025\/09\/20240512155041_IMG_3912-195x300.jpg 195w, https:\/\/albaneleonard.fr\/wp-content\/uploads\/2025\/09\/20240512155041_IMG_3912-768x1180.jpg 768w, https:\/\/albaneleonard.fr\/wp-content\/uploads\/2025\/09\/20240512155041_IMG_3912-999x1536.jpg 999w, https:\/\/albaneleonard.fr\/wp-content\/uploads\/2025\/09\/20240512155041_IMG_3912.jpg 1054w\" sizes=\"auto, (max-width: 666px) 100vw, 666px\" \/><\/figure>\n\n\n\n<figure class=\"wp-block-image size-large\"><img loading=\"lazy\" decoding=\"async\" width=\"1024\" height=\"683\" src=\"https:\/\/albaneleonard.fr\/wp-content\/uploads\/2025\/09\/IMG_9983-01-1024x683.jpeg\" alt=\"\" class=\"wp-image-881\" srcset=\"https:\/\/albaneleonard.fr\/wp-content\/uploads\/2025\/09\/IMG_9983-01-1024x683.jpeg 1024w, https:\/\/albaneleonard.fr\/wp-content\/uploads\/2025\/09\/IMG_9983-01-300x200.jpeg 300w, https:\/\/albaneleonard.fr\/wp-content\/uploads\/2025\/09\/IMG_9983-01-768x512.jpeg 768w, https:\/\/albaneleonard.fr\/wp-content\/uploads\/2025\/09\/IMG_9983-01-1536x1024.jpeg 1536w, https:\/\/albaneleonard.fr\/wp-content\/uploads\/2025\/09\/IMG_9983-01-2048x1365.jpeg 2048w\" sizes=\"auto, (max-width: 1024px) 100vw, 1024px\" \/><\/figure>\n\n\n\n<figure class=\"wp-block-image size-large\"><img loading=\"lazy\" decoding=\"async\" width=\"1427\" height=\"992\" src=\"https:\/\/albaneleonard.fr\/wp-content\/uploads\/2025\/09\/1000035562-edited-1.jpg\" alt=\"\" class=\"wp-image-901\" srcset=\"https:\/\/albaneleonard.fr\/wp-content\/uploads\/2025\/09\/1000035562-edited-1.jpg 1427w, https:\/\/albaneleonard.fr\/wp-content\/uploads\/2025\/09\/1000035562-edited-1-300x209.jpg 300w, https:\/\/albaneleonard.fr\/wp-content\/uploads\/2025\/09\/1000035562-edited-1-1024x712.jpg 1024w, https:\/\/albaneleonard.fr\/wp-content\/uploads\/2025\/09\/1000035562-edited-1-768x534.jpg 768w\" sizes=\"auto, (max-width: 1427px) 100vw, 1427px\" \/><\/figure>\n\n\n\n<figure class=\"wp-block-image size-large\"><img loading=\"lazy\" decoding=\"async\" width=\"1024\" height=\"683\" src=\"https:\/\/albaneleonard.fr\/wp-content\/uploads\/2025\/09\/IMG_9981-1024x683.jpg\" alt=\"\" class=\"wp-image-880\" srcset=\"https:\/\/albaneleonard.fr\/wp-content\/uploads\/2025\/09\/IMG_9981-1024x683.jpg 1024w, https:\/\/albaneleonard.fr\/wp-content\/uploads\/2025\/09\/IMG_9981-300x200.jpg 300w, https:\/\/albaneleonard.fr\/wp-content\/uploads\/2025\/09\/IMG_9981-768x512.jpg 768w, https:\/\/albaneleonard.fr\/wp-content\/uploads\/2025\/09\/IMG_9981-1536x1024.jpg 1536w, https:\/\/albaneleonard.fr\/wp-content\/uploads\/2025\/09\/IMG_9981-2048x1365.jpg 2048w\" sizes=\"auto, (max-width: 1024px) 100vw, 1024px\" \/><\/figure>\n\n\n\n<figure class=\"wp-block-image size-large\"><img loading=\"lazy\" decoding=\"async\" width=\"1085\" height=\"711\" src=\"https:\/\/albaneleonard.fr\/wp-content\/uploads\/2025\/09\/1000035572-edited-1.jpg\" alt=\"\" class=\"wp-image-902\" srcset=\"https:\/\/albaneleonard.fr\/wp-content\/uploads\/2025\/09\/1000035572-edited-1.jpg 1085w, https:\/\/albaneleonard.fr\/wp-content\/uploads\/2025\/09\/1000035572-edited-1-300x197.jpg 300w, https:\/\/albaneleonard.fr\/wp-content\/uploads\/2025\/09\/1000035572-edited-1-1024x671.jpg 1024w, https:\/\/albaneleonard.fr\/wp-content\/uploads\/2025\/09\/1000035572-edited-1-768x503.jpg 768w\" sizes=\"auto, (max-width: 1085px) 100vw, 1085px\" \/><\/figure>\n\n\n\n<figure class=\"wp-block-image size-large\"><img loading=\"lazy\" decoding=\"async\" width=\"1024\" height=\"683\" src=\"https:\/\/albaneleonard.fr\/wp-content\/uploads\/2025\/09\/IMG_20220302_033443_128-1024x683.jpg\" alt=\"\" class=\"wp-image-908\" srcset=\"https:\/\/albaneleonard.fr\/wp-content\/uploads\/2025\/09\/IMG_20220302_033443_128-1024x683.jpg 1024w, https:\/\/albaneleonard.fr\/wp-content\/uploads\/2025\/09\/IMG_20220302_033443_128-300x200.jpg 300w, https:\/\/albaneleonard.fr\/wp-content\/uploads\/2025\/09\/IMG_20220302_033443_128-768x512.jpg 768w, https:\/\/albaneleonard.fr\/wp-content\/uploads\/2025\/09\/IMG_20220302_033443_128-1536x1024.jpg 1536w, https:\/\/albaneleonard.fr\/wp-content\/uploads\/2025\/09\/IMG_20220302_033443_128.jpg 1620w\" sizes=\"auto, (max-width: 1024px) 100vw, 1024px\" \/><\/figure>\n\n\n\n<figure class=\"wp-block-image size-large\"><img loading=\"lazy\" decoding=\"async\" width=\"1024\" height=\"683\" src=\"https:\/\/albaneleonard.fr\/wp-content\/uploads\/2025\/09\/IMG_20200527_171212_850-1024x683.jpg\" alt=\"\" class=\"wp-image-907\" srcset=\"https:\/\/albaneleonard.fr\/wp-content\/uploads\/2025\/09\/IMG_20200527_171212_850-1024x683.jpg 1024w, https:\/\/albaneleonard.fr\/wp-content\/uploads\/2025\/09\/IMG_20200527_171212_850-300x200.jpg 300w, https:\/\/albaneleonard.fr\/wp-content\/uploads\/2025\/09\/IMG_20200527_171212_850-768x512.jpg 768w, https:\/\/albaneleonard.fr\/wp-content\/uploads\/2025\/09\/IMG_20200527_171212_850-1536x1024.jpg 1536w, https:\/\/albaneleonard.fr\/wp-content\/uploads\/2025\/09\/IMG_20200527_171212_850-2048x1365.jpg 2048w\" sizes=\"auto, (max-width: 1024px) 100vw, 1024px\" \/><\/figure>\n\n\n\n<figure class=\"wp-block-image size-large\"><img loading=\"lazy\" decoding=\"async\" width=\"1024\" height=\"683\" src=\"https:\/\/albaneleonard.fr\/wp-content\/uploads\/2025\/09\/IMG_7137-02-1024x683.jpeg\" alt=\"\" class=\"wp-image-909\" srcset=\"https:\/\/albaneleonard.fr\/wp-content\/uploads\/2025\/09\/IMG_7137-02-1024x683.jpeg 1024w, https:\/\/albaneleonard.fr\/wp-content\/uploads\/2025\/09\/IMG_7137-02-300x200.jpeg 300w, https:\/\/albaneleonard.fr\/wp-content\/uploads\/2025\/09\/IMG_7137-02-768x512.jpeg 768w, https:\/\/albaneleonard.fr\/wp-content\/uploads\/2025\/09\/IMG_7137-02-1536x1024.jpeg 1536w, https:\/\/albaneleonard.fr\/wp-content\/uploads\/2025\/09\/IMG_7137-02-2048x1365.jpeg 2048w\" sizes=\"auto, (max-width: 1024px) 100vw, 1024px\" \/><\/figure>\n<\/div>\n\n\n\n<div class=\"wp-block-column is-layout-flow wp-block-column-is-layout-flow\">\n<figure class=\"wp-block-image size-large\"><img loading=\"lazy\" decoding=\"async\" width=\"1024\" height=\"666\" src=\"https:\/\/albaneleonard.fr\/wp-content\/uploads\/2025\/09\/20211027132848_IMG_8663-01-01-1024x666.jpeg\" alt=\"\" class=\"wp-image-875\" srcset=\"https:\/\/albaneleonard.fr\/wp-content\/uploads\/2025\/09\/20211027132848_IMG_8663-01-01-1024x666.jpeg 1024w, https:\/\/albaneleonard.fr\/wp-content\/uploads\/2025\/09\/20211027132848_IMG_8663-01-01-300x195.jpeg 300w, https:\/\/albaneleonard.fr\/wp-content\/uploads\/2025\/09\/20211027132848_IMG_8663-01-01-768x500.jpeg 768w, https:\/\/albaneleonard.fr\/wp-content\/uploads\/2025\/09\/20211027132848_IMG_8663-01-01-1536x999.jpeg 1536w, https:\/\/albaneleonard.fr\/wp-content\/uploads\/2025\/09\/20211027132848_IMG_8663-01-01.jpeg 1620w\" sizes=\"auto, (max-width: 1024px) 100vw, 1024px\" \/><\/figure>\n\n\n\n<figure class=\"wp-block-image size-large\"><img loading=\"lazy\" decoding=\"async\" width=\"1024\" height=\"683\" src=\"https:\/\/albaneleonard.fr\/wp-content\/uploads\/2025\/09\/IMG_20220302_034123_383-1-1024x683.jpg\" alt=\"\" class=\"wp-image-879\" srcset=\"https:\/\/albaneleonard.fr\/wp-content\/uploads\/2025\/09\/IMG_20220302_034123_383-1-1024x683.jpg 1024w, https:\/\/albaneleonard.fr\/wp-content\/uploads\/2025\/09\/IMG_20220302_034123_383-1-300x200.jpg 300w, https:\/\/albaneleonard.fr\/wp-content\/uploads\/2025\/09\/IMG_20220302_034123_383-1-768x512.jpg 768w, https:\/\/albaneleonard.fr\/wp-content\/uploads\/2025\/09\/IMG_20220302_034123_383-1-1536x1024.jpg 1536w, https:\/\/albaneleonard.fr\/wp-content\/uploads\/2025\/09\/IMG_20220302_034123_383-1.jpg 1620w\" sizes=\"auto, (max-width: 1024px) 100vw, 1024px\" \/><\/figure>\n\n\n\n<figure class=\"wp-block-image size-large\"><img loading=\"lazy\" decoding=\"async\" width=\"1024\" height=\"683\" src=\"https:\/\/albaneleonard.fr\/wp-content\/uploads\/2025\/09\/JOUR-6-1024x683.jpeg\" alt=\"\" class=\"wp-image-882\" srcset=\"https:\/\/albaneleonard.fr\/wp-content\/uploads\/2025\/09\/JOUR-6-1024x683.jpeg 1024w, https:\/\/albaneleonard.fr\/wp-content\/uploads\/2025\/09\/JOUR-6-300x200.jpeg 300w, https:\/\/albaneleonard.fr\/wp-content\/uploads\/2025\/09\/JOUR-6-768x512.jpeg 768w, https:\/\/albaneleonard.fr\/wp-content\/uploads\/2025\/09\/JOUR-6-1536x1024.jpeg 1536w, https:\/\/albaneleonard.fr\/wp-content\/uploads\/2025\/09\/JOUR-6.jpeg 1620w\" sizes=\"auto, (max-width: 1024px) 100vw, 1024px\" \/><\/figure>\n\n\n\n<figure class=\"wp-block-image size-large\"><img loading=\"lazy\" decoding=\"async\" width=\"713\" height=\"1024\" src=\"https:\/\/albaneleonard.fr\/wp-content\/uploads\/2025\/09\/20220306144313_IMG_0501-713x1024.jpg\" alt=\"\" class=\"wp-image-887\" srcset=\"https:\/\/albaneleonard.fr\/wp-content\/uploads\/2025\/09\/20220306144313_IMG_0501-713x1024.jpg 713w, https:\/\/albaneleonard.fr\/wp-content\/uploads\/2025\/09\/20220306144313_IMG_0501-209x300.jpg 209w, https:\/\/albaneleonard.fr\/wp-content\/uploads\/2025\/09\/20220306144313_IMG_0501-768x1102.jpg 768w, https:\/\/albaneleonard.fr\/wp-content\/uploads\/2025\/09\/20220306144313_IMG_0501-1070x1536.jpg 1070w, https:\/\/albaneleonard.fr\/wp-content\/uploads\/2025\/09\/20220306144313_IMG_0501.jpg 1080w\" sizes=\"auto, (max-width: 713px) 100vw, 713px\" \/><\/figure>\n\n\n\n<figure class=\"wp-block-image size-large\"><img loading=\"lazy\" decoding=\"async\" width=\"1024\" height=\"673\" src=\"https:\/\/albaneleonard.fr\/wp-content\/uploads\/2025\/09\/20231103150938_IMG_3582-01-1024x673.jpeg\" alt=\"\" class=\"wp-image-893\" srcset=\"https:\/\/albaneleonard.fr\/wp-content\/uploads\/2025\/09\/20231103150938_IMG_3582-01-1024x673.jpeg 1024w, https:\/\/albaneleonard.fr\/wp-content\/uploads\/2025\/09\/20231103150938_IMG_3582-01-300x197.jpeg 300w, https:\/\/albaneleonard.fr\/wp-content\/uploads\/2025\/09\/20231103150938_IMG_3582-01-768x505.jpeg 768w, https:\/\/albaneleonard.fr\/wp-content\/uploads\/2025\/09\/20231103150938_IMG_3582-01.jpeg 1442w\" sizes=\"auto, (max-width: 1024px) 100vw, 1024px\" \/><\/figure>\n\n\n\n<figure class=\"wp-block-image size-large\"><img loading=\"lazy\" decoding=\"async\" width=\"683\" height=\"1024\" src=\"https:\/\/albaneleonard.fr\/wp-content\/uploads\/2025\/09\/20230728194236_IMG_2195-01-683x1024.jpeg\" alt=\"\" class=\"wp-image-884\" srcset=\"https:\/\/albaneleonard.fr\/wp-content\/uploads\/2025\/09\/20230728194236_IMG_2195-01-683x1024.jpeg 683w, https:\/\/albaneleonard.fr\/wp-content\/uploads\/2025\/09\/20230728194236_IMG_2195-01-200x300.jpeg 200w, https:\/\/albaneleonard.fr\/wp-content\/uploads\/2025\/09\/20230728194236_IMG_2195-01-768x1152.jpeg 768w, https:\/\/albaneleonard.fr\/wp-content\/uploads\/2025\/09\/20230728194236_IMG_2195-01-1024x1536.jpeg 1024w, https:\/\/albaneleonard.fr\/wp-content\/uploads\/2025\/09\/20230728194236_IMG_2195-01.jpeg 1080w\" sizes=\"auto, (max-width: 683px) 100vw, 683px\" \/><\/figure>\n\n\n\n<figure class=\"wp-block-image size-large\"><img loading=\"lazy\" decoding=\"async\" width=\"1304\" height=\"870\" src=\"https:\/\/albaneleonard.fr\/wp-content\/uploads\/2025\/09\/1000034002-edited-2.jpg\" alt=\"\" class=\"wp-image-900\" srcset=\"https:\/\/albaneleonard.fr\/wp-content\/uploads\/2025\/09\/1000034002-edited-2.jpg 1304w, https:\/\/albaneleonard.fr\/wp-content\/uploads\/2025\/09\/1000034002-edited-2-300x200.jpg 300w, https:\/\/albaneleonard.fr\/wp-content\/uploads\/2025\/09\/1000034002-edited-2-1024x683.jpg 1024w, https:\/\/albaneleonard.fr\/wp-content\/uploads\/2025\/09\/1000034002-edited-2-768x512.jpg 768w\" sizes=\"auto, (max-width: 1304px) 100vw, 1304px\" \/><\/figure>\n\n\n\n<figure class=\"wp-block-image size-large\"><img loading=\"lazy\" decoding=\"async\" width=\"1024\" height=\"683\" src=\"https:\/\/albaneleonard.fr\/wp-content\/uploads\/2025\/09\/IMG_09721-01-1024x683.jpeg\" alt=\"\" class=\"wp-image-905\" srcset=\"https:\/\/albaneleonard.fr\/wp-content\/uploads\/2025\/09\/IMG_09721-01-1024x683.jpeg 1024w, https:\/\/albaneleonard.fr\/wp-content\/uploads\/2025\/09\/IMG_09721-01-300x200.jpeg 300w, https:\/\/albaneleonard.fr\/wp-content\/uploads\/2025\/09\/IMG_09721-01-768x512.jpeg 768w, https:\/\/albaneleonard.fr\/wp-content\/uploads\/2025\/09\/IMG_09721-01-1536x1024.jpeg 1536w, https:\/\/albaneleonard.fr\/wp-content\/uploads\/2025\/09\/IMG_09721-01-2048x1365.jpeg 2048w\" sizes=\"auto, (max-width: 1024px) 100vw, 1024px\" \/><\/figure>\n\n\n\n<figure class=\"wp-block-image size-large\"><img loading=\"lazy\" decoding=\"async\" width=\"1024\" height=\"683\" src=\"https:\/\/albaneleonard.fr\/wp-content\/uploads\/2025\/09\/20191030172517_IMG_0287-01-1024x683.jpeg\" alt=\"\" class=\"wp-image-904\" srcset=\"https:\/\/albaneleonard.fr\/wp-content\/uploads\/2025\/09\/20191030172517_IMG_0287-01-1024x683.jpeg 1024w, https:\/\/albaneleonard.fr\/wp-content\/uploads\/2025\/09\/20191030172517_IMG_0287-01-300x200.jpeg 300w, https:\/\/albaneleonard.fr\/wp-content\/uploads\/2025\/09\/20191030172517_IMG_0287-01-768x512.jpeg 768w, https:\/\/albaneleonard.fr\/wp-content\/uploads\/2025\/09\/20191030172517_IMG_0287-01-1536x1024.jpeg 1536w, https:\/\/albaneleonard.fr\/wp-content\/uploads\/2025\/09\/20191030172517_IMG_0287-01.jpeg 1620w\" sizes=\"auto, (max-width: 1024px) 100vw, 1024px\" \/><\/figure>\n<\/div>\n\n\n\n<div class=\"wp-block-column is-layout-flow wp-block-column-is-layout-flow\">\n<figure class=\"wp-block-image size-large\"><img loading=\"lazy\" decoding=\"async\" width=\"1024\" height=\"708\" src=\"https:\/\/albaneleonard.fr\/wp-content\/uploads\/2025\/09\/20220303120248_IMG_9812-01-1024x708.jpeg\" alt=\"\" class=\"wp-image-877\" srcset=\"https:\/\/albaneleonard.fr\/wp-content\/uploads\/2025\/09\/20220303120248_IMG_9812-01-1024x708.jpeg 1024w, https:\/\/albaneleonard.fr\/wp-content\/uploads\/2025\/09\/20220303120248_IMG_9812-01-300x207.jpeg 300w, https:\/\/albaneleonard.fr\/wp-content\/uploads\/2025\/09\/20220303120248_IMG_9812-01-768x531.jpeg 768w, https:\/\/albaneleonard.fr\/wp-content\/uploads\/2025\/09\/20220303120248_IMG_9812-01-1536x1061.jpeg 1536w, https:\/\/albaneleonard.fr\/wp-content\/uploads\/2025\/09\/20220303120248_IMG_9812-01.jpeg 1563w\" sizes=\"auto, (max-width: 1024px) 100vw, 1024px\" \/><\/figure>\n\n\n\n<figure class=\"wp-block-image size-large\"><img loading=\"lazy\" decoding=\"async\" width=\"865\" height=\"1024\" src=\"https:\/\/albaneleonard.fr\/wp-content\/uploads\/2025\/09\/PXL_20220306_203629285-01-01-865x1024.jpeg\" alt=\"\" class=\"wp-image-883\" srcset=\"https:\/\/albaneleonard.fr\/wp-content\/uploads\/2025\/09\/PXL_20220306_203629285-01-01-865x1024.jpeg 865w, https:\/\/albaneleonard.fr\/wp-content\/uploads\/2025\/09\/PXL_20220306_203629285-01-01-253x300.jpeg 253w, https:\/\/albaneleonard.fr\/wp-content\/uploads\/2025\/09\/PXL_20220306_203629285-01-01-768x909.jpeg 768w, https:\/\/albaneleonard.fr\/wp-content\/uploads\/2025\/09\/PXL_20220306_203629285-01-01-1297x1536.jpeg 1297w, https:\/\/albaneleonard.fr\/wp-content\/uploads\/2025\/09\/PXL_20220306_203629285-01-01-1730x2048.jpeg 1730w\" sizes=\"auto, (max-width: 865px) 100vw, 865px\" \/><\/figure>\n\n\n\n<figure class=\"wp-block-image size-large\"><img loading=\"lazy\" decoding=\"async\" width=\"661\" height=\"1024\" src=\"https:\/\/albaneleonard.fr\/wp-content\/uploads\/2025\/09\/20231129164556_IMG_3870-661x1024.jpg\" alt=\"\" class=\"wp-image-886\" srcset=\"https:\/\/albaneleonard.fr\/wp-content\/uploads\/2025\/09\/20231129164556_IMG_3870-661x1024.jpg 661w, https:\/\/albaneleonard.fr\/wp-content\/uploads\/2025\/09\/20231129164556_IMG_3870-194x300.jpg 194w, https:\/\/albaneleonard.fr\/wp-content\/uploads\/2025\/09\/20231129164556_IMG_3870-768x1189.jpg 768w, https:\/\/albaneleonard.fr\/wp-content\/uploads\/2025\/09\/20231129164556_IMG_3870-992x1536.jpg 992w, https:\/\/albaneleonard.fr\/wp-content\/uploads\/2025\/09\/20231129164556_IMG_3870.jpg 1046w\" sizes=\"auto, (max-width: 661px) 100vw, 661px\" \/><\/figure>\n\n\n\n<figure class=\"wp-block-image size-large\"><img loading=\"lazy\" decoding=\"async\" width=\"1024\" height=\"683\" src=\"https:\/\/albaneleonard.fr\/wp-content\/uploads\/2025\/09\/20220303130808_IMG_9878-01-1024x683.jpeg\" alt=\"\" class=\"wp-image-889\" srcset=\"https:\/\/albaneleonard.fr\/wp-content\/uploads\/2025\/09\/20220303130808_IMG_9878-01-1024x683.jpeg 1024w, https:\/\/albaneleonard.fr\/wp-content\/uploads\/2025\/09\/20220303130808_IMG_9878-01-300x200.jpeg 300w, https:\/\/albaneleonard.fr\/wp-content\/uploads\/2025\/09\/20220303130808_IMG_9878-01-768x512.jpeg 768w, https:\/\/albaneleonard.fr\/wp-content\/uploads\/2025\/09\/20220303130808_IMG_9878-01-1536x1024.jpeg 1536w, https:\/\/albaneleonard.fr\/wp-content\/uploads\/2025\/09\/20220303130808_IMG_9878-01.jpeg 1620w\" sizes=\"auto, (max-width: 1024px) 100vw, 1024px\" \/><\/figure>\n\n\n\n<figure class=\"wp-block-image size-large\"><img loading=\"lazy\" decoding=\"async\" width=\"576\" height=\"1024\" src=\"https:\/\/albaneleonard.fr\/wp-content\/uploads\/2025\/09\/IMG_20231104_205601_068-576x1024.webp\" alt=\"\" class=\"wp-image-888\" srcset=\"https:\/\/albaneleonard.fr\/wp-content\/uploads\/2025\/09\/IMG_20231104_205601_068-576x1024.webp 576w, https:\/\/albaneleonard.fr\/wp-content\/uploads\/2025\/09\/IMG_20231104_205601_068-169x300.webp 169w, https:\/\/albaneleonard.fr\/wp-content\/uploads\/2025\/09\/IMG_20231104_205601_068-768x1365.webp 768w, https:\/\/albaneleonard.fr\/wp-content\/uploads\/2025\/09\/IMG_20231104_205601_068-864x1536.webp 864w, https:\/\/albaneleonard.fr\/wp-content\/uploads\/2025\/09\/IMG_20231104_205601_068.webp 1080w\" sizes=\"auto, (max-width: 576px) 100vw, 576px\" \/><\/figure>\n\n\n\n<figure class=\"wp-block-image size-large\"><img loading=\"lazy\" decoding=\"async\" width=\"1024\" height=\"683\" src=\"https:\/\/albaneleonard.fr\/wp-content\/uploads\/2025\/09\/20200206183942_IMG_0895-02-1024x683.jpeg\" alt=\"\" class=\"wp-image-903\" srcset=\"https:\/\/albaneleonard.fr\/wp-content\/uploads\/2025\/09\/20200206183942_IMG_0895-02-1024x683.jpeg 1024w, https:\/\/albaneleonard.fr\/wp-content\/uploads\/2025\/09\/20200206183942_IMG_0895-02-300x200.jpeg 300w, https:\/\/albaneleonard.fr\/wp-content\/uploads\/2025\/09\/20200206183942_IMG_0895-02-768x512.jpeg 768w, https:\/\/albaneleonard.fr\/wp-content\/uploads\/2025\/09\/20200206183942_IMG_0895-02-1536x1024.jpeg 1536w, https:\/\/albaneleonard.fr\/wp-content\/uploads\/2025\/09\/20200206183942_IMG_0895-02.jpeg 1620w\" sizes=\"auto, (max-width: 1024px) 100vw, 1024px\" \/><\/figure>\n\n\n\n<figure class=\"wp-block-image size-full\"><img loading=\"lazy\" decoding=\"async\" width=\"756\" height=\"1008\" src=\"https:\/\/albaneleonard.fr\/wp-content\/uploads\/2025\/09\/IMG_20191123_004011_264.jpg\" alt=\"\" class=\"wp-image-906\" srcset=\"https:\/\/albaneleonard.fr\/wp-content\/uploads\/2025\/09\/IMG_20191123_004011_264.jpg 756w, https:\/\/albaneleonard.fr\/wp-content\/uploads\/2025\/09\/IMG_20191123_004011_264-225x300.jpg 225w\" sizes=\"auto, (max-width: 756px) 100vw, 756px\" \/><\/figure>\n<\/div>\n<\/div>\n","protected":false},"excerpt":{"rendered":"<p>Photographie [&hellip;]<\/p>\n","protected":false},"author":1,"featured_media":0,"parent":0,"menu_order":0,"comment_status":"closed","ping_status":"closed","template":"","meta":{"footnotes":""},"class_list":["post-870","page","type-page","status-publish","hentry"],"_links":{"self":[{"href":"https:\/\/albaneleonard.fr\/index.php\/wp-json\/wp\/v2\/pages\/870","targetHints":{"allow":["GET"]}}],"collection":[{"href":"https:\/\/albaneleonard.fr\/index.php\/wp-json\/wp\/v2\/pages"}],"about":[{"href":"https:\/\/albaneleonard.fr\/index.php\/wp-json\/wp\/v2\/types\/page"}],"author":[{"embeddable":true,"href":"https:\/\/albaneleonard.fr\/index.php\/wp-json\/wp\/v2\/users\/1"}],"replies":[{"embeddable":true,"href":"https:\/\/albaneleonard.fr\/index.php\/wp-json\/wp\/v2\/comments?post=870"}],"version-history":[{"count":8,"href":"https:\/\/albaneleonard.fr\/index.php\/wp-json\/wp\/v2\/pages\/870\/revisions"}],"predecessor-version":[{"id":2074,"href":"https:\/\/albaneleonard.fr\/index.php\/wp-json\/wp\/v2\/pages\/870\/revisions\/2074"}],"wp:attachment":[{"href":"https:\/\/albaneleonard.fr\/index.php\/wp-json\/wp\/v2\/media?parent=870"}],"curies":[{"name":"wp","href":"https:\/\/api.w.org\/{rel}","templated":true}]}}