{"id":911,"date":"2025-09-19T17:48:00","date_gmt":"2025-09-19T15:48:00","guid":{"rendered":"https:\/\/albaneleonard.fr\/?page_id=911"},"modified":"2025-12-11T22:17:38","modified_gmt":"2025-12-11T21:17:38","slug":"comedienne","status":"publish","type":"page","link":"https:\/\/albaneleonard.fr\/index.php\/comedienne\/","title":{"rendered":"Grand trois pi\u00e8ces &#8211; Th\u00e9\u00e2tre"},"content":{"rendered":"\n<h1 class=\"wp-block-heading has-text-color has-link-color wp-elements-ba5e9a9e47eba43b5d55f70afdb11e22\" style=\"color:#8a250a\">Grand Trois Pi\u00e8ces<\/h1>\n\n\n\n<div style=\"height:50px\" aria-hidden=\"true\" class=\"wp-block-spacer\"><\/div>\n\n\n\n<div class=\"wp-block-columns is-layout-flex wp-container-core-columns-is-layout-9d6595d7 wp-block-columns-is-layout-flex\">\n<div class=\"wp-block-column is-layout-flow wp-block-column-is-layout-flow\">\n<div style=\"height:0px\" aria-hidden=\"true\" class=\"wp-block-spacer\"><\/div>\n\n\n\n<div class=\"wp-block-columns is-layout-flex wp-container-core-columns-is-layout-9d6595d7 wp-block-columns-is-layout-flex\">\n<div class=\"wp-block-column is-layout-flow wp-block-column-is-layout-flow\" style=\"flex-basis:100%\">\n<h5 class=\"wp-block-heading\"><em>Grand Trois Pi\u00e8ces<\/em> &#8211; Damien Devoge <\/h5>\n\n\n\n<p class=\"has-small-font-size\" style=\"font-style:normal;font-weight:300;letter-spacing:1px;text-transform:none\">En juin 2025, j\u2019ai eu la chance de jouer au Carr\u00e9 30 dans <em>Grand Trois Pi\u00e8ces<\/em>, une pi\u00e8ce \u00e9crite par Damien Devoge. Pendant six mois, nous avons r\u00e9p\u00e9t\u00e9 intens\u00e9ment pour pr\u00e9parer trois repr\u00e9sentations en juin. Ce fut une exp\u00e9rience humaine et cr\u00e9ative qui m\u2019a marqu\u00e9e.<\/p>\n\n\n\n<div style=\"height:35px\" aria-hidden=\"true\" class=\"wp-block-spacer\"><\/div>\n<\/div>\n<\/div>\n\n\n\n<figure class=\"wp-block-image size-large\"><img loading=\"lazy\" decoding=\"async\" width=\"768\" height=\"1024\" src=\"https:\/\/albaneleonard.fr\/wp-content\/uploads\/2025\/09\/IMG-20250621-WA0002-1-768x1024.jpg\" alt=\"\" class=\"wp-image-913\" srcset=\"https:\/\/albaneleonard.fr\/wp-content\/uploads\/2025\/09\/IMG-20250621-WA0002-1-768x1024.jpg 768w, https:\/\/albaneleonard.fr\/wp-content\/uploads\/2025\/09\/IMG-20250621-WA0002-1-225x300.jpg 225w, https:\/\/albaneleonard.fr\/wp-content\/uploads\/2025\/09\/IMG-20250621-WA0002-1-1152x1536.jpg 1152w, https:\/\/albaneleonard.fr\/wp-content\/uploads\/2025\/09\/IMG-20250621-WA0002-1.jpg 1200w\" sizes=\"auto, (max-width: 768px) 100vw, 768px\" \/><figcaption class=\"wp-element-caption\"><strong><em>Grand Trois Pi\u00e8ces<\/em> &#8211; Damien Devoge &#8211; 2025<\/strong><\/figcaption><\/figure>\n\n\n\n<figure class=\"wp-block-image size-large\"><img loading=\"lazy\" decoding=\"async\" width=\"771\" height=\"1024\" src=\"https:\/\/albaneleonard.fr\/wp-content\/uploads\/2025\/09\/IMG-20250621-WA0059-771x1024.jpg\" alt=\"\" class=\"wp-image-917\" srcset=\"https:\/\/albaneleonard.fr\/wp-content\/uploads\/2025\/09\/IMG-20250621-WA0059-771x1024.jpg 771w, https:\/\/albaneleonard.fr\/wp-content\/uploads\/2025\/09\/IMG-20250621-WA0059-226x300.jpg 226w, https:\/\/albaneleonard.fr\/wp-content\/uploads\/2025\/09\/IMG-20250621-WA0059-768x1020.jpg 768w, https:\/\/albaneleonard.fr\/wp-content\/uploads\/2025\/09\/IMG-20250621-WA0059-1157x1536.jpg 1157w, https:\/\/albaneleonard.fr\/wp-content\/uploads\/2025\/09\/IMG-20250621-WA0059.jpg 1536w\" sizes=\"auto, (max-width: 771px) 100vw, 771px\" \/><figcaption class=\"wp-element-caption\"><strong><em>Grand Trois Pi\u00e8ces<\/em> &#8211; Damien Devoge &#8211; 2025<\/strong><\/figcaption><\/figure>\n<\/div>\n\n\n\n<div class=\"wp-block-column is-layout-flow wp-block-column-is-layout-flow\">\n<figure class=\"wp-block-image size-large\"><img loading=\"lazy\" decoding=\"async\" width=\"1024\" height=\"771\" src=\"https:\/\/albaneleonard.fr\/wp-content\/uploads\/2025\/09\/IMG-20250621-WA0037-1024x771.jpg\" alt=\"\" class=\"wp-image-915\" srcset=\"https:\/\/albaneleonard.fr\/wp-content\/uploads\/2025\/09\/IMG-20250621-WA0037-1024x771.jpg 1024w, https:\/\/albaneleonard.fr\/wp-content\/uploads\/2025\/09\/IMG-20250621-WA0037-300x226.jpg 300w, https:\/\/albaneleonard.fr\/wp-content\/uploads\/2025\/09\/IMG-20250621-WA0037-768x578.jpg 768w, https:\/\/albaneleonard.fr\/wp-content\/uploads\/2025\/09\/IMG-20250621-WA0037-1536x1157.jpg 1536w, https:\/\/albaneleonard.fr\/wp-content\/uploads\/2025\/09\/IMG-20250621-WA0037.jpg 2040w\" sizes=\"auto, (max-width: 1024px) 100vw, 1024px\" \/><figcaption class=\"wp-element-caption\"><strong><em>Grand Trois Pi\u00e8ces<\/em> &#8211; Damien Devoge &#8211; 2025<\/strong><\/figcaption><\/figure>\n\n\n\n<figure class=\"wp-block-image size-large\"><img loading=\"lazy\" decoding=\"async\" width=\"771\" height=\"1024\" src=\"https:\/\/albaneleonard.fr\/wp-content\/uploads\/2025\/09\/IMG-20250621-WA0047-771x1024.jpg\" alt=\"\" class=\"wp-image-916\" srcset=\"https:\/\/albaneleonard.fr\/wp-content\/uploads\/2025\/09\/IMG-20250621-WA0047-771x1024.jpg 771w, https:\/\/albaneleonard.fr\/wp-content\/uploads\/2025\/09\/IMG-20250621-WA0047-226x300.jpg 226w, https:\/\/albaneleonard.fr\/wp-content\/uploads\/2025\/09\/IMG-20250621-WA0047-768x1020.jpg 768w, https:\/\/albaneleonard.fr\/wp-content\/uploads\/2025\/09\/IMG-20250621-WA0047-1157x1536.jpg 1157w, https:\/\/albaneleonard.fr\/wp-content\/uploads\/2025\/09\/IMG-20250621-WA0047.jpg 1536w\" sizes=\"auto, (max-width: 771px) 100vw, 771px\" \/><figcaption class=\"wp-element-caption\"><strong><em>Grand Trois Pi\u00e8ces<\/em> &#8211; Damien Devoge &#8211; 2025<\/strong><\/figcaption><\/figure>\n\n\n\n<figure class=\"wp-block-image size-large\"><img loading=\"lazy\" decoding=\"async\" width=\"771\" height=\"1024\" src=\"https:\/\/albaneleonard.fr\/wp-content\/uploads\/2025\/09\/IMG-20250621-WA0067-771x1024.jpg\" alt=\"\" class=\"wp-image-918\" srcset=\"https:\/\/albaneleonard.fr\/wp-content\/uploads\/2025\/09\/IMG-20250621-WA0067-771x1024.jpg 771w, https:\/\/albaneleonard.fr\/wp-content\/uploads\/2025\/09\/IMG-20250621-WA0067-226x300.jpg 226w, https:\/\/albaneleonard.fr\/wp-content\/uploads\/2025\/09\/IMG-20250621-WA0067-768x1020.jpg 768w, https:\/\/albaneleonard.fr\/wp-content\/uploads\/2025\/09\/IMG-20250621-WA0067-1157x1536.jpg 1157w, https:\/\/albaneleonard.fr\/wp-content\/uploads\/2025\/09\/IMG-20250621-WA0067.jpg 1536w\" sizes=\"auto, (max-width: 771px) 100vw, 771px\" \/><figcaption class=\"wp-element-caption\"><strong><em>Grand Trois Pi\u00e8ces<\/em> &#8211; Damien Devoge &#8211; 2025<\/strong><\/figcaption><\/figure>\n<\/div>\n<\/div>\n","protected":false},"excerpt":{"rendered":"<p>Grand Trois Pi\u00e8ces Grand Trois Pi\u00e8ces &#8211; Damien Devoge En juin 2025, j\u2019ai [&hellip;]<\/p>\n","protected":false},"author":1,"featured_media":0,"parent":0,"menu_order":0,"comment_status":"closed","ping_status":"closed","template":"","meta":{"footnotes":""},"class_list":["post-911","page","type-page","status-publish","hentry"],"_links":{"self":[{"href":"https:\/\/albaneleonard.fr\/index.php\/wp-json\/wp\/v2\/pages\/911","targetHints":{"allow":["GET"]}}],"collection":[{"href":"https:\/\/albaneleonard.fr\/index.php\/wp-json\/wp\/v2\/pages"}],"about":[{"href":"https:\/\/albaneleonard.fr\/index.php\/wp-json\/wp\/v2\/types\/page"}],"author":[{"embeddable":true,"href":"https:\/\/albaneleonard.fr\/index.php\/wp-json\/wp\/v2\/users\/1"}],"replies":[{"embeddable":true,"href":"https:\/\/albaneleonard.fr\/index.php\/wp-json\/wp\/v2\/comments?post=911"}],"version-history":[{"count":40,"href":"https:\/\/albaneleonard.fr\/index.php\/wp-json\/wp\/v2\/pages\/911\/revisions"}],"predecessor-version":[{"id":1997,"href":"https:\/\/albaneleonard.fr\/index.php\/wp-json\/wp\/v2\/pages\/911\/revisions\/1997"}],"wp:attachment":[{"href":"https:\/\/albaneleonard.fr\/index.php\/wp-json\/wp\/v2\/media?parent=911"}],"curies":[{"name":"wp","href":"https:\/\/api.w.org\/{rel}","templated":true}]}}