{"id":95,"date":"2025-08-17T13:09:43","date_gmt":"2025-08-17T11:09:43","guid":{"rendered":"https:\/\/dev.lehamak.com\/?page_id=95"},"modified":"2026-03-18T18:30:33","modified_gmt":"2026-03-18T17:30:33","slug":"a-propos","status":"publish","type":"page","link":"https:\/\/albaneleonard.fr\/index.php\/a-propos\/","title":{"rendered":"A propos"},"content":{"rendered":"\n<div class=\"wp-block-group is-nowrap is-layout-flex wp-container-core-group-is-layout-ad2f72ca wp-block-group-is-layout-flex\">\n<h1 class=\"wp-block-heading has-text-color has-link-color wp-elements-01cc2af7aa99cb4f1e574b5a74d695fd\" style=\"color:#8a250a\">\u00c0 propos <\/h1>\n\n\n\n<div class=\"wp-block-group is-nowrap is-layout-flex wp-container-core-group-is-layout-ad2f72ca wp-block-group-is-layout-flex\">\n<div class=\"wp-block-buttons is-layout-flex wp-block-buttons-is-layout-flex\"><\/div>\n<\/div>\n<\/div>\n\n\n\n<div class=\"wp-block-media-text has-media-on-the-right is-stacked-on-mobile is-image-fill-element\" style=\"grid-template-columns:auto 46%\"><div class=\"wp-block-media-text__content\">\n<hr class=\"wp-block-separator aligncenter has-alpha-channel-opacity is-style-wide\"\/>\n\n\n\n<p class=\"has-text-align-center\">Je m\u2019appelle <strong>Albane L\u00e9onard<\/strong>, j\u2019ai 22 ans et je suis en 3\u1d49 ann\u00e9e de DN Made Espace \u00e0 La Martini\u00e8re Diderot, o\u00f9 je me sp\u00e9cialise en <strong>sc\u00e9nographie<\/strong>.<\/p>\n\n\n\n<p>Apr\u00e8s une ann\u00e9e aux \u00c9tats-Unis pour d\u00e9couvrir une autre culture et perfectionner mon anglais, j\u2019ai d\u00e9but\u00e9 un cursus en architecture \u00e0 Marseille. Rapidement, j\u2019ai ressenti le besoin de me tourner vers une voie plus cr\u00e9ative, ce qui m\u2019a conduite \u00e0 Lyon pour poursuivre en sc\u00e9nographie.<\/p>\n\n\n\n<p>Passionn\u00e9e de th\u00e9\u00e2tre, je suis pass\u00e9e de la sc\u00e8ne \u00e0 la sc\u00e9nographie et \u00e0 la technique, d\u00e9couvrant la magie des coulisses autant que celle du jeu. En parall\u00e8le, mes missions b\u00e9n\u00e9voles dans l\u2019audiovisuel m\u2019ont permis de d\u00e9velopper des comp\u00e9tences en tant que d\u00e9coratrice.<\/p>\n\n\n\n<p>Aujourd\u2019hui, je m\u2019\u00e9panouis autant dans le domaine de l\u2019audiovisuel que dans celui du spectacle vivant, et je cherche \u00e0 d\u00e9velopper mes comp\u00e9tences dans ces deux univers.<\/p>\n\n\n\n<hr class=\"wp-block-separator aligncenter has-alpha-channel-opacity is-style-wide\"\/>\n<\/div><figure class=\"wp-block-media-text__media\"><img loading=\"lazy\" decoding=\"async\" width=\"1024\" height=\"683\" src=\"https:\/\/albaneleonard.fr\/wp-content\/uploads\/2026\/03\/da508190-4c7e-4c94-9e9d-cfa228f70441_rw_1200-1024x683.jpg\" alt=\"\" class=\"wp-image-2243 size-large\" style=\"object-position:97% 47%\" srcset=\"https:\/\/albaneleonard.fr\/wp-content\/uploads\/2026\/03\/da508190-4c7e-4c94-9e9d-cfa228f70441_rw_1200-1024x683.jpg 1024w, https:\/\/albaneleonard.fr\/wp-content\/uploads\/2026\/03\/da508190-4c7e-4c94-9e9d-cfa228f70441_rw_1200-300x200.jpg 300w, https:\/\/albaneleonard.fr\/wp-content\/uploads\/2026\/03\/da508190-4c7e-4c94-9e9d-cfa228f70441_rw_1200-768x512.jpg 768w, https:\/\/albaneleonard.fr\/wp-content\/uploads\/2026\/03\/da508190-4c7e-4c94-9e9d-cfa228f70441_rw_1200.jpg 1200w\" sizes=\"auto, (max-width: 1024px) 100vw, 1024px\" \/><\/figure><\/div>\n\n\n\n<p class=\"has-text-align-right has-small-font-size\">Photo de @sylvain_art_studio sur Instagram<\/p>\n","protected":false},"excerpt":{"rendered":"<p>\u00c0 propos Photo de @sylvain_art_studio sur Instagram [&hellip;]<\/p>\n","protected":false},"author":1,"featured_media":98,"parent":0,"menu_order":0,"comment_status":"closed","ping_status":"closed","template":"","meta":{"footnotes":""},"class_list":["post-95","page","type-page","status-publish","has-post-thumbnail","hentry"],"_links":{"self":[{"href":"https:\/\/albaneleonard.fr\/index.php\/wp-json\/wp\/v2\/pages\/95","targetHints":{"allow":["GET"]}}],"collection":[{"href":"https:\/\/albaneleonard.fr\/index.php\/wp-json\/wp\/v2\/pages"}],"about":[{"href":"https:\/\/albaneleonard.fr\/index.php\/wp-json\/wp\/v2\/types\/page"}],"author":[{"embeddable":true,"href":"https:\/\/albaneleonard.fr\/index.php\/wp-json\/wp\/v2\/users\/1"}],"replies":[{"embeddable":true,"href":"https:\/\/albaneleonard.fr\/index.php\/wp-json\/wp\/v2\/comments?post=95"}],"version-history":[{"count":27,"href":"https:\/\/albaneleonard.fr\/index.php\/wp-json\/wp\/v2\/pages\/95\/revisions"}],"predecessor-version":[{"id":2266,"href":"https:\/\/albaneleonard.fr\/index.php\/wp-json\/wp\/v2\/pages\/95\/revisions\/2266"}],"wp:featuredmedia":[{"embeddable":true,"href":"https:\/\/albaneleonard.fr\/index.php\/wp-json\/wp\/v2\/media\/98"}],"wp:attachment":[{"href":"https:\/\/albaneleonard.fr\/index.php\/wp-json\/wp\/v2\/media?parent=95"}],"curies":[{"name":"wp","href":"https:\/\/api.w.org\/{rel}","templated":true}]}}